{"id":20577,"date":"2020-05-30T19:38:08","date_gmt":"2020-05-30T17:38:08","guid":{"rendered":"https:\/\/www.juliovernenautica.com\/transporte-de-barcos"},"modified":"2026-02-23T19:27:38","modified_gmt":"2026-02-23T18:27:38","slug":"transporte-de-barcos","status":"publish","type":"page","link":"https:\/\/www.juliovernenautica.com\/pt\/transporte-de-barcos","title":{"rendered":"Transporte de barcos"},"content":{"rendered":"\t\t<div data-elementor-type=\"wp-page\" data-elementor-id=\"20577\" class=\"elementor elementor-20577 elementor-1498\" data-elementor-post-type=\"page\">\n\t\t\t\t\t\t<section class=\"elementor-section elementor-top-section elementor-element elementor-element-5f2b0aa elementor-section-stretched elementor-section-full_width elementor-section-height-min-height elementor-section-height-default elementor-section-items-middle\" data-id=\"5f2b0aa\" data-element_type=\"section\" data-e-type=\"section\" data-settings=\"{&quot;stretch_section&quot;:&quot;section-stretched&quot;,&quot;background_background&quot;:&quot;classic&quot;,&quot;shape_divider_bottom&quot;:&quot;tilt&quot;}\">\n\t\t\t\t\t\t\t<div class=\"elementor-background-overlay\"><\/div>\n\t\t\t\t\t\t<div class=\"elementor-shape elementor-shape-bottom\" aria-hidden=\"true\" data-negative=\"false\">\n\t\t\t<svg xmlns=\"http:\/\/www.w3.org\/2000\/svg\" viewBox=\"0 0 1000 100\" preserveAspectRatio=\"none\">\n\t<path class=\"elementor-shape-fill\" d=\"M0,6V0h1000v100L0,6z\"\/>\n<\/svg>\t\t<\/div>\n\t\t\t\t\t<div class=\"elementor-container elementor-column-gap-default\">\n\t\t\t\t\t<div class=\"elementor-column elementor-col-100 elementor-top-column elementor-element elementor-element-3424cec\" data-id=\"3424cec\" data-element_type=\"column\" data-e-type=\"column\">\n\t\t\t<div class=\"elementor-widget-wrap elementor-element-populated\">\n\t\t\t\t\t\t<div class=\"elementor-element elementor-element-4de558d elementor-widget elementor-widget-heading\" data-id=\"4de558d\" data-element_type=\"widget\" data-e-type=\"widget\" data-widget_type=\"heading.default\">\n\t\t\t\t<div class=\"elementor-widget-container\">\n\t\t\t\t\t<h1 class=\"elementor-heading-title elementor-size-default\">TRANSPORTE DE BARCOS POR MAR<\/h1>\t\t\t\t<\/div>\n\t\t\t\t<\/div>\n\t\t\t\t\t<\/div>\n\t\t<\/div>\n\t\t\t\t\t<\/div>\n\t\t<\/section>\n\t\t\t\t<section class=\"elementor-section elementor-top-section elementor-element elementor-element-fe607a4 elementor-reverse-tablet elementor-reverse-mobile elementor-section-boxed elementor-section-height-default elementor-section-height-default\" data-id=\"fe607a4\" data-element_type=\"section\" data-e-type=\"section\">\n\t\t\t\t\t\t<div class=\"elementor-container elementor-column-gap-default\">\n\t\t\t\t\t<div class=\"elementor-column elementor-col-33 elementor-top-column elementor-element elementor-element-1db934b\" data-id=\"1db934b\" data-element_type=\"column\" data-e-type=\"column\">\n\t\t\t<div class=\"elementor-widget-wrap elementor-element-populated\">\n\t\t\t\t\t\t<div class=\"elementor-element elementor-element-c197cee elementor-widget elementor-widget-image\" data-id=\"c197cee\" data-element_type=\"widget\" data-e-type=\"widget\" data-widget_type=\"image.default\">\n\t\t\t\t<div class=\"elementor-widget-container\">\n\t\t\t\t\t\t\t\t\t\t\t\t\t\t\t<img fetchpriority=\"high\" decoding=\"async\" width=\"600\" height=\"450\" src=\"https:\/\/www.juliovernenautica.com\/wp-content\/uploads\/2020\/01\/julio-verne-nautica-foto-transporte-barcos-01.jpg\" class=\"attachment-full size-full wp-image-20579\" alt=\"Boat transport\" srcset=\"https:\/\/www.juliovernenautica.com\/wp-content\/uploads\/2020\/01\/julio-verne-nautica-foto-transporte-barcos-01.jpg 600w, https:\/\/www.juliovernenautica.com\/wp-content\/uploads\/2020\/01\/julio-verne-nautica-foto-transporte-barcos-01-300x225.jpg 300w\" sizes=\"(max-width: 600px) 100vw, 600px\" \/>\t\t\t\t\t\t\t\t\t\t\t\t\t\t\t<\/div>\n\t\t\t\t<\/div>\n\t\t\t\t\t<\/div>\n\t\t<\/div>\n\t\t\t\t<div class=\"elementor-column elementor-col-66 elementor-top-column elementor-element elementor-element-240184d\" data-id=\"240184d\" data-element_type=\"column\" data-e-type=\"column\">\n\t\t\t<div class=\"elementor-widget-wrap elementor-element-populated\">\n\t\t\t\t\t\t<div class=\"elementor-element elementor-element-5a015f0 elementor-widget elementor-widget-text-editor\" data-id=\"5a015f0\" data-element_type=\"widget\" data-e-type=\"widget\" data-widget_type=\"text-editor.default\">\n\t\t\t\t<div class=\"elementor-widget-container\">\n\t\t\t\t\t\t\t\t\t<h4>As travessias em veleiro e mesmo em motora exigem conhecimentos t\u00e9cnicos, experi\u00eancia e, acima de tudo, tempo para se adaptar \u00e0s condi\u00e7\u00f5es clim\u00e1ticas.<\/h4><p>Todos os nossos <strong>patr\u00f5es para transporte de barcos por mar<\/strong> t\u00eam uma vasta experi\u00eancia oce\u00e2nica e s\u00e3o apoiados e supervisionados em todo o momento por JULIO VERNE N\u00c1UTICA, podendo oferecer informa\u00e7\u00f5es em tempo real sobre a entrega ao propriet\u00e1rio.<\/p><p>Realizamos transporte de embarca\u00e7\u00f5es para armadores privados e estaleiros, oferecendo todas as garantias e profissionalismo necess\u00e1rios, como:<\/p><ul><li><strong>Patr\u00f5es profissionais certificados.<\/strong><\/li><li><strong>Seguro de responsabilidade civil pr\u00f3prio.<\/strong><\/li><li><strong>Contrato de transporte.<\/strong><\/li><\/ul>\t\t\t\t\t\t\t\t<\/div>\n\t\t\t\t<\/div>\n\t\t\t\t\t<\/div>\n\t\t<\/div>\n\t\t\t\t\t<\/div>\n\t\t<\/section>\n\t\t\t\t<section class=\"elementor-section elementor-top-section elementor-element elementor-element-765eef1 elementor-section-stretched elementor-section-boxed elementor-section-height-default elementor-section-height-default\" data-id=\"765eef1\" data-element_type=\"section\" data-e-type=\"section\" data-settings=\"{&quot;stretch_section&quot;:&quot;section-stretched&quot;,&quot;background_background&quot;:&quot;classic&quot;}\">\n\t\t\t\t\t\t<div class=\"elementor-container elementor-column-gap-default\">\n\t\t\t\t\t<div class=\"elementor-column elementor-col-100 elementor-top-column elementor-element elementor-element-7e1ef20\" data-id=\"7e1ef20\" data-element_type=\"column\" data-e-type=\"column\">\n\t\t\t<div class=\"elementor-widget-wrap elementor-element-populated\">\n\t\t\t\t\t\t<div class=\"elementor-element elementor-element-71c1137 elementor-widget elementor-widget-text-editor\" data-id=\"71c1137\" data-element_type=\"widget\" data-e-type=\"widget\" data-widget_type=\"text-editor.default\">\n\t\t\t\t<div class=\"elementor-widget-container\">\n\t\t\t\t\t\t\t\t\t<h3 class=\"white\">ALGUMA PERGUNTA?<\/h3>\t\t\t\t\t\t\t\t<\/div>\n\t\t\t\t<\/div>\n\t\t\t\t<div class=\"elementor-element elementor-element-5646897 elementor-align-center elementor-widget elementor-widget-button\" data-id=\"5646897\" data-element_type=\"widget\" data-e-type=\"widget\" data-widget_type=\"button.default\">\n\t\t\t\t<div class=\"elementor-widget-container\">\n\t\t\t\t\t\t\t\t\t<div class=\"elementor-button-wrapper\">\n\t\t\t\t\t<a class=\"elementor-button elementor-button-link elementor-size-md\" href=\"https:\/\/www.juliovernenautica.com\/pt\/contacto\">\n\t\t\t\t\t\t<span class=\"elementor-button-content-wrapper\">\n\t\t\t\t\t\t\t\t\t<span class=\"elementor-button-text\">CONTACTE-NOS<\/span>\n\t\t\t\t\t<\/span>\n\t\t\t\t\t<\/a>\n\t\t\t\t<\/div>\n\t\t\t\t\t\t\t\t<\/div>\n\t\t\t\t<\/div>\n\t\t\t\t\t<\/div>\n\t\t<\/div>\n\t\t\t\t\t<\/div>\n\t\t<\/section>\n\t\t\t\t<\/div>\n\t\t","protected":false},"excerpt":{"rendered":"<p>TRANSPORTE DE BARCOS POR MAR As travessias em veleiro e mesmo em motora exigem conhecimentos t\u00e9cnicos, experi\u00eancia e, acima de tudo, tempo para se adaptar \u00e0s condi\u00e7\u00f5es clim\u00e1ticas. Todos os nossos patr\u00f5es para transporte de barcos por mar t\u00eam uma vasta experi\u00eancia oce\u00e2nica e s\u00e3o apoiados e supervisionados em todo o momento por JULIO VERNE [&hellip;]<\/p>\n","protected":false},"author":2,"featured_media":20579,"parent":0,"menu_order":0,"comment_status":"closed","ping_status":"closed","template":"","meta":{"_acf_changed":false,"_joinchat":[],"footnotes":""},"class_list":["post-20577","page","type-page","status-publish","has-post-thumbnail","hentry"],"acf":[],"yoast_head":"<!-- This site is optimized with the Yoast SEO Premium plugin v24.5 (Yoast SEO v27.3) - https:\/\/yoast.com\/product\/yoast-seo-premium-wordpress\/ -->\n<title>Transporte de barcos | Julio Verne N\u00e1utica<\/title>\n<meta name=\"description\" content=\"Patr\u00f5es experientes, apoiados e monitorizados durante toda a travessia, oferecendo informa\u00e7\u00f5es sobre a entrega da embarca\u00e7\u00e3o.\" \/>\n<meta name=\"robots\" content=\"index, follow, max-snippet:-1, max-image-preview:large, max-video-preview:-1\" \/>\n<link rel=\"canonical\" href=\"https:\/\/www.juliovernenautica.com\/pt\/transporte-de-barcos\" \/>\n<meta property=\"og:locale\" content=\"pt_PT\" \/>\n<meta property=\"og:type\" content=\"article\" \/>\n<meta property=\"og:title\" content=\"Transporte de barcos\" \/>\n<meta property=\"og:description\" content=\"Patr\u00f5es experientes, apoiados e monitorizados durante toda a travessia, oferecendo informa\u00e7\u00f5es sobre a entrega da embarca\u00e7\u00e3o.\" \/>\n<meta property=\"og:url\" content=\"https:\/\/www.juliovernenautica.com\/pt\/transporte-de-barcos\" \/>\n<meta property=\"og:site_name\" content=\"Julio Verne N\u00e1utica\" \/>\n<meta property=\"article:publisher\" content=\"https:\/\/www.facebook.com\/juliovernenautica\/\" \/>\n<meta property=\"article:modified_time\" content=\"2026-02-23T18:27:38+00:00\" \/>\n<meta property=\"og:image\" content=\"https:\/\/www.juliovernenautica.com\/wp-content\/uploads\/2020\/01\/julio-verne-nautica-foto-transporte-barcos-01.jpg\" \/>\n\t<meta property=\"og:image:width\" content=\"600\" \/>\n\t<meta property=\"og:image:height\" content=\"450\" \/>\n\t<meta property=\"og:image:type\" content=\"image\/jpeg\" \/>\n<meta name=\"twitter:card\" content=\"summary_large_image\" \/>\n<script type=\"application\/ld+json\" class=\"yoast-schema-graph\">{\"@context\":\"https:\\\/\\\/schema.org\",\"@graph\":[{\"@type\":\"WebPage\",\"@id\":\"https:\\\/\\\/www.juliovernenautica.com\\\/pt\\\/transporte-de-barcos\",\"url\":\"https:\\\/\\\/www.juliovernenautica.com\\\/pt\\\/transporte-de-barcos\",\"name\":\"Transporte de barcos | Julio Verne N\u00e1utica\",\"isPartOf\":{\"@id\":\"https:\\\/\\\/www.juliovernenautica.com\\\/pt#website\"},\"primaryImageOfPage\":{\"@id\":\"https:\\\/\\\/www.juliovernenautica.com\\\/pt\\\/transporte-de-barcos#primaryimage\"},\"image\":{\"@id\":\"https:\\\/\\\/www.juliovernenautica.com\\\/pt\\\/transporte-de-barcos#primaryimage\"},\"thumbnailUrl\":\"https:\\\/\\\/www.juliovernenautica.com\\\/wp-content\\\/uploads\\\/2020\\\/01\\\/julio-verne-nautica-foto-transporte-barcos-01.jpg\",\"datePublished\":\"2020-05-30T17:38:08+00:00\",\"dateModified\":\"2026-02-23T18:27:38+00:00\",\"description\":\"Patr\u00f5es experientes, apoiados e monitorizados durante toda a travessia, oferecendo informa\u00e7\u00f5es sobre a entrega da embarca\u00e7\u00e3o.\",\"breadcrumb\":{\"@id\":\"https:\\\/\\\/www.juliovernenautica.com\\\/pt\\\/transporte-de-barcos#breadcrumb\"},\"inLanguage\":\"pt-PT\",\"potentialAction\":[{\"@type\":\"ReadAction\",\"target\":[\"https:\\\/\\\/www.juliovernenautica.com\\\/pt\\\/transporte-de-barcos\"]}]},{\"@type\":\"ImageObject\",\"inLanguage\":\"pt-PT\",\"@id\":\"https:\\\/\\\/www.juliovernenautica.com\\\/pt\\\/transporte-de-barcos#primaryimage\",\"url\":\"https:\\\/\\\/www.juliovernenautica.com\\\/wp-content\\\/uploads\\\/2020\\\/01\\\/julio-verne-nautica-foto-transporte-barcos-01.jpg\",\"contentUrl\":\"https:\\\/\\\/www.juliovernenautica.com\\\/wp-content\\\/uploads\\\/2020\\\/01\\\/julio-verne-nautica-foto-transporte-barcos-01.jpg\",\"width\":600,\"height\":450,\"caption\":\"Boat transport\"},{\"@type\":\"BreadcrumbList\",\"@id\":\"https:\\\/\\\/www.juliovernenautica.com\\\/pt\\\/transporte-de-barcos#breadcrumb\",\"itemListElement\":[{\"@type\":\"ListItem\",\"position\":1,\"name\":\"Home\",\"item\":\"https:\\\/\\\/www.juliovernenautica.com\\\/pt\\\/julio-verne-nautica-inicio\"},{\"@type\":\"ListItem\",\"position\":2,\"name\":\"Transporte de barcos\"}]},{\"@type\":\"WebSite\",\"@id\":\"https:\\\/\\\/www.juliovernenautica.com\\\/pt#website\",\"url\":\"https:\\\/\\\/www.juliovernenautica.com\\\/pt\",\"name\":\"Julio Verne N\u00e1utica\",\"description\":\"Formaci\u00f3n y charter n\u00e1utico en Galicia\",\"publisher\":{\"@id\":\"https:\\\/\\\/www.juliovernenautica.com\\\/pt#organization\"},\"potentialAction\":[{\"@type\":\"SearchAction\",\"target\":{\"@type\":\"EntryPoint\",\"urlTemplate\":\"https:\\\/\\\/www.juliovernenautica.com\\\/pt?s={search_term_string}\"},\"query-input\":{\"@type\":\"PropertyValueSpecification\",\"valueRequired\":true,\"valueName\":\"search_term_string\"}}],\"inLanguage\":\"pt-PT\"},{\"@type\":\"Organization\",\"@id\":\"https:\\\/\\\/www.juliovernenautica.com\\\/pt#organization\",\"name\":\"Julio Verne N\u00e1utica\",\"url\":\"https:\\\/\\\/www.juliovernenautica.com\\\/pt\",\"logo\":{\"@type\":\"ImageObject\",\"inLanguage\":\"pt-PT\",\"@id\":\"https:\\\/\\\/www.juliovernenautica.com\\\/pt#\\\/schema\\\/logo\\\/image\\\/\",\"url\":\"https:\\\/\\\/www.juliovernenautica.com\\\/wp-content\\\/uploads\\\/2019\\\/12\\\/jv-nautica-icono-positivo-01.png\",\"contentUrl\":\"https:\\\/\\\/www.juliovernenautica.com\\\/wp-content\\\/uploads\\\/2019\\\/12\\\/jv-nautica-icono-positivo-01.png\",\"width\":86,\"height\":86,\"caption\":\"Julio Verne N\u00e1utica\"},\"image\":{\"@id\":\"https:\\\/\\\/www.juliovernenautica.com\\\/pt#\\\/schema\\\/logo\\\/image\\\/\"},\"sameAs\":[\"https:\\\/\\\/www.facebook.com\\\/juliovernenautica\\\/\",\"https:\\\/\\\/www.instagram.com\\\/julio_verne_nautica\\\/\"]}]}<\/script>\n<!-- \/ Yoast SEO Premium plugin. -->","yoast_head_json":{"title":"Transporte de barcos | Julio Verne N\u00e1utica","description":"Patr\u00f5es experientes, apoiados e monitorizados durante toda a travessia, oferecendo informa\u00e7\u00f5es sobre a entrega da embarca\u00e7\u00e3o.","robots":{"index":"index","follow":"follow","max-snippet":"max-snippet:-1","max-image-preview":"max-image-preview:large","max-video-preview":"max-video-preview:-1"},"canonical":"https:\/\/www.juliovernenautica.com\/pt\/transporte-de-barcos","og_locale":"pt_PT","og_type":"article","og_title":"Transporte de barcos","og_description":"Patr\u00f5es experientes, apoiados e monitorizados durante toda a travessia, oferecendo informa\u00e7\u00f5es sobre a entrega da embarca\u00e7\u00e3o.","og_url":"https:\/\/www.juliovernenautica.com\/pt\/transporte-de-barcos","og_site_name":"Julio Verne N\u00e1utica","article_publisher":"https:\/\/www.facebook.com\/juliovernenautica\/","article_modified_time":"2026-02-23T18:27:38+00:00","og_image":[{"width":600,"height":450,"url":"https:\/\/www.juliovernenautica.com\/wp-content\/uploads\/2020\/01\/julio-verne-nautica-foto-transporte-barcos-01.jpg","type":"image\/jpeg"}],"twitter_card":"summary_large_image","schema":{"@context":"https:\/\/schema.org","@graph":[{"@type":"WebPage","@id":"https:\/\/www.juliovernenautica.com\/pt\/transporte-de-barcos","url":"https:\/\/www.juliovernenautica.com\/pt\/transporte-de-barcos","name":"Transporte de barcos | Julio Verne N\u00e1utica","isPartOf":{"@id":"https:\/\/www.juliovernenautica.com\/pt#website"},"primaryImageOfPage":{"@id":"https:\/\/www.juliovernenautica.com\/pt\/transporte-de-barcos#primaryimage"},"image":{"@id":"https:\/\/www.juliovernenautica.com\/pt\/transporte-de-barcos#primaryimage"},"thumbnailUrl":"https:\/\/www.juliovernenautica.com\/wp-content\/uploads\/2020\/01\/julio-verne-nautica-foto-transporte-barcos-01.jpg","datePublished":"2020-05-30T17:38:08+00:00","dateModified":"2026-02-23T18:27:38+00:00","description":"Patr\u00f5es experientes, apoiados e monitorizados durante toda a travessia, oferecendo informa\u00e7\u00f5es sobre a entrega da embarca\u00e7\u00e3o.","breadcrumb":{"@id":"https:\/\/www.juliovernenautica.com\/pt\/transporte-de-barcos#breadcrumb"},"inLanguage":"pt-PT","potentialAction":[{"@type":"ReadAction","target":["https:\/\/www.juliovernenautica.com\/pt\/transporte-de-barcos"]}]},{"@type":"ImageObject","inLanguage":"pt-PT","@id":"https:\/\/www.juliovernenautica.com\/pt\/transporte-de-barcos#primaryimage","url":"https:\/\/www.juliovernenautica.com\/wp-content\/uploads\/2020\/01\/julio-verne-nautica-foto-transporte-barcos-01.jpg","contentUrl":"https:\/\/www.juliovernenautica.com\/wp-content\/uploads\/2020\/01\/julio-verne-nautica-foto-transporte-barcos-01.jpg","width":600,"height":450,"caption":"Boat transport"},{"@type":"BreadcrumbList","@id":"https:\/\/www.juliovernenautica.com\/pt\/transporte-de-barcos#breadcrumb","itemListElement":[{"@type":"ListItem","position":1,"name":"Home","item":"https:\/\/www.juliovernenautica.com\/pt\/julio-verne-nautica-inicio"},{"@type":"ListItem","position":2,"name":"Transporte de barcos"}]},{"@type":"WebSite","@id":"https:\/\/www.juliovernenautica.com\/pt#website","url":"https:\/\/www.juliovernenautica.com\/pt","name":"Julio Verne N\u00e1utica","description":"Formaci\u00f3n y charter n\u00e1utico en Galicia","publisher":{"@id":"https:\/\/www.juliovernenautica.com\/pt#organization"},"potentialAction":[{"@type":"SearchAction","target":{"@type":"EntryPoint","urlTemplate":"https:\/\/www.juliovernenautica.com\/pt?s={search_term_string}"},"query-input":{"@type":"PropertyValueSpecification","valueRequired":true,"valueName":"search_term_string"}}],"inLanguage":"pt-PT"},{"@type":"Organization","@id":"https:\/\/www.juliovernenautica.com\/pt#organization","name":"Julio Verne N\u00e1utica","url":"https:\/\/www.juliovernenautica.com\/pt","logo":{"@type":"ImageObject","inLanguage":"pt-PT","@id":"https:\/\/www.juliovernenautica.com\/pt#\/schema\/logo\/image\/","url":"https:\/\/www.juliovernenautica.com\/wp-content\/uploads\/2019\/12\/jv-nautica-icono-positivo-01.png","contentUrl":"https:\/\/www.juliovernenautica.com\/wp-content\/uploads\/2019\/12\/jv-nautica-icono-positivo-01.png","width":86,"height":86,"caption":"Julio Verne N\u00e1utica"},"image":{"@id":"https:\/\/www.juliovernenautica.com\/pt#\/schema\/logo\/image\/"},"sameAs":["https:\/\/www.facebook.com\/juliovernenautica\/","https:\/\/www.instagram.com\/julio_verne_nautica\/"]}]}},"_links":{"self":[{"href":"https:\/\/www.juliovernenautica.com\/pt\/wp-json\/wp\/v2\/pages\/20577","targetHints":{"allow":["GET"]}}],"collection":[{"href":"https:\/\/www.juliovernenautica.com\/pt\/wp-json\/wp\/v2\/pages"}],"about":[{"href":"https:\/\/www.juliovernenautica.com\/pt\/wp-json\/wp\/v2\/types\/page"}],"author":[{"embeddable":true,"href":"https:\/\/www.juliovernenautica.com\/pt\/wp-json\/wp\/v2\/users\/2"}],"replies":[{"embeddable":true,"href":"https:\/\/www.juliovernenautica.com\/pt\/wp-json\/wp\/v2\/comments?post=20577"}],"version-history":[{"count":0,"href":"https:\/\/www.juliovernenautica.com\/pt\/wp-json\/wp\/v2\/pages\/20577\/revisions"}],"wp:featuredmedia":[{"embeddable":true,"href":"https:\/\/www.juliovernenautica.com\/pt\/wp-json\/wp\/v2\/media\/20579"}],"wp:attachment":[{"href":"https:\/\/www.juliovernenautica.com\/pt\/wp-json\/wp\/v2\/media?parent=20577"}],"curies":[{"name":"wp","href":"https:\/\/api.w.org\/{rel}","templated":true}]}}