{"id":20542,"date":"2020-05-30T19:56:07","date_gmt":"2020-05-30T17:56:07","guid":{"rendered":"https:\/\/www.juliovernenautica.com\/a-nossa-equipa"},"modified":"2026-02-23T19:26:43","modified_gmt":"2026-02-23T18:26:43","slug":"a-nossa-equipa","status":"publish","type":"page","link":"https:\/\/www.juliovernenautica.com\/pt\/a-nossa-equipa","title":{"rendered":"A Nossa Equipa"},"content":{"rendered":"\t\t<div data-elementor-type=\"wp-page\" data-elementor-id=\"20542\" class=\"elementor elementor-20542 elementor-1510\" data-elementor-post-type=\"page\">\n\t\t\t\t\t\t<section class=\"elementor-section elementor-top-section elementor-element elementor-element-70cae03 elementor-section-height-min-height elementor-section-stretched elementor-section-full_width elementor-section-height-default elementor-section-items-middle\" data-id=\"70cae03\" data-element_type=\"section\" data-e-type=\"section\" data-settings=\"{&quot;stretch_section&quot;:&quot;section-stretched&quot;,&quot;background_background&quot;:&quot;classic&quot;,&quot;shape_divider_bottom&quot;:&quot;tilt&quot;}\">\n\t\t\t\t\t\t\t<div class=\"elementor-background-overlay\"><\/div>\n\t\t\t\t\t\t<div class=\"elementor-shape elementor-shape-bottom\" aria-hidden=\"true\" data-negative=\"false\">\n\t\t\t<svg xmlns=\"http:\/\/www.w3.org\/2000\/svg\" viewBox=\"0 0 1000 100\" preserveAspectRatio=\"none\">\n\t<path class=\"elementor-shape-fill\" d=\"M0,6V0h1000v100L0,6z\"\/>\n<\/svg>\t\t<\/div>\n\t\t\t\t\t<div class=\"elementor-container elementor-column-gap-default\">\n\t\t\t\t\t<div class=\"elementor-column elementor-col-100 elementor-top-column elementor-element elementor-element-6754362\" data-id=\"6754362\" data-element_type=\"column\" data-e-type=\"column\" data-settings=\"{&quot;background_background&quot;:&quot;classic&quot;}\">\n\t\t\t<div class=\"elementor-widget-wrap elementor-element-populated\">\n\t\t\t\t\t\t<div class=\"elementor-element elementor-element-3e0fb65 elementor-widget elementor-widget-text-editor\" data-id=\"3e0fb65\" data-element_type=\"widget\" data-e-type=\"widget\" data-widget_type=\"text-editor.default\">\n\t\t\t\t<div class=\"elementor-widget-container\">\n\t\t\t\t\t\t\t\t\t<h1 class=\"white\">A Nossa Equipa<\/h1>\t\t\t\t\t\t\t\t<\/div>\n\t\t\t\t<\/div>\n\t\t\t\t\t<\/div>\n\t\t<\/div>\n\t\t\t\t\t<\/div>\n\t\t<\/section>\n\t\t\t\t<section class=\"elementor-section elementor-top-section elementor-element elementor-element-fd48824 elementor-section-boxed elementor-section-height-default elementor-section-height-default\" data-id=\"fd48824\" data-element_type=\"section\" data-e-type=\"section\">\n\t\t\t\t\t\t<div class=\"elementor-container elementor-column-gap-default\">\n\t\t\t\t\t<div class=\"elementor-column elementor-col-16 elementor-top-column elementor-element elementor-element-89306e5\" data-id=\"89306e5\" data-element_type=\"column\" data-e-type=\"column\">\n\t\t\t<div class=\"elementor-widget-wrap\">\n\t\t\t\t\t\t\t<\/div>\n\t\t<\/div>\n\t\t\t\t<div class=\"elementor-column elementor-col-66 elementor-top-column elementor-element elementor-element-16385e3\" data-id=\"16385e3\" data-element_type=\"column\" data-e-type=\"column\">\n\t\t\t<div class=\"elementor-widget-wrap elementor-element-populated\">\n\t\t\t\t\t\t<div class=\"elementor-element elementor-element-a617764 elementor-widget elementor-widget-heading\" data-id=\"a617764\" data-element_type=\"widget\" data-e-type=\"widget\" data-widget_type=\"heading.default\">\n\t\t\t\t<div class=\"elementor-widget-container\">\n\t\t\t\t\t<h1 class=\"elementor-heading-title elementor-size-default\">Aprenda a navegar connosco<\/h1>\t\t\t\t<\/div>\n\t\t\t\t<\/div>\n\t\t\t\t<div class=\"elementor-element elementor-element-a57e018 elementor-widget elementor-widget-heading\" data-id=\"a57e018\" data-element_type=\"widget\" data-e-type=\"widget\" data-widget_type=\"heading.default\">\n\t\t\t\t<div class=\"elementor-widget-container\">\n\t\t\t\t\t<h4 class=\"elementor-heading-title elementor-size-default\">A nossa grande paix\u00e3o: o mar e o ensino<\/h4>\t\t\t\t<\/div>\n\t\t\t\t<\/div>\n\t\t\t\t<div class=\"elementor-element elementor-element-a7b70e9 elementor-widget elementor-widget-text-editor\" data-id=\"a7b70e9\" data-element_type=\"widget\" data-e-type=\"widget\" data-widget_type=\"text-editor.default\">\n\t\t\t\t<div class=\"elementor-widget-container\">\n\t\t\t\t\t\t\t\t\t<p style=\"text-align: center;\">A chave da forma\u00e7\u00e3o, especialmente nas escolas n\u00e1uticas, s\u00e3o os instrutores e o cen\u00e1rio. A escola Julio Verne N\u00e1utica coloca \u00e0 sua disposi\u00e7\u00e3o o melhor cen\u00e1rio de forma\u00e7\u00e3o da Pen\u00ednsula Ib\u00e9rica: as R\u00edas Baixas. Forme-se em todos os cen\u00e1rios de navega\u00e7\u00e3o e desfrute com seguran\u00e7a quando navegar sozinho.  <\/p>\t\t\t\t\t\t\t\t<\/div>\n\t\t\t\t<\/div>\n\t\t\t\t\t<\/div>\n\t\t<\/div>\n\t\t\t\t<div class=\"elementor-column elementor-col-16 elementor-top-column elementor-element elementor-element-8591db1\" data-id=\"8591db1\" data-element_type=\"column\" data-e-type=\"column\">\n\t\t\t<div class=\"elementor-widget-wrap\">\n\t\t\t\t\t\t\t<\/div>\n\t\t<\/div>\n\t\t\t\t\t<\/div>\n\t\t<\/section>\n\t\t<div class=\"elementor-element elementor-element-86491c7 e-flex e-con-boxed e-con e-parent\" data-id=\"86491c7\" data-element_type=\"container\" data-e-type=\"container\">\n\t\t\t\t\t<div class=\"e-con-inner\">\n\t\t\t\t<div class=\"elementor-element elementor-element-88226b9 elementor-widget elementor-widget-template\" data-id=\"88226b9\" data-element_type=\"widget\" data-e-type=\"widget\" data-widget_type=\"template.default\">\n\t\t\t\t<div class=\"elementor-widget-container\">\n\t\t\t\t\t\t\t<div class=\"elementor-template\">\n\t\t\t\t\t<div data-elementor-type=\"container\" data-elementor-id=\"19876\" class=\"elementor elementor-19876 elementor-19097 elementor-19097\" data-elementor-post-type=\"elementor_library\">\n\t\t\t\t<div class=\"elementor-element elementor-element-4771ecf e-flex e-con-boxed e-con e-parent\" data-id=\"4771ecf\" data-element_type=\"container\" data-e-type=\"container\">\n\t\t\t\t\t<div class=\"e-con-inner\">\n\t\t\t\t<div class=\"elementor-element elementor-element-2e4e2a0 elementor-position-left elementor-position-top elementor-vertical-align-middle elementor-widget elementor-widget-image-box\" data-id=\"2e4e2a0\" data-element_type=\"widget\" data-e-type=\"widget\" data-widget_type=\"image-box.default\">\n\t\t\t\t<div class=\"elementor-widget-container\">\n\t\t\t\t\t<div class=\"elementor-image-box-wrapper\"><figure class=\"elementor-image-box-img\"><img fetchpriority=\"high\" decoding=\"async\" width=\"300\" height=\"300\" src=\"https:\/\/www.juliovernenautica.com\/wp-content\/uploads\/2023\/01\/ivan-perez-gandaras-lacarcel.jpg\" class=\"attachment-full size-full wp-image-19877\" alt=\"\" srcset=\"https:\/\/www.juliovernenautica.com\/wp-content\/uploads\/2023\/01\/ivan-perez-gandaras-lacarcel.jpg 300w, https:\/\/www.juliovernenautica.com\/wp-content\/uploads\/2023\/01\/ivan-perez-gandaras-lacarcel-150x150.jpg 150w\" sizes=\"(max-width: 300px) 100vw, 300px\" \/><\/figure><div class=\"elementor-image-box-content\"><h3 class=\"elementor-image-box-title\">Iv\u00e1n P\u00e9rez-G\u00e1ndaras<\/h3><p class=\"elementor-image-box-description\"><b>Gerente<\/b><br>Capit\u00e3o de alto-mar, Yacht Master Offshore, Capit\u00e3o Profissional de Iate. Mais de 20.000 milhas navegadas. Charter Broker. Base Manager em Ibiza, A\u00e7ores e Galiza. Instrutor de certifica\u00e7\u00f5es n\u00e1uticas. Treinador de equipas de regatas. Bi\u00f3logo Marinho. Guia oficial do Parque Nacional das Ilhas Atl\u00e2nticas. Nacionalidade espanhola.        <\/p><\/div><\/div>\t\t\t\t<\/div>\n\t\t\t\t<\/div>\n\t\t<div class=\"elementor-element elementor-element-b964bde e-con-full e-grid e-con e-child\" data-id=\"b964bde\" data-element_type=\"container\" data-e-type=\"container\">\n\t\t\t\t<div class=\"elementor-element elementor-element-e3ad461 elementor-position-top elementor-widget elementor-widget-image-box\" data-id=\"e3ad461\" data-element_type=\"widget\" data-e-type=\"widget\" data-widget_type=\"image-box.default\">\n\t\t\t\t<div class=\"elementor-widget-container\">\n\t\t\t\t\t<div class=\"elementor-image-box-wrapper\"><figure class=\"elementor-image-box-img\"><img decoding=\"async\" width=\"200\" height=\"200\" src=\"https:\/\/www.juliovernenautica.com\/wp-content\/uploads\/2023\/01\/jessica-wegner-1.jpg\" class=\"attachment-full size-full wp-image-19878\" alt=\"\" srcset=\"https:\/\/www.juliovernenautica.com\/wp-content\/uploads\/2023\/01\/jessica-wegner-1.jpg 200w, https:\/\/www.juliovernenautica.com\/wp-content\/uploads\/2023\/01\/jessica-wegner-1-150x150.jpg 150w\" sizes=\"(max-width: 200px) 100vw, 200px\" \/><\/figure><div class=\"elementor-image-box-content\"><h3 class=\"elementor-image-box-title\">Jessica Wegner<\/h3><p class=\"elementor-image-box-description\"><b>Respons\u00e1vel pela gest\u00e3o do departamento de Charter e Enal<\/b><br>Assistente de Turismo Internacional, profissional de gest\u00e3o com o cliente. Nacionalidade: alem\u00e3. Idiomas: alem\u00e3o, espanhol, ingl\u00eas, franc\u00eas.  <\/p><\/div><\/div>\t\t\t\t<\/div>\n\t\t\t\t<\/div>\n\t\t\t\t<div class=\"elementor-element elementor-element-2e8b56a elementor-position-top elementor-widget elementor-widget-image-box\" data-id=\"2e8b56a\" data-element_type=\"widget\" data-e-type=\"widget\" data-widget_type=\"image-box.default\">\n\t\t\t\t<div class=\"elementor-widget-container\">\n\t\t\t\t\t<div class=\"elementor-image-box-wrapper\"><figure class=\"elementor-image-box-img\"><img decoding=\"async\" width=\"200\" height=\"200\" src=\"https:\/\/www.juliovernenautica.com\/wp-content\/uploads\/2023\/10\/daniel-vieira-vasconcelos.jpg\" class=\"attachment-full size-full wp-image-19879\" alt=\"\" srcset=\"https:\/\/www.juliovernenautica.com\/wp-content\/uploads\/2023\/10\/daniel-vieira-vasconcelos.jpg 200w, https:\/\/www.juliovernenautica.com\/wp-content\/uploads\/2023\/10\/daniel-vieira-vasconcelos-150x150.jpg 150w\" sizes=\"(max-width: 200px) 100vw, 200px\" \/><\/figure><div class=\"elementor-image-box-content\"><h3 class=\"elementor-image-box-title\">Daniel Vieira Vasconcelos<\/h3><p class=\"elementor-image-box-description\"><b>Instrutor<\/b><br>Navega desde os 5 anos, com um vasto palmar\u00e9s internacional como regatista. Treinador de equipas de regatas. Skipper profissional desde 2007. Yachtmaster Offshore Commercial Endorsement.    Instrutor de navega\u00e7\u00e3o. Mais de 20.000 milhas navegadas. 11 travessias do Atl\u00e2ntico, 3 das quais a solo.  <\/p><\/div><\/div>\t\t\t\t<\/div>\n\t\t\t\t<\/div>\n\t\t\t\t<div class=\"elementor-element elementor-element-d6b6d82 elementor-position-top elementor-widget elementor-widget-image-box\" data-id=\"d6b6d82\" data-element_type=\"widget\" data-e-type=\"widget\" data-widget_type=\"image-box.default\">\n\t\t\t\t<div class=\"elementor-widget-container\">\n\t\t\t\t\t<div class=\"elementor-image-box-wrapper\"><figure class=\"elementor-image-box-img\"><img loading=\"lazy\" decoding=\"async\" width=\"200\" height=\"200\" src=\"https:\/\/www.juliovernenautica.com\/wp-content\/uploads\/2025\/12\/juliovernenautica-equipo-thomas-white-1_1.jpg\" class=\"attachment-full size-full wp-image-19880\" alt=\"\" srcset=\"https:\/\/www.juliovernenautica.com\/wp-content\/uploads\/2025\/12\/juliovernenautica-equipo-thomas-white-1_1.jpg 200w, https:\/\/www.juliovernenautica.com\/wp-content\/uploads\/2025\/12\/juliovernenautica-equipo-thomas-white-1_1-150x150.jpg 150w, https:\/\/www.juliovernenautica.com\/wp-content\/uploads\/2025\/12\/juliovernenautica-equipo-thomas-white-1_1-70x70.jpg 70w\" sizes=\"(max-width: 200px) 100vw, 200px\" \/><\/figure><div class=\"elementor-image-box-content\"><h3 class=\"elementor-image-box-title\">Thomas White<\/h3><p class=\"elementor-image-box-description\"><b>Chief Instructor RYA<\/b><br>Instrutor RYA Yachtmaster e Yachtmaster Ocean com habilita\u00e7\u00e3o comercial. Formou-se como navegador no Reino Unido e ministrou cursos RYA em Inglaterra, Gibraltar e nas Ilhas Can\u00e1rias. Navegou mais de 20.000 milhas, incluindo duas travessias do Atl\u00e2ntico e a regata Fastnet.  <\/p><\/div><\/div>\t\t\t\t<\/div>\n\t\t\t\t<\/div>\n\t\t\t\t<div class=\"elementor-element elementor-element-13c0cd4 elementor-position-top elementor-widget elementor-widget-image-box\" data-id=\"13c0cd4\" data-element_type=\"widget\" data-e-type=\"widget\" data-widget_type=\"image-box.default\">\n\t\t\t\t<div class=\"elementor-widget-container\">\n\t\t\t\t\t<div class=\"elementor-image-box-wrapper\"><figure class=\"elementor-image-box-img\"><img loading=\"lazy\" decoding=\"async\" width=\"200\" height=\"200\" src=\"https:\/\/www.juliovernenautica.com\/wp-content\/uploads\/2022\/06\/patrick-van-der-zjiden.jpg\" class=\"attachment-full size-full wp-image-19881\" alt=\"\" srcset=\"https:\/\/www.juliovernenautica.com\/wp-content\/uploads\/2022\/06\/patrick-van-der-zjiden.jpg 200w, https:\/\/www.juliovernenautica.com\/wp-content\/uploads\/2022\/06\/patrick-van-der-zjiden-150x150.jpg 150w\" sizes=\"(max-width: 200px) 100vw, 200px\" \/><\/figure><div class=\"elementor-image-box-content\"><h3 class=\"elementor-image-box-title\">Patrick Van Der Zijden<\/h3><p class=\"elementor-image-box-description\"><b>Yachtmaster Instructor<\/b><br>RYA Yachtmaster Ocean Instructor Sail. RYA Advanced Powerboat Instructor.  Nacionalidade: neerlandesa. Idiomas: neerland\u00eas, ingl\u00eas, portugu\u00eas. <\/p><\/div><\/div>\t\t\t\t<\/div>\n\t\t\t\t<\/div>\n\t\t\t\t<div class=\"elementor-element elementor-element-0c32e50 elementor-position-top elementor-widget elementor-widget-image-box\" data-id=\"0c32e50\" data-element_type=\"widget\" data-e-type=\"widget\" data-widget_type=\"image-box.default\">\n\t\t\t\t<div class=\"elementor-widget-container\">\n\t\t\t\t\t<div class=\"elementor-image-box-wrapper\"><figure class=\"elementor-image-box-img\"><img loading=\"lazy\" decoding=\"async\" width=\"200\" height=\"200\" src=\"https:\/\/www.juliovernenautica.com\/wp-content\/uploads\/2023\/01\/frank-moeller-1.jpg\" class=\"attachment-full size-full wp-image-19882\" alt=\"\" srcset=\"https:\/\/www.juliovernenautica.com\/wp-content\/uploads\/2023\/01\/frank-moeller-1.jpg 200w, https:\/\/www.juliovernenautica.com\/wp-content\/uploads\/2023\/01\/frank-moeller-1-150x150.jpg 150w\" sizes=\"(max-width: 200px) 100vw, 200px\" \/><\/figure><div class=\"elementor-image-box-content\"><h3 class=\"elementor-image-box-title\">Frank Moeller<\/h3><p class=\"elementor-image-box-description\"><b>RYA Instructor Sail, RYA Yachtmaster Offshore\/ Capit\u00e3o de Iate<\/b><br>Nascido nas margens do mar B\u00e1ltico, \u00e9 apaixonado por tudo o que est\u00e1 relacionado com a \u00e1gua. Pratica vela, kitesurf e mergulho h\u00e1 muitos anos e partilha a sua paix\u00e3o pelo oceano. Idiomas: alem\u00e3o, espanhol, ingl\u00eas.  \n<\/p><\/div><\/div>\t\t\t\t<\/div>\n\t\t\t\t<\/div>\n\t\t\t\t<\/div>\n\t\t\t\t\t<\/div>\n\t\t\t\t<\/div>\n\t\t\t\t<\/div>\n\t\t\t\t<\/div>\n\t\t\t\t\t\t<\/div>\n\t\t\t\t<\/div>\n\t\t\t\t\t<\/div>\n\t\t\t\t<\/div>\n\t\t\t\t<section class=\"elementor-section elementor-top-section elementor-element elementor-element-170ddf6b elementor-section-stretched elementor-section-boxed elementor-section-height-default elementor-section-height-default\" data-id=\"170ddf6b\" data-element_type=\"section\" data-e-type=\"section\" data-settings=\"{&quot;stretch_section&quot;:&quot;section-stretched&quot;,&quot;background_background&quot;:&quot;classic&quot;}\">\n\t\t\t\t\t\t<div class=\"elementor-container elementor-column-gap-default\">\n\t\t\t\t\t<div class=\"elementor-column elementor-col-100 elementor-top-column elementor-element elementor-element-2dfbd673\" data-id=\"2dfbd673\" data-element_type=\"column\" data-e-type=\"column\">\n\t\t\t<div class=\"elementor-widget-wrap elementor-element-populated\">\n\t\t\t\t\t\t<div class=\"elementor-element elementor-element-22e3496d elementor-widget elementor-widget-text-editor\" data-id=\"22e3496d\" data-element_type=\"widget\" data-e-type=\"widget\" data-widget_type=\"text-editor.default\">\n\t\t\t\t<div class=\"elementor-widget-container\">\n\t\t\t\t\t\t\t\t\t<h3 class=\"white\">Gostaria de fazer parte da nossa equipa?<\/h3>\t\t\t\t\t\t\t\t<\/div>\n\t\t\t\t<\/div>\n\t\t\t\t<div class=\"elementor-element elementor-element-58f043b3 elementor-align-center elementor-widget elementor-widget-button\" data-id=\"58f043b3\" data-element_type=\"widget\" data-e-type=\"widget\" data-widget_type=\"button.default\">\n\t\t\t\t<div class=\"elementor-widget-container\">\n\t\t\t\t\t\t\t\t\t<div class=\"elementor-button-wrapper\">\n\t\t\t\t\t<a class=\"elementor-button elementor-button-link elementor-size-md\" href=\"https:\/\/www.juliovernenautica.com\/pt\/trabalhe-connosco\">\n\t\t\t\t\t\t<span class=\"elementor-button-content-wrapper\">\n\t\t\t\t\t\t\t\t\t<span class=\"elementor-button-text\">ENVIE-NOS O SEU CV<\/span>\n\t\t\t\t\t<\/span>\n\t\t\t\t\t<\/a>\n\t\t\t\t<\/div>\n\t\t\t\t\t\t\t\t<\/div>\n\t\t\t\t<\/div>\n\t\t\t\t\t<\/div>\n\t\t<\/div>\n\t\t\t\t\t<\/div>\n\t\t<\/section>\n\t\t\t\t<\/div>\n\t\t","protected":false},"excerpt":{"rendered":"<p>A Nossa Equipa Aprenda a navegar connosco A nossa grande paix\u00e3o: o mar e o ensino A chave da forma\u00e7\u00e3o, especialmente nas escolas n\u00e1uticas, s\u00e3o os instrutores e o cen\u00e1rio. A escola Julio Verne N\u00e1utica coloca \u00e0 sua disposi\u00e7\u00e3o o melhor cen\u00e1rio de forma\u00e7\u00e3o da Pen\u00ednsula Ib\u00e9rica: as R\u00edas Baixas. Forme-se em todos os cen\u00e1rios [&hellip;]<\/p>\n","protected":false},"author":2,"featured_media":0,"parent":0,"menu_order":0,"comment_status":"closed","ping_status":"closed","template":"","meta":{"_acf_changed":false,"_joinchat":[],"footnotes":""},"class_list":["post-20542","page","type-page","status-publish","hentry"],"acf":[],"yoast_head":"<!-- This site is optimized with the Yoast SEO Premium plugin v24.5 (Yoast SEO v27.3) - https:\/\/yoast.com\/product\/yoast-seo-premium-wordpress\/ -->\n<title>Aprenda a navegar connosco | Julio Verne N\u00e1utica<\/title>\n<meta name=\"description\" content=\"A escola Julio Verne N\u00e1utica coloca \u00e0 sua disposi\u00e7\u00e3o o melhor cen\u00e1rio de forma\u00e7\u00e3o da Pen\u00ednsula Ib\u00e9rica: as R\u00edas Baixas. Informe-se aqui.\" \/>\n<meta name=\"robots\" content=\"noindex, follow\" \/>\n<meta property=\"og:locale\" content=\"pt_PT\" \/>\n<meta property=\"og:type\" content=\"article\" \/>\n<meta property=\"og:title\" content=\"A Nossa Equipa\" \/>\n<meta property=\"og:description\" content=\"A escola Julio Verne N\u00e1utica coloca \u00e0 sua disposi\u00e7\u00e3o o melhor cen\u00e1rio de forma\u00e7\u00e3o da Pen\u00ednsula Ib\u00e9rica: as R\u00edas Baixas. Informe-se aqui.\" \/>\n<meta property=\"og:url\" content=\"https:\/\/www.juliovernenautica.com\/pt\/a-nossa-equipa\" \/>\n<meta property=\"og:site_name\" content=\"Julio Verne N\u00e1utica\" \/>\n<meta property=\"article:publisher\" content=\"https:\/\/www.facebook.com\/juliovernenautica\/\" \/>\n<meta property=\"article:modified_time\" content=\"2026-02-23T18:26:43+00:00\" \/>\n<meta name=\"twitter:card\" content=\"summary_large_image\" \/>\n<script type=\"application\/ld+json\" class=\"yoast-schema-graph\">{\"@context\":\"https:\\\/\\\/schema.org\",\"@graph\":[{\"@type\":\"WebPage\",\"@id\":\"https:\\\/\\\/www.juliovernenautica.com\\\/pt\\\/a-nossa-equipa\",\"url\":\"https:\\\/\\\/www.juliovernenautica.com\\\/pt\\\/a-nossa-equipa\",\"name\":\"Aprenda a navegar connosco | Julio Verne N\u00e1utica\",\"isPartOf\":{\"@id\":\"https:\\\/\\\/www.juliovernenautica.com\\\/pt#website\"},\"datePublished\":\"2020-05-30T17:56:07+00:00\",\"dateModified\":\"2026-02-23T18:26:43+00:00\",\"description\":\"A escola Julio Verne N\u00e1utica coloca \u00e0 sua disposi\u00e7\u00e3o o melhor cen\u00e1rio de forma\u00e7\u00e3o da Pen\u00ednsula Ib\u00e9rica: as R\u00edas Baixas. Informe-se aqui.\",\"breadcrumb\":{\"@id\":\"https:\\\/\\\/www.juliovernenautica.com\\\/pt\\\/a-nossa-equipa#breadcrumb\"},\"inLanguage\":\"pt-PT\",\"potentialAction\":[{\"@type\":\"ReadAction\",\"target\":[\"https:\\\/\\\/www.juliovernenautica.com\\\/pt\\\/a-nossa-equipa\"]}]},{\"@type\":\"BreadcrumbList\",\"@id\":\"https:\\\/\\\/www.juliovernenautica.com\\\/pt\\\/a-nossa-equipa#breadcrumb\",\"itemListElement\":[{\"@type\":\"ListItem\",\"position\":1,\"name\":\"Home\",\"item\":\"https:\\\/\\\/www.juliovernenautica.com\\\/pt\\\/julio-verne-nautica-inicio\"},{\"@type\":\"ListItem\",\"position\":2,\"name\":\"A Nossa Equipa\"}]},{\"@type\":\"WebSite\",\"@id\":\"https:\\\/\\\/www.juliovernenautica.com\\\/pt#website\",\"url\":\"https:\\\/\\\/www.juliovernenautica.com\\\/pt\",\"name\":\"Julio Verne N\u00e1utica\",\"description\":\"Formaci\u00f3n y charter n\u00e1utico en Galicia\",\"publisher\":{\"@id\":\"https:\\\/\\\/www.juliovernenautica.com\\\/pt#organization\"},\"potentialAction\":[{\"@type\":\"SearchAction\",\"target\":{\"@type\":\"EntryPoint\",\"urlTemplate\":\"https:\\\/\\\/www.juliovernenautica.com\\\/pt?s={search_term_string}\"},\"query-input\":{\"@type\":\"PropertyValueSpecification\",\"valueRequired\":true,\"valueName\":\"search_term_string\"}}],\"inLanguage\":\"pt-PT\"},{\"@type\":\"Organization\",\"@id\":\"https:\\\/\\\/www.juliovernenautica.com\\\/pt#organization\",\"name\":\"Julio Verne N\u00e1utica\",\"url\":\"https:\\\/\\\/www.juliovernenautica.com\\\/pt\",\"logo\":{\"@type\":\"ImageObject\",\"inLanguage\":\"pt-PT\",\"@id\":\"https:\\\/\\\/www.juliovernenautica.com\\\/pt#\\\/schema\\\/logo\\\/image\\\/\",\"url\":\"https:\\\/\\\/www.juliovernenautica.com\\\/wp-content\\\/uploads\\\/2019\\\/12\\\/jv-nautica-icono-positivo-01.png\",\"contentUrl\":\"https:\\\/\\\/www.juliovernenautica.com\\\/wp-content\\\/uploads\\\/2019\\\/12\\\/jv-nautica-icono-positivo-01.png\",\"width\":86,\"height\":86,\"caption\":\"Julio Verne N\u00e1utica\"},\"image\":{\"@id\":\"https:\\\/\\\/www.juliovernenautica.com\\\/pt#\\\/schema\\\/logo\\\/image\\\/\"},\"sameAs\":[\"https:\\\/\\\/www.facebook.com\\\/juliovernenautica\\\/\",\"https:\\\/\\\/www.instagram.com\\\/julio_verne_nautica\\\/\"]}]}<\/script>\n<!-- \/ Yoast SEO Premium plugin. -->","yoast_head_json":{"title":"Aprenda a navegar connosco | Julio Verne N\u00e1utica","description":"A escola Julio Verne N\u00e1utica coloca \u00e0 sua disposi\u00e7\u00e3o o melhor cen\u00e1rio de forma\u00e7\u00e3o da Pen\u00ednsula Ib\u00e9rica: as R\u00edas Baixas. Informe-se aqui.","robots":{"index":"noindex","follow":"follow"},"og_locale":"pt_PT","og_type":"article","og_title":"A Nossa Equipa","og_description":"A escola Julio Verne N\u00e1utica coloca \u00e0 sua disposi\u00e7\u00e3o o melhor cen\u00e1rio de forma\u00e7\u00e3o da Pen\u00ednsula Ib\u00e9rica: as R\u00edas Baixas. Informe-se aqui.","og_url":"https:\/\/www.juliovernenautica.com\/pt\/a-nossa-equipa","og_site_name":"Julio Verne N\u00e1utica","article_publisher":"https:\/\/www.facebook.com\/juliovernenautica\/","article_modified_time":"2026-02-23T18:26:43+00:00","twitter_card":"summary_large_image","schema":{"@context":"https:\/\/schema.org","@graph":[{"@type":"WebPage","@id":"https:\/\/www.juliovernenautica.com\/pt\/a-nossa-equipa","url":"https:\/\/www.juliovernenautica.com\/pt\/a-nossa-equipa","name":"Aprenda a navegar connosco | Julio Verne N\u00e1utica","isPartOf":{"@id":"https:\/\/www.juliovernenautica.com\/pt#website"},"datePublished":"2020-05-30T17:56:07+00:00","dateModified":"2026-02-23T18:26:43+00:00","description":"A escola Julio Verne N\u00e1utica coloca \u00e0 sua disposi\u00e7\u00e3o o melhor cen\u00e1rio de forma\u00e7\u00e3o da Pen\u00ednsula Ib\u00e9rica: as R\u00edas Baixas. Informe-se aqui.","breadcrumb":{"@id":"https:\/\/www.juliovernenautica.com\/pt\/a-nossa-equipa#breadcrumb"},"inLanguage":"pt-PT","potentialAction":[{"@type":"ReadAction","target":["https:\/\/www.juliovernenautica.com\/pt\/a-nossa-equipa"]}]},{"@type":"BreadcrumbList","@id":"https:\/\/www.juliovernenautica.com\/pt\/a-nossa-equipa#breadcrumb","itemListElement":[{"@type":"ListItem","position":1,"name":"Home","item":"https:\/\/www.juliovernenautica.com\/pt\/julio-verne-nautica-inicio"},{"@type":"ListItem","position":2,"name":"A Nossa Equipa"}]},{"@type":"WebSite","@id":"https:\/\/www.juliovernenautica.com\/pt#website","url":"https:\/\/www.juliovernenautica.com\/pt","name":"Julio Verne N\u00e1utica","description":"Formaci\u00f3n y charter n\u00e1utico en Galicia","publisher":{"@id":"https:\/\/www.juliovernenautica.com\/pt#organization"},"potentialAction":[{"@type":"SearchAction","target":{"@type":"EntryPoint","urlTemplate":"https:\/\/www.juliovernenautica.com\/pt?s={search_term_string}"},"query-input":{"@type":"PropertyValueSpecification","valueRequired":true,"valueName":"search_term_string"}}],"inLanguage":"pt-PT"},{"@type":"Organization","@id":"https:\/\/www.juliovernenautica.com\/pt#organization","name":"Julio Verne N\u00e1utica","url":"https:\/\/www.juliovernenautica.com\/pt","logo":{"@type":"ImageObject","inLanguage":"pt-PT","@id":"https:\/\/www.juliovernenautica.com\/pt#\/schema\/logo\/image\/","url":"https:\/\/www.juliovernenautica.com\/wp-content\/uploads\/2019\/12\/jv-nautica-icono-positivo-01.png","contentUrl":"https:\/\/www.juliovernenautica.com\/wp-content\/uploads\/2019\/12\/jv-nautica-icono-positivo-01.png","width":86,"height":86,"caption":"Julio Verne N\u00e1utica"},"image":{"@id":"https:\/\/www.juliovernenautica.com\/pt#\/schema\/logo\/image\/"},"sameAs":["https:\/\/www.facebook.com\/juliovernenautica\/","https:\/\/www.instagram.com\/julio_verne_nautica\/"]}]}},"_links":{"self":[{"href":"https:\/\/www.juliovernenautica.com\/pt\/wp-json\/wp\/v2\/pages\/20542","targetHints":{"allow":["GET"]}}],"collection":[{"href":"https:\/\/www.juliovernenautica.com\/pt\/wp-json\/wp\/v2\/pages"}],"about":[{"href":"https:\/\/www.juliovernenautica.com\/pt\/wp-json\/wp\/v2\/types\/page"}],"author":[{"embeddable":true,"href":"https:\/\/www.juliovernenautica.com\/pt\/wp-json\/wp\/v2\/users\/2"}],"replies":[{"embeddable":true,"href":"https:\/\/www.juliovernenautica.com\/pt\/wp-json\/wp\/v2\/comments?post=20542"}],"version-history":[{"count":0,"href":"https:\/\/www.juliovernenautica.com\/pt\/wp-json\/wp\/v2\/pages\/20542\/revisions"}],"wp:attachment":[{"href":"https:\/\/www.juliovernenautica.com\/pt\/wp-json\/wp\/v2\/media?parent=20542"}],"curies":[{"name":"wp","href":"https:\/\/api.w.org\/{rel}","templated":true}]}}