{"id":20455,"date":"2023-05-05T12:39:40","date_gmt":"2023-05-05T10:39:40","guid":{"rendered":"https:\/\/www.juliovernenautica.com\/politica-de-qualidade"},"modified":"2026-02-23T19:23:41","modified_gmt":"2026-02-23T18:23:41","slug":"politica-de-qualidade","status":"publish","type":"page","link":"https:\/\/www.juliovernenautica.com\/pt\/politica-de-qualidade","title":{"rendered":"Pol\u00edtica de Qualidade"},"content":{"rendered":"\t\t<div data-elementor-type=\"wp-page\" data-elementor-id=\"20455\" class=\"elementor elementor-20455 elementor-8655\" data-elementor-post-type=\"page\">\n\t\t\t\t\t\t<section class=\"elementor-section elementor-top-section elementor-element elementor-element-8a31253 elementor-section-boxed elementor-section-height-default elementor-section-height-default\" data-id=\"8a31253\" data-element_type=\"section\" data-e-type=\"section\">\n\t\t\t\t\t\t<div class=\"elementor-container elementor-column-gap-default\">\n\t\t\t\t\t<div class=\"elementor-column elementor-col-100 elementor-top-column elementor-element elementor-element-2e15fcc\" data-id=\"2e15fcc\" data-element_type=\"column\" data-e-type=\"column\">\n\t\t\t<div class=\"elementor-widget-wrap elementor-element-populated\">\n\t\t\t\t\t\t<div class=\"elementor-element elementor-element-f8cda6a elementor-widget elementor-widget-spacer\" data-id=\"f8cda6a\" data-element_type=\"widget\" data-e-type=\"widget\" data-widget_type=\"spacer.default\">\n\t\t\t\t<div class=\"elementor-widget-container\">\n\t\t\t\t\t\t\t<div class=\"elementor-spacer\">\n\t\t\t<div class=\"elementor-spacer-inner\"><\/div>\n\t\t<\/div>\n\t\t\t\t\t\t<\/div>\n\t\t\t\t<\/div>\n\t\t\t\t\t<\/div>\n\t\t<\/div>\n\t\t\t\t\t<\/div>\n\t\t<\/section>\n\t\t\t\t<section class=\"elementor-section elementor-top-section elementor-element elementor-element-506a4772 elementor-section-boxed elementor-section-height-default elementor-section-height-default\" data-id=\"506a4772\" data-element_type=\"section\" data-e-type=\"section\">\n\t\t\t\t\t\t<div class=\"elementor-container elementor-column-gap-default\">\n\t\t\t\t\t<div class=\"elementor-column elementor-col-100 elementor-top-column elementor-element elementor-element-1d05a068\" data-id=\"1d05a068\" data-element_type=\"column\" data-e-type=\"column\">\n\t\t\t<div class=\"elementor-widget-wrap elementor-element-populated\">\n\t\t\t\t\t\t<div class=\"elementor-element elementor-element-73db07ae elementor-widget elementor-widget-text-editor\" data-id=\"73db07ae\" data-element_type=\"widget\" data-e-type=\"widget\" data-widget_type=\"text-editor.default\">\n\t\t\t\t<div class=\"elementor-widget-container\">\n\t\t\t\t\t\t\t\t\t<h1 style=\"text-align: center;\">POL\u00cdTICA DE QUALIDADE DA VERUELA 2000 SL<\/h1><p> <\/p><p style=\"text-align: center;\">A Dire\u00e7\u00e3o da VERUELA 2000 aborda a Qualidade como um sistema para produzir economicamente servi\u00e7os que satisfa\u00e7am as necessidades do Cliente. Para conseguir uma implementa\u00e7\u00e3o eficaz, \u00e9 necess\u00e1ria a participa\u00e7\u00e3o de todos os departamentos da empresa e de todos os recursos, tanto t\u00e9cnicos como humanos, da VERUELA 2000. Devido \u00e0 import\u00e2ncia presente e futura, a Dire\u00e7\u00e3o da VERUELA 2000 declara a Qualidade como um objetivo estrat\u00e9gico priorit\u00e1rio para toda a organiza\u00e7\u00e3o:  <\/p><ul><li>A Qualidade e a sua melhoria s\u00e3o responsabilidade de todos os integrantes da empresa, com este fim pretende-se potenciar ao m\u00e1ximo as suas possibilidades atrav\u00e9s de motiva\u00e7\u00e3o, compromisso e tomada de consci\u00eancia do seu papel na organiza\u00e7\u00e3o. <\/li><li> A Qualidade \u00e9 um aspeto chave de competitividade, destacando-se da concorr\u00eancia por prestar servi\u00e7os a pre\u00e7os competitivos e prazos reduzidos com base na efic\u00e1cia dos recursos com que a organiza\u00e7\u00e3o conta.<\/li><li>A Qualidade \u00e9 obtida planeando, executando e revendo o sistema de Gest\u00e3o baseado nos processos, e que os recursos e as tarefas realizadas tenham resultados e benef\u00edcios mais eficazes.<\/li><li>A Qualidade \u00e9 otimizar a gest\u00e3o di\u00e1ria e oferecer aos nossos Clientes a garantia de um trabalho sujeito a controlo, para o qual \u00e9 preciso desenvolver, implementar e manter atualizado um Sistema de Qualidade baseado na edi\u00e7\u00e3o vigente da Norma ISO 9001:2015, como meio para melhorar de forma sistem\u00e1tica a Qualidade de todos os nossos processos. Sistema que permita dispor de informa\u00e7\u00e3o e dados adequados para a sua cont\u00ednua an\u00e1lise e consequente tomada de decis\u00f5es orientada para a maior efic\u00e1cia, com a finalidade \u00faltima de implementar atividades de melhoria<br>cont\u00ednua que resultem na maior efic\u00e1cia da organiza\u00e7\u00e3o. <\/li><\/ul><p style=\"text-align: center;\">A Dire\u00e7\u00e3o da VERUELA 2000 adota os princ\u00edpios anteriormente expostos, promove-os atrav\u00e9s de uma lideran\u00e7a efetiva entre todos os membros da empresa e desenvolve-os nos documentos do seu Sistema de Gest\u00e3o integrada que desde aqui se declaram de cumprimento obrigat\u00f3rio.<\/p>\t\t\t\t\t\t\t\t<\/div>\n\t\t\t\t<\/div>\n\t\t\t\t\t<\/div>\n\t\t<\/div>\n\t\t\t\t\t<\/div>\n\t\t<\/section>\n\t\t\t\t<\/div>\n\t\t","protected":false},"excerpt":{"rendered":"<p>POL\u00cdTICA DE QUALIDADE DA VERUELA 2000 SL A Dire\u00e7\u00e3o da VERUELA 2000 aborda a Qualidade como um sistema para produzir economicamente servi\u00e7os que satisfa\u00e7am as necessidades do Cliente. Para conseguir uma implementa\u00e7\u00e3o eficaz, \u00e9 necess\u00e1ria a participa\u00e7\u00e3o de todos os departamentos da empresa e de todos os recursos, tanto t\u00e9cnicos como humanos, da VERUELA 2000. [&hellip;]<\/p>\n","protected":false},"author":2,"featured_media":0,"parent":0,"menu_order":0,"comment_status":"closed","ping_status":"closed","template":"","meta":{"_acf_changed":false,"_joinchat":[],"footnotes":""},"class_list":["post-20455","page","type-page","status-publish","hentry"],"acf":[],"yoast_head":"<!-- This site is optimized with the Yoast SEO Premium plugin v24.5 (Yoast SEO v27.3) - https:\/\/yoast.com\/product\/yoast-seo-premium-wordpress\/ -->\n<title>Pol\u00edtica de Qualidade | Julio Verne N\u00e1utica<\/title>\n<meta name=\"robots\" content=\"noindex, follow\" \/>\n<meta property=\"og:locale\" content=\"pt_PT\" \/>\n<meta property=\"og:type\" content=\"article\" \/>\n<meta property=\"og:title\" content=\"Pol\u00edtica de Qualidade\" \/>\n<meta property=\"og:description\" content=\"POL\u00cdTICA DE QUALIDADE DA VERUELA 2000 SL A Dire\u00e7\u00e3o da VERUELA 2000 aborda a Qualidade como um sistema para produzir economicamente servi\u00e7os que satisfa\u00e7am as necessidades do Cliente. Para conseguir uma implementa\u00e7\u00e3o eficaz, \u00e9 necess\u00e1ria a participa\u00e7\u00e3o de todos os departamentos da empresa e de todos os recursos, tanto t\u00e9cnicos como humanos, da VERUELA 2000. [&hellip;]\" \/>\n<meta property=\"og:url\" content=\"https:\/\/www.juliovernenautica.com\/pt\/politica-de-qualidade\" \/>\n<meta property=\"og:site_name\" content=\"Julio Verne N\u00e1utica\" \/>\n<meta property=\"article:publisher\" content=\"https:\/\/www.facebook.com\/juliovernenautica\/\" \/>\n<meta property=\"article:modified_time\" content=\"2026-02-23T18:23:41+00:00\" \/>\n<meta name=\"twitter:card\" content=\"summary_large_image\" \/>\n<script type=\"application\/ld+json\" class=\"yoast-schema-graph\">{\"@context\":\"https:\\\/\\\/schema.org\",\"@graph\":[{\"@type\":\"WebPage\",\"@id\":\"https:\\\/\\\/www.juliovernenautica.com\\\/pt\\\/politica-de-qualidade\",\"url\":\"https:\\\/\\\/www.juliovernenautica.com\\\/pt\\\/politica-de-qualidade\",\"name\":\"Pol\u00edtica de Qualidade | Julio Verne N\u00e1utica\",\"isPartOf\":{\"@id\":\"https:\\\/\\\/www.juliovernenautica.com\\\/pt#website\"},\"datePublished\":\"2023-05-05T10:39:40+00:00\",\"dateModified\":\"2026-02-23T18:23:41+00:00\",\"breadcrumb\":{\"@id\":\"https:\\\/\\\/www.juliovernenautica.com\\\/pt\\\/politica-de-qualidade#breadcrumb\"},\"inLanguage\":\"pt-PT\",\"potentialAction\":[{\"@type\":\"ReadAction\",\"target\":[\"https:\\\/\\\/www.juliovernenautica.com\\\/pt\\\/politica-de-qualidade\"]}]},{\"@type\":\"BreadcrumbList\",\"@id\":\"https:\\\/\\\/www.juliovernenautica.com\\\/pt\\\/politica-de-qualidade#breadcrumb\",\"itemListElement\":[{\"@type\":\"ListItem\",\"position\":1,\"name\":\"Home\",\"item\":\"https:\\\/\\\/www.juliovernenautica.com\\\/pt\\\/julio-verne-nautica-inicio\"},{\"@type\":\"ListItem\",\"position\":2,\"name\":\"Pol\u00edtica de Qualidade\"}]},{\"@type\":\"WebSite\",\"@id\":\"https:\\\/\\\/www.juliovernenautica.com\\\/pt#website\",\"url\":\"https:\\\/\\\/www.juliovernenautica.com\\\/pt\",\"name\":\"Julio Verne N\u00e1utica\",\"description\":\"Formaci\u00f3n y charter n\u00e1utico en Galicia\",\"publisher\":{\"@id\":\"https:\\\/\\\/www.juliovernenautica.com\\\/pt#organization\"},\"potentialAction\":[{\"@type\":\"SearchAction\",\"target\":{\"@type\":\"EntryPoint\",\"urlTemplate\":\"https:\\\/\\\/www.juliovernenautica.com\\\/pt?s={search_term_string}\"},\"query-input\":{\"@type\":\"PropertyValueSpecification\",\"valueRequired\":true,\"valueName\":\"search_term_string\"}}],\"inLanguage\":\"pt-PT\"},{\"@type\":\"Organization\",\"@id\":\"https:\\\/\\\/www.juliovernenautica.com\\\/pt#organization\",\"name\":\"Julio Verne N\u00e1utica\",\"url\":\"https:\\\/\\\/www.juliovernenautica.com\\\/pt\",\"logo\":{\"@type\":\"ImageObject\",\"inLanguage\":\"pt-PT\",\"@id\":\"https:\\\/\\\/www.juliovernenautica.com\\\/pt#\\\/schema\\\/logo\\\/image\\\/\",\"url\":\"https:\\\/\\\/www.juliovernenautica.com\\\/wp-content\\\/uploads\\\/2019\\\/12\\\/jv-nautica-icono-positivo-01.png\",\"contentUrl\":\"https:\\\/\\\/www.juliovernenautica.com\\\/wp-content\\\/uploads\\\/2019\\\/12\\\/jv-nautica-icono-positivo-01.png\",\"width\":86,\"height\":86,\"caption\":\"Julio Verne N\u00e1utica\"},\"image\":{\"@id\":\"https:\\\/\\\/www.juliovernenautica.com\\\/pt#\\\/schema\\\/logo\\\/image\\\/\"},\"sameAs\":[\"https:\\\/\\\/www.facebook.com\\\/juliovernenautica\\\/\",\"https:\\\/\\\/www.instagram.com\\\/julio_verne_nautica\\\/\"]}]}<\/script>\n<!-- \/ Yoast SEO Premium plugin. -->","yoast_head_json":{"title":"Pol\u00edtica de Qualidade | Julio Verne N\u00e1utica","robots":{"index":"noindex","follow":"follow"},"og_locale":"pt_PT","og_type":"article","og_title":"Pol\u00edtica de Qualidade","og_description":"POL\u00cdTICA DE QUALIDADE DA VERUELA 2000 SL A Dire\u00e7\u00e3o da VERUELA 2000 aborda a Qualidade como um sistema para produzir economicamente servi\u00e7os que satisfa\u00e7am as necessidades do Cliente. Para conseguir uma implementa\u00e7\u00e3o eficaz, \u00e9 necess\u00e1ria a participa\u00e7\u00e3o de todos os departamentos da empresa e de todos os recursos, tanto t\u00e9cnicos como humanos, da VERUELA 2000. [&hellip;]","og_url":"https:\/\/www.juliovernenautica.com\/pt\/politica-de-qualidade","og_site_name":"Julio Verne N\u00e1utica","article_publisher":"https:\/\/www.facebook.com\/juliovernenautica\/","article_modified_time":"2026-02-23T18:23:41+00:00","twitter_card":"summary_large_image","schema":{"@context":"https:\/\/schema.org","@graph":[{"@type":"WebPage","@id":"https:\/\/www.juliovernenautica.com\/pt\/politica-de-qualidade","url":"https:\/\/www.juliovernenautica.com\/pt\/politica-de-qualidade","name":"Pol\u00edtica de Qualidade | Julio Verne N\u00e1utica","isPartOf":{"@id":"https:\/\/www.juliovernenautica.com\/pt#website"},"datePublished":"2023-05-05T10:39:40+00:00","dateModified":"2026-02-23T18:23:41+00:00","breadcrumb":{"@id":"https:\/\/www.juliovernenautica.com\/pt\/politica-de-qualidade#breadcrumb"},"inLanguage":"pt-PT","potentialAction":[{"@type":"ReadAction","target":["https:\/\/www.juliovernenautica.com\/pt\/politica-de-qualidade"]}]},{"@type":"BreadcrumbList","@id":"https:\/\/www.juliovernenautica.com\/pt\/politica-de-qualidade#breadcrumb","itemListElement":[{"@type":"ListItem","position":1,"name":"Home","item":"https:\/\/www.juliovernenautica.com\/pt\/julio-verne-nautica-inicio"},{"@type":"ListItem","position":2,"name":"Pol\u00edtica de Qualidade"}]},{"@type":"WebSite","@id":"https:\/\/www.juliovernenautica.com\/pt#website","url":"https:\/\/www.juliovernenautica.com\/pt","name":"Julio Verne N\u00e1utica","description":"Formaci\u00f3n y charter n\u00e1utico en Galicia","publisher":{"@id":"https:\/\/www.juliovernenautica.com\/pt#organization"},"potentialAction":[{"@type":"SearchAction","target":{"@type":"EntryPoint","urlTemplate":"https:\/\/www.juliovernenautica.com\/pt?s={search_term_string}"},"query-input":{"@type":"PropertyValueSpecification","valueRequired":true,"valueName":"search_term_string"}}],"inLanguage":"pt-PT"},{"@type":"Organization","@id":"https:\/\/www.juliovernenautica.com\/pt#organization","name":"Julio Verne N\u00e1utica","url":"https:\/\/www.juliovernenautica.com\/pt","logo":{"@type":"ImageObject","inLanguage":"pt-PT","@id":"https:\/\/www.juliovernenautica.com\/pt#\/schema\/logo\/image\/","url":"https:\/\/www.juliovernenautica.com\/wp-content\/uploads\/2019\/12\/jv-nautica-icono-positivo-01.png","contentUrl":"https:\/\/www.juliovernenautica.com\/wp-content\/uploads\/2019\/12\/jv-nautica-icono-positivo-01.png","width":86,"height":86,"caption":"Julio Verne N\u00e1utica"},"image":{"@id":"https:\/\/www.juliovernenautica.com\/pt#\/schema\/logo\/image\/"},"sameAs":["https:\/\/www.facebook.com\/juliovernenautica\/","https:\/\/www.instagram.com\/julio_verne_nautica\/"]}]}},"_links":{"self":[{"href":"https:\/\/www.juliovernenautica.com\/pt\/wp-json\/wp\/v2\/pages\/20455","targetHints":{"allow":["GET"]}}],"collection":[{"href":"https:\/\/www.juliovernenautica.com\/pt\/wp-json\/wp\/v2\/pages"}],"about":[{"href":"https:\/\/www.juliovernenautica.com\/pt\/wp-json\/wp\/v2\/types\/page"}],"author":[{"embeddable":true,"href":"https:\/\/www.juliovernenautica.com\/pt\/wp-json\/wp\/v2\/users\/2"}],"replies":[{"embeddable":true,"href":"https:\/\/www.juliovernenautica.com\/pt\/wp-json\/wp\/v2\/comments?post=20455"}],"version-history":[{"count":0,"href":"https:\/\/www.juliovernenautica.com\/pt\/wp-json\/wp\/v2\/pages\/20455\/revisions"}],"wp:attachment":[{"href":"https:\/\/www.juliovernenautica.com\/pt\/wp-json\/wp\/v2\/media?parent=20455"}],"curies":[{"name":"wp","href":"https:\/\/api.w.org\/{rel}","templated":true}]}}