{"id":20216,"date":"2020-05-31T11:53:20","date_gmt":"2020-05-31T09:53:20","guid":{"rendered":"https:\/\/www.juliovernenautica.com\/politica-de-privacidade"},"modified":"2020-05-31T11:53:20","modified_gmt":"2020-05-31T09:53:20","slug":"politica-de-privacidade","status":"publish","type":"page","link":"https:\/\/www.juliovernenautica.com\/pt\/politica-de-privacidade","title":{"rendered":"Pol\u00edtica de Privacidade"},"content":{"rendered":"<h1>Propriedade do s\u00edtio Web<\/h1>\n<p>Empresa: Veruela 2000, S.L.<br \/>\nCIF: B27760628<br \/>\nMorada: Calle del Reloj 5, oficina 3.<br \/>\n36300 Baiona.<br \/>\nPontevedra, Galiza, Espanha.<br \/>\n<strong>Contacto:<\/strong><br \/>\nTelefone: +34 683 499 448<br \/>\nE-mail: office@juliovernenautica.com<\/p>\n<h4>1. DADOS IDENTIFICATIVOS<\/h4>\n<p>A VERUELA 2000 SL, doravante JULIO VERNE N\u00c1UTICA, \u00e9 titular do dom\u00ednio web <a href=\"https:\/\/www.juliovernenautica.com\/pt\">www.juliovernenautica.com<\/a> com domic\u00edlio para estes efeitos na R\u00faa do Reloxo 5 ofic 6 36300 BAIONA, n\u00famero de C.I.F.: B27760628, e correio eletr\u00f3nico de contacto   <a href=\"mailto:office@juliovernenautica.com\">office@juliovernenautica.com<\/a><\/p>\n<h4>2. PROTE\u00c7\u00c3O DE DADOS<\/h4>\n<p>A JULIO VERNE N\u00c1UTICA, em cumprimento da <u>Ley Org\u00e1nica 3\/2018, de 5 de diciembre, de Protecci\u00f3n de Datos Personales y garant\u00eda de los derechos digitales<\/u>, e do <u>RGPD<\/u>, vela por garantir uma correta utiliza\u00e7\u00e3o e tratamento dos dados pessoais de quem navega neste s\u00edtio Web.<\/p>\n<p>Para o efeito, junto a cada formul\u00e1rio de recolha de dados de car\u00e1cter pessoal, nos servi\u00e7os que cada utilizador possa solicitar \u00e0 JULIO VERNE N\u00c1UTICA, informar\u00e1 essa pessoa da exist\u00eancia e aceita\u00e7\u00e3o das condi\u00e7\u00f5es particulares do tratamento dos seus dados em cada caso, informando-a da responsabilidade do ficheiro criado, da morada do respons\u00e1vel, da possibilidade de exercer os seus direitos, da finalidade do tratamento e das comunica\u00e7\u00f5es de dados a terceiros, se for caso disso.<\/p>\n<h4>3. ENDERE\u00c7OS IP<\/h4>\n<p>Os servidores do s\u00edtio Web poder\u00e3o detetar de forma autom\u00e1tica o endere\u00e7o IP e o nome de dom\u00ednio utilizados pelo utilizador.<\/p>\n<p>Um endere\u00e7o IP \u00e9 um n\u00famero atribu\u00eddo automaticamente a um computador quando este se liga \u00e0 Internet. Toda esta informa\u00e7\u00e3o \u00e9 registada num ficheiro de atividade do servidor devidamente inscrito que permite o processamento posterior dos dados com o fim de obter medi\u00e7\u00f5es unicamente estat\u00edsticas que permitam conhecer o n\u00famero de impress\u00f5es de p\u00e1ginas, o n\u00famero de visitas realizadas aos servi\u00e7os web, a ordem das visitas, o ponto de acesso, etc. <\/p>\n<h4>4. SEGURAN\u00c7A<\/h4>\n<p>O s\u00edtio Web utiliza t\u00e9cnicas de seguran\u00e7a da informa\u00e7\u00e3o geralmente aceites na ind\u00fastria, tais como firewalls, procedimentos de controlo de acesso e mecanismos criptogr\u00e1ficos, tudo isto com o objetivo de evitar um acesso n\u00e3o autorizado aos dados.<\/p>\n<p>Para alcan\u00e7ar estes fins, o utilizador \/ cliente <strong>aceita expressamente<\/strong> que o prestador obtenha dados para efeitos da correspondente autentica\u00e7\u00e3o dos controlos de acesso.<\/p>\n<p>Todo o processo de contrata\u00e7\u00e3o ou que envolva a introdu\u00e7\u00e3o de dados pessoais de categoria especial, como dados de sa\u00fade, ideologia, etc., ser\u00e1 sempre transmitido atrav\u00e9s de protocolo de comunica\u00e7\u00e3o segura <strong>(https:\/\/,&#8230;)<\/strong>, de tal forma que nenhum terceiro tenha acesso \u00e0 informa\u00e7\u00e3o transmitida por via eletr\u00f3nica.<\/p>\n<h4>5. MENORES DE IDADE<\/h4>\n<p>Uma pessoa MENOR de 14 anos n\u00e3o dever\u00e1 ceder os seus dados pessoais \u00e0 JULIO VERNE N\u00c1UTICA, sem o consentimento pr\u00e9vio do seu pai, m\u00e3e ou tutor legal.<\/p>\n<p>Com a publica\u00e7\u00e3o do RGPD, prev\u00ea-se a determina\u00e7\u00e3o da idade para consentir a ced\u00eancia de dados pessoais entre os 16 e os 13 anos; em Espanha, desde a entrada em vigor da LOPD-GDD, esta idade \u00e9 fixada nos 14 anos.<\/p>\n<p>Caso a JULIO VERNE N\u00c1UTICA detete utilizadores no s\u00edtio Web que possam ser <strong>menores de 14 anos de idade<\/strong>, reserva-se o direito de solicitar uma c\u00f3pia do seu documento de identifica\u00e7\u00e3o ou, se for caso disso, a autoriza\u00e7\u00e3o do seu pai, m\u00e3e ou tutor legal, procedendo \u00e0 sua exclus\u00e3o em caso de n\u00e3o comprova\u00e7\u00e3o do cumprimento deste requisito ou falta de resposta.<\/p>\n<h4>6. EXERC\u00cdCIO DE DIREITOS<\/h4>\n<p>A qualquer momento, o utilizador do s\u00edtio Web poder\u00e1 modificar as suas prefer\u00eancias de envios comerciais, bem como exercer os seus direitos previstos na normativa, mediante uma comunica\u00e7\u00e3o escrita dirigida \u00e0 JULIO VERNE N\u00c1UTICA, para a morada postal R\u00faa do Reloxo 5 ofic 6 36300 BAIONA, ou via e-mail dirigido a  <a href=\"mailto:office@juliovernenautica.com\">office@juliovernenautica.com<\/a><\/p>\n<p>Em ambos os casos, o utilizador do s\u00edtio Web dever\u00e1 anexar uma c\u00f3pia do seu documento de identifica\u00e7\u00e3o, passaporte ou similar.<\/p>\n<ul>\n<li>ACESSO: Obter confirma\u00e7\u00e3o sobre se os seus dados est\u00e3o a ser tratados.<\/li>\n<li>APAGAMENTO: Obter o apagamento dos seus dados.<\/li>\n<li>RETIFICA\u00c7\u00c3O: Modificar os dados inexatos, errados ou incompletos.<\/li>\n<li>PORTABILIDADE: Receber da JULIO VERNE N\u00c1UTICA os dados pessoais que lhe digam respeito e transmiti-los a outro respons\u00e1vel pelo tratamento.<\/li>\n<li>OPOSI\u00c7\u00c3O: Opor-se a que os dados pessoais que lhe digam respeito sejam objeto de um tratamento baseado no cumprimento de finalidades de interesse p\u00fablico, ou de interesse leg\u00edtimo para o respons\u00e1vel pelo tratamento.<\/li>\n<li>LIMITA\u00c7\u00c3O DO TRATAMENTO: Obter do respons\u00e1vel pelo tratamento a limita\u00e7\u00e3o do tratamento dos dados.<\/li>\n<\/ul>\n<p>Tamb\u00e9m pode utilizar os modelos e formul\u00e1rios que o portal da AEPD coloca \u00e0 sua disposi\u00e7\u00e3o para o exerc\u00edcio destes direitos.<\/p>\n<p>E, se n\u00e3o desejar receber comunica\u00e7\u00f5es por correio eletr\u00f3nico, pode exercer <strong>o seu direito de cancelamento e oposi\u00e7\u00e3o<\/strong> solicitando a sua exclus\u00e3o igualmente por correio normal ou eletr\u00f3nico, al\u00e9m de o poder fazer atrav\u00e9s da liga\u00e7\u00e3o que constar\u00e1 em cada correio eletr\u00f3nico que receber da JULIO VERNE N\u00c1UTICA<strong>.<\/strong><\/p>\n<h4>7. ATIVIDADE DE TRATAMENTO E FINALIDADE<\/h4>\n<p>A JULIO VERNE N\u00c1UTICA recolhe a informa\u00e7\u00e3o de cada cliente\/fornecedor\/etc. para a presta\u00e7\u00e3o do nosso servi\u00e7o de venda, fatura\u00e7\u00e3o, envio de informa\u00e7\u00f5es, etc. <\/p>\n<p>Categorias de dados aos quais se tem acesso atrav\u00e9s deste s\u00edtio Web:<\/p>\n<ul>\n<li>Dados identificativos: nome, apelidos, cargo, correio eletr\u00f3nico, n\u00famero de telefone, \u2026<\/li>\n<li>Dados contabil\u00edsticos: n\u00famero de conta, cart\u00e3o banc\u00e1rio, \u2026.<\/li>\n<\/ul>\n<p>Ced\u00eancias de dados do respons\u00e1vel pelo tratamento:<\/p>\n<p>A JULIO VERNE N\u00c1UTICA informa os utilizadores do s\u00edtio Web de que os seus dados pessoais <strong>n\u00e3o ser\u00e3o cedidos a terceiras pessoas ou organiza\u00e7\u00f5es<\/strong>, exceto quando a ced\u00eancia de dados esteja amparada por uma obriga\u00e7\u00e3o legal ou quando a presta\u00e7\u00e3o do servi\u00e7o implique a necessidade de uma rela\u00e7\u00e3o contratual com prestadores de servi\u00e7os encarregados do tratamento. Neste \u00faltimo caso, a ced\u00eancia de dados ao terceiro s\u00f3 ser\u00e1 realizada quando a JULIO VERNE N\u00c1UTICA dispuser do <strong>consentimento expresso do utilizador<\/strong> e mantiver uma rela\u00e7\u00e3o contratual com o encarregado do tratamento que garanta a sua confidencialidade e cumprimento. <\/p>\n<p>A JULIO VERNE N\u00c1UTICA <strong>pro\u00edbe expressamente<\/strong> o utilizador do s\u00edtio Web de <strong>partilhar, facultar ou ceder<\/strong> dados de terceiros que possa obter do contacto, intera\u00e7\u00e3o ou realiza\u00e7\u00e3o de navega\u00e7\u00e3o ou consulta atrav\u00e9s deste s\u00edtio Web, exceto se puder comprovar a autoriza\u00e7\u00e3o expressa do utilizador cujos dados pretende ceder.<\/p>\n<p>Recordamos a cada pessoa que utilize este s\u00edtio Web que DADOS PESSOAIS tamb\u00e9m englobam ficheiros de imagem de pessoas. A imagem pessoal \u00e9 um dado protegido pela normativa (Artigo 5.1 do Regulamento de desenvolvimento da LOPD). Portanto, ningu\u00e9m poder\u00e1 utiliz\u00e1-la <strong>sem o consentimento expresso<\/strong> da pessoa que nela aparece.  <\/p>\n<h4>8. LEGISLA\u00c7\u00c3O APLIC\u00c1VEL<\/h4>\n<p>A <strong>pol\u00edtica de privacidade<\/strong> da JULIO VERNE N\u00c1UTICA rege-se pelas seguintes normas: <\/p>\n<ul>\n<li>O <a href=\"https:\/\/www.boe.es\/doue\/2016\/119\/L00001-00088.pdf\"  rel=\"nofollow noopener\">Regulamento (UE) 2016\/679 do Parlamento Europeu e do Conselho, de 27 de abril de 2016, relativo \u00e0 prote\u00e7\u00e3o das pessoas singulares no que diz respeito ao tratamento de dados pessoais e \u00e0 livre circula\u00e7\u00e3o desses dados<\/a>;<\/li>\n<li>A <a href=\"https:\/\/www.boe.es\/buscar\/act.php?id=BOE-A-2002-13758\">Ley 34\/2002, de 11 de julio, de Servicios de la Sociedad de la Informaci\u00f3n y de Comercio Electr\u00f3nico (LSSI-CE)<\/a>.<\/li>\n<li>A <a href=\"https:\/\/www.boe.es\/buscar\/doc.php?id=BOE-A-2018-16673\">Ley Org\u00e1nica 3\/2018, de 5 de diciembre, de Protecci\u00f3n de Datos Personales y garant\u00eda de los derechos digitales<\/a>.<\/li>\n<\/ul>\n","protected":false},"excerpt":{"rendered":"<p>Propriedade do s\u00edtio Web Empresa: Veruela 2000, S.L. CIF: B27760628 Morada: Calle del Reloj 5, oficina 3. 36300 Baiona. Pontevedra, Galiza, Espanha. Contacto: Telefone: +34 683 499 448 E-mail: office@juliovernenautica.com 1. DADOS IDENTIFICATIVOS A VERUELA 2000 SL, doravante JULIO VERNE N\u00c1UTICA, \u00e9 titular do dom\u00ednio web www.juliovernenautica.com com domic\u00edlio para estes efeitos na R\u00faa do [&hellip;]<\/p>\n","protected":false},"author":2,"featured_media":0,"parent":0,"menu_order":0,"comment_status":"closed","ping_status":"closed","template":"","meta":{"_acf_changed":false,"_joinchat":[],"footnotes":""},"class_list":["post-20216","page","type-page","status-publish","hentry"],"acf":[],"yoast_head":"<!-- This site is optimized with the Yoast SEO Premium plugin v24.5 (Yoast SEO v27.3) - https:\/\/yoast.com\/product\/yoast-seo-premium-wordpress\/ -->\n<title>Pol\u00edtica de Privacidade | Julio Verne N\u00e1utica<\/title>\n<meta name=\"robots\" content=\"noindex, follow\" \/>\n<meta property=\"og:locale\" content=\"pt_PT\" \/>\n<meta property=\"og:type\" content=\"article\" \/>\n<meta property=\"og:title\" content=\"Pol\u00edtica de Privacidade\" \/>\n<meta property=\"og:description\" content=\"Propriedade do s\u00edtio Web Empresa: Veruela 2000, S.L. CIF: B27760628 Morada: Calle del Reloj 5, oficina 3. 36300 Baiona. Pontevedra, Galiza, Espanha. Contacto: Telefone: +34 683 499 448 E-mail: office@juliovernenautica.com 1. DADOS IDENTIFICATIVOS A VERUELA 2000 SL, doravante JULIO VERNE N\u00c1UTICA, \u00e9 titular do dom\u00ednio web www.juliovernenautica.com com domic\u00edlio para estes efeitos na R\u00faa do [&hellip;]\" \/>\n<meta property=\"og:url\" content=\"https:\/\/www.juliovernenautica.com\/pt\/politica-de-privacidade\" \/>\n<meta property=\"og:site_name\" content=\"Julio Verne N\u00e1utica\" \/>\n<meta property=\"article:publisher\" content=\"https:\/\/www.facebook.com\/juliovernenautica\/\" \/>\n<meta name=\"twitter:card\" content=\"summary_large_image\" \/>\n<script type=\"application\/ld+json\" class=\"yoast-schema-graph\">{\"@context\":\"https:\\\/\\\/schema.org\",\"@graph\":[{\"@type\":\"WebPage\",\"@id\":\"https:\\\/\\\/www.juliovernenautica.com\\\/pt\\\/politica-de-privacidade\",\"url\":\"https:\\\/\\\/www.juliovernenautica.com\\\/pt\\\/politica-de-privacidade\",\"name\":\"Pol\u00edtica de Privacidade | Julio Verne N\u00e1utica\",\"isPartOf\":{\"@id\":\"https:\\\/\\\/www.juliovernenautica.com\\\/pt#website\"},\"datePublished\":\"2020-05-31T09:53:20+00:00\",\"breadcrumb\":{\"@id\":\"https:\\\/\\\/www.juliovernenautica.com\\\/pt\\\/politica-de-privacidade#breadcrumb\"},\"inLanguage\":\"pt-PT\",\"potentialAction\":[{\"@type\":\"ReadAction\",\"target\":[\"https:\\\/\\\/www.juliovernenautica.com\\\/pt\\\/politica-de-privacidade\"]}]},{\"@type\":\"BreadcrumbList\",\"@id\":\"https:\\\/\\\/www.juliovernenautica.com\\\/pt\\\/politica-de-privacidade#breadcrumb\",\"itemListElement\":[{\"@type\":\"ListItem\",\"position\":1,\"name\":\"Home\",\"item\":\"https:\\\/\\\/www.juliovernenautica.com\\\/pt\\\/julio-verne-nautica-inicio\"},{\"@type\":\"ListItem\",\"position\":2,\"name\":\"Pol\u00edtica de Privacidade\"}]},{\"@type\":\"WebSite\",\"@id\":\"https:\\\/\\\/www.juliovernenautica.com\\\/pt#website\",\"url\":\"https:\\\/\\\/www.juliovernenautica.com\\\/pt\",\"name\":\"Julio Verne N\u00e1utica\",\"description\":\"Formaci\u00f3n y charter n\u00e1utico en Galicia\",\"publisher\":{\"@id\":\"https:\\\/\\\/www.juliovernenautica.com\\\/pt#organization\"},\"potentialAction\":[{\"@type\":\"SearchAction\",\"target\":{\"@type\":\"EntryPoint\",\"urlTemplate\":\"https:\\\/\\\/www.juliovernenautica.com\\\/pt?s={search_term_string}\"},\"query-input\":{\"@type\":\"PropertyValueSpecification\",\"valueRequired\":true,\"valueName\":\"search_term_string\"}}],\"inLanguage\":\"pt-PT\"},{\"@type\":\"Organization\",\"@id\":\"https:\\\/\\\/www.juliovernenautica.com\\\/pt#organization\",\"name\":\"Julio Verne N\u00e1utica\",\"url\":\"https:\\\/\\\/www.juliovernenautica.com\\\/pt\",\"logo\":{\"@type\":\"ImageObject\",\"inLanguage\":\"pt-PT\",\"@id\":\"https:\\\/\\\/www.juliovernenautica.com\\\/pt#\\\/schema\\\/logo\\\/image\\\/\",\"url\":\"https:\\\/\\\/www.juliovernenautica.com\\\/wp-content\\\/uploads\\\/2019\\\/12\\\/jv-nautica-icono-positivo-01.png\",\"contentUrl\":\"https:\\\/\\\/www.juliovernenautica.com\\\/wp-content\\\/uploads\\\/2019\\\/12\\\/jv-nautica-icono-positivo-01.png\",\"width\":86,\"height\":86,\"caption\":\"Julio Verne N\u00e1utica\"},\"image\":{\"@id\":\"https:\\\/\\\/www.juliovernenautica.com\\\/pt#\\\/schema\\\/logo\\\/image\\\/\"},\"sameAs\":[\"https:\\\/\\\/www.facebook.com\\\/juliovernenautica\\\/\",\"https:\\\/\\\/www.instagram.com\\\/julio_verne_nautica\\\/\"]}]}<\/script>\n<!-- \/ Yoast SEO Premium plugin. -->","yoast_head_json":{"title":"Pol\u00edtica de Privacidade | Julio Verne N\u00e1utica","robots":{"index":"noindex","follow":"follow"},"og_locale":"pt_PT","og_type":"article","og_title":"Pol\u00edtica de Privacidade","og_description":"Propriedade do s\u00edtio Web Empresa: Veruela 2000, S.L. CIF: B27760628 Morada: Calle del Reloj 5, oficina 3. 36300 Baiona. Pontevedra, Galiza, Espanha. Contacto: Telefone: +34 683 499 448 E-mail: office@juliovernenautica.com 1. DADOS IDENTIFICATIVOS A VERUELA 2000 SL, doravante JULIO VERNE N\u00c1UTICA, \u00e9 titular do dom\u00ednio web www.juliovernenautica.com com domic\u00edlio para estes efeitos na R\u00faa do [&hellip;]","og_url":"https:\/\/www.juliovernenautica.com\/pt\/politica-de-privacidade","og_site_name":"Julio Verne N\u00e1utica","article_publisher":"https:\/\/www.facebook.com\/juliovernenautica\/","twitter_card":"summary_large_image","schema":{"@context":"https:\/\/schema.org","@graph":[{"@type":"WebPage","@id":"https:\/\/www.juliovernenautica.com\/pt\/politica-de-privacidade","url":"https:\/\/www.juliovernenautica.com\/pt\/politica-de-privacidade","name":"Pol\u00edtica de Privacidade | Julio Verne N\u00e1utica","isPartOf":{"@id":"https:\/\/www.juliovernenautica.com\/pt#website"},"datePublished":"2020-05-31T09:53:20+00:00","breadcrumb":{"@id":"https:\/\/www.juliovernenautica.com\/pt\/politica-de-privacidade#breadcrumb"},"inLanguage":"pt-PT","potentialAction":[{"@type":"ReadAction","target":["https:\/\/www.juliovernenautica.com\/pt\/politica-de-privacidade"]}]},{"@type":"BreadcrumbList","@id":"https:\/\/www.juliovernenautica.com\/pt\/politica-de-privacidade#breadcrumb","itemListElement":[{"@type":"ListItem","position":1,"name":"Home","item":"https:\/\/www.juliovernenautica.com\/pt\/julio-verne-nautica-inicio"},{"@type":"ListItem","position":2,"name":"Pol\u00edtica de Privacidade"}]},{"@type":"WebSite","@id":"https:\/\/www.juliovernenautica.com\/pt#website","url":"https:\/\/www.juliovernenautica.com\/pt","name":"Julio Verne N\u00e1utica","description":"Formaci\u00f3n y charter n\u00e1utico en Galicia","publisher":{"@id":"https:\/\/www.juliovernenautica.com\/pt#organization"},"potentialAction":[{"@type":"SearchAction","target":{"@type":"EntryPoint","urlTemplate":"https:\/\/www.juliovernenautica.com\/pt?s={search_term_string}"},"query-input":{"@type":"PropertyValueSpecification","valueRequired":true,"valueName":"search_term_string"}}],"inLanguage":"pt-PT"},{"@type":"Organization","@id":"https:\/\/www.juliovernenautica.com\/pt#organization","name":"Julio Verne N\u00e1utica","url":"https:\/\/www.juliovernenautica.com\/pt","logo":{"@type":"ImageObject","inLanguage":"pt-PT","@id":"https:\/\/www.juliovernenautica.com\/pt#\/schema\/logo\/image\/","url":"https:\/\/www.juliovernenautica.com\/wp-content\/uploads\/2019\/12\/jv-nautica-icono-positivo-01.png","contentUrl":"https:\/\/www.juliovernenautica.com\/wp-content\/uploads\/2019\/12\/jv-nautica-icono-positivo-01.png","width":86,"height":86,"caption":"Julio Verne N\u00e1utica"},"image":{"@id":"https:\/\/www.juliovernenautica.com\/pt#\/schema\/logo\/image\/"},"sameAs":["https:\/\/www.facebook.com\/juliovernenautica\/","https:\/\/www.instagram.com\/julio_verne_nautica\/"]}]}},"_links":{"self":[{"href":"https:\/\/www.juliovernenautica.com\/pt\/wp-json\/wp\/v2\/pages\/20216","targetHints":{"allow":["GET"]}}],"collection":[{"href":"https:\/\/www.juliovernenautica.com\/pt\/wp-json\/wp\/v2\/pages"}],"about":[{"href":"https:\/\/www.juliovernenautica.com\/pt\/wp-json\/wp\/v2\/types\/page"}],"author":[{"embeddable":true,"href":"https:\/\/www.juliovernenautica.com\/pt\/wp-json\/wp\/v2\/users\/2"}],"replies":[{"embeddable":true,"href":"https:\/\/www.juliovernenautica.com\/pt\/wp-json\/wp\/v2\/comments?post=20216"}],"version-history":[{"count":0,"href":"https:\/\/www.juliovernenautica.com\/pt\/wp-json\/wp\/v2\/pages\/20216\/revisions"}],"wp:attachment":[{"href":"https:\/\/www.juliovernenautica.com\/pt\/wp-json\/wp\/v2\/media?parent=20216"}],"curies":[{"name":"wp","href":"https:\/\/api.w.org\/{rel}","templated":true}]}}