{"id":20214,"date":"2020-05-31T11:39:20","date_gmt":"2020-05-31T09:39:20","guid":{"rendered":"https:\/\/www.juliovernenautica.com\/politica-de-cookies"},"modified":"2026-02-23T19:20:11","modified_gmt":"2026-02-23T18:20:11","slug":"politica-de-cookies","status":"publish","type":"page","link":"https:\/\/www.juliovernenautica.com\/pt\/politica-de-cookies","title":{"rendered":"Pol\u00edtica de cookies"},"content":{"rendered":"\t\t<div data-elementor-type=\"wp-page\" data-elementor-id=\"20214\" class=\"elementor elementor-20214 elementor-1615\" data-elementor-post-type=\"page\">\n\t\t\t\t\t\t<section class=\"elementor-section elementor-top-section elementor-element elementor-element-506a4772 elementor-section-boxed elementor-section-height-default elementor-section-height-default\" data-id=\"506a4772\" data-element_type=\"section\" data-e-type=\"section\">\n\t\t\t\t\t\t<div class=\"elementor-container elementor-column-gap-default\">\n\t\t\t\t\t<div class=\"elementor-column elementor-col-100 elementor-top-column elementor-element elementor-element-1d05a068\" data-id=\"1d05a068\" data-element_type=\"column\" data-e-type=\"column\">\n\t\t\t<div class=\"elementor-widget-wrap elementor-element-populated\">\n\t\t\t\t\t\t<div class=\"elementor-element elementor-element-73db07ae elementor-widget elementor-widget-text-editor\" data-id=\"73db07ae\" data-element_type=\"widget\" data-e-type=\"widget\" data-widget_type=\"text-editor.default\">\n\t\t\t\t<div class=\"elementor-widget-container\">\n\t\t\t\t\t\t\t\t\t<h4>O que s\u00e3o as Cookies?<\/h4><p>Um cookie \u00e9 um ficheiro que \u00e9 descarregado no seu computador ao aceder a determinadas p\u00e1ginas Web ou outros servi\u00e7os inform\u00e1ticos. Este s\u00edtio Web utiliza cookies e\/ou tecnologias semelhantes que armazenam e recuperam informa\u00e7\u00f5es quando navega. Em geral, estas tecnologias podem servir para finalidades muito diversas, como, por exemplo, reconhec\u00ea-lo como utilizador, obter informa\u00e7\u00f5es sobre os seus h\u00e1bitos de navega\u00e7\u00e3o, ou personalizar a forma como o conte\u00fado \u00e9 apresentado. O navegador do utilizador memoriza cookies no disco r\u00edgido apenas durante a sess\u00e3o atual, ocupando um espa\u00e7o de mem\u00f3ria m\u00ednimo e n\u00e3o prejudicando o computador. Alguns dos cookies n\u00e3o cont\u00eam qualquer tipo de informa\u00e7\u00e3o pessoal espec\u00edfica, e a maioria deles \u00e9 apagada do disco r\u00edgido ao finalizar a sess\u00e3o do navegador (os denominados cookies de sess\u00e3o).    <\/p><p>A maioria dos navegadores aceita os cookies como padr\u00e3o e, independentemente dos mesmos, permite ou impede, nas defini\u00e7\u00f5es de seguran\u00e7a, os cookies tempor\u00e1rios ou memorizados.<\/p><p>Os usos espec\u00edficos que fazemos destas tecnologias s\u00e3o descritos abaixo.<\/p><h4>Que tipos de cookies utiliza esta p\u00e1gina Web?<\/h4><p>[wcc_category_list]<\/p><ul><li><strong>Cookies t\u00e9cnicas<\/strong>: S\u00e3o aquelas que permitem ao utilizador a navega\u00e7\u00e3o atrav\u00e9s de uma p\u00e1gina Web, plataforma ou aplica\u00e7\u00e3o e a utiliza\u00e7\u00e3o das diferentes op\u00e7\u00f5es ou servi\u00e7os que nela existam como, por exemplo, controlar o tr\u00e1fego e a comunica\u00e7\u00e3o de dados, identificar a sess\u00e3o, aceder a partes de acesso restrito, recordar os elementos que integram um pedido, realizar o processo de compra de um pedido, realizar o pedido de inscri\u00e7\u00e3o ou participa\u00e7\u00e3o num evento, utilizar elementos de seguran\u00e7a durante a navega\u00e7\u00e3o, armazenar conte\u00fados para a difus\u00e3o de v\u00eddeos ou som ou partilhar conte\u00fados atrav\u00e9s de redes sociais.<\/li><li><strong>Cookies de personaliza\u00e7\u00e3o<\/strong>: S\u00e3o aquelas que permitem ao utilizador aceder ao servi\u00e7o com algumas caracter\u00edsticas de car\u00e1ter geral predefinidas em fun\u00e7\u00e3o de uma s\u00e9rie de crit\u00e9rios no terminal do utilizador, como por exemplo, o idioma, o tipo de navegador atrav\u00e9s do qual acede ao servi\u00e7o, a configura\u00e7\u00e3o regional de onde acede ao servi\u00e7o, etc.<\/li><li><strong>Cookies de an\u00e1lise<\/strong>: S\u00e3o aquelas que, bem tratadas por n\u00f3s ou por terceiros, nos permitem quantificar o n\u00famero de utilizadores e assim realizar a medi\u00e7\u00e3o e an\u00e1lise estat\u00edstica da utiliza\u00e7\u00e3o que os utilizadores fazem do servi\u00e7o oferecido. Para isso, a sua navega\u00e7\u00e3o na nossa p\u00e1gina Web \u00e9 analisada com o objetivo de melhorar a oferta de produtos ou servi\u00e7os que lhe oferecemos. <\/li><li><strong>Cookies publicit\u00e1rias<\/strong>: S\u00e3o aquelas que, bem tratadas por n\u00f3s ou por terceiros, nos permitem gerir da forma mais eficaz poss\u00edvel a oferta dos espa\u00e7os publicit\u00e1rios que existem na p\u00e1gina Web, adequando o conte\u00fado do an\u00fancio ao conte\u00fado do servi\u00e7o solicitado ou ao uso que fa\u00e7a da nossa p\u00e1gina Web. Para isso, podemos analisar os seus h\u00e1bitos de navega\u00e7\u00e3o na Internet e podemos mostrar-lhe publicidade relacionada com o seu perfil de navega\u00e7\u00e3o. <\/li><li><strong>Cookies de publicidade comportamental<\/strong>: S\u00e3o aquelas que permitem a gest\u00e3o, da forma mais eficaz poss\u00edvel, dos espa\u00e7os publicit\u00e1rios que, se for o caso, o editor tenha inclu\u00eddo numa p\u00e1gina Web, aplica\u00e7\u00e3o ou plataforma a partir da qual presta o servi\u00e7o solicitado. Estes cookies armazenam informa\u00e7\u00f5es do comportamento dos utilizadores obtidas atrav\u00e9s da observa\u00e7\u00e3o cont\u00ednua dos seus h\u00e1bitos de navega\u00e7\u00e3o, o que permite desenvolver um perfil espec\u00edfico para mostrar publicidade em fun\u00e7\u00e3o do mesmo. <\/li><\/ul><p>As empresas que geram estes cookies em mat\u00e9ria de redes sociais t\u00eam as suas pr\u00f3prias pol\u00edticas de cookies. \u00c0s quais nos remetemos se desejar mais informa\u00e7\u00f5es: <\/p><ul><li>Cookies do Google+ e Google Maps (<a href=\"https:\/\/policies.google.com\/technologies\/cookies?hl=es\">Cookies do Google<\/a>)<\/li><\/ul><h4>Quem gere estes cookies?<\/h4><div class=\"divTable\" style=\"width: 100%; border: 1px solid #000;\"><div class=\"divTableBody\"><div class=\"divTableRow\" style=\"background: #2a4858; color: #fff;\"><div class=\"divTableCell\">Nome do Cookie<\/div><div class=\"divTableCell\">Gest\u00e3o pr\u00f3pria ou de terceiros<\/div><div class=\"divTableCell\">Fornecedor<\/div><div class=\"divTableCell\">Tipo de dados que recolhe<\/div><div class=\"divTableCell\">Finalidade do tratamento<\/div><div class=\"divTableCell\">Ced\u00eancia internacional (pa\u00edses terceiros)<\/div><div class=\"divTableCell\">Dura\u00e7\u00e3o dos Cookies<\/div><\/div><div class=\"divTableRow\"> <\/div><div class=\"divTableCell\">_ga<\/div><div class=\"divTableCell\">de terceiros<\/div><div class=\"divTableCell\">Google Inc.<\/div><div class=\"divTableCell\">O cookie _ga, instalado pelo Google Analytics, calcula os dados dos visitantes, das sess\u00f5es e das campanhas e tamb\u00e9m monitoriza a utiliza\u00e7\u00e3o do s\u00edtio para o respetivo relat\u00f3rio de an\u00e1lise.<\/div><div class=\"divTableCell\">O cookie armazena as informa\u00e7\u00f5es de forma an\u00f3nima e atribui um n\u00famero gerado aleatoriamente para reconhecer os visitantes \u00fanicos.<\/div><div class=\"divTableCell\">SIM<\/div><div class=\"divTableCell\">2 anos<\/div><\/div><div class=\"divTableRow\"><div class=\"divTableCell\">_gat_gtag_UA_172773485_1<\/div><div class=\"divTableCell\">de terceiros<\/div><div class=\"divTableCell\">Google Inc.<\/div><div class=\"divTableCell\">Estabelecido pelo Google para distinguir os utilizadores.<\/div><div class=\"divTableCell\"> <\/div><div class=\"divTableCell\">SIM<\/div><div class=\"divTableCell\">1 minuto<\/div><\/div><div class=\"divTableRow\"><div class=\"divTableCell\">_gid<\/div><div class=\"divTableCell\">de terceiros<\/div><div class=\"divTableCell\">Google Inc.<\/div><div class=\"divTableCell\">Instalado pelo Google Analytics, o cookie _gid armazena informa\u00e7\u00f5es sobre a utiliza\u00e7\u00e3o que os visitantes fazem de um s\u00edtio Web, ao mesmo tempo que cria um relat\u00f3rio anal\u00edtico do desempenho do s\u00edtio.<\/div><div class=\"divTableCell\">Alguns dos dados que s\u00e3o recolhidos s\u00e3o o n\u00famero de visitantes, a sua proveni\u00eancia e as p\u00e1ginas que visitam de forma an\u00f3nima.<\/div><div class=\"divTableCell\">SIM<\/div><div class=\"divTableCell\">1 dia<\/div><\/div><div class=\"divTableRow\"><div class=\"divTableCell\">cookielawinfo-checkbox-advertisement<\/div><div class=\"divTableCell\">pr\u00f3pria<\/div><div class=\"divTableCell\">MOZILOR LIMITED<\/div><div class=\"divTableCell\">Consentimento<\/div><div class=\"divTableCell\">Este cookie \u00e9 utilizado para registar o consentimento do utilizador para os cookies da categoria \u00abPublicidade\u00bb.<\/div><div class=\"divTableCell\">SIM<\/div><div class=\"divTableCell\">1 ano<\/div><\/div><div class=\"divTableRow\"><div class=\"divTableCell\">cookielawinfo-checkbox-analytics<\/div><div class=\"divTableCell\">pr\u00f3pria<\/div><div class=\"divTableCell\">MOZILOR LIMITED<\/div><div class=\"divTableCell\">Consentimento<\/div><div class=\"divTableCell\">Este cookie \u00e9 utilizado para registar o consentimento do utilizador para os cookies da categoria \u00abAnalytics\u00bb.<\/div><div class=\"divTableCell\">SIM<\/div><div class=\"divTableCell\">1 ano<\/div><\/div><div class=\"divTableRow\"><div class=\"divTableCell\">cookielawinfo-checkbox-functional<\/div><div class=\"divTableCell\">pr\u00f3pria<\/div><div class=\"divTableCell\">MOZILOR LIMITED<\/div><div class=\"divTableCell\">Consentimento<\/div><div class=\"divTableCell\">O cookie \u00e9 definido pelo consentimento de cookies GDPR para registar o consentimento do utilizador para os cookies na categoria \u00abFuncional\u00bb.<\/div><div class=\"divTableCell\">SIM<\/div><div class=\"divTableCell\">1 ano<\/div><\/div><div class=\"divTableRow\"><div class=\"divTableCell\">cookielawinfo-checkbox-necessary<\/div><div class=\"divTableCell\">pr\u00f3pria<\/div><div class=\"divTableCell\">MOZILOR LIMITED<\/div><div class=\"divTableCell\">Consentimento<\/div><div class=\"divTableCell\">Este cookie \u00e9 utilizado para registar o consentimento do utilizador para os cookies da categoria \u00abNecess\u00e1ria\u00bb.<\/div><div class=\"divTableCell\">SIM<\/div><div class=\"divTableCell\">1 ano<\/div><\/div><div class=\"divTableRow\"><div class=\"divTableCell\">cookielawinfo-checkbox-non-necessary<\/div><div class=\"divTableCell\">pr\u00f3pria<\/div><div class=\"divTableCell\">MOZILOR LIMITED<\/div><div class=\"divTableCell\">Consentimento<\/div><div class=\"divTableCell\">Este cookie \u00e9 utilizado para registar o consentimento do utilizador para os cookies da categoria \u00abN\u00e3o necess\u00e1ria\u00bb.<\/div><div class=\"divTableCell\">SIM<\/div><div class=\"divTableCell\">1 ano<\/div><\/div><div class=\"divTableRow\"><div class=\"divTableCell\">cookielawinfo-checkbox-others<\/div><div class=\"divTableCell\">pr\u00f3pria<\/div><div class=\"divTableCell\">MOZILOR LIMITED<\/div><div class=\"divTableCell\">Consentimento<\/div><div class=\"divTableCell\">Este cookie \u00e9 utilizado para armazenar o consentimento do utilizador para os cookies da categoria \u00abOutros\u00bb.<\/div><div class=\"divTableCell\">SIM<\/div><div class=\"divTableCell\">1 ano<\/div><\/div><div class=\"divTableRow\"><div class=\"divTableCell\">cookielawinfo-checkbox-performance<\/div><div class=\"divTableCell\">pr\u00f3pria<\/div><div class=\"divTableCell\">MOZILOR LIMITED<\/div><div class=\"divTableCell\">Consentimento<\/div><div class=\"divTableCell\">Este cookie \u00e9 utilizado para armazenar o consentimento do utilizador para os cookies da categoria \u00abDesempenho\u00bb.<\/div><div class=\"divTableCell\">SIM<\/div><div class=\"divTableCell\">1 ano<\/div><\/div><div class=\"divTableRow\"><div class=\"divTableCell\">elementor<\/div><div class=\"divTableCell\">pr\u00f3pria<\/div><div class=\"divTableCell\">Elementor<\/div><div class=\"divTableCell\"> <\/div><div class=\"divTableCell\">Este cookie \u00e9 utilizado pelo tema do WordPress do s\u00edtio Web. Permite ao propriet\u00e1rio do s\u00edtio Web implementar ou alterar o conte\u00fado do s\u00edtio Web em tempo real. <\/div><div class=\"divTableCell\">SIM<\/div><div class=\"divTableCell\">nunca<\/div><\/div><div class=\"divTableRow\"><div class=\"divTableCell\">JSESSIONID<\/div><div class=\"divTableCell\">pr\u00f3pria<\/div><div class=\"divTableCell\">WordPress<\/div><div class=\"divTableCell\"> <\/div><div class=\"divTableCell\">Cookies de sess\u00e3o de plataforma de prop\u00f3sito geral que s\u00e3o utilizadas para manter o estado dos utilizadores atrav\u00e9s dos pedidos de p\u00e1gina.<\/div><div class=\"divTableCell\">SIM<\/div><div class=\"divTableCell\">sess\u00e3o<\/div><\/div><div class=\"divTableRow\"><div class=\"divTableCell\">NID<\/div><div class=\"divTableCell\">de terceiros<\/div><div class=\"divTableCell\">Google Inc.<\/div><div class=\"divTableCell\"> <\/div><div class=\"divTableCell\">O cookie NID, estabelecido pelo Google, \u00e9 utilizado para fins publicit\u00e1rios; para limitar o n\u00famero de vezes que o utilizador v\u00ea um an\u00fancio, para silenciar an\u00fancios indesejados e para medir a efic\u00e1cia dos an\u00fancios.<\/div><div class=\"divTableCell\">SIM<\/div><div class=\"divTableCell\">6 meses<\/div><\/div><\/div><h4>Informa\u00e7\u00e3o sobre a forma de aceitar, recusar ou revogar o consentimento para a utiliza\u00e7\u00e3o de cookies.<\/h4><p>Mediante a aceita\u00e7\u00e3o expressa ou configura\u00e7\u00e3o e posterior aceita\u00e7\u00e3o dos cookies deste S\u00edtio, \u00e9 dado o consentimento para o tratamento da informa\u00e7\u00e3o recolhida na forma e com os fins anteriormente mencionados. Assim, \u00e9 reconhecida a possibilidade de recusar o tratamento de tais dados ou informa\u00e7\u00e3o, recusando a utiliza\u00e7\u00e3o de Cookies mediante a sele\u00e7\u00e3o da configura\u00e7\u00e3o apropriada para esse fim no seu navegador. Embora, esta op\u00e7\u00e3o de bloqueio de Cookies no seu navegador, possa n\u00e3o lhe permitir o uso pleno de todas as funcionalidades do S\u00edtio Web.  <\/p><p>Os menores de 14 anos dever\u00e3o ter o consentimento dos seus pais ou tutores legais.<\/p><p>Pode permitir, bloquear ou eliminar os cookies instalados no seu equipamento atrav\u00e9s da configura\u00e7\u00e3o das op\u00e7\u00f5es do navegador instalado no seu computador:<\/p><ul><li><a href=\"http:\/\/support.google.com\/chrome\/bin\/answer.py?hl=es&amp;answer=95647\">Chrome<\/a><\/li><li><a href=\"http:\/\/windows.microsoft.com\/es-es\/windows7\/how-to-manage-cookies-in-internet-explorer-9\">Explorer<\/a><\/li><li><a href=\"http:\/\/support.mozilla.org\/es\/kb\/habilitar-y-deshabilitar-cookies-que-los-sitios-we\">Firefox<\/a><\/li><li><a href=\"http:\/\/support.apple.com\/kb\/ph5042\">Safari<\/a><\/li><\/ul><h4>Informa\u00e7\u00e3o sobre as transfer\u00eancias de dados para pa\u00edses terceiros.<\/h4><p>Esta p\u00e1gina Web n\u00e3o realiza transfer\u00eancias de dados pessoais para pa\u00edses terceiros.<\/p><h4>Per\u00edodo de conserva\u00e7\u00e3o dos dados<\/h4><p>Os cookies ser\u00e3o utilizados \u00fanica e exclusivamente durante o tempo necess\u00e1rio para cumprir com as finalidades para as quais foi indicado em cada cookie. Por tudo o que foi dito, a VERUELA 2000 SL adaptou os prazos de conserva\u00e7\u00e3o da informa\u00e7\u00e3o aos seus pr\u00f3prios cookies. <\/p><p>Em rela\u00e7\u00e3o aos cookies de terceiros, os prazos de conserva\u00e7\u00e3o poder\u00e3o ser consultados nas Pol\u00edticas de privacidade destes, bem como no quadro do par\u00e1grafo <em>Quem gere estes Cookies?<\/em> Uma vez caducado o cookie, poder\u00e1 ser renovado se o utilizador voltar a aceitar a sua utiliza\u00e7\u00e3o.<\/p><p>A VERUELA 2000 SL reserva-se o direito de modificar esta pol\u00edtica de cookies se forem realizadas altera\u00e7\u00f5es na configura\u00e7\u00e3o e\/ou utiliza\u00e7\u00e3o dos mesmos, que ser\u00e1 publicada nesta mesma p\u00e1gina Web.<\/p><p>Se desejar mais informa\u00e7\u00f5es sobre a prote\u00e7\u00e3o de dados, pode consultar a nossa <em><u>Pol\u00edtica de Privacidade<\/u><\/em> ou contactar-nos atrav\u00e9s do endere\u00e7o de e-mail <a href=\"mailto:info@juliovernenautica.com\">info@juliovernenautica.com<\/a><\/p><p><em>Outubro de 2021<\/em><\/p>\t\t\t\t\t\t\t\t<\/div>\n\t\t\t\t<\/div>\n\t\t\t\t\t<\/div>\n\t\t<\/div>\n\t\t\t\t\t<\/div>\n\t\t<\/section>\n\t\t\t\t<\/div>\n\t\t","protected":false},"excerpt":{"rendered":"<p>O que s\u00e3o as Cookies? Um cookie \u00e9 um ficheiro que \u00e9 descarregado no seu computador ao aceder a determinadas p\u00e1ginas Web ou outros servi\u00e7os inform\u00e1ticos. Este s\u00edtio Web utiliza cookies e\/ou tecnologias semelhantes que armazenam e recuperam informa\u00e7\u00f5es quando navega. Em geral, estas tecnologias podem servir para finalidades muito diversas, como, por exemplo, reconhec\u00ea-lo [&hellip;]<\/p>\n","protected":false},"author":2,"featured_media":0,"parent":0,"menu_order":0,"comment_status":"closed","ping_status":"closed","template":"","meta":{"_acf_changed":false,"_joinchat":[],"footnotes":""},"class_list":["post-20214","page","type-page","status-publish","hentry"],"acf":[],"yoast_head":"<!-- This site is optimized with the Yoast SEO Premium plugin v24.5 (Yoast SEO v27.3) - https:\/\/yoast.com\/product\/yoast-seo-premium-wordpress\/ -->\n<title>Pol\u00edtica de cookies | Julio Verne N\u00e1utica<\/title>\n<meta name=\"robots\" content=\"noindex, follow\" \/>\n<meta property=\"og:locale\" content=\"pt_PT\" \/>\n<meta property=\"og:type\" content=\"article\" \/>\n<meta property=\"og:title\" content=\"Pol\u00edtica de cookies\" \/>\n<meta property=\"og:description\" content=\"O que s\u00e3o as Cookies? Um cookie \u00e9 um ficheiro que \u00e9 descarregado no seu computador ao aceder a determinadas p\u00e1ginas Web ou outros servi\u00e7os inform\u00e1ticos. Este s\u00edtio Web utiliza cookies e\/ou tecnologias semelhantes que armazenam e recuperam informa\u00e7\u00f5es quando navega. Em geral, estas tecnologias podem servir para finalidades muito diversas, como, por exemplo, reconhec\u00ea-lo [&hellip;]\" \/>\n<meta property=\"og:url\" content=\"https:\/\/www.juliovernenautica.com\/pt\/politica-de-cookies\" \/>\n<meta property=\"og:site_name\" content=\"Julio Verne N\u00e1utica\" \/>\n<meta property=\"article:publisher\" content=\"https:\/\/www.facebook.com\/juliovernenautica\/\" \/>\n<meta property=\"article:modified_time\" content=\"2026-02-23T18:20:11+00:00\" \/>\n<meta name=\"twitter:card\" content=\"summary_large_image\" \/>\n<script type=\"application\/ld+json\" class=\"yoast-schema-graph\">{\"@context\":\"https:\\\/\\\/schema.org\",\"@graph\":[{\"@type\":\"WebPage\",\"@id\":\"https:\\\/\\\/www.juliovernenautica.com\\\/pt\\\/politica-de-cookies\",\"url\":\"https:\\\/\\\/www.juliovernenautica.com\\\/pt\\\/politica-de-cookies\",\"name\":\"Pol\u00edtica de cookies | Julio Verne N\u00e1utica\",\"isPartOf\":{\"@id\":\"https:\\\/\\\/www.juliovernenautica.com\\\/pt#website\"},\"datePublished\":\"2020-05-31T09:39:20+00:00\",\"dateModified\":\"2026-02-23T18:20:11+00:00\",\"breadcrumb\":{\"@id\":\"https:\\\/\\\/www.juliovernenautica.com\\\/pt\\\/politica-de-cookies#breadcrumb\"},\"inLanguage\":\"pt-PT\",\"potentialAction\":[{\"@type\":\"ReadAction\",\"target\":[\"https:\\\/\\\/www.juliovernenautica.com\\\/pt\\\/politica-de-cookies\"]}]},{\"@type\":\"BreadcrumbList\",\"@id\":\"https:\\\/\\\/www.juliovernenautica.com\\\/pt\\\/politica-de-cookies#breadcrumb\",\"itemListElement\":[{\"@type\":\"ListItem\",\"position\":1,\"name\":\"Home\",\"item\":\"https:\\\/\\\/www.juliovernenautica.com\\\/pt\\\/julio-verne-nautica-inicio\"},{\"@type\":\"ListItem\",\"position\":2,\"name\":\"Pol\u00edtica de cookies\"}]},{\"@type\":\"WebSite\",\"@id\":\"https:\\\/\\\/www.juliovernenautica.com\\\/pt#website\",\"url\":\"https:\\\/\\\/www.juliovernenautica.com\\\/pt\",\"name\":\"Julio Verne N\u00e1utica\",\"description\":\"Formaci\u00f3n y charter n\u00e1utico en Galicia\",\"publisher\":{\"@id\":\"https:\\\/\\\/www.juliovernenautica.com\\\/pt#organization\"},\"potentialAction\":[{\"@type\":\"SearchAction\",\"target\":{\"@type\":\"EntryPoint\",\"urlTemplate\":\"https:\\\/\\\/www.juliovernenautica.com\\\/pt?s={search_term_string}\"},\"query-input\":{\"@type\":\"PropertyValueSpecification\",\"valueRequired\":true,\"valueName\":\"search_term_string\"}}],\"inLanguage\":\"pt-PT\"},{\"@type\":\"Organization\",\"@id\":\"https:\\\/\\\/www.juliovernenautica.com\\\/pt#organization\",\"name\":\"Julio Verne N\u00e1utica\",\"url\":\"https:\\\/\\\/www.juliovernenautica.com\\\/pt\",\"logo\":{\"@type\":\"ImageObject\",\"inLanguage\":\"pt-PT\",\"@id\":\"https:\\\/\\\/www.juliovernenautica.com\\\/pt#\\\/schema\\\/logo\\\/image\\\/\",\"url\":\"https:\\\/\\\/www.juliovernenautica.com\\\/wp-content\\\/uploads\\\/2019\\\/12\\\/jv-nautica-icono-positivo-01.png\",\"contentUrl\":\"https:\\\/\\\/www.juliovernenautica.com\\\/wp-content\\\/uploads\\\/2019\\\/12\\\/jv-nautica-icono-positivo-01.png\",\"width\":86,\"height\":86,\"caption\":\"Julio Verne N\u00e1utica\"},\"image\":{\"@id\":\"https:\\\/\\\/www.juliovernenautica.com\\\/pt#\\\/schema\\\/logo\\\/image\\\/\"},\"sameAs\":[\"https:\\\/\\\/www.facebook.com\\\/juliovernenautica\\\/\",\"https:\\\/\\\/www.instagram.com\\\/julio_verne_nautica\\\/\"]}]}<\/script>\n<!-- \/ Yoast SEO Premium plugin. -->","yoast_head_json":{"title":"Pol\u00edtica de cookies | Julio Verne N\u00e1utica","robots":{"index":"noindex","follow":"follow"},"og_locale":"pt_PT","og_type":"article","og_title":"Pol\u00edtica de cookies","og_description":"O que s\u00e3o as Cookies? Um cookie \u00e9 um ficheiro que \u00e9 descarregado no seu computador ao aceder a determinadas p\u00e1ginas Web ou outros servi\u00e7os inform\u00e1ticos. Este s\u00edtio Web utiliza cookies e\/ou tecnologias semelhantes que armazenam e recuperam informa\u00e7\u00f5es quando navega. Em geral, estas tecnologias podem servir para finalidades muito diversas, como, por exemplo, reconhec\u00ea-lo [&hellip;]","og_url":"https:\/\/www.juliovernenautica.com\/pt\/politica-de-cookies","og_site_name":"Julio Verne N\u00e1utica","article_publisher":"https:\/\/www.facebook.com\/juliovernenautica\/","article_modified_time":"2026-02-23T18:20:11+00:00","twitter_card":"summary_large_image","schema":{"@context":"https:\/\/schema.org","@graph":[{"@type":"WebPage","@id":"https:\/\/www.juliovernenautica.com\/pt\/politica-de-cookies","url":"https:\/\/www.juliovernenautica.com\/pt\/politica-de-cookies","name":"Pol\u00edtica de cookies | Julio Verne N\u00e1utica","isPartOf":{"@id":"https:\/\/www.juliovernenautica.com\/pt#website"},"datePublished":"2020-05-31T09:39:20+00:00","dateModified":"2026-02-23T18:20:11+00:00","breadcrumb":{"@id":"https:\/\/www.juliovernenautica.com\/pt\/politica-de-cookies#breadcrumb"},"inLanguage":"pt-PT","potentialAction":[{"@type":"ReadAction","target":["https:\/\/www.juliovernenautica.com\/pt\/politica-de-cookies"]}]},{"@type":"BreadcrumbList","@id":"https:\/\/www.juliovernenautica.com\/pt\/politica-de-cookies#breadcrumb","itemListElement":[{"@type":"ListItem","position":1,"name":"Home","item":"https:\/\/www.juliovernenautica.com\/pt\/julio-verne-nautica-inicio"},{"@type":"ListItem","position":2,"name":"Pol\u00edtica de cookies"}]},{"@type":"WebSite","@id":"https:\/\/www.juliovernenautica.com\/pt#website","url":"https:\/\/www.juliovernenautica.com\/pt","name":"Julio Verne N\u00e1utica","description":"Formaci\u00f3n y charter n\u00e1utico en Galicia","publisher":{"@id":"https:\/\/www.juliovernenautica.com\/pt#organization"},"potentialAction":[{"@type":"SearchAction","target":{"@type":"EntryPoint","urlTemplate":"https:\/\/www.juliovernenautica.com\/pt?s={search_term_string}"},"query-input":{"@type":"PropertyValueSpecification","valueRequired":true,"valueName":"search_term_string"}}],"inLanguage":"pt-PT"},{"@type":"Organization","@id":"https:\/\/www.juliovernenautica.com\/pt#organization","name":"Julio Verne N\u00e1utica","url":"https:\/\/www.juliovernenautica.com\/pt","logo":{"@type":"ImageObject","inLanguage":"pt-PT","@id":"https:\/\/www.juliovernenautica.com\/pt#\/schema\/logo\/image\/","url":"https:\/\/www.juliovernenautica.com\/wp-content\/uploads\/2019\/12\/jv-nautica-icono-positivo-01.png","contentUrl":"https:\/\/www.juliovernenautica.com\/wp-content\/uploads\/2019\/12\/jv-nautica-icono-positivo-01.png","width":86,"height":86,"caption":"Julio Verne N\u00e1utica"},"image":{"@id":"https:\/\/www.juliovernenautica.com\/pt#\/schema\/logo\/image\/"},"sameAs":["https:\/\/www.facebook.com\/juliovernenautica\/","https:\/\/www.instagram.com\/julio_verne_nautica\/"]}]}},"_links":{"self":[{"href":"https:\/\/www.juliovernenautica.com\/pt\/wp-json\/wp\/v2\/pages\/20214","targetHints":{"allow":["GET"]}}],"collection":[{"href":"https:\/\/www.juliovernenautica.com\/pt\/wp-json\/wp\/v2\/pages"}],"about":[{"href":"https:\/\/www.juliovernenautica.com\/pt\/wp-json\/wp\/v2\/types\/page"}],"author":[{"embeddable":true,"href":"https:\/\/www.juliovernenautica.com\/pt\/wp-json\/wp\/v2\/users\/2"}],"replies":[{"embeddable":true,"href":"https:\/\/www.juliovernenautica.com\/pt\/wp-json\/wp\/v2\/comments?post=20214"}],"version-history":[{"count":0,"href":"https:\/\/www.juliovernenautica.com\/pt\/wp-json\/wp\/v2\/pages\/20214\/revisions"}],"wp:attachment":[{"href":"https:\/\/www.juliovernenautica.com\/pt\/wp-json\/wp\/v2\/media?parent=20214"}],"curies":[{"name":"wp","href":"https:\/\/api.w.org\/{rel}","templated":true}]}}