{"id":20058,"date":"2025-12-10T20:27:57","date_gmt":"2025-12-10T19:27:57","guid":{"rendered":"https:\/\/www.juliovernenautica.com\/cartao-de-oferta"},"modified":"2026-02-23T19:19:41","modified_gmt":"2026-02-23T18:19:41","slug":"cartao-de-oferta","status":"publish","type":"page","link":"https:\/\/www.juliovernenautica.com\/pt\/cartao-de-oferta","title":{"rendered":"Cart\u00e3o de Oferta"},"content":{"rendered":"\t\t<div data-elementor-type=\"wp-page\" data-elementor-id=\"20058\" class=\"elementor elementor-20058 elementor-18717\" data-elementor-post-type=\"page\">\n\t\t\t\t<div class=\"elementor-element elementor-element-f1974b8 e-con-full e-flex e-con e-parent\" data-id=\"f1974b8\" data-element_type=\"container\" data-e-type=\"container\" data-settings=\"{&quot;background_background&quot;:&quot;classic&quot;}\">\n\t\t<div class=\"elementor-element elementor-element-245a4a9 e-flex e-con-boxed e-con e-child\" data-id=\"245a4a9\" data-element_type=\"container\" data-e-type=\"container\">\n\t\t\t\t\t<div class=\"e-con-inner\">\n\t\t\t\t<div class=\"elementor-element elementor-element-7832834 elementor-widget elementor-widget-text-editor\" data-id=\"7832834\" data-element_type=\"widget\" data-e-type=\"widget\" data-widget_type=\"text-editor.default\">\n\t\t\t\t<div class=\"elementor-widget-container\">\n\t\t\t\t\t\t\t\t\t<h1>Cart\u00e3o de Oferta<br>\u00b7 Julio Verne N\u00e1utica \u00b7<\/h1><p>Surpreenda quem mais ama com uma experi\u00eancia n\u00e1utica \u00fanica ou um curso de forma\u00e7\u00e3o que marcar\u00e1 um antes e um depois. Desde rotas de vela pelas R\u00edas Baixas e Ilhas Atl\u00e2nticas at\u00e9 titula\u00e7\u00f5es oficiais com a nossa equipa de instrutores. <\/p><p><strong>Na Julio Verne N\u00e1utica, um presente transforma-se numa aventura para toda a vida.<\/strong><\/p>\t\t\t\t\t\t\t\t<\/div>\n\t\t\t\t<\/div>\n\t\t\t\t\t<\/div>\n\t\t\t\t<\/div>\n\t\t\t\t<\/div>\n\t\t<div class=\"elementor-element elementor-element-5eec66c e-flex e-con-boxed e-con e-parent\" data-id=\"5eec66c\" data-element_type=\"container\" data-e-type=\"container\">\n\t\t\t\t\t<div class=\"e-con-inner\">\n\t\t\t\t<div class=\"elementor-element elementor-element-6d62e1b elementor-cta--layout-image-left elementor-cta--mobile-layout-image-above elementor-cta--valign-middle elementor-cta--skin-classic elementor-animated-content elementor-bg-transform elementor-bg-transform-zoom-in elementor-widget elementor-widget-call-to-action\" data-id=\"6d62e1b\" data-element_type=\"widget\" data-e-type=\"widget\" data-widget_type=\"call-to-action.default\">\n\t\t\t\t<div class=\"elementor-widget-container\">\n\t\t\t\t\t\t\t<div class=\"elementor-cta\">\n\t\t\t\t\t<div class=\"elementor-cta__bg-wrapper\">\n\t\t\t\t<div class=\"elementor-cta__bg elementor-bg\" style=\"background-image: url(https:\/\/www.juliovernenautica.com\/wp-content\/uploads\/2025\/12\/jvn-tarjeta-regalo.jpg);\" role=\"img\" aria-label=\"jvn-cartao-oferta\"><\/div>\n\t\t\t\t<div class=\"elementor-cta__bg-overlay\"><\/div>\n\t\t\t<\/div>\n\t\t\t\t\t\t\t<div class=\"elementor-cta__content\">\n\t\t\t\t\n\t\t\t\t\t\t\t\t\t<h2 class=\"elementor-cta__title elementor-cta__content-item elementor-content-item\">\n\t\t\t\t\t\tCart\u00e3o de Oferta com valor determinado\t\t\t\t\t<\/h2>\n\t\t\t\t\n\t\t\t\t\t\t\t\t\t<div class=\"elementor-cta__description elementor-cta__content-item elementor-content-item\">\n\t\t\t\t\t\tSurpreenda com uma experi\u00eancia \u00fanica a bordo: cursos de navega\u00e7\u00e3o, travessias ou escapadelas de vela. Escolha o valor e deixe que a pessoa escolha como desfrutar. \n\nUm presente inesquec\u00edvel para os amantes do mar!\t\t\t\t\t<\/div>\n\t\t\t\t\n\t\t\t\t\t\t\t\t\t<div class=\"elementor-cta__button-wrapper elementor-cta__content-item elementor-content-item \">\n\t\t\t\t\t<a class=\"elementor-cta__button elementor-button elementor-size-\" href=\"https:\/\/app.cardivo.com\/giftcards\/juliovernenautica\" target=\"_blank\" rel=\"nofollow\">\n\t\t\t\t\t\tDescubra o Cart\u00e3o de Oferta da Julio Verne N\u00e1utica\t\t\t\t\t<\/a>\n\t\t\t\t\t<\/div>\n\t\t\t\t\t\t\t<\/div>\n\t\t\t\t\t\t<\/div>\n\t\t\t\t\t\t<\/div>\n\t\t\t\t<\/div>\n\t\t\t\t\t<\/div>\n\t\t\t\t<\/div>\n\t\t<div class=\"elementor-element elementor-element-45c003b e-flex e-con-boxed e-con e-parent\" data-id=\"45c003b\" data-element_type=\"container\" data-e-type=\"container\">\n\t\t\t\t\t<div class=\"e-con-inner\">\n\t\t\t\t<div class=\"elementor-element elementor-element-d84ebba elementor-widget elementor-widget-text-editor\" data-id=\"d84ebba\" data-element_type=\"widget\" data-e-type=\"widget\" data-widget_type=\"text-editor.default\">\n\t\t\t\t<div class=\"elementor-widget-container\">\n\t\t\t\t\t\t\t\t\t<h2>Ofere\u00e7a uma experi\u00eancia n\u00e1utica espec\u00edfica<\/h2><p>Escolha uma atividade e ofere\u00e7a uma viv\u00eancia \u00fanica no mar<strong>: pr\u00e1ticas para titula\u00e7\u00f5es n\u00e1uticas, cursos RYA a bordo, rotas costeiras ou travessias oce\u00e2nicas para ganhar milhas.<\/strong><\/p><p>Perfeito para quem quer aprender, explorar ou simplesmente navegar.<\/p>\t\t\t\t\t\t\t\t<\/div>\n\t\t\t\t<\/div>\n\t\t\t\t<div class=\"elementor-element elementor-element-614619d elementor-widget elementor-widget-shortcode\" data-id=\"614619d\" data-element_type=\"widget\" data-e-type=\"widget\" data-widget_type=\"shortcode.default\">\n\t\t\t\t<div class=\"elementor-widget-container\">\n\t\t\t\t\t\t\t<div class=\"elementor-shortcode\"><script type=\"text\/javascript\" src=\"https:\/\/bookeo.com\/widget.js?a=2239WEF9F18AAC7AE2E0&startmode=buyvoucher\"><span data-mce-type=\"bookmark\" style=\"display: inline-block; width: 0px; overflow: hidden; line-height: 0;\" class=\"mce_SELRES_start\"><\/span><\/script><\/div>\n\t\t\t\t\t\t<\/div>\n\t\t\t\t<\/div>\n\t\t\t\t\t<\/div>\n\t\t\t\t<\/div>\n\t\t\t\t<\/div>\n\t\t","protected":false},"excerpt":{"rendered":"<p>Cart\u00e3o de Oferta\u00b7 Julio Verne N\u00e1utica \u00b7 Surpreenda quem mais ama com uma experi\u00eancia n\u00e1utica \u00fanica ou um curso de forma\u00e7\u00e3o que marcar\u00e1 um antes e um depois. Desde rotas de vela pelas R\u00edas Baixas e Ilhas Atl\u00e2nticas at\u00e9 titula\u00e7\u00f5es oficiais com a nossa equipa de instrutores. Na Julio Verne N\u00e1utica, um presente transforma-se numa [&hellip;]<\/p>\n","protected":false},"author":2,"featured_media":20060,"parent":0,"menu_order":0,"comment_status":"closed","ping_status":"closed","template":"elementor_header_footer","meta":{"_acf_changed":false,"_joinchat":[],"footnotes":""},"class_list":["post-20058","page","type-page","status-publish","has-post-thumbnail","hentry"],"acf":[],"yoast_head":"<!-- This site is optimized with the Yoast SEO Premium plugin v24.5 (Yoast SEO v27.3) - https:\/\/yoast.com\/product\/yoast-seo-premium-wordpress\/ -->\n<title>Cart\u00e3o de oferta para desfrutar a velejar | Julio Verne N\u00e1utica<\/title>\n<meta name=\"description\" content=\"Ofere\u00e7a vela, ofere\u00e7a divers\u00e3o no mar. Rotas, cursos, travessias, experi\u00eancias n\u00e1uticas... Ofere\u00e7a o que mais gosta a quem mais ama.\" \/>\n<meta name=\"robots\" content=\"index, follow, max-snippet:-1, max-image-preview:large, max-video-preview:-1\" \/>\n<link rel=\"canonical\" href=\"https:\/\/www.juliovernenautica.com\/pt\/cartao-de-oferta\" \/>\n<meta property=\"og:locale\" content=\"pt_PT\" \/>\n<meta property=\"og:type\" content=\"article\" \/>\n<meta property=\"og:title\" content=\"Cart\u00e3o de Oferta\" \/>\n<meta property=\"og:description\" content=\"Ofere\u00e7a vela, ofere\u00e7a divers\u00e3o no mar. Rotas, cursos, travessias, experi\u00eancias n\u00e1uticas... Ofere\u00e7a o que mais gosta a quem mais ama.\" \/>\n<meta property=\"og:url\" content=\"https:\/\/www.juliovernenautica.com\/pt\/cartao-de-oferta\" \/>\n<meta property=\"og:site_name\" content=\"Julio Verne N\u00e1utica\" \/>\n<meta property=\"article:publisher\" content=\"https:\/\/www.facebook.com\/juliovernenautica\/\" \/>\n<meta property=\"article:modified_time\" content=\"2026-02-23T18:19:41+00:00\" \/>\n<meta property=\"og:image\" content=\"https:\/\/www.juliovernenautica.com\/wp-content\/uploads\/2025\/12\/jvn-tarjeta-regalo.jpg\" \/>\n\t<meta property=\"og:image:width\" content=\"1920\" \/>\n\t<meta property=\"og:image:height\" content=\"650\" \/>\n\t<meta property=\"og:image:type\" content=\"image\/jpeg\" \/>\n<meta name=\"twitter:card\" content=\"summary_large_image\" \/>\n<script type=\"application\/ld+json\" class=\"yoast-schema-graph\">{\"@context\":\"https:\\\/\\\/schema.org\",\"@graph\":[{\"@type\":\"WebPage\",\"@id\":\"https:\\\/\\\/www.juliovernenautica.com\\\/pt\\\/cartao-de-oferta\",\"url\":\"https:\\\/\\\/www.juliovernenautica.com\\\/pt\\\/cartao-de-oferta\",\"name\":\"Cart\u00e3o de oferta para desfrutar a velejar | Julio Verne N\u00e1utica\",\"isPartOf\":{\"@id\":\"https:\\\/\\\/www.juliovernenautica.com\\\/pt#website\"},\"primaryImageOfPage\":{\"@id\":\"https:\\\/\\\/www.juliovernenautica.com\\\/pt\\\/cartao-de-oferta#primaryimage\"},\"image\":{\"@id\":\"https:\\\/\\\/www.juliovernenautica.com\\\/pt\\\/cartao-de-oferta#primaryimage\"},\"thumbnailUrl\":\"https:\\\/\\\/www.juliovernenautica.com\\\/wp-content\\\/uploads\\\/2025\\\/12\\\/jvn-tarjeta-regalo.jpg\",\"datePublished\":\"2025-12-10T19:27:57+00:00\",\"dateModified\":\"2026-02-23T18:19:41+00:00\",\"description\":\"Ofere\u00e7a vela, ofere\u00e7a divers\u00e3o no mar. Rotas, cursos, travessias, experi\u00eancias n\u00e1uticas... Ofere\u00e7a o que mais gosta a quem mais ama.\",\"breadcrumb\":{\"@id\":\"https:\\\/\\\/www.juliovernenautica.com\\\/pt\\\/cartao-de-oferta#breadcrumb\"},\"inLanguage\":\"pt-PT\",\"potentialAction\":[{\"@type\":\"ReadAction\",\"target\":[\"https:\\\/\\\/www.juliovernenautica.com\\\/pt\\\/cartao-de-oferta\"]}]},{\"@type\":\"ImageObject\",\"inLanguage\":\"pt-PT\",\"@id\":\"https:\\\/\\\/www.juliovernenautica.com\\\/pt\\\/cartao-de-oferta#primaryimage\",\"url\":\"https:\\\/\\\/www.juliovernenautica.com\\\/wp-content\\\/uploads\\\/2025\\\/12\\\/jvn-tarjeta-regalo.jpg\",\"contentUrl\":\"https:\\\/\\\/www.juliovernenautica.com\\\/wp-content\\\/uploads\\\/2025\\\/12\\\/jvn-tarjeta-regalo.jpg\",\"width\":1920,\"height\":650},{\"@type\":\"BreadcrumbList\",\"@id\":\"https:\\\/\\\/www.juliovernenautica.com\\\/pt\\\/cartao-de-oferta#breadcrumb\",\"itemListElement\":[{\"@type\":\"ListItem\",\"position\":1,\"name\":\"Home\",\"item\":\"https:\\\/\\\/www.juliovernenautica.com\\\/pt\\\/julio-verne-nautica-inicio\"},{\"@type\":\"ListItem\",\"position\":2,\"name\":\"Cart\u00e3o de Oferta\"}]},{\"@type\":\"WebSite\",\"@id\":\"https:\\\/\\\/www.juliovernenautica.com\\\/pt#website\",\"url\":\"https:\\\/\\\/www.juliovernenautica.com\\\/pt\",\"name\":\"Julio Verne N\u00e1utica\",\"description\":\"Formaci\u00f3n y charter n\u00e1utico en Galicia\",\"publisher\":{\"@id\":\"https:\\\/\\\/www.juliovernenautica.com\\\/pt#organization\"},\"potentialAction\":[{\"@type\":\"SearchAction\",\"target\":{\"@type\":\"EntryPoint\",\"urlTemplate\":\"https:\\\/\\\/www.juliovernenautica.com\\\/pt?s={search_term_string}\"},\"query-input\":{\"@type\":\"PropertyValueSpecification\",\"valueRequired\":true,\"valueName\":\"search_term_string\"}}],\"inLanguage\":\"pt-PT\"},{\"@type\":\"Organization\",\"@id\":\"https:\\\/\\\/www.juliovernenautica.com\\\/pt#organization\",\"name\":\"Julio Verne N\u00e1utica\",\"url\":\"https:\\\/\\\/www.juliovernenautica.com\\\/pt\",\"logo\":{\"@type\":\"ImageObject\",\"inLanguage\":\"pt-PT\",\"@id\":\"https:\\\/\\\/www.juliovernenautica.com\\\/pt#\\\/schema\\\/logo\\\/image\\\/\",\"url\":\"https:\\\/\\\/www.juliovernenautica.com\\\/wp-content\\\/uploads\\\/2019\\\/12\\\/jv-nautica-icono-positivo-01.png\",\"contentUrl\":\"https:\\\/\\\/www.juliovernenautica.com\\\/wp-content\\\/uploads\\\/2019\\\/12\\\/jv-nautica-icono-positivo-01.png\",\"width\":86,\"height\":86,\"caption\":\"Julio Verne N\u00e1utica\"},\"image\":{\"@id\":\"https:\\\/\\\/www.juliovernenautica.com\\\/pt#\\\/schema\\\/logo\\\/image\\\/\"},\"sameAs\":[\"https:\\\/\\\/www.facebook.com\\\/juliovernenautica\\\/\",\"https:\\\/\\\/www.instagram.com\\\/julio_verne_nautica\\\/\"]}]}<\/script>\n<!-- \/ Yoast SEO Premium plugin. -->","yoast_head_json":{"title":"Cart\u00e3o de oferta para desfrutar a velejar | Julio Verne N\u00e1utica","description":"Ofere\u00e7a vela, ofere\u00e7a divers\u00e3o no mar. Rotas, cursos, travessias, experi\u00eancias n\u00e1uticas... Ofere\u00e7a o que mais gosta a quem mais ama.","robots":{"index":"index","follow":"follow","max-snippet":"max-snippet:-1","max-image-preview":"max-image-preview:large","max-video-preview":"max-video-preview:-1"},"canonical":"https:\/\/www.juliovernenautica.com\/pt\/cartao-de-oferta","og_locale":"pt_PT","og_type":"article","og_title":"Cart\u00e3o de Oferta","og_description":"Ofere\u00e7a vela, ofere\u00e7a divers\u00e3o no mar. Rotas, cursos, travessias, experi\u00eancias n\u00e1uticas... Ofere\u00e7a o que mais gosta a quem mais ama.","og_url":"https:\/\/www.juliovernenautica.com\/pt\/cartao-de-oferta","og_site_name":"Julio Verne N\u00e1utica","article_publisher":"https:\/\/www.facebook.com\/juliovernenautica\/","article_modified_time":"2026-02-23T18:19:41+00:00","og_image":[{"width":1920,"height":650,"url":"https:\/\/www.juliovernenautica.com\/wp-content\/uploads\/2025\/12\/jvn-tarjeta-regalo.jpg","type":"image\/jpeg"}],"twitter_card":"summary_large_image","schema":{"@context":"https:\/\/schema.org","@graph":[{"@type":"WebPage","@id":"https:\/\/www.juliovernenautica.com\/pt\/cartao-de-oferta","url":"https:\/\/www.juliovernenautica.com\/pt\/cartao-de-oferta","name":"Cart\u00e3o de oferta para desfrutar a velejar | Julio Verne N\u00e1utica","isPartOf":{"@id":"https:\/\/www.juliovernenautica.com\/pt#website"},"primaryImageOfPage":{"@id":"https:\/\/www.juliovernenautica.com\/pt\/cartao-de-oferta#primaryimage"},"image":{"@id":"https:\/\/www.juliovernenautica.com\/pt\/cartao-de-oferta#primaryimage"},"thumbnailUrl":"https:\/\/www.juliovernenautica.com\/wp-content\/uploads\/2025\/12\/jvn-tarjeta-regalo.jpg","datePublished":"2025-12-10T19:27:57+00:00","dateModified":"2026-02-23T18:19:41+00:00","description":"Ofere\u00e7a vela, ofere\u00e7a divers\u00e3o no mar. Rotas, cursos, travessias, experi\u00eancias n\u00e1uticas... Ofere\u00e7a o que mais gosta a quem mais ama.","breadcrumb":{"@id":"https:\/\/www.juliovernenautica.com\/pt\/cartao-de-oferta#breadcrumb"},"inLanguage":"pt-PT","potentialAction":[{"@type":"ReadAction","target":["https:\/\/www.juliovernenautica.com\/pt\/cartao-de-oferta"]}]},{"@type":"ImageObject","inLanguage":"pt-PT","@id":"https:\/\/www.juliovernenautica.com\/pt\/cartao-de-oferta#primaryimage","url":"https:\/\/www.juliovernenautica.com\/wp-content\/uploads\/2025\/12\/jvn-tarjeta-regalo.jpg","contentUrl":"https:\/\/www.juliovernenautica.com\/wp-content\/uploads\/2025\/12\/jvn-tarjeta-regalo.jpg","width":1920,"height":650},{"@type":"BreadcrumbList","@id":"https:\/\/www.juliovernenautica.com\/pt\/cartao-de-oferta#breadcrumb","itemListElement":[{"@type":"ListItem","position":1,"name":"Home","item":"https:\/\/www.juliovernenautica.com\/pt\/julio-verne-nautica-inicio"},{"@type":"ListItem","position":2,"name":"Cart\u00e3o de Oferta"}]},{"@type":"WebSite","@id":"https:\/\/www.juliovernenautica.com\/pt#website","url":"https:\/\/www.juliovernenautica.com\/pt","name":"Julio Verne N\u00e1utica","description":"Formaci\u00f3n y charter n\u00e1utico en Galicia","publisher":{"@id":"https:\/\/www.juliovernenautica.com\/pt#organization"},"potentialAction":[{"@type":"SearchAction","target":{"@type":"EntryPoint","urlTemplate":"https:\/\/www.juliovernenautica.com\/pt?s={search_term_string}"},"query-input":{"@type":"PropertyValueSpecification","valueRequired":true,"valueName":"search_term_string"}}],"inLanguage":"pt-PT"},{"@type":"Organization","@id":"https:\/\/www.juliovernenautica.com\/pt#organization","name":"Julio Verne N\u00e1utica","url":"https:\/\/www.juliovernenautica.com\/pt","logo":{"@type":"ImageObject","inLanguage":"pt-PT","@id":"https:\/\/www.juliovernenautica.com\/pt#\/schema\/logo\/image\/","url":"https:\/\/www.juliovernenautica.com\/wp-content\/uploads\/2019\/12\/jv-nautica-icono-positivo-01.png","contentUrl":"https:\/\/www.juliovernenautica.com\/wp-content\/uploads\/2019\/12\/jv-nautica-icono-positivo-01.png","width":86,"height":86,"caption":"Julio Verne N\u00e1utica"},"image":{"@id":"https:\/\/www.juliovernenautica.com\/pt#\/schema\/logo\/image\/"},"sameAs":["https:\/\/www.facebook.com\/juliovernenautica\/","https:\/\/www.instagram.com\/julio_verne_nautica\/"]}]}},"_links":{"self":[{"href":"https:\/\/www.juliovernenautica.com\/pt\/wp-json\/wp\/v2\/pages\/20058","targetHints":{"allow":["GET"]}}],"collection":[{"href":"https:\/\/www.juliovernenautica.com\/pt\/wp-json\/wp\/v2\/pages"}],"about":[{"href":"https:\/\/www.juliovernenautica.com\/pt\/wp-json\/wp\/v2\/types\/page"}],"author":[{"embeddable":true,"href":"https:\/\/www.juliovernenautica.com\/pt\/wp-json\/wp\/v2\/users\/2"}],"replies":[{"embeddable":true,"href":"https:\/\/www.juliovernenautica.com\/pt\/wp-json\/wp\/v2\/comments?post=20058"}],"version-history":[{"count":0,"href":"https:\/\/www.juliovernenautica.com\/pt\/wp-json\/wp\/v2\/pages\/20058\/revisions"}],"wp:featuredmedia":[{"embeddable":true,"href":"https:\/\/www.juliovernenautica.com\/pt\/wp-json\/wp\/v2\/media\/20060"}],"wp:attachment":[{"href":"https:\/\/www.juliovernenautica.com\/pt\/wp-json\/wp\/v2\/media?parent=20058"}],"curies":[{"name":"wp","href":"https:\/\/api.w.org\/{rel}","templated":true}]}}