{"id":13849,"date":"2024-11-14T14:49:32","date_gmt":"2024-11-14T13:49:32","guid":{"rendered":"https:\/\/www.juliovernenautica.com\/politique-de-qualite"},"modified":"2024-11-14T14:49:33","modified_gmt":"2024-11-14T13:49:33","slug":"politique-de-qualite","status":"publish","type":"page","link":"https:\/\/www.juliovernenautica.com\/fr\/politique-de-qualite","title":{"rendered":"Politique de qualit\u00e9"},"content":{"rendered":"\t\t<div data-elementor-type=\"wp-page\" data-elementor-id=\"13849\" class=\"elementor elementor-13849 elementor-8655\" data-elementor-post-type=\"page\">\n\t\t\t\t\t\t<section class=\"elementor-section elementor-top-section elementor-element elementor-element-8a31253 elementor-section-boxed elementor-section-height-default elementor-section-height-default\" data-id=\"8a31253\" data-element_type=\"section\" data-e-type=\"section\">\n\t\t\t\t\t\t<div class=\"elementor-container elementor-column-gap-default\">\n\t\t\t\t\t<div class=\"elementor-column elementor-col-100 elementor-top-column elementor-element elementor-element-2e15fcc\" data-id=\"2e15fcc\" data-element_type=\"column\" data-e-type=\"column\">\n\t\t\t<div class=\"elementor-widget-wrap elementor-element-populated\">\n\t\t\t\t\t\t<div class=\"elementor-element elementor-element-f8cda6a elementor-widget elementor-widget-spacer\" data-id=\"f8cda6a\" data-element_type=\"widget\" data-e-type=\"widget\" data-widget_type=\"spacer.default\">\n\t\t\t\t<div class=\"elementor-widget-container\">\n\t\t\t\t\t\t\t<div class=\"elementor-spacer\">\n\t\t\t<div class=\"elementor-spacer-inner\"><\/div>\n\t\t<\/div>\n\t\t\t\t\t\t<\/div>\n\t\t\t\t<\/div>\n\t\t\t\t\t<\/div>\n\t\t<\/div>\n\t\t\t\t\t<\/div>\n\t\t<\/section>\n\t\t\t\t<section class=\"elementor-section elementor-top-section elementor-element elementor-element-506a4772 elementor-section-boxed elementor-section-height-default elementor-section-height-default\" data-id=\"506a4772\" data-element_type=\"section\" data-e-type=\"section\">\n\t\t\t\t\t\t<div class=\"elementor-container elementor-column-gap-default\">\n\t\t\t\t\t<div class=\"elementor-column elementor-col-100 elementor-top-column elementor-element elementor-element-1d05a068\" data-id=\"1d05a068\" data-element_type=\"column\" data-e-type=\"column\">\n\t\t\t<div class=\"elementor-widget-wrap elementor-element-populated\">\n\t\t\t\t\t\t<div class=\"elementor-element elementor-element-73db07ae elementor-widget elementor-widget-text-editor\" data-id=\"73db07ae\" data-element_type=\"widget\" data-e-type=\"widget\" data-widget_type=\"text-editor.default\">\n\t\t\t\t<div class=\"elementor-widget-container\">\n\t\t\t\t\t\t\t\t\t<h1 style=\"text-align: center;\">POLITIQUE DE QUALIT\u00c9 DE VERUELA 2000 SL<\/h1>\n<\/p>\n<p style=\"text-align: center;\">La direction de VERUELA 2000 aborde la qualit\u00e9 comme un syst\u00e8me permettant de produire \u00e9conomiquement des services qui satisfont les besoins du client. La participation de tous les d\u00e9partements de l&rsquo;entreprise et de toutes les ressources techniques et humaines de VERUELA 2000 est n\u00e9cessaire pour parvenir \u00e0 une mise en \u0153uvre efficace. En raison de son importance actuelle et future, la direction de VERUELA 2000 d\u00e9clare que la qualit\u00e9 est un objectif strat\u00e9gique prioritaire pour l&rsquo;ensemble de l&rsquo;organisation :  <\/p>\n<ul>\n<li>La qualit\u00e9 et son am\u00e9lioration rel\u00e8vent de la responsabilit\u00e9 de tous les membres de l&rsquo;entreprise. \u00c0 cette fin, l&rsquo;objectif est de maximiser leur potentiel par la motivation, l&rsquo;engagement et la prise de conscience de leur r\u00f4le dans l&rsquo;organisation. <\/li>\n<li> La qualit\u00e9 est un aspect cl\u00e9 de la comp\u00e9titivit\u00e9, mettant en \u00e9vidence la concurrence pour fournir des services \u00e0 des prix comp\u00e9titifs et des d\u00e9lais r\u00e9duits sur la base de l&rsquo;efficacit\u00e9 des ressources dont dispose l&rsquo;organisation.<\/li>\n<li>La qualit\u00e9 est obtenue par la planification, l&rsquo;ex\u00e9cution et l&rsquo;examen du syst\u00e8me de gestion fond\u00e9 sur les processus, et les ressources et les t\u00e2ches accomplies produisent des r\u00e9sultats et des avantages plus efficaces.<\/li>\n<li>La qualit\u00e9 signifie optimiser la gestion quotidienne et offrir \u00e0 nos clients la garantie d&rsquo;un travail contr\u00f4l\u00e9, pour lequel il est n\u00e9cessaire de d\u00e9velopper, mettre en \u0153uvre et maintenir \u00e0 jour un syst\u00e8me de qualit\u00e9 bas\u00e9 sur l&rsquo;\u00e9dition actuelle de la norme ISO 9001:2015, comme moyen d&rsquo;am\u00e9liorer syst\u00e9matiquement la qualit\u00e9 de tous nos processus. Un syst\u00e8me qui fournit des informations et des donn\u00e9es ad\u00e9quates pour une analyse continue et une prise de d\u00e9cision cons\u00e9quente visant \u00e0 une plus grande efficacit\u00e9, dans le but ultime de mettre en \u0153uvre des activit\u00e9s d&rsquo;am\u00e9lioration continue qui se traduisent par une plus grande efficacit\u00e9.<br \/>Le but ultime est de mettre en \u0153uvre des activit\u00e9s d&rsquo;am\u00e9lioration continue qui se traduisent par une plus grande efficacit\u00e9 pour l&rsquo;organisation. <\/li>\n<\/ul>\n<p style=\"text-align: center;\">La direction de VERUELA 2000 approuve les principes ci-dessus, les promeut par un leadership efficace parmi tous les membres de l&rsquo;entreprise et les d\u00e9veloppe dans les documents de son syst\u00e8me de gestion int\u00e9gr\u00e9, qui sont d\u00e9clar\u00e9s obligatoires par la pr\u00e9sente.<\/p>\n\t\t\t\t\t\t\t\t<\/div>\n\t\t\t\t<\/div>\n\t\t\t\t\t<\/div>\n\t\t<\/div>\n\t\t\t\t\t<\/div>\n\t\t<\/section>\n\t\t\t\t<\/div>\n\t\t","protected":false},"excerpt":{"rendered":"<p>POLITIQUE DE QUALIT\u00c9 DE VERUELA 2000 SL La direction de VERUELA 2000 aborde la qualit\u00e9 comme un syst\u00e8me permettant de produire \u00e9conomiquement des services qui satisfont les besoins du client. La participation de tous les d\u00e9partements de l&rsquo;entreprise et de toutes les ressources techniques et humaines de VERUELA 2000 est n\u00e9cessaire pour parvenir \u00e0 une [&hellip;]<\/p>\n","protected":false},"author":2,"featured_media":0,"parent":0,"menu_order":0,"comment_status":"closed","ping_status":"closed","template":"","meta":{"_acf_changed":false,"_joinchat":[],"footnotes":""},"class_list":["post-13849","page","type-page","status-publish","hentry"],"acf":[],"yoast_head":"<!-- This site is optimized with the Yoast SEO Premium plugin v24.5 (Yoast SEO v27.3) - https:\/\/yoast.com\/product\/yoast-seo-premium-wordpress\/ -->\n<title>Politique de qualit\u00e9 | Julio Verne N\u00e1utica<\/title>\n<meta name=\"robots\" content=\"noindex, follow\" \/>\n<meta property=\"og:locale\" content=\"fr_FR\" \/>\n<meta property=\"og:type\" content=\"article\" \/>\n<meta property=\"og:title\" content=\"Politique de qualit\u00e9\" \/>\n<meta property=\"og:description\" content=\"POLITIQUE DE QUALIT\u00c9 DE VERUELA 2000 SL La direction de VERUELA 2000 aborde la qualit\u00e9 comme un syst\u00e8me permettant de produire \u00e9conomiquement des services qui satisfont les besoins du client. La participation de tous les d\u00e9partements de l&rsquo;entreprise et de toutes les ressources techniques et humaines de VERUELA 2000 est n\u00e9cessaire pour parvenir \u00e0 une [&hellip;]\" \/>\n<meta property=\"og:url\" content=\"https:\/\/www.juliovernenautica.com\/fr\/politique-de-qualite\" \/>\n<meta property=\"og:site_name\" content=\"Julio Verne N\u00e1utica\" \/>\n<meta property=\"article:publisher\" content=\"https:\/\/www.facebook.com\/juliovernenautica\/\" \/>\n<meta property=\"article:modified_time\" content=\"2024-11-14T13:49:33+00:00\" \/>\n<meta name=\"twitter:card\" content=\"summary_large_image\" \/>\n<script type=\"application\/ld+json\" class=\"yoast-schema-graph\">{\"@context\":\"https:\\\/\\\/schema.org\",\"@graph\":[{\"@type\":\"WebPage\",\"@id\":\"https:\\\/\\\/www.juliovernenautica.com\\\/fr\\\/politique-de-qualite\",\"url\":\"https:\\\/\\\/www.juliovernenautica.com\\\/fr\\\/politique-de-qualite\",\"name\":\"Politique de qualit\u00e9 | Julio Verne N\u00e1utica\",\"isPartOf\":{\"@id\":\"https:\\\/\\\/www.juliovernenautica.com\\\/fr#website\"},\"datePublished\":\"2024-11-14T13:49:32+00:00\",\"dateModified\":\"2024-11-14T13:49:33+00:00\",\"breadcrumb\":{\"@id\":\"https:\\\/\\\/www.juliovernenautica.com\\\/fr\\\/politique-de-qualite#breadcrumb\"},\"inLanguage\":\"fr-FR\",\"potentialAction\":[{\"@type\":\"ReadAction\",\"target\":[\"https:\\\/\\\/www.juliovernenautica.com\\\/fr\\\/politique-de-qualite\"]}]},{\"@type\":\"BreadcrumbList\",\"@id\":\"https:\\\/\\\/www.juliovernenautica.com\\\/fr\\\/politique-de-qualite#breadcrumb\",\"itemListElement\":[{\"@type\":\"ListItem\",\"position\":1,\"name\":\"Home\",\"item\":\"https:\\\/\\\/www.juliovernenautica.com\\\/fr\\\/julio-verne-nautica-home\"},{\"@type\":\"ListItem\",\"position\":2,\"name\":\"Politique de qualit\u00e9\"}]},{\"@type\":\"WebSite\",\"@id\":\"https:\\\/\\\/www.juliovernenautica.com\\\/fr#website\",\"url\":\"https:\\\/\\\/www.juliovernenautica.com\\\/fr\",\"name\":\"Julio Verne N\u00e1utica\",\"description\":\"Formaci\u00f3n y charter n\u00e1utico en Galicia\",\"publisher\":{\"@id\":\"https:\\\/\\\/www.juliovernenautica.com\\\/fr#organization\"},\"potentialAction\":[{\"@type\":\"SearchAction\",\"target\":{\"@type\":\"EntryPoint\",\"urlTemplate\":\"https:\\\/\\\/www.juliovernenautica.com\\\/fr?s={search_term_string}\"},\"query-input\":{\"@type\":\"PropertyValueSpecification\",\"valueRequired\":true,\"valueName\":\"search_term_string\"}}],\"inLanguage\":\"fr-FR\"},{\"@type\":\"Organization\",\"@id\":\"https:\\\/\\\/www.juliovernenautica.com\\\/fr#organization\",\"name\":\"Julio Verne N\u00e1utica\",\"url\":\"https:\\\/\\\/www.juliovernenautica.com\\\/fr\",\"logo\":{\"@type\":\"ImageObject\",\"inLanguage\":\"fr-FR\",\"@id\":\"https:\\\/\\\/www.juliovernenautica.com\\\/fr#\\\/schema\\\/logo\\\/image\\\/\",\"url\":\"https:\\\/\\\/www.juliovernenautica.com\\\/wp-content\\\/uploads\\\/2019\\\/12\\\/jv-nautica-icono-positivo-01.png\",\"contentUrl\":\"https:\\\/\\\/www.juliovernenautica.com\\\/wp-content\\\/uploads\\\/2019\\\/12\\\/jv-nautica-icono-positivo-01.png\",\"width\":86,\"height\":86,\"caption\":\"Julio Verne N\u00e1utica\"},\"image\":{\"@id\":\"https:\\\/\\\/www.juliovernenautica.com\\\/fr#\\\/schema\\\/logo\\\/image\\\/\"},\"sameAs\":[\"https:\\\/\\\/www.facebook.com\\\/juliovernenautica\\\/\",\"https:\\\/\\\/www.instagram.com\\\/julio_verne_nautica\\\/\"]}]}<\/script>\n<!-- \/ Yoast SEO Premium plugin. -->","yoast_head_json":{"title":"Politique de qualit\u00e9 | Julio Verne N\u00e1utica","robots":{"index":"noindex","follow":"follow"},"og_locale":"fr_FR","og_type":"article","og_title":"Politique de qualit\u00e9","og_description":"POLITIQUE DE QUALIT\u00c9 DE VERUELA 2000 SL La direction de VERUELA 2000 aborde la qualit\u00e9 comme un syst\u00e8me permettant de produire \u00e9conomiquement des services qui satisfont les besoins du client. La participation de tous les d\u00e9partements de l&rsquo;entreprise et de toutes les ressources techniques et humaines de VERUELA 2000 est n\u00e9cessaire pour parvenir \u00e0 une [&hellip;]","og_url":"https:\/\/www.juliovernenautica.com\/fr\/politique-de-qualite","og_site_name":"Julio Verne N\u00e1utica","article_publisher":"https:\/\/www.facebook.com\/juliovernenautica\/","article_modified_time":"2024-11-14T13:49:33+00:00","twitter_card":"summary_large_image","schema":{"@context":"https:\/\/schema.org","@graph":[{"@type":"WebPage","@id":"https:\/\/www.juliovernenautica.com\/fr\/politique-de-qualite","url":"https:\/\/www.juliovernenautica.com\/fr\/politique-de-qualite","name":"Politique de qualit\u00e9 | Julio Verne N\u00e1utica","isPartOf":{"@id":"https:\/\/www.juliovernenautica.com\/fr#website"},"datePublished":"2024-11-14T13:49:32+00:00","dateModified":"2024-11-14T13:49:33+00:00","breadcrumb":{"@id":"https:\/\/www.juliovernenautica.com\/fr\/politique-de-qualite#breadcrumb"},"inLanguage":"fr-FR","potentialAction":[{"@type":"ReadAction","target":["https:\/\/www.juliovernenautica.com\/fr\/politique-de-qualite"]}]},{"@type":"BreadcrumbList","@id":"https:\/\/www.juliovernenautica.com\/fr\/politique-de-qualite#breadcrumb","itemListElement":[{"@type":"ListItem","position":1,"name":"Home","item":"https:\/\/www.juliovernenautica.com\/fr\/julio-verne-nautica-home"},{"@type":"ListItem","position":2,"name":"Politique de qualit\u00e9"}]},{"@type":"WebSite","@id":"https:\/\/www.juliovernenautica.com\/fr#website","url":"https:\/\/www.juliovernenautica.com\/fr","name":"Julio Verne N\u00e1utica","description":"Formaci\u00f3n y charter n\u00e1utico en Galicia","publisher":{"@id":"https:\/\/www.juliovernenautica.com\/fr#organization"},"potentialAction":[{"@type":"SearchAction","target":{"@type":"EntryPoint","urlTemplate":"https:\/\/www.juliovernenautica.com\/fr?s={search_term_string}"},"query-input":{"@type":"PropertyValueSpecification","valueRequired":true,"valueName":"search_term_string"}}],"inLanguage":"fr-FR"},{"@type":"Organization","@id":"https:\/\/www.juliovernenautica.com\/fr#organization","name":"Julio Verne N\u00e1utica","url":"https:\/\/www.juliovernenautica.com\/fr","logo":{"@type":"ImageObject","inLanguage":"fr-FR","@id":"https:\/\/www.juliovernenautica.com\/fr#\/schema\/logo\/image\/","url":"https:\/\/www.juliovernenautica.com\/wp-content\/uploads\/2019\/12\/jv-nautica-icono-positivo-01.png","contentUrl":"https:\/\/www.juliovernenautica.com\/wp-content\/uploads\/2019\/12\/jv-nautica-icono-positivo-01.png","width":86,"height":86,"caption":"Julio Verne N\u00e1utica"},"image":{"@id":"https:\/\/www.juliovernenautica.com\/fr#\/schema\/logo\/image\/"},"sameAs":["https:\/\/www.facebook.com\/juliovernenautica\/","https:\/\/www.instagram.com\/julio_verne_nautica\/"]}]}},"_links":{"self":[{"href":"https:\/\/www.juliovernenautica.com\/fr\/wp-json\/wp\/v2\/pages\/13849","targetHints":{"allow":["GET"]}}],"collection":[{"href":"https:\/\/www.juliovernenautica.com\/fr\/wp-json\/wp\/v2\/pages"}],"about":[{"href":"https:\/\/www.juliovernenautica.com\/fr\/wp-json\/wp\/v2\/types\/page"}],"author":[{"embeddable":true,"href":"https:\/\/www.juliovernenautica.com\/fr\/wp-json\/wp\/v2\/users\/2"}],"replies":[{"embeddable":true,"href":"https:\/\/www.juliovernenautica.com\/fr\/wp-json\/wp\/v2\/comments?post=13849"}],"version-history":[{"count":0,"href":"https:\/\/www.juliovernenautica.com\/fr\/wp-json\/wp\/v2\/pages\/13849\/revisions"}],"wp:attachment":[{"href":"https:\/\/www.juliovernenautica.com\/fr\/wp-json\/wp\/v2\/media?parent=13849"}],"curies":[{"name":"wp","href":"https:\/\/api.w.org\/{rel}","templated":true}]}}