{"id":10916,"date":"2020-05-31T11:39:20","date_gmt":"2020-05-31T09:39:20","guid":{"rendered":"https:\/\/www.juliovernenautica.com\/politique-de-cookies"},"modified":"2026-01-28T11:37:49","modified_gmt":"2026-01-28T10:37:49","slug":"politique-de-cookies","status":"publish","type":"page","link":"https:\/\/www.juliovernenautica.com\/fr\/politique-de-cookies","title":{"rendered":"Politique de cookies"},"content":{"rendered":"\t\t<div data-elementor-type=\"wp-page\" data-elementor-id=\"10916\" class=\"elementor elementor-10916 elementor-1615\" data-elementor-post-type=\"page\">\n\t\t\t\t\t\t<section class=\"elementor-section elementor-top-section elementor-element elementor-element-506a4772 elementor-section-boxed elementor-section-height-default elementor-section-height-default\" data-id=\"506a4772\" data-element_type=\"section\" data-e-type=\"section\">\n\t\t\t\t\t\t<div class=\"elementor-container elementor-column-gap-default\">\n\t\t\t\t\t<div class=\"elementor-column elementor-col-100 elementor-top-column elementor-element elementor-element-1d05a068\" data-id=\"1d05a068\" data-element_type=\"column\" data-e-type=\"column\">\n\t\t\t<div class=\"elementor-widget-wrap elementor-element-populated\">\n\t\t\t\t\t\t<div class=\"elementor-element elementor-element-73db07ae elementor-widget elementor-widget-text-editor\" data-id=\"73db07ae\" data-element_type=\"widget\" data-e-type=\"widget\" data-widget_type=\"text-editor.default\">\n\t\t\t\t<div class=\"elementor-widget-container\">\n\t\t\t\t\t\t\t\t\t<h4>Qu\u00b4 est ce que sont les cookies ?<\/h4><p>Les cookies sont des fichiers qui s\u2019enregistrent sur votre ordinateur quand vous acc\u00e9dez \u00e0 certaines pages web ou tous autres services informatiques. Ce site web utilise des cookies et\/ou des technologies similaires qui gardent et r\u00e9cup\u00e8rent l\u00b4 information quand vous naviguer. En g\u00e9n\u00e9ral , ces technologies peuvent servir \u00e1 des fins tr\u00e8s diverses, comme, par exemple, reconna\u00eetre un utilisateur, obtenir de l\u2019information sur vos habitudes de navigation, ou personnaliser la forme dans lequel on voit le contenu. Le navigateur de la personne utilisatrice m\u00e9morise les cookies dans le disque dure seulement pendant la section pr\u00e9sente ,ils n\u00b4 occupent qu\u00b4 un espace minimum et n\u00b4 ab\u00eeme pas l\u2019ordinateur. Certains cookies ne contiennent aucune information personnelle sp\u00e9cifique, et dans leur majorit\u00e9 ils disparaissent du disque dure au moment de terminer la session de navigation ( ils sont appel\u00e9s cookies de navigation).<\/p><p>La majorit\u00e9 Des navigateurs acceptent les cookies de mani\u00e8re standard et, ind\u00e9pendamment d\u00b4 eux, ils permettent ou emp\u00eachent \u00e0 travers les param\u00e8tres de s\u00e9curit\u00e9 les cookies temporaires ou m\u00e9moris\u00e9s.<\/p><p>Les usages concrets que nous faisons de ces technologies vous sont pr\u00e9sent\u00e9s cidessous.<\/p><h4>Quels types de cookies utilise cette page web?<\/h4><p>[wcc_category_list]<\/p><ul><li><strong>Les cookies techniques<\/strong>: Ce sont ceux qui permettent \u00e1 l\u2019utilisateur la navigation au travers d\u2019une page web, plateforme ou application et d\u2019utiliser les diff\u00e9rentes options ou services quelles poss\u00e8dent comme par exemple, contr\u00f4ler le trafic et la communication des donn\u00e9es , identifier la session, acc\u00e9der aux lieux ou l acc\u00e8s est limit\u00e9, r\u00e9aliser le processus d\u2019achat d\u2019une commande, r\u00e9aliser la demande d\u2019inscription ou la participation \u00e0 un \u00e9v\u00e8nement , utiliser les \u00e9l\u00e9ments de s\u00e9curit\u00e9 pendant la navigation, stocker des contenus pour la diffusion de vid\u00e9os ou partager des contenus au travers des r\u00e9seaux sociaux.<\/li><li><strong>Cookies de personnalisation<\/strong>: Ces cookies permettent \u00e0 l&rsquo;utilisateur d&rsquo;acc\u00e9der au service avec certaines caract\u00e9ristiques g\u00e9n\u00e9rales pr\u00e9d\u00e9finies en fonction d&rsquo;une s\u00e9rie de crit\u00e8res pr\u00e9sents dans le terminal de l&rsquo;utilisateur, tels que la langue, le type de navigateur utilis\u00e9 pour acc\u00e9der au service, la configuration r\u00e9gionale \u00e0 partir de laquelle on acc\u00e8de au service, etc.<\/li><li><strong>Les cookies d\u00b4 analyses<\/strong>: Ce sont ceux qui employ\u00e9s par nous-m\u00eame ou bien par une tierce personne, nous permettent de quantifier le nombre d\u2019utilisateurs et d\u00b4 utilisatrices et ainsi r\u00e9aliser le Calcul et l analyse statistique de l\u2019utilisation que font les utilisateurs du service offert. Pour cela on analyse votre navigation sur notre page web afin d\u00b4 am\u00e9liorer l\u2019offre des produits ou des services que nous offrons.<\/li><li><strong>Cookies publicitaires<\/strong>: ce sont ceux qui, trait\u00e9s par nous-m\u00eames ou par des tiers, nous permettent de g\u00e9rer le plus efficacement possible l&rsquo;offre d&rsquo;espaces publicitaires sur le site web, en adaptant le contenu de la publicit\u00e9 au contenu du service demand\u00e9 ou \u00e0 l&rsquo;utilisation que vous faites de notre site web. Gr\u00e2ce a cela nous pouvons analyser vos habitudes de navigation sur internet et nous pouvons vous montrer de la publicit\u00e9 qui est en relation avec votre perfil de navigation.<\/li><li><strong>Cookies de publicit\u00e9 de comportement:<\/strong> Ce sont ceux qui permettent la gestion, de la forme la plus efficace, des espaces publicitaire, qui dans votre cas, l\u2019\u00e9diteur aura inclus dans la page web, une application ou une plateforme<\/li><\/ul><p>Les entreprises qui g\u00e9n\u00e8rent ces cookies sur les r\u00e9seaux sociaux ont leur propre politique de Cookies. Pour plus d\u00b4 information:<\/p><ul><li>Cookies de Google+ et Google MAps (<a href=\"https:\/\/policies.google.com\/technologies\/cookies?hl=es\">Cookies de Google<\/a>)<\/li><\/ul><h4>Qui g\u00e8re ces cookies ?<\/h4><div class=\"divTable\" style=\"width: 100%; border: 1px solid #000;\"><div class=\"divTableBody\"><div class=\"divTableRow\" style=\"background: #2a4858; color: #fff;\"><div class=\"divTableCell\">Nom cookie<\/div><div class=\"divTableCell\">Gestion propre ou de tiers<\/div><div class=\"divTableCell\">Fournisseur<\/div><div class=\"divTableCell\">Type de donn\u00e9es qu&rsquo;il recueille<\/div><div class=\"divTableCell\">Finalit\u00e9 du traitement<\/div><div class=\"divTableCell\">Cession internationale (pays tiers)<\/div><div class=\"divTableCell\">Dur\u00e9e des Cookies<\/div><\/div><div class=\"divTableRow\"> <\/div><div class=\"divTableCell\">_ga<\/div><div class=\"divTableCell\">de tiers<\/div><div class=\"divTableCell\">Google Inc.<\/div><div class=\"divTableCell\">Le cookie _ga, install\u00e9 par Google Analytics, calcule les donn\u00e9es des visiteurs, des sessions et des campagnes et suit \u00e9galement l&rsquo;utilisation du site pour les rapports d&rsquo;analyse du site.<\/div><div class=\"divTableCell\">Le cookie enregistre l&rsquo;information de mani\u00e8re anonyme et assigne un num\u00e9ro cr\u00e9\u00e9 au hasard pour reconna\u00eetre les visiteurs uniques.<\/div><div class=\"divTableCell\">OUI<\/div><div class=\"divTableCell\">2 ans<\/div><\/div><div class=\"divTableRow\"><div class=\"divTableCell\">_gat_gtag_UA_172773485_1<\/div><div class=\"divTableCell\">de tiers<\/div><div class=\"divTableCell\">Google Inc.<\/div><div class=\"divTableCell\">Cr\u00e9\u00e9 par Google pour distinguer les utilisateurs.<\/div><div class=\"divTableCell\"> <\/div><div class=\"divTableCell\">OUI<\/div><div class=\"divTableCell\">1 minute<\/div><\/div><div class=\"divTableRow\"><div class=\"divTableCell\">_gid<\/div><div class=\"divTableCell\">de tiers<\/div><div class=\"divTableCell\">Google Inc.<\/div><div class=\"divTableCell\">Install\u00e9 par Google Analytics, le cookie _gid stocke information sur l&rsquo;usage que les visiteurs font d&rsquo;un site web et cr\u00e9e un rapport analytique sur les performances du site.<\/div><div class=\"divTableCell\">Certaines donn\u00e9es qu&rsquo;ils gardent sont le nombre de visiteurs, son origine et les pages qu&rsquo;ils visitent de mani\u00e8re anonyme.<\/div><div class=\"divTableCell\">OUI<\/div><div class=\"divTableCell\">1 jour<\/div><\/div><div class=\"divTableRow\"><div class=\"divTableCell\">cookielawinfo-checkbox-advertisement<\/div><div class=\"divTableCell\">propre<\/div><div class=\"divTableCell\">MOZILOR LIMITED<\/div><div class=\"divTableCell\">Consentement<\/div><div class=\"divTableCell\">Cette cookie s&rsquo;utilis\u00e9 pour enregistrer l&rsquo;accord de l&rsquo;utilisateur pour les cookies de la cat\u00e9gorie \u00ab\u00a0Publicit\u00e9\u00a0\u00bb.<\/div><div class=\"divTableCell\">OUI<\/div><div class=\"divTableCell\">1 an<\/div><\/div><div class=\"divTableRow\"><div class=\"divTableCell\">cookielawinfo-checkbox-analytics<\/div><div class=\"divTableCell\">propre<\/div><div class=\"divTableCell\">MOZILOR LIMITED<\/div><div class=\"divTableCell\">Consentement<\/div><div class=\"divTableCell\">Cette cookie s&rsquo;utilis\u00e9 pour enregistrer l&rsquo;accord de l&rsquo;utilisateur pour les cookies de la cat\u00e9gorie \u00ab\u00a0Analytics\u00a0\u00bb<\/div><div class=\"divTableCell\">OUI<\/div><div class=\"divTableCell\">1 an<\/div><\/div><div class=\"divTableRow\"><div class=\"divTableCell\">cookielawinfo-checkbox-functional<\/div><div class=\"divTableCell\">propre<\/div><div class=\"divTableCell\">MOZILOR LIMITED<\/div><div class=\"divTableCell\">Consentement<\/div><div class=\"divTableCell\">Le cookie s&rsquo;\u00e9tablie pour le le consentement de cookies GDPR pour enregistrer l&rsquo;accord de l&rsquo;utilisateur pour les cookies de la cat\u00e9gorie \u00ab\u00a0fonctionnelle\u00a0\u00bb.<\/div><div class=\"divTableCell\">OUI<\/div><div class=\"divTableCell\">1 an<\/div><\/div><div class=\"divTableRow\"><div class=\"divTableCell\">cookielawinfo-checkbox-necessary<\/div><div class=\"divTableCell\">propre<\/div><div class=\"divTableCell\">MOZILOR LIMITED<\/div><div class=\"divTableCell\">Consentement<\/div><div class=\"divTableCell\">Cette cookie s&rsquo;utilis\u00e9 pour enregistrer l&rsquo;accord de l&rsquo;utilisateur pour les cookies de la cat\u00e9gorie \u00ab\u00a0Necessaire\u00a0\u00bb.<\/div><div class=\"divTableCell\">OUI<\/div><div class=\"divTableCell\">1 an<\/div><\/div><div class=\"divTableRow\"><div class=\"divTableCell\">cookielawinfo-checkbox-non-necessary<\/div><div class=\"divTableCell\">propre<\/div><div class=\"divTableCell\">MOZILOR LIMITED<\/div><div class=\"divTableCell\">Consentement<\/div><div class=\"divTableCell\">Cette cookie s&rsquo;utilis\u00e9 pour enregistrer l&rsquo;accord de l&rsquo;utilisateur pour les cookies de la cat\u00e9gorie \u00ab\u00a0pas necessaire\u00a0\u00bb.<\/div><div class=\"divTableCell\">OUI<\/div><div class=\"divTableCell\">1 an<\/div><\/div><div class=\"divTableRow\"><div class=\"divTableCell\">cookielawinfo-checkbox-others<\/div><div class=\"divTableCell\">propre<\/div><div class=\"divTableCell\">MOZILOR LIMITED<\/div><div class=\"divTableCell\">Consentement<\/div><div class=\"divTableCell\">Cette cookie s&rsquo;utilis\u00e9 pour enregistrer l&rsquo;accord de l&rsquo;utilisateur pour les cookies de la cat\u00e9gorie \u00ab\u00a0Autres\u00a0\u00bb.<\/div><div class=\"divTableCell\">OUI<\/div><div class=\"divTableCell\">1 an<\/div><\/div><div class=\"divTableRow\"><div class=\"divTableCell\">cookielawinfo-checkbox-performance<\/div><div class=\"divTableCell\">propre<\/div><div class=\"divTableCell\">MOZILOR LIMITED<\/div><div class=\"divTableCell\">Consentement<\/div><div class=\"divTableCell\">Cette cookie s&rsquo;utilis\u00e9 pour enregistrer l&rsquo;accord de l&rsquo;utilisateur pour les cookies de la cat\u00e9gorie \u00ab\u00a0rendement\u00a0\u00bb.<\/div><div class=\"divTableCell\">OUI<\/div><div class=\"divTableCell\">1 an<\/div><\/div><div class=\"divTableRow\"><div class=\"divTableCell\">elementor<\/div><div class=\"divTableCell\">propre<\/div><div class=\"divTableCell\">Elementor<\/div><div class=\"divTableCell\"> <\/div><div class=\"divTableCell\">Cette cookie s&rsquo;utilise pour el theme de WordPress du site web. Permet au propri\u00e9taire du site web d&rsquo;implementer ou de changer le contenu du site en temps r\u00e9el.<\/div><div class=\"divTableCell\">OUI<\/div><div class=\"divTableCell\">jamais<\/div><\/div><div class=\"divTableRow\"><div class=\"divTableCell\">JSESSIONID<\/div><div class=\"divTableCell\">propre<\/div><div class=\"divTableCell\">WordPress<\/div><div class=\"divTableCell\"> <\/div><div class=\"divTableCell\">Cookies de session de plateforme \u00e0 caract\u00e8re g\u00e9n\u00e9ral s&rsquo;utilisent pour maintenir l&rsquo;\u00e9tat des utilisateurs \u00e0 travers les demandes de la page.<\/div><div class=\"divTableCell\">OUI<\/div><div class=\"divTableCell\">session<\/div><\/div><div class=\"divTableRow\"><div class=\"divTableCell\">NID<\/div><div class=\"divTableCell\">de tiers<\/div><div class=\"divTableCell\">Google Inc.<\/div><div class=\"divTableCell\"> <\/div><div class=\"divTableCell\">Le cookie NID, \u00e9tablie par Google, s&rsquo;utilis\u00e9 \u00e0 des fins publicitaires, pour limiter les vues d&rsquo;une publicit\u00e9 par un usager, passer sous silence les publicit\u00e9s que l&rsquo;on ne souhaite pas et mesurer l&rsquo;efficacit\u00e9 des publicit\u00e9s.<\/div><div class=\"divTableCell\">OUI<\/div><div class=\"divTableCell\">6 mois<\/div><\/div><\/div><h4>Information sur la fa\u00e7on d&rsquo;accepter, de rejeter ou r\u00e9voquer le consentement pour l&rsquo;usage de cookies.<\/h4><p>A travers l&rsquo;acceptation expresse ou bien de parametrer et apr\u00e8s l&rsquo;acceptation des cookies de ce site, on donne le consentement pour le traitement de l&rsquo;information collect\u00e9e et avec les finalit\u00e9s mencionn\u00e9es anterieurement En outreon a la possibilit\u00e9 de refuser le traitement de certaines donn\u00e9es ou informations refus\u00e9e par l&rsquo;usage de cookies \u00e0 travers la s\u00e9lection des param\u00e8tres appropri\u00e9s \u00e0 cette fin dans son navigateur. M\u00eame, si cette option de blocage des cookies dans son navigateur internet peut emp\u00eacher l&rsquo;usage complet de toutes les fonctionnalit\u00e9s du site web<\/p><p>Les mineurs de 14 ans devront avoir l&rsquo;accord des parents ou du tuteur l\u00e9gal.<\/p><p>Vous pouvez permettre, de bloquer ou \u00e9liminer les cookies install\u00e9s dans l&rsquo;ordinateur a travers le parametre des options du navigateur install\u00e9 dans votre ordinateur :<\/p><ul><li><a href=\"http:\/\/support.google.com\/chrome\/bin\/answer.py?hl=es&amp;answer=95647\">Chrome<\/a><\/li><li><a href=\"http:\/\/windows.microsoft.com\/es-es\/windows7\/how-to-manage-cookies-in-internet-explorer-9\">Explorer<\/a><\/li><li><a href=\"http:\/\/support.mozilla.org\/es\/kb\/habilitar-y-deshabilitar-cookies-que-los-sitios-we\">Firefox<\/a><\/li><li><a href=\"http:\/\/support.apple.com\/kb\/ph5042\">Safari<\/a><\/li><\/ul><h4>L&rsquo;information sur des transferts de donn\u00e9es \u00e0 des pays tiers.<\/h4><p>Cette page web ne r\u00e9alise pas de donn\u00e9es \u00e0 caract\u00e8re personnel vers des pays tiers.<\/p><h4>P\u00e9riode de conservation des donn\u00e9es<\/h4><p>Les cookies seront utilis\u00e9s uniquement et exclusivement durant le temps n\u00e9cessaire pour atteindre les fins pour lesquelles ils sont indiqu\u00e9s dans chaque cookie. Pour tout le reste, VERUELA 2000 SL a adapt\u00e9 \u00e0 ses propres cookies les dur\u00e9es de conservation des informations.<\/p><p>En ce qui concerne les cookies \u00e0 des tiers, les p\u00e9riodes de conservation pourront \u00eatre consult\u00e9es sur leur politique de confidentialit\u00e9, comme dans l&rsquo;encadr\u00e9 de la section <em>Qui g\u00e8re ces cookies ?<\/em> Une fois que le cookie a expir\u00e9, il peut \u00eatre renouvel\u00e9 si l&rsquo;utilisateur en accepte l&rsquo;utilisation.<\/p><p>VERUELA 2000 SL se r\u00e9serve le droit de modifier cette politique de cookies si des changements dans la configuration et\/ou de son usage qui sera publi\u00e9 sur la m\u00eame page web<\/p><p>Si vous souhaitez plus d&rsquo;information sur la protection des donn\u00e9es, vous pouvez consulter notre <em><u>politique de confidentialit\u00e9<\/u><\/em> ou nous contacter par courrier \u00e9lectronique \u00e0 l&rsquo;adresse suivante : <a href=\"mailto:info@juliovernenautica.com\">info@juliovernenautica.com.<\/a><\/p><p><em>Octobre 2021<\/em><\/p>\t\t\t\t\t\t\t\t<\/div>\n\t\t\t\t<\/div>\n\t\t\t\t\t<\/div>\n\t\t<\/div>\n\t\t\t\t\t<\/div>\n\t\t<\/section>\n\t\t\t\t<\/div>\n\t\t","protected":false},"excerpt":{"rendered":"<p>Qu\u00b4 est ce que sont les cookies ? Les cookies sont des fichiers qui s\u2019enregistrent sur votre ordinateur quand vous acc\u00e9dez \u00e0 certaines pages web ou tous autres services informatiques. Ce site web utilise des cookies et\/ou des technologies similaires qui gardent et r\u00e9cup\u00e8rent l\u00b4 information quand vous naviguer. En g\u00e9n\u00e9ral , ces technologies peuvent [&hellip;]<\/p>\n","protected":false},"author":1,"featured_media":0,"parent":0,"menu_order":0,"comment_status":"closed","ping_status":"closed","template":"","meta":{"_acf_changed":false,"_joinchat":[],"footnotes":""},"class_list":["post-10916","page","type-page","status-publish","hentry"],"acf":[],"yoast_head":"<!-- This site is optimized with the Yoast SEO Premium plugin v24.5 (Yoast SEO v27.3) - https:\/\/yoast.com\/product\/yoast-seo-premium-wordpress\/ -->\n<title>Politique de cookies | Julio Verne N\u00e1utica<\/title>\n<meta name=\"robots\" content=\"noindex, follow\" \/>\n<meta property=\"og:locale\" content=\"fr_FR\" \/>\n<meta property=\"og:type\" content=\"article\" \/>\n<meta property=\"og:title\" content=\"Politique de cookies\" \/>\n<meta property=\"og:description\" content=\"Qu\u00b4 est ce que sont les cookies ? Les cookies sont des fichiers qui s\u2019enregistrent sur votre ordinateur quand vous acc\u00e9dez \u00e0 certaines pages web ou tous autres services informatiques. Ce site web utilise des cookies et\/ou des technologies similaires qui gardent et r\u00e9cup\u00e8rent l\u00b4 information quand vous naviguer. En g\u00e9n\u00e9ral , ces technologies peuvent [&hellip;]\" \/>\n<meta property=\"og:url\" content=\"https:\/\/www.juliovernenautica.com\/fr\/politique-de-cookies\" \/>\n<meta property=\"og:site_name\" content=\"Julio Verne N\u00e1utica\" \/>\n<meta property=\"article:publisher\" content=\"https:\/\/www.facebook.com\/juliovernenautica\/\" \/>\n<meta property=\"article:modified_time\" content=\"2026-01-28T10:37:49+00:00\" \/>\n<meta name=\"twitter:card\" content=\"summary_large_image\" \/>\n<script type=\"application\/ld+json\" class=\"yoast-schema-graph\">{\"@context\":\"https:\\\/\\\/schema.org\",\"@graph\":[{\"@type\":\"WebPage\",\"@id\":\"https:\\\/\\\/www.juliovernenautica.com\\\/fr\\\/politique-de-cookies\",\"url\":\"https:\\\/\\\/www.juliovernenautica.com\\\/fr\\\/politique-de-cookies\",\"name\":\"Politique de cookies | Julio Verne N\u00e1utica\",\"isPartOf\":{\"@id\":\"https:\\\/\\\/www.juliovernenautica.com\\\/fr#website\"},\"datePublished\":\"2020-05-31T09:39:20+00:00\",\"dateModified\":\"2026-01-28T10:37:49+00:00\",\"breadcrumb\":{\"@id\":\"https:\\\/\\\/www.juliovernenautica.com\\\/fr\\\/politique-de-cookies#breadcrumb\"},\"inLanguage\":\"fr-FR\",\"potentialAction\":[{\"@type\":\"ReadAction\",\"target\":[\"https:\\\/\\\/www.juliovernenautica.com\\\/fr\\\/politique-de-cookies\"]}]},{\"@type\":\"BreadcrumbList\",\"@id\":\"https:\\\/\\\/www.juliovernenautica.com\\\/fr\\\/politique-de-cookies#breadcrumb\",\"itemListElement\":[{\"@type\":\"ListItem\",\"position\":1,\"name\":\"Home\",\"item\":\"https:\\\/\\\/www.juliovernenautica.com\\\/fr\\\/julio-verne-nautica-home\"},{\"@type\":\"ListItem\",\"position\":2,\"name\":\"Politique de cookies\"}]},{\"@type\":\"WebSite\",\"@id\":\"https:\\\/\\\/www.juliovernenautica.com\\\/fr#website\",\"url\":\"https:\\\/\\\/www.juliovernenautica.com\\\/fr\",\"name\":\"Julio Verne N\u00e1utica\",\"description\":\"Formaci\u00f3n y charter n\u00e1utico en Galicia\",\"publisher\":{\"@id\":\"https:\\\/\\\/www.juliovernenautica.com\\\/fr#organization\"},\"potentialAction\":[{\"@type\":\"SearchAction\",\"target\":{\"@type\":\"EntryPoint\",\"urlTemplate\":\"https:\\\/\\\/www.juliovernenautica.com\\\/fr?s={search_term_string}\"},\"query-input\":{\"@type\":\"PropertyValueSpecification\",\"valueRequired\":true,\"valueName\":\"search_term_string\"}}],\"inLanguage\":\"fr-FR\"},{\"@type\":\"Organization\",\"@id\":\"https:\\\/\\\/www.juliovernenautica.com\\\/fr#organization\",\"name\":\"Julio Verne N\u00e1utica\",\"url\":\"https:\\\/\\\/www.juliovernenautica.com\\\/fr\",\"logo\":{\"@type\":\"ImageObject\",\"inLanguage\":\"fr-FR\",\"@id\":\"https:\\\/\\\/www.juliovernenautica.com\\\/fr#\\\/schema\\\/logo\\\/image\\\/\",\"url\":\"https:\\\/\\\/www.juliovernenautica.com\\\/wp-content\\\/uploads\\\/2019\\\/12\\\/jv-nautica-icono-positivo-01.png\",\"contentUrl\":\"https:\\\/\\\/www.juliovernenautica.com\\\/wp-content\\\/uploads\\\/2019\\\/12\\\/jv-nautica-icono-positivo-01.png\",\"width\":86,\"height\":86,\"caption\":\"Julio Verne N\u00e1utica\"},\"image\":{\"@id\":\"https:\\\/\\\/www.juliovernenautica.com\\\/fr#\\\/schema\\\/logo\\\/image\\\/\"},\"sameAs\":[\"https:\\\/\\\/www.facebook.com\\\/juliovernenautica\\\/\",\"https:\\\/\\\/www.instagram.com\\\/julio_verne_nautica\\\/\"]}]}<\/script>\n<!-- \/ Yoast SEO Premium plugin. -->","yoast_head_json":{"title":"Politique de cookies | Julio Verne N\u00e1utica","robots":{"index":"noindex","follow":"follow"},"og_locale":"fr_FR","og_type":"article","og_title":"Politique de cookies","og_description":"Qu\u00b4 est ce que sont les cookies ? Les cookies sont des fichiers qui s\u2019enregistrent sur votre ordinateur quand vous acc\u00e9dez \u00e0 certaines pages web ou tous autres services informatiques. Ce site web utilise des cookies et\/ou des technologies similaires qui gardent et r\u00e9cup\u00e8rent l\u00b4 information quand vous naviguer. En g\u00e9n\u00e9ral , ces technologies peuvent [&hellip;]","og_url":"https:\/\/www.juliovernenautica.com\/fr\/politique-de-cookies","og_site_name":"Julio Verne N\u00e1utica","article_publisher":"https:\/\/www.facebook.com\/juliovernenautica\/","article_modified_time":"2026-01-28T10:37:49+00:00","twitter_card":"summary_large_image","schema":{"@context":"https:\/\/schema.org","@graph":[{"@type":"WebPage","@id":"https:\/\/www.juliovernenautica.com\/fr\/politique-de-cookies","url":"https:\/\/www.juliovernenautica.com\/fr\/politique-de-cookies","name":"Politique de cookies | Julio Verne N\u00e1utica","isPartOf":{"@id":"https:\/\/www.juliovernenautica.com\/fr#website"},"datePublished":"2020-05-31T09:39:20+00:00","dateModified":"2026-01-28T10:37:49+00:00","breadcrumb":{"@id":"https:\/\/www.juliovernenautica.com\/fr\/politique-de-cookies#breadcrumb"},"inLanguage":"fr-FR","potentialAction":[{"@type":"ReadAction","target":["https:\/\/www.juliovernenautica.com\/fr\/politique-de-cookies"]}]},{"@type":"BreadcrumbList","@id":"https:\/\/www.juliovernenautica.com\/fr\/politique-de-cookies#breadcrumb","itemListElement":[{"@type":"ListItem","position":1,"name":"Home","item":"https:\/\/www.juliovernenautica.com\/fr\/julio-verne-nautica-home"},{"@type":"ListItem","position":2,"name":"Politique de cookies"}]},{"@type":"WebSite","@id":"https:\/\/www.juliovernenautica.com\/fr#website","url":"https:\/\/www.juliovernenautica.com\/fr","name":"Julio Verne N\u00e1utica","description":"Formaci\u00f3n y charter n\u00e1utico en Galicia","publisher":{"@id":"https:\/\/www.juliovernenautica.com\/fr#organization"},"potentialAction":[{"@type":"SearchAction","target":{"@type":"EntryPoint","urlTemplate":"https:\/\/www.juliovernenautica.com\/fr?s={search_term_string}"},"query-input":{"@type":"PropertyValueSpecification","valueRequired":true,"valueName":"search_term_string"}}],"inLanguage":"fr-FR"},{"@type":"Organization","@id":"https:\/\/www.juliovernenautica.com\/fr#organization","name":"Julio Verne N\u00e1utica","url":"https:\/\/www.juliovernenautica.com\/fr","logo":{"@type":"ImageObject","inLanguage":"fr-FR","@id":"https:\/\/www.juliovernenautica.com\/fr#\/schema\/logo\/image\/","url":"https:\/\/www.juliovernenautica.com\/wp-content\/uploads\/2019\/12\/jv-nautica-icono-positivo-01.png","contentUrl":"https:\/\/www.juliovernenautica.com\/wp-content\/uploads\/2019\/12\/jv-nautica-icono-positivo-01.png","width":86,"height":86,"caption":"Julio Verne N\u00e1utica"},"image":{"@id":"https:\/\/www.juliovernenautica.com\/fr#\/schema\/logo\/image\/"},"sameAs":["https:\/\/www.facebook.com\/juliovernenautica\/","https:\/\/www.instagram.com\/julio_verne_nautica\/"]}]}},"_links":{"self":[{"href":"https:\/\/www.juliovernenautica.com\/fr\/wp-json\/wp\/v2\/pages\/10916","targetHints":{"allow":["GET"]}}],"collection":[{"href":"https:\/\/www.juliovernenautica.com\/fr\/wp-json\/wp\/v2\/pages"}],"about":[{"href":"https:\/\/www.juliovernenautica.com\/fr\/wp-json\/wp\/v2\/types\/page"}],"author":[{"embeddable":true,"href":"https:\/\/www.juliovernenautica.com\/fr\/wp-json\/wp\/v2\/users\/1"}],"replies":[{"embeddable":true,"href":"https:\/\/www.juliovernenautica.com\/fr\/wp-json\/wp\/v2\/comments?post=10916"}],"version-history":[{"count":0,"href":"https:\/\/www.juliovernenautica.com\/fr\/wp-json\/wp\/v2\/pages\/10916\/revisions"}],"wp:attachment":[{"href":"https:\/\/www.juliovernenautica.com\/fr\/wp-json\/wp\/v2\/media?parent=10916"}],"curies":[{"name":"wp","href":"https:\/\/api.w.org\/{rel}","templated":true}]}}