{"id":10914,"date":"2020-05-31T11:53:20","date_gmt":"2020-05-31T09:53:20","guid":{"rendered":"https:\/\/www.juliovernenautica.com\/politique-de-confidentialite"},"modified":"2026-02-13T13:57:01","modified_gmt":"2026-02-13T12:57:01","slug":"politique-de-confidentialite","status":"publish","type":"page","link":"https:\/\/www.juliovernenautica.com\/fr\/politique-de-confidentialite","title":{"rendered":"Politique de confidentialit\u00e9"},"content":{"rendered":"<h1>Propri\u00e9t\u00e9 du site web<\/h1>\n<p>Entreprise: Veruela 2000, S.L<br \/>\nCIF: B27760628<br \/>\nAdresse: Calle del Reloj 5, oficina 3.<br \/>\n36300 Baiona.<br \/>\nPontevedra, Galicia, Espa\u00f1a.<br \/>\n<strong>Contact<\/strong>:<br \/>\nT\u00e9l\u00e9phone: +34 683 499 448<br \/>\nEmail: info@juliovernenautica.com<\/p>\n<h4>1. RENSEIGNEMENTS D\u00b4IDENTIFICATIONS<\/h4>\n<p>VERUELA 2000 SL d\u00e9sormais JULIO VERNE NAUTICA, est propri\u00e9taire du site web <a href=\"https:\/\/www.juliovernenautica.com\/fr\">www.juliovernenautica.com<\/a> avec comme adresse de ce fait \u00e0 rua do Reloxo 5 oficina 6 36300 BAIONA, numero d\u2019identification fiscal B27760628, et courrier \u00e9lectronique de contact  <a href=\"mailto:office@juliovernenautica.com\">office@juliovernenautica.com<\/a><\/p>\n<h4>2. PROTECTION DES DONN\u00c9ES<\/h4>\n<p>JVN, conform\u00e9ment \u00e0 la <u>loi organique 3\/2018, du 5 d\u00e9cembre, de la protection des donn\u00e9es personnelles et de la garantie des droits num\u00e9riques<\/u> , et le <u>RGPD<\/u>, veille afin de garantir l\u2019usage et le traitements des donn\u00e9es personnelles de mani\u00e8re correct pour celui qui navigue sur ce site web.<\/p>\n<p>Pour cela, chaque formulaire ou sont collect\u00e9es les donn\u00e9es \u00e0 caract\u00e8re personnel, pour les services que chaque utilisateur\/ utilisatrice a pu demander \u00e0 JVN, fera savoir \u00e0 chaque personne L \u00b4existence et acceptation des conditions particuli\u00e8res du traitements des donn\u00e9es pour chaque cas en l\u00b4 informant de la responsabilit\u00e9 du fichier cr\u00e9\u00e9, l\u2019adresse du responsable, la possibilit\u00e9 de d\u00e9fendre ses droits, la finalit\u00e9 du traitement et les communications des donn\u00e9es \u00e1 des tiers.<\/p>\n<h4>3. ADRESSES IP<\/h4>\n<p>Les serveurs de site web pourront d\u00e9tecter de maigre automatique l\u00b4 adresse IP et le nom du domaine utilis\u00e9 par la personne utilisatrice.<\/p>\n<p>Un adresse IP est un num\u00e9ro attribu\u00e9 automatiquement \u00e0 un ordinateur lorsque celui-ci se connecte \u00e1 internet. Toute cette information est enregistr\u00e9e sur un fichier d\u2019activit\u00e9 du serveur d\u00fbment inscrit et qui permet ensuite la manipulation des donn\u00e9es afin d\u2019obtenir des mesures uniquement statistique qui permettent de conna\u00eetre le nombre de pages imprim\u00e9es, le nombre de visites r\u00e9alis\u00e9es sur les services web, l\u00b4 ordre des visites, le point d\u2019 acc\u00e8s, etc\u2026<\/p>\n<h4>4. S\u00c9CURIT\u00c9<\/h4>\n<p>Le site web utilise les techniques de s\u00e9curit\u00e9 de l\u2019information g\u00e9n\u00e9ralement accept\u00e9es dans l\u2019industrie, tels que firewalls, les proc\u00e9dures de contr\u00f4le d\u2019acc\u00e8s et les m\u00e9canismes cryptographiques, tout cela comme unique objectif d\u2019\u00e9viter un acc\u00e8s aux donn\u00e9es non autoriser .<\/p>\n<p>A cette fin, la personne utilisatrice\/client <strong>accepte express\u00e9ment<\/strong> que le prestataire obtienne les donn\u00e9es pour effectuer les preuves d authentifications des contr\u00f4le d acc\u00e8s.<\/p>\n<p>Tout processus de recrutement ou contrat qui contient des donn\u00e9e personnelles sp\u00e9ciales comme des donn\u00e9es sur la sant\u00e9, id\u00e9ologique, ect\u2026 seront toujours transmisent selon un protocole de communication s\u00fbre <strong>(https:\/\u2026)<\/strong>, de cette fa\u00e7on aucune tierce personne n\u2019aura acc\u00e8s \u00e0 l\u2019information transmise via l\u00b4 \u00e9lectronique.<\/p>\n<h4>5. LES MINEURS.<\/h4>\n<p>Une personne MINEUR de 14ans ne devrai pas laisser ses donn\u00e9es personnelles a JULIO NERNE NAUTICA, sans le consentement de son p\u00e8re , sa m\u00e8re , ou son tuteur\/ tutrice l\u00e9gal.<\/p>\n<p>Avec la publication du RGPD , il est pr\u00e9vu la d\u00e9termination de l \u00e2ge pour accepter de c\u00e9der des donn\u00e9es personnelles entre 16 et 13 ans, en Espagne depuis l \u00b4entr\u00e9e en vigueur de la LOPDGDD elle est fix\u00e9e a 14 ans.<\/p>\n<p>Dans le cas ou JVN d\u00e9tecte des usagers\/usag\u00e8res sur le web qui puissent \u00eatre <strong>mineurs de 14 ans<\/strong>, elle se r\u00e9serve le droit de demander une copie de la carte d\u2019identit\u00e9 ou, dans ce cas, l autorisation du p\u00e8re, de la m\u00e8re, ou du tuteur\/tutrice l\u00e9gal, provocant son renvoi dans le cas de ne pas respecter les normes exig\u00e9es ou l\u00b4 absence de r\u00e9ponse.<\/p>\n<h4>6 EXERCICE DES DROITS<\/h4>\n<p>A tout moment l\u00b4 usager \/ web pourra modifier ses pr\u00e9f\u00e9rences d\u00b4 envois commerciales , mais aussi faire valoir ses droits pr\u00e9vus par la l\u00e9gislation , par le biais d\u00b4une carte \u00e9crite \u00e0 JVN , \u00e0 l\u2019adresse postal suivante Rua do reloxo 5 office 6 36300 BAIONA, ou par mail a <a href=\"mailto:office@juliovernenautica.com\">office@juliovernenautica.com<\/a><\/p>\n<p>Dans les deux cas, l\u00b4usager\/web devra faire parvenir une copie de sa carte d\u2019identit\u00e9 , passeport ou similaire.<\/p>\n<ul>\n<li>ACC\u00c8S : s\u2019assurer qu\u2019on utilise bien ses propres donn\u00e9es.<\/li>\n<li>SUPPRESSION : s\u00b4 assurer de l\u00b4 \u00e9limination de ses donn\u00e9es<\/li>\n<li>RECTIFICATION: modifier les donn\u00e9es incorrects, erron\u00e9es ou incompl\u00e8tes<\/li>\n<li>PORTABILIT\u00c9 : Recevoir de JVN ses propres donn\u00e9es personnelles et les renvoyer \u00e0 un autre responsable du traitement.<\/li>\n<li>OPOSITION: S\u00b4 opposer \u00e0 ce que es donn\u00e9es personnelles qui le concerne soit l\u2019objet d\u2019un traitement bas\u00e9 sur la conformit\u00e9 \u00e0 des fins d\u2019inter\u00eats publiques , ou des int\u00e9r\u00eats l\u00e9gitime pour le responsable du traitement.<\/li>\n<li>LIMITATION DU TRAITEMENT: Obtenir du responsable du traitement la limitation du traitement des donn\u00e9es.<\/li>\n<\/ul>\n<p>Mais aussi, vous pouvez utiliser les mod\u00e8les et les formulaires mis \u00e0 votre disposition pour d\u00e9fendre vos droits sur le site de la AEPD.<\/p>\n<p>Si vous ne souhaitez pas recevoir d\u2019information par courrier \u00e9lectronique vous pouvez exercer <strong>votre droit de r\u00e9tractation et d\u2019opposition<\/strong> en le demandant directement par courrier \u00e9lectronique , Ou bien aussi \u00e0 travers le lien que vous rencontrer dans chacun des courriers \u00e9lectronique que vous recevrez de JVN<strong>.<\/strong><\/p>\n<h4>7 ACTIVIT\u00c9 DE TRAITEMENT Y FINALIT\u00c9.<\/h4>\n<p>JVN collecte l\u2019information de chaque client\/ fournisseur\/etc. pour par la prestation de son service De vente, facturation , envoie d\u2019information, etc<\/p>\n<p>Les cat\u00e9gories de donn\u00e9es accessibles a travers ce site web:<\/p>\n<ul>\n<li>Les donn\u00e9es d\u2019identit\u00e9s: nom, pr\u00e9nom, fonction, courrier \u00e9lectronique, num\u00e9ro de t\u00e9l\u00e9phone,..<\/li>\n<li>Donn\u00e9es comptable: num\u00e9ro de compte, carte bancaire,..<\/li>\n<\/ul>\n<p>Cessions des donn\u00e9es du responsable du traitement:<\/p>\n<p>JVN informe les usagers de la web que ses donn\u00e9es personnelles <strong>ne seront pas c\u00e9d\u00e9es \u00e0 des tierces personnes ou des organisations<\/strong> except\u00e9 lorsque la cession des donn\u00e9es est prot\u00e9g\u00e9e Par une obligation l\u00e9gale ou quand la prestation de service implique la n\u00e9cessit\u00e9 d\u00b4 une relation contractuelle avec les fournisseurs charg\u00e9s du traitement. Sur ce dernier cas, uniquement se realisera la cession des donn\u00e9es \u00e0 des tiers quand JULIO VERNE N\u00c1UTICA aura <strong>l&rsquo;accord explicite<\/strong> de l&rsquo;utilisateur et maintient une relation contractuelle avec le directeur du traitement qui garantie la confidentialit\u00e9 et la conformit\u00e9 des donn\u00e9es.<\/p>\n<p>JULIO VERNE N\u00c1UTICA <strong>interdit express\u00e9ment<\/strong> \u00e0 l&rsquo;utilisateur du site web de <strong>partager, fournir ou transf\u00e9rer <\/strong>des donnees de tiers, qu&rsquo;il jourrai obtenir du contact de l&rsquo;interraction ou de la r\u00e9alisation de navigation ou consultation de la web, \u00e0 l&rsquo;exception de pouvoir accr\u00e9diter l&rsquo;autorisation expresse de l&rsquo;utilisateur\/trice des donn\u00e9es qu&rsquo;il pretend c\u00e9der<\/p>\n<p>Nous rappelons \u00e0 chaque personne qui utilise cette site web que les DONN\u00c9ES PERSONNELLES englobe aussi les dossiers d&rsquo;image des personnes. L&rsquo;image personnelle est une donn\u00e9e prot\u00e9g\u00e9e par la normative (article 5.1 du r\u00e8glement de developpement de la OPD). De ce fait, personne pourra l&rsquo;utiliser <strong>sans le consentement expresse<\/strong> de la personne qui y appara\u00eet en elle.<\/p>\n<h4>8. LEGISLATION APPLICABLE<\/h4>\n<p>La<strong> politique de confidentialit\u00e9<\/strong> de JULIO VERNE N\u00c1UTICA suit les r\u00e8gles suivantes : <\/p>\n<ul>\n<li>Le <a href=\"https:\/\/www.boe.es\/doue\/2016\/119\/L00001-00088.pdf\"  rel=\"nofollow noopener\">R\u00e8glement (UE) 2016\/679 du Parlement europ\u00e9en et du Conseil du 27 avril 2016 relatif \u00e0 la protection des personnes physiques respecte le traitement des donn\u00e9es personnelles et la libre circulation de ces donn\u00e9es<\/a> ;<\/li>\n<li>La <a href=\"https:\/\/www.boe.es\/buscar\/act.php?id=BOE-A-2002-13758\">loi 34\/2002, du 11 juillet, des services de la soci\u00e9t\u00e9 de l&rsquo;information et du commerce \u00e9lectronique (LSSI-CE).<\/a><\/li>\n<li>La <a href=\"https:\/\/www.boe.es\/buscar\/doc.php?id=BOE-A-2018-16673\">loi organique 3\/2018, du 5 d\u00e9cembre, sur la protection des donn\u00e9es personnelles et en garantie des droits num\u00e9riques.<\/a><\/li>\n<\/ul>\n","protected":false},"excerpt":{"rendered":"<p>Propri\u00e9t\u00e9 du site web Entreprise: Veruela 2000, S.L CIF: B27760628 Adresse: Calle del Reloj 5, oficina 3. 36300 Baiona. Pontevedra, Galicia, Espa\u00f1a. Contact: T\u00e9l\u00e9phone: +34 683 499 448 Email: info@juliovernenautica.com 1. RENSEIGNEMENTS D\u00b4IDENTIFICATIONS VERUELA 2000 SL d\u00e9sormais JULIO VERNE NAUTICA, est propri\u00e9taire du site web www.juliovernenautica.com avec comme adresse de ce fait \u00e0 rua do [&hellip;]<\/p>\n","protected":false},"author":2,"featured_media":0,"parent":0,"menu_order":0,"comment_status":"closed","ping_status":"closed","template":"","meta":{"_acf_changed":false,"_joinchat":[],"footnotes":""},"class_list":["post-10914","page","type-page","status-publish","hentry"],"acf":[],"yoast_head":"<!-- This site is optimized with the Yoast SEO Premium plugin v24.5 (Yoast SEO v27.3) - https:\/\/yoast.com\/product\/yoast-seo-premium-wordpress\/ -->\n<title>Politique de confidentialit\u00e9 | Julio Verne N\u00e1utica<\/title>\n<meta name=\"robots\" content=\"noindex, follow\" \/>\n<meta property=\"og:locale\" content=\"fr_FR\" \/>\n<meta property=\"og:type\" content=\"article\" \/>\n<meta property=\"og:title\" content=\"Politique de confidentialit\u00e9\" \/>\n<meta property=\"og:description\" content=\"Propri\u00e9t\u00e9 du site web Entreprise: Veruela 2000, S.L CIF: B27760628 Adresse: Calle del Reloj 5, oficina 3. 36300 Baiona. Pontevedra, Galicia, Espa\u00f1a. Contact: T\u00e9l\u00e9phone: +34 683 499 448 Email: info@juliovernenautica.com 1. RENSEIGNEMENTS D\u00b4IDENTIFICATIONS VERUELA 2000 SL d\u00e9sormais JULIO VERNE NAUTICA, est propri\u00e9taire du site web www.juliovernenautica.com avec comme adresse de ce fait \u00e0 rua do [&hellip;]\" \/>\n<meta property=\"og:url\" content=\"https:\/\/www.juliovernenautica.com\/fr\/politique-de-confidentialite\" \/>\n<meta property=\"og:site_name\" content=\"Julio Verne N\u00e1utica\" \/>\n<meta property=\"article:publisher\" content=\"https:\/\/www.facebook.com\/juliovernenautica\/\" \/>\n<meta property=\"article:modified_time\" content=\"2026-02-13T12:57:01+00:00\" \/>\n<meta name=\"twitter:card\" content=\"summary_large_image\" \/>\n<script type=\"application\/ld+json\" class=\"yoast-schema-graph\">{\"@context\":\"https:\\\/\\\/schema.org\",\"@graph\":[{\"@type\":\"WebPage\",\"@id\":\"https:\\\/\\\/www.juliovernenautica.com\\\/fr\\\/politique-de-confidentialite\",\"url\":\"https:\\\/\\\/www.juliovernenautica.com\\\/fr\\\/politique-de-confidentialite\",\"name\":\"Politique de confidentialit\u00e9 | Julio Verne N\u00e1utica\",\"isPartOf\":{\"@id\":\"https:\\\/\\\/www.juliovernenautica.com\\\/fr#website\"},\"datePublished\":\"2020-05-31T09:53:20+00:00\",\"dateModified\":\"2026-02-13T12:57:01+00:00\",\"breadcrumb\":{\"@id\":\"https:\\\/\\\/www.juliovernenautica.com\\\/fr\\\/politique-de-confidentialite#breadcrumb\"},\"inLanguage\":\"fr-FR\",\"potentialAction\":[{\"@type\":\"ReadAction\",\"target\":[\"https:\\\/\\\/www.juliovernenautica.com\\\/fr\\\/politique-de-confidentialite\"]}]},{\"@type\":\"BreadcrumbList\",\"@id\":\"https:\\\/\\\/www.juliovernenautica.com\\\/fr\\\/politique-de-confidentialite#breadcrumb\",\"itemListElement\":[{\"@type\":\"ListItem\",\"position\":1,\"name\":\"Home\",\"item\":\"https:\\\/\\\/www.juliovernenautica.com\\\/fr\\\/julio-verne-nautica-home\"},{\"@type\":\"ListItem\",\"position\":2,\"name\":\"Politique de confidentialit\u00e9\"}]},{\"@type\":\"WebSite\",\"@id\":\"https:\\\/\\\/www.juliovernenautica.com\\\/fr#website\",\"url\":\"https:\\\/\\\/www.juliovernenautica.com\\\/fr\",\"name\":\"Julio Verne N\u00e1utica\",\"description\":\"Formaci\u00f3n y charter n\u00e1utico en Galicia\",\"publisher\":{\"@id\":\"https:\\\/\\\/www.juliovernenautica.com\\\/fr#organization\"},\"potentialAction\":[{\"@type\":\"SearchAction\",\"target\":{\"@type\":\"EntryPoint\",\"urlTemplate\":\"https:\\\/\\\/www.juliovernenautica.com\\\/fr?s={search_term_string}\"},\"query-input\":{\"@type\":\"PropertyValueSpecification\",\"valueRequired\":true,\"valueName\":\"search_term_string\"}}],\"inLanguage\":\"fr-FR\"},{\"@type\":\"Organization\",\"@id\":\"https:\\\/\\\/www.juliovernenautica.com\\\/fr#organization\",\"name\":\"Julio Verne N\u00e1utica\",\"url\":\"https:\\\/\\\/www.juliovernenautica.com\\\/fr\",\"logo\":{\"@type\":\"ImageObject\",\"inLanguage\":\"fr-FR\",\"@id\":\"https:\\\/\\\/www.juliovernenautica.com\\\/fr#\\\/schema\\\/logo\\\/image\\\/\",\"url\":\"https:\\\/\\\/www.juliovernenautica.com\\\/wp-content\\\/uploads\\\/2019\\\/12\\\/jv-nautica-icono-positivo-01.png\",\"contentUrl\":\"https:\\\/\\\/www.juliovernenautica.com\\\/wp-content\\\/uploads\\\/2019\\\/12\\\/jv-nautica-icono-positivo-01.png\",\"width\":86,\"height\":86,\"caption\":\"Julio Verne N\u00e1utica\"},\"image\":{\"@id\":\"https:\\\/\\\/www.juliovernenautica.com\\\/fr#\\\/schema\\\/logo\\\/image\\\/\"},\"sameAs\":[\"https:\\\/\\\/www.facebook.com\\\/juliovernenautica\\\/\",\"https:\\\/\\\/www.instagram.com\\\/julio_verne_nautica\\\/\"]}]}<\/script>\n<!-- \/ Yoast SEO Premium plugin. -->","yoast_head_json":{"title":"Politique de confidentialit\u00e9 | Julio Verne N\u00e1utica","robots":{"index":"noindex","follow":"follow"},"og_locale":"fr_FR","og_type":"article","og_title":"Politique de confidentialit\u00e9","og_description":"Propri\u00e9t\u00e9 du site web Entreprise: Veruela 2000, S.L CIF: B27760628 Adresse: Calle del Reloj 5, oficina 3. 36300 Baiona. Pontevedra, Galicia, Espa\u00f1a. Contact: T\u00e9l\u00e9phone: +34 683 499 448 Email: info@juliovernenautica.com 1. RENSEIGNEMENTS D\u00b4IDENTIFICATIONS VERUELA 2000 SL d\u00e9sormais JULIO VERNE NAUTICA, est propri\u00e9taire du site web www.juliovernenautica.com avec comme adresse de ce fait \u00e0 rua do [&hellip;]","og_url":"https:\/\/www.juliovernenautica.com\/fr\/politique-de-confidentialite","og_site_name":"Julio Verne N\u00e1utica","article_publisher":"https:\/\/www.facebook.com\/juliovernenautica\/","article_modified_time":"2026-02-13T12:57:01+00:00","twitter_card":"summary_large_image","schema":{"@context":"https:\/\/schema.org","@graph":[{"@type":"WebPage","@id":"https:\/\/www.juliovernenautica.com\/fr\/politique-de-confidentialite","url":"https:\/\/www.juliovernenautica.com\/fr\/politique-de-confidentialite","name":"Politique de confidentialit\u00e9 | Julio Verne N\u00e1utica","isPartOf":{"@id":"https:\/\/www.juliovernenautica.com\/fr#website"},"datePublished":"2020-05-31T09:53:20+00:00","dateModified":"2026-02-13T12:57:01+00:00","breadcrumb":{"@id":"https:\/\/www.juliovernenautica.com\/fr\/politique-de-confidentialite#breadcrumb"},"inLanguage":"fr-FR","potentialAction":[{"@type":"ReadAction","target":["https:\/\/www.juliovernenautica.com\/fr\/politique-de-confidentialite"]}]},{"@type":"BreadcrumbList","@id":"https:\/\/www.juliovernenautica.com\/fr\/politique-de-confidentialite#breadcrumb","itemListElement":[{"@type":"ListItem","position":1,"name":"Home","item":"https:\/\/www.juliovernenautica.com\/fr\/julio-verne-nautica-home"},{"@type":"ListItem","position":2,"name":"Politique de confidentialit\u00e9"}]},{"@type":"WebSite","@id":"https:\/\/www.juliovernenautica.com\/fr#website","url":"https:\/\/www.juliovernenautica.com\/fr","name":"Julio Verne N\u00e1utica","description":"Formaci\u00f3n y charter n\u00e1utico en Galicia","publisher":{"@id":"https:\/\/www.juliovernenautica.com\/fr#organization"},"potentialAction":[{"@type":"SearchAction","target":{"@type":"EntryPoint","urlTemplate":"https:\/\/www.juliovernenautica.com\/fr?s={search_term_string}"},"query-input":{"@type":"PropertyValueSpecification","valueRequired":true,"valueName":"search_term_string"}}],"inLanguage":"fr-FR"},{"@type":"Organization","@id":"https:\/\/www.juliovernenautica.com\/fr#organization","name":"Julio Verne N\u00e1utica","url":"https:\/\/www.juliovernenautica.com\/fr","logo":{"@type":"ImageObject","inLanguage":"fr-FR","@id":"https:\/\/www.juliovernenautica.com\/fr#\/schema\/logo\/image\/","url":"https:\/\/www.juliovernenautica.com\/wp-content\/uploads\/2019\/12\/jv-nautica-icono-positivo-01.png","contentUrl":"https:\/\/www.juliovernenautica.com\/wp-content\/uploads\/2019\/12\/jv-nautica-icono-positivo-01.png","width":86,"height":86,"caption":"Julio Verne N\u00e1utica"},"image":{"@id":"https:\/\/www.juliovernenautica.com\/fr#\/schema\/logo\/image\/"},"sameAs":["https:\/\/www.facebook.com\/juliovernenautica\/","https:\/\/www.instagram.com\/julio_verne_nautica\/"]}]}},"_links":{"self":[{"href":"https:\/\/www.juliovernenautica.com\/fr\/wp-json\/wp\/v2\/pages\/10914","targetHints":{"allow":["GET"]}}],"collection":[{"href":"https:\/\/www.juliovernenautica.com\/fr\/wp-json\/wp\/v2\/pages"}],"about":[{"href":"https:\/\/www.juliovernenautica.com\/fr\/wp-json\/wp\/v2\/types\/page"}],"author":[{"embeddable":true,"href":"https:\/\/www.juliovernenautica.com\/fr\/wp-json\/wp\/v2\/users\/2"}],"replies":[{"embeddable":true,"href":"https:\/\/www.juliovernenautica.com\/fr\/wp-json\/wp\/v2\/comments?post=10914"}],"version-history":[{"count":0,"href":"https:\/\/www.juliovernenautica.com\/fr\/wp-json\/wp\/v2\/pages\/10914\/revisions"}],"wp:attachment":[{"href":"https:\/\/www.juliovernenautica.com\/fr\/wp-json\/wp\/v2\/media?parent=10914"}],"curies":[{"name":"wp","href":"https:\/\/api.w.org\/{rel}","templated":true}]}}