{"id":10892,"date":"2020-05-30T19:56:07","date_gmt":"2020-05-30T17:56:07","guid":{"rendered":"https:\/\/www.juliovernenautica.com\/equipe-formateur"},"modified":"2026-01-28T11:37:46","modified_gmt":"2026-01-28T10:37:46","slug":"equipe-formateur","status":"publish","type":"page","link":"https:\/\/www.juliovernenautica.com\/fr\/equipe-formateur","title":{"rendered":"Equipe FORMATEUR"},"content":{"rendered":"\t\t<div data-elementor-type=\"wp-page\" data-elementor-id=\"10892\" class=\"elementor elementor-10892 elementor-1510\" data-elementor-post-type=\"page\">\n\t\t\t\t\t\t<section class=\"elementor-section elementor-top-section elementor-element elementor-element-70cae03 elementor-section-height-min-height elementor-section-stretched elementor-section-full_width elementor-section-height-default elementor-section-items-middle\" data-id=\"70cae03\" data-element_type=\"section\" data-e-type=\"section\" data-settings=\"{&quot;stretch_section&quot;:&quot;section-stretched&quot;,&quot;background_background&quot;:&quot;classic&quot;,&quot;shape_divider_bottom&quot;:&quot;tilt&quot;}\">\n\t\t\t\t\t\t\t<div class=\"elementor-background-overlay\"><\/div>\n\t\t\t\t\t\t<div class=\"elementor-shape elementor-shape-bottom\" aria-hidden=\"true\" data-negative=\"false\">\n\t\t\t<svg xmlns=\"http:\/\/www.w3.org\/2000\/svg\" viewBox=\"0 0 1000 100\" preserveAspectRatio=\"none\">\n\t<path class=\"elementor-shape-fill\" d=\"M0,6V0h1000v100L0,6z\"\/>\n<\/svg>\t\t<\/div>\n\t\t\t\t\t<div class=\"elementor-container elementor-column-gap-default\">\n\t\t\t\t\t<div class=\"elementor-column elementor-col-100 elementor-top-column elementor-element elementor-element-6754362\" data-id=\"6754362\" data-element_type=\"column\" data-e-type=\"column\" data-settings=\"{&quot;background_background&quot;:&quot;classic&quot;}\">\n\t\t\t<div class=\"elementor-widget-wrap elementor-element-populated\">\n\t\t\t\t\t\t<div class=\"elementor-element elementor-element-3e0fb65 elementor-widget elementor-widget-text-editor\" data-id=\"3e0fb65\" data-element_type=\"widget\" data-e-type=\"widget\" data-widget_type=\"text-editor.default\">\n\t\t\t\t<div class=\"elementor-widget-container\">\n\t\t\t\t\t\t\t\t\t<h1 class=\"white\">Equipe FORMATEUR<\/h1>\t\t\t\t\t\t\t\t<\/div>\n\t\t\t\t<\/div>\n\t\t\t\t\t<\/div>\n\t\t<\/div>\n\t\t\t\t\t<\/div>\n\t\t<\/section>\n\t\t\t\t<section class=\"elementor-section elementor-top-section elementor-element elementor-element-fd48824 elementor-section-boxed elementor-section-height-default elementor-section-height-default\" data-id=\"fd48824\" data-element_type=\"section\" data-e-type=\"section\">\n\t\t\t\t\t\t<div class=\"elementor-container elementor-column-gap-default\">\n\t\t\t\t\t<div class=\"elementor-column elementor-col-16 elementor-top-column elementor-element elementor-element-89306e5\" data-id=\"89306e5\" data-element_type=\"column\" data-e-type=\"column\">\n\t\t\t<div class=\"elementor-widget-wrap\">\n\t\t\t\t\t\t\t<\/div>\n\t\t<\/div>\n\t\t\t\t<div class=\"elementor-column elementor-col-66 elementor-top-column elementor-element elementor-element-16385e3\" data-id=\"16385e3\" data-element_type=\"column\" data-e-type=\"column\">\n\t\t\t<div class=\"elementor-widget-wrap elementor-element-populated\">\n\t\t\t\t\t\t<div class=\"elementor-element elementor-element-a617764 elementor-widget elementor-widget-heading\" data-id=\"a617764\" data-element_type=\"widget\" data-e-type=\"widget\" data-widget_type=\"heading.default\">\n\t\t\t\t<div class=\"elementor-widget-container\">\n\t\t\t\t\t<h1 class=\"elementor-heading-title elementor-size-default\">On vous forme pour naviguer<\/h1>\t\t\t\t<\/div>\n\t\t\t\t<\/div>\n\t\t\t\t<div class=\"elementor-element elementor-element-a57e018 elementor-widget elementor-widget-heading\" data-id=\"a57e018\" data-element_type=\"widget\" data-e-type=\"widget\" data-widget_type=\"heading.default\">\n\t\t\t\t<div class=\"elementor-widget-container\">\n\t\t\t\t\t<h4 class=\"elementor-heading-title elementor-size-default\">Notre grande passion: la mer et l'enseignement<\/h4>\t\t\t\t<\/div>\n\t\t\t\t<\/div>\n\t\t\t\t<div class=\"elementor-element elementor-element-a7b70e9 elementor-widget elementor-widget-text-editor\" data-id=\"a7b70e9\" data-element_type=\"widget\" data-e-type=\"widget\" data-widget_type=\"text-editor.default\">\n\t\t\t\t<div class=\"elementor-widget-container\">\n\t\t\t\t\t\t\t\t\t<p style=\"text-align: center;\">La cl\u00e9 de la formation, et sp\u00e9cialement dans les \u00e9coles nautiques, se sont les instructeurs et Le plan de navigation L&rsquo;\u00e9cole Julio Verne N\u00e1utica vous offre le meilleur sc\u00e9nario de formation de la p\u00e9ninsule ib\u00e9rique : les R\u00edas Baixas. Formez vous sur toutes les conditions de navigation possibles et profitez en toute s\u00e9curit\u00e9 de la navigation en solitaire .<\/p>\t\t\t\t\t\t\t\t<\/div>\n\t\t\t\t<\/div>\n\t\t\t\t\t<\/div>\n\t\t<\/div>\n\t\t\t\t<div class=\"elementor-column elementor-col-16 elementor-top-column elementor-element elementor-element-8591db1\" data-id=\"8591db1\" data-element_type=\"column\" data-e-type=\"column\">\n\t\t\t<div class=\"elementor-widget-wrap\">\n\t\t\t\t\t\t\t<\/div>\n\t\t<\/div>\n\t\t\t\t\t<\/div>\n\t\t<\/section>\n\t\t<div class=\"elementor-element elementor-element-86491c7 e-flex e-con-boxed e-con e-parent\" data-id=\"86491c7\" data-element_type=\"container\" data-e-type=\"container\">\n\t\t\t\t\t<div class=\"e-con-inner\">\n\t\t\t\t<div class=\"elementor-element elementor-element-88226b9 elementor-widget elementor-widget-template\" data-id=\"88226b9\" data-element_type=\"widget\" data-e-type=\"widget\" data-widget_type=\"template.default\">\n\t\t\t\t<div class=\"elementor-widget-container\">\n\t\t\t\t\t\t\t<div class=\"elementor-template\">\n\t\t\t\t\t<div data-elementor-type=\"container\" data-elementor-id=\"19134\" class=\"elementor elementor-19134 elementor-19097 elementor-19097\" data-elementor-post-type=\"elementor_library\">\n\t\t\t\t<div class=\"elementor-element elementor-element-4771ecf e-flex e-con-boxed e-con e-parent\" data-id=\"4771ecf\" data-element_type=\"container\" data-e-type=\"container\">\n\t\t\t\t\t<div class=\"e-con-inner\">\n\t\t\t\t<div class=\"elementor-element elementor-element-2e4e2a0 elementor-position-left elementor-position-top elementor-vertical-align-middle elementor-widget elementor-widget-image-box\" data-id=\"2e4e2a0\" data-element_type=\"widget\" data-e-type=\"widget\" data-widget_type=\"image-box.default\">\n\t\t\t\t<div class=\"elementor-widget-container\">\n\t\t\t\t\t<div class=\"elementor-image-box-wrapper\"><figure class=\"elementor-image-box-img\"><img fetchpriority=\"high\" decoding=\"async\" width=\"300\" height=\"300\" src=\"https:\/\/www.juliovernenautica.com\/wp-content\/uploads\/2023\/01\/ivan-perez-gandaras-lacarcel.jpg\" class=\"attachment-full size-full wp-image-10108\" alt=\"\" srcset=\"https:\/\/www.juliovernenautica.com\/wp-content\/uploads\/2023\/01\/ivan-perez-gandaras-lacarcel.jpg 300w, https:\/\/www.juliovernenautica.com\/wp-content\/uploads\/2023\/01\/ivan-perez-gandaras-lacarcel-150x150.jpg 150w\" sizes=\"(max-width: 300px) 100vw, 300px\" \/><\/figure><div class=\"elementor-image-box-content\"><h3 class=\"elementor-image-box-title\">Iv\u00e1n P\u00e9rez-G\u00e1ndaras<\/h3><p class=\"elementor-image-box-description\"><b>Manager<\/b><br>Offshore Skipper, Yacht Master Offshore, Professional Yacht Skipper. Plus de 20000 milles parcourues. Broker. Base en gestion \u00e0 Ibiza, Azores et Galice. Instructeur des dipl\u00f4mes nautiques. Entraineur des \u00c9quipes de r\u00e9gates. Biologiste marin. Guide officiel du Parque National des \u00eeles Atlantiques. Nationalit\u00e9 Espagnol.<\/p><\/div><\/div>\t\t\t\t<\/div>\n\t\t\t\t<\/div>\n\t\t<div class=\"elementor-element elementor-element-b964bde e-con-full e-grid e-con e-child\" data-id=\"b964bde\" data-element_type=\"container\" data-e-type=\"container\">\n\t\t\t\t<div class=\"elementor-element elementor-element-e3ad461 elementor-position-top elementor-widget elementor-widget-image-box\" data-id=\"e3ad461\" data-element_type=\"widget\" data-e-type=\"widget\" data-widget_type=\"image-box.default\">\n\t\t\t\t<div class=\"elementor-widget-container\">\n\t\t\t\t\t<div class=\"elementor-image-box-wrapper\"><figure class=\"elementor-image-box-img\"><img decoding=\"async\" width=\"200\" height=\"200\" src=\"https:\/\/www.juliovernenautica.com\/wp-content\/uploads\/2023\/01\/jessica-wegner-1.jpg\" class=\"attachment-full size-full wp-image-10106\" alt=\"\" srcset=\"https:\/\/www.juliovernenautica.com\/wp-content\/uploads\/2023\/01\/jessica-wegner-1.jpg 200w, https:\/\/www.juliovernenautica.com\/wp-content\/uploads\/2023\/01\/jessica-wegner-1-150x150.jpg 150w\" sizes=\"(max-width: 200px) 100vw, 200px\" \/><\/figure><div class=\"elementor-image-box-content\"><h3 class=\"elementor-image-box-title\">Jessica Wegner<\/h3><p class=\"elementor-image-box-description\"><b>Responsable de la gestion des d\u00e9partements Charter et Enal<\/b><br>Assistant en tourisme international, professionnel de la gestion de la client\u00e8le. Nationalit\u00e9 : allemande. Langues : allemand, espagnol, anglais, fran\u00e7ais.<\/p><\/div><\/div>\t\t\t\t<\/div>\n\t\t\t\t<\/div>\n\t\t\t\t<div class=\"elementor-element elementor-element-2e8b56a elementor-position-top elementor-widget elementor-widget-image-box\" data-id=\"2e8b56a\" data-element_type=\"widget\" data-e-type=\"widget\" data-widget_type=\"image-box.default\">\n\t\t\t\t<div class=\"elementor-widget-container\">\n\t\t\t\t\t<div class=\"elementor-image-box-wrapper\"><figure class=\"elementor-image-box-img\"><img decoding=\"async\" width=\"200\" height=\"200\" src=\"https:\/\/www.juliovernenautica.com\/wp-content\/uploads\/2023\/10\/daniel-vieira-vasconcelos.jpg\" class=\"attachment-full size-full wp-image-11168\" alt=\"\" srcset=\"https:\/\/www.juliovernenautica.com\/wp-content\/uploads\/2023\/10\/daniel-vieira-vasconcelos.jpg 200w, https:\/\/www.juliovernenautica.com\/wp-content\/uploads\/2023\/10\/daniel-vieira-vasconcelos-150x150.jpg 150w\" sizes=\"(max-width: 200px) 100vw, 200px\" \/><\/figure><div class=\"elementor-image-box-content\"><h3 class=\"elementor-image-box-title\">Daniel Vieira Vasconcelos<\/h3><p class=\"elementor-image-box-description\"><b>Instructeur<\/b><br>Voile depuis l'\u00e2ge de 5 ans, longue exp\u00e9rience internationale en tant que marin. Entra\u00eeneur d'\u00e9quipe de r\u00e9gate. Skipper professionnel depuis 2007. Mention commerciale Yachtmaster Offshore.  Instructeur de navigation. Plus de 20000 milles parcourues. 11 travers\u00e9es de l'Atlantique, dont 3 r\u00e9alis\u00e9es en solitaire.<\/p><\/div><\/div>\t\t\t\t<\/div>\n\t\t\t\t<\/div>\n\t\t\t\t<div class=\"elementor-element elementor-element-d6b6d82 elementor-position-top elementor-widget elementor-widget-image-box\" data-id=\"d6b6d82\" data-element_type=\"widget\" data-e-type=\"widget\" data-widget_type=\"image-box.default\">\n\t\t\t\t<div class=\"elementor-widget-container\">\n\t\t\t\t\t<div class=\"elementor-image-box-wrapper\"><figure class=\"elementor-image-box-img\"><img loading=\"lazy\" decoding=\"async\" width=\"200\" height=\"200\" src=\"https:\/\/www.juliovernenautica.com\/wp-content\/uploads\/2025\/12\/juliovernenautica-equipo-thomas-white-1_1.jpg\" class=\"attachment-full size-full wp-image-19056\" alt=\"\" srcset=\"https:\/\/www.juliovernenautica.com\/wp-content\/uploads\/2025\/12\/juliovernenautica-equipo-thomas-white-1_1.jpg 200w, https:\/\/www.juliovernenautica.com\/wp-content\/uploads\/2025\/12\/juliovernenautica-equipo-thomas-white-1_1-150x150.jpg 150w, https:\/\/www.juliovernenautica.com\/wp-content\/uploads\/2025\/12\/juliovernenautica-equipo-thomas-white-1_1-70x70.jpg 70w\" sizes=\"(max-width: 200px) 100vw, 200px\" \/><\/figure><div class=\"elementor-image-box-content\"><h3 class=\"elementor-image-box-title\">Thomas White<\/h3><p class=\"elementor-image-box-description\"><b>Instructeur en chef RYA<\/b><br>Instructeur RYA Yachtmaster et Yachtmaster Ocean avec qualification commerciale. Il a suivi une formation de marin au Royaume-Uni et a donn\u00e9 des cours RYA en Angleterre, \u00e0 Gibraltar et aux \u00eeles Canaries. Il a parcouru plus de 20 000 milles, dont deux travers\u00e9es de l'Atlantique et la course Fastnet.<\/p><\/div><\/div>\t\t\t\t<\/div>\n\t\t\t\t<\/div>\n\t\t\t\t<div class=\"elementor-element elementor-element-13c0cd4 elementor-position-top elementor-widget elementor-widget-image-box\" data-id=\"13c0cd4\" data-element_type=\"widget\" data-e-type=\"widget\" data-widget_type=\"image-box.default\">\n\t\t\t\t<div class=\"elementor-widget-container\">\n\t\t\t\t\t<div class=\"elementor-image-box-wrapper\"><figure class=\"elementor-image-box-img\"><img loading=\"lazy\" decoding=\"async\" width=\"200\" height=\"200\" src=\"https:\/\/www.juliovernenautica.com\/wp-content\/uploads\/2022\/06\/patrick-van-der-zjiden.jpg\" class=\"attachment-full size-full wp-image-10049\" alt=\"\" srcset=\"https:\/\/www.juliovernenautica.com\/wp-content\/uploads\/2022\/06\/patrick-van-der-zjiden.jpg 200w, https:\/\/www.juliovernenautica.com\/wp-content\/uploads\/2022\/06\/patrick-van-der-zjiden-150x150.jpg 150w\" sizes=\"(max-width: 200px) 100vw, 200px\" \/><\/figure><div class=\"elementor-image-box-content\"><h3 class=\"elementor-image-box-title\">Patrick Van Der Zijden<\/h3><p class=\"elementor-image-box-description\"><b>Instructeur Yachtmaster<\/b><br>RYA Yachtmaster Ocean Instructor Sail. RYA Advanced Powerboat Instructor (Instructeur avanc\u00e9 de bateau \u00e0 moteur).  Nationalite: Hollandais. Langues : n\u00e9erlandais, anglais, portugais.<\/p><\/div><\/div>\t\t\t\t<\/div>\n\t\t\t\t<\/div>\n\t\t\t\t<div class=\"elementor-element elementor-element-0c32e50 elementor-position-top elementor-widget elementor-widget-image-box\" data-id=\"0c32e50\" data-element_type=\"widget\" data-e-type=\"widget\" data-widget_type=\"image-box.default\">\n\t\t\t\t<div class=\"elementor-widget-container\">\n\t\t\t\t\t<div class=\"elementor-image-box-wrapper\"><figure class=\"elementor-image-box-img\"><img loading=\"lazy\" decoding=\"async\" width=\"200\" height=\"200\" src=\"https:\/\/www.juliovernenautica.com\/wp-content\/uploads\/2023\/01\/frank-moeller-1.jpg\" class=\"attachment-full size-full wp-image-10105\" alt=\"\" srcset=\"https:\/\/www.juliovernenautica.com\/wp-content\/uploads\/2023\/01\/frank-moeller-1.jpg 200w, https:\/\/www.juliovernenautica.com\/wp-content\/uploads\/2023\/01\/frank-moeller-1-150x150.jpg 150w\" sizes=\"(max-width: 200px) 100vw, 200px\" \/><\/figure><div class=\"elementor-image-box-content\"><h3 class=\"elementor-image-box-title\">Frank Moeller<\/h3><p class=\"elementor-image-box-description\"><b>RYA Sail Instructor, RYA Yachtmaster Offshore\/ Yachtmaster<\/b><br>N\u00e9 sur les rives de la mer Baltique, il aime tout ce qui a trait \u00e0 l'eau. Il pratique la voile, le kitesurf et la plong\u00e9e depuis de nombreuses ann\u00e9es et partage sa passion pour l'oc\u00e9an.  Langues : allemand, espagnol, anglais\n<\/p><\/div><\/div>\t\t\t\t<\/div>\n\t\t\t\t<\/div>\n\t\t\t\t<\/div>\n\t\t\t\t\t<\/div>\n\t\t\t\t<\/div>\n\t\t\t\t<\/div>\n\t\t\t\t<\/div>\n\t\t\t\t\t\t<\/div>\n\t\t\t\t<\/div>\n\t\t\t\t\t<\/div>\n\t\t\t\t<\/div>\n\t\t\t\t<section class=\"elementor-section elementor-top-section elementor-element elementor-element-170ddf6b elementor-section-stretched elementor-section-boxed elementor-section-height-default elementor-section-height-default\" data-id=\"170ddf6b\" data-element_type=\"section\" data-e-type=\"section\" data-settings=\"{&quot;stretch_section&quot;:&quot;section-stretched&quot;,&quot;background_background&quot;:&quot;classic&quot;}\">\n\t\t\t\t\t\t<div class=\"elementor-container elementor-column-gap-default\">\n\t\t\t\t\t<div class=\"elementor-column elementor-col-100 elementor-top-column elementor-element elementor-element-2dfbd673\" data-id=\"2dfbd673\" data-element_type=\"column\" data-e-type=\"column\">\n\t\t\t<div class=\"elementor-widget-wrap elementor-element-populated\">\n\t\t\t\t\t\t<div class=\"elementor-element elementor-element-22e3496d elementor-widget elementor-widget-text-editor\" data-id=\"22e3496d\" data-element_type=\"widget\" data-e-type=\"widget\" data-widget_type=\"text-editor.default\">\n\t\t\t\t<div class=\"elementor-widget-container\">\n\t\t\t\t\t\t\t\t\t<h3 class=\"white\">Vous souhaitez rejoindre notre \u00e9quipe ?<\/h3>\t\t\t\t\t\t\t\t<\/div>\n\t\t\t\t<\/div>\n\t\t\t\t<div class=\"elementor-element elementor-element-58f043b3 elementor-align-center elementor-widget elementor-widget-button\" data-id=\"58f043b3\" data-element_type=\"widget\" data-e-type=\"widget\" data-widget_type=\"button.default\">\n\t\t\t\t<div class=\"elementor-widget-container\">\n\t\t\t\t\t\t\t\t\t<div class=\"elementor-button-wrapper\">\n\t\t\t\t\t<a class=\"elementor-button elementor-button-link elementor-size-md\" href=\"https:\/\/www.juliovernenautica.com\/fr\/travaillez-avec-nous\">\n\t\t\t\t\t\t<span class=\"elementor-button-content-wrapper\">\n\t\t\t\t\t\t\t\t\t<span class=\"elementor-button-text\">ENVOYEZ-NOUS VOTRE CV<\/span>\n\t\t\t\t\t<\/span>\n\t\t\t\t\t<\/a>\n\t\t\t\t<\/div>\n\t\t\t\t\t\t\t\t<\/div>\n\t\t\t\t<\/div>\n\t\t\t\t\t<\/div>\n\t\t<\/div>\n\t\t\t\t\t<\/div>\n\t\t<\/section>\n\t\t\t\t<\/div>\n\t\t","protected":false},"excerpt":{"rendered":"<p>Equipe FORMATEUR On vous forme pour naviguer Notre grande passion: la mer et l&rsquo;enseignement La cl\u00e9 de la formation, et sp\u00e9cialement dans les \u00e9coles nautiques, se sont les instructeurs et Le plan de navigation L&rsquo;\u00e9cole Julio Verne N\u00e1utica vous offre le meilleur sc\u00e9nario de formation de la p\u00e9ninsule ib\u00e9rique : les R\u00edas Baixas. Formez vous [&hellip;]<\/p>\n","protected":false},"author":1,"featured_media":0,"parent":0,"menu_order":0,"comment_status":"closed","ping_status":"closed","template":"","meta":{"_acf_changed":false,"_joinchat":[],"footnotes":""},"class_list":["post-10892","page","type-page","status-publish","hentry"],"acf":[],"yoast_head":"<!-- This site is optimized with the Yoast SEO Premium plugin v24.5 (Yoast SEO v27.3) - https:\/\/yoast.com\/product\/yoast-seo-premium-wordpress\/ -->\n<title>Apprend \u00e0 naviguer avec nous | Julio Verne N\u00e1utica<\/title>\n<meta name=\"description\" content=\"L&#039;\u00e9cole Julio Verne N\u00e1utica vous offre le meilleur sc\u00e9nario d&#039;entra\u00eenement de la p\u00e9ninsule ib\u00e9rique : les R\u00edas Bixas. Informez-vous ici.\" \/>\n<meta name=\"robots\" content=\"noindex, follow\" \/>\n<meta property=\"og:locale\" content=\"fr_FR\" \/>\n<meta property=\"og:type\" content=\"article\" \/>\n<meta property=\"og:title\" content=\"Equipe FORMATEUR\" \/>\n<meta property=\"og:description\" content=\"L&#039;\u00e9cole Julio Verne N\u00e1utica vous offre le meilleur sc\u00e9nario d&#039;entra\u00eenement de la p\u00e9ninsule ib\u00e9rique : les R\u00edas Bixas. Informez-vous ici.\" \/>\n<meta property=\"og:url\" content=\"https:\/\/www.juliovernenautica.com\/fr\/equipe-formateur\" \/>\n<meta property=\"og:site_name\" content=\"Julio Verne N\u00e1utica\" \/>\n<meta property=\"article:publisher\" content=\"https:\/\/www.facebook.com\/juliovernenautica\/\" \/>\n<meta property=\"article:modified_time\" content=\"2026-01-28T10:37:46+00:00\" \/>\n<meta name=\"twitter:card\" content=\"summary_large_image\" \/>\n<script type=\"application\/ld+json\" class=\"yoast-schema-graph\">{\"@context\":\"https:\\\/\\\/schema.org\",\"@graph\":[{\"@type\":\"WebPage\",\"@id\":\"https:\\\/\\\/www.juliovernenautica.com\\\/fr\\\/equipe-formateur\",\"url\":\"https:\\\/\\\/www.juliovernenautica.com\\\/fr\\\/equipe-formateur\",\"name\":\"Apprend \u00e0 naviguer avec nous | Julio Verne N\u00e1utica\",\"isPartOf\":{\"@id\":\"https:\\\/\\\/www.juliovernenautica.com\\\/fr#website\"},\"datePublished\":\"2020-05-30T17:56:07+00:00\",\"dateModified\":\"2026-01-28T10:37:46+00:00\",\"description\":\"L'\u00e9cole Julio Verne N\u00e1utica vous offre le meilleur sc\u00e9nario d'entra\u00eenement de la p\u00e9ninsule ib\u00e9rique : les R\u00edas Bixas. Informez-vous ici.\",\"breadcrumb\":{\"@id\":\"https:\\\/\\\/www.juliovernenautica.com\\\/fr\\\/equipe-formateur#breadcrumb\"},\"inLanguage\":\"fr-FR\",\"potentialAction\":[{\"@type\":\"ReadAction\",\"target\":[\"https:\\\/\\\/www.juliovernenautica.com\\\/fr\\\/equipe-formateur\"]}]},{\"@type\":\"BreadcrumbList\",\"@id\":\"https:\\\/\\\/www.juliovernenautica.com\\\/fr\\\/equipe-formateur#breadcrumb\",\"itemListElement\":[{\"@type\":\"ListItem\",\"position\":1,\"name\":\"Home\",\"item\":\"https:\\\/\\\/www.juliovernenautica.com\\\/fr\\\/julio-verne-nautica-home\"},{\"@type\":\"ListItem\",\"position\":2,\"name\":\"Equipe FORMATEUR\"}]},{\"@type\":\"WebSite\",\"@id\":\"https:\\\/\\\/www.juliovernenautica.com\\\/fr#website\",\"url\":\"https:\\\/\\\/www.juliovernenautica.com\\\/fr\",\"name\":\"Julio Verne N\u00e1utica\",\"description\":\"Formaci\u00f3n y charter n\u00e1utico en Galicia\",\"publisher\":{\"@id\":\"https:\\\/\\\/www.juliovernenautica.com\\\/fr#organization\"},\"potentialAction\":[{\"@type\":\"SearchAction\",\"target\":{\"@type\":\"EntryPoint\",\"urlTemplate\":\"https:\\\/\\\/www.juliovernenautica.com\\\/fr?s={search_term_string}\"},\"query-input\":{\"@type\":\"PropertyValueSpecification\",\"valueRequired\":true,\"valueName\":\"search_term_string\"}}],\"inLanguage\":\"fr-FR\"},{\"@type\":\"Organization\",\"@id\":\"https:\\\/\\\/www.juliovernenautica.com\\\/fr#organization\",\"name\":\"Julio Verne N\u00e1utica\",\"url\":\"https:\\\/\\\/www.juliovernenautica.com\\\/fr\",\"logo\":{\"@type\":\"ImageObject\",\"inLanguage\":\"fr-FR\",\"@id\":\"https:\\\/\\\/www.juliovernenautica.com\\\/fr#\\\/schema\\\/logo\\\/image\\\/\",\"url\":\"https:\\\/\\\/www.juliovernenautica.com\\\/wp-content\\\/uploads\\\/2019\\\/12\\\/jv-nautica-icono-positivo-01.png\",\"contentUrl\":\"https:\\\/\\\/www.juliovernenautica.com\\\/wp-content\\\/uploads\\\/2019\\\/12\\\/jv-nautica-icono-positivo-01.png\",\"width\":86,\"height\":86,\"caption\":\"Julio Verne N\u00e1utica\"},\"image\":{\"@id\":\"https:\\\/\\\/www.juliovernenautica.com\\\/fr#\\\/schema\\\/logo\\\/image\\\/\"},\"sameAs\":[\"https:\\\/\\\/www.facebook.com\\\/juliovernenautica\\\/\",\"https:\\\/\\\/www.instagram.com\\\/julio_verne_nautica\\\/\"]}]}<\/script>\n<!-- \/ Yoast SEO Premium plugin. -->","yoast_head_json":{"title":"Apprend \u00e0 naviguer avec nous | Julio Verne N\u00e1utica","description":"L'\u00e9cole Julio Verne N\u00e1utica vous offre le meilleur sc\u00e9nario d'entra\u00eenement de la p\u00e9ninsule ib\u00e9rique : les R\u00edas Bixas. Informez-vous ici.","robots":{"index":"noindex","follow":"follow"},"og_locale":"fr_FR","og_type":"article","og_title":"Equipe FORMATEUR","og_description":"L'\u00e9cole Julio Verne N\u00e1utica vous offre le meilleur sc\u00e9nario d'entra\u00eenement de la p\u00e9ninsule ib\u00e9rique : les R\u00edas Bixas. Informez-vous ici.","og_url":"https:\/\/www.juliovernenautica.com\/fr\/equipe-formateur","og_site_name":"Julio Verne N\u00e1utica","article_publisher":"https:\/\/www.facebook.com\/juliovernenautica\/","article_modified_time":"2026-01-28T10:37:46+00:00","twitter_card":"summary_large_image","schema":{"@context":"https:\/\/schema.org","@graph":[{"@type":"WebPage","@id":"https:\/\/www.juliovernenautica.com\/fr\/equipe-formateur","url":"https:\/\/www.juliovernenautica.com\/fr\/equipe-formateur","name":"Apprend \u00e0 naviguer avec nous | Julio Verne N\u00e1utica","isPartOf":{"@id":"https:\/\/www.juliovernenautica.com\/fr#website"},"datePublished":"2020-05-30T17:56:07+00:00","dateModified":"2026-01-28T10:37:46+00:00","description":"L'\u00e9cole Julio Verne N\u00e1utica vous offre le meilleur sc\u00e9nario d'entra\u00eenement de la p\u00e9ninsule ib\u00e9rique : les R\u00edas Bixas. Informez-vous ici.","breadcrumb":{"@id":"https:\/\/www.juliovernenautica.com\/fr\/equipe-formateur#breadcrumb"},"inLanguage":"fr-FR","potentialAction":[{"@type":"ReadAction","target":["https:\/\/www.juliovernenautica.com\/fr\/equipe-formateur"]}]},{"@type":"BreadcrumbList","@id":"https:\/\/www.juliovernenautica.com\/fr\/equipe-formateur#breadcrumb","itemListElement":[{"@type":"ListItem","position":1,"name":"Home","item":"https:\/\/www.juliovernenautica.com\/fr\/julio-verne-nautica-home"},{"@type":"ListItem","position":2,"name":"Equipe FORMATEUR"}]},{"@type":"WebSite","@id":"https:\/\/www.juliovernenautica.com\/fr#website","url":"https:\/\/www.juliovernenautica.com\/fr","name":"Julio Verne N\u00e1utica","description":"Formaci\u00f3n y charter n\u00e1utico en Galicia","publisher":{"@id":"https:\/\/www.juliovernenautica.com\/fr#organization"},"potentialAction":[{"@type":"SearchAction","target":{"@type":"EntryPoint","urlTemplate":"https:\/\/www.juliovernenautica.com\/fr?s={search_term_string}"},"query-input":{"@type":"PropertyValueSpecification","valueRequired":true,"valueName":"search_term_string"}}],"inLanguage":"fr-FR"},{"@type":"Organization","@id":"https:\/\/www.juliovernenautica.com\/fr#organization","name":"Julio Verne N\u00e1utica","url":"https:\/\/www.juliovernenautica.com\/fr","logo":{"@type":"ImageObject","inLanguage":"fr-FR","@id":"https:\/\/www.juliovernenautica.com\/fr#\/schema\/logo\/image\/","url":"https:\/\/www.juliovernenautica.com\/wp-content\/uploads\/2019\/12\/jv-nautica-icono-positivo-01.png","contentUrl":"https:\/\/www.juliovernenautica.com\/wp-content\/uploads\/2019\/12\/jv-nautica-icono-positivo-01.png","width":86,"height":86,"caption":"Julio Verne N\u00e1utica"},"image":{"@id":"https:\/\/www.juliovernenautica.com\/fr#\/schema\/logo\/image\/"},"sameAs":["https:\/\/www.facebook.com\/juliovernenautica\/","https:\/\/www.instagram.com\/julio_verne_nautica\/"]}]}},"_links":{"self":[{"href":"https:\/\/www.juliovernenautica.com\/fr\/wp-json\/wp\/v2\/pages\/10892","targetHints":{"allow":["GET"]}}],"collection":[{"href":"https:\/\/www.juliovernenautica.com\/fr\/wp-json\/wp\/v2\/pages"}],"about":[{"href":"https:\/\/www.juliovernenautica.com\/fr\/wp-json\/wp\/v2\/types\/page"}],"author":[{"embeddable":true,"href":"https:\/\/www.juliovernenautica.com\/fr\/wp-json\/wp\/v2\/users\/1"}],"replies":[{"embeddable":true,"href":"https:\/\/www.juliovernenautica.com\/fr\/wp-json\/wp\/v2\/comments?post=10892"}],"version-history":[{"count":0,"href":"https:\/\/www.juliovernenautica.com\/fr\/wp-json\/wp\/v2\/pages\/10892\/revisions"}],"wp:attachment":[{"href":"https:\/\/www.juliovernenautica.com\/fr\/wp-json\/wp\/v2\/media?parent=10892"}],"curies":[{"name":"wp","href":"https:\/\/api.w.org\/{rel}","templated":true}]}}