{"id":5974,"date":"2020-05-31T11:39:20","date_gmt":"2020-05-31T09:39:20","guid":{"rendered":"https:\/\/www.juliovernenautica.com\/cookies-policy"},"modified":"2026-01-28T11:37:48","modified_gmt":"2026-01-28T10:37:48","slug":"cookies-policy","status":"publish","type":"page","link":"https:\/\/www.juliovernenautica.com\/en\/cookies-policy","title":{"rendered":"Cookies Policy"},"content":{"rendered":"\t\t<div data-elementor-type=\"wp-page\" data-elementor-id=\"5974\" class=\"elementor elementor-5974 elementor-1615\" data-elementor-post-type=\"page\">\n\t\t\t\t\t\t<section class=\"elementor-section elementor-top-section elementor-element elementor-element-506a4772 elementor-section-boxed elementor-section-height-default elementor-section-height-default\" data-id=\"506a4772\" data-element_type=\"section\" data-e-type=\"section\">\n\t\t\t\t\t\t<div class=\"elementor-container elementor-column-gap-default\">\n\t\t\t\t\t<div class=\"elementor-column elementor-col-100 elementor-top-column elementor-element elementor-element-1d05a068\" data-id=\"1d05a068\" data-element_type=\"column\" data-e-type=\"column\">\n\t\t\t<div class=\"elementor-widget-wrap elementor-element-populated\">\n\t\t\t\t\t\t<div class=\"elementor-element elementor-element-73db07ae elementor-widget elementor-widget-text-editor\" data-id=\"73db07ae\" data-element_type=\"widget\" data-e-type=\"widget\" data-widget_type=\"text-editor.default\">\n\t\t\t\t<div class=\"elementor-widget-container\">\n\t\t\t\t\t\t\t\t\t<h4>What are cookies?<\/h4><p>A cookie is a file that is downloaded to your computer when you access certain websites or other computer services. This website uses cookies and\/or similar technologies that store and retrieve information when you browse. In general, these technologies can serve many different purposes, such as recognition as a user, obtaining information about your browsing habits, or personalizing the way the content is displayed. The user&#8217;s browser stores cookies on the hard drive only during the current session, which occupies a minimum disk space and does not harm the computer. Some of the cookies do not contain specific personal information, and most of them are deleted from the hard drive at the end of the browser session (so-called session cookies).<\/p><p>Most browsers accept cookies by default and independently allow or prevent temporary or stored cookies in the security settings.<\/p><p>The specific applications we make with these technologies are described below.<\/p><h4>What types of cookies does this website use?<\/h4><p>[wcc_category_list]<\/p><ul><li><strong>Technical cookies<\/strong>: these are those that allow the user to navigate through a web page, platform or application and take advantage of the different options or services present in it, such as the control of traffic and data communication, the identification of the session, access to parts with limited access, remembering the elements, from which an order is composed, to carry out the purchase process of an order, to request registration or participation in an event, to use security elements during navigation, to store content for the distribution of videos or sound or to share content via social networks.<\/li><li><strong>Personalization Cookies<\/strong>: These are those that allow the user to access the service with some general characteristics predefined according to a series of criteria in the user&#8217;s terminal such as the language, the type of browser through which you access the service, the locale from which you access the service, etc..<\/li><li><strong>Analysis cookies<\/strong>: These are those that are treated well by us or by third parties that allow us to quantify the number of users and thus carry out the measurement and statistical analysis of the use made by users of the service offered. For this purpose, your browsing on our website is analyzed in order to improve the offer of the products or services we offer.<\/li><li><strong>Advertising Cookies<\/strong>: These are those that, either processed by us or by third parties, allow us to manage as effectively as possible the supply of advertising space on the website, adapting the content of the ad content to the content of the requested service or the use you make of our website. For this purpose, we can analyze your surfing habits on the Internet and show you advertisements related to your browser profile.<\/li><li><strong>Behavioural advertising cookies<\/strong>: These are those that allow the management in the most efficient way of the advertising spaces that the Publisher may have included in a website, application or platform from which it provides the requested service. These cookies store information about users&#8217; behavior, obtained through the continuous observation of their browsing habits, which allows the development of a specific profile to display advertising based on it.<\/li><\/ul><p>The companies that generate these cookies in relation to social networks have their own cookie policies. What we refer to if you want more information:<\/p><ul><li>Google+ cookies and Google Maps (<a href=\"https:\/\/policies.google.com\/technologies\/cookies?hl=es\">Google Cookies <\/a>)<\/li><\/ul><h4>Who manages these cookies?<\/h4><div class=\"divTable\" style=\"width: 100%; border: 1px solid #000;\"><div class=\"divTableBody\"><div class=\"divTableRow\" style=\"background: #2a4858; color: #fff;\"><div class=\"divTableCell\">Cookie name<\/div><div class=\"divTableCell\">Own or third party management<\/div><div class=\"divTableCell\">Provider<\/div><div class=\"divTableCell\">Type of data collected<\/div><div class=\"divTableCell\">Purpose of processing<\/div><div class=\"divTableCell\">International assignment (third countries)<\/div><div class=\"divTableCell\">Duration Cookies<\/div><\/div><div class=\"divTableRow\"> <\/div><div class=\"divTableCell\">_ga<\/div><div class=\"divTableCell\">third party<\/div><div class=\"divTableCell\">Google Inc.<\/div><div class=\"divTableCell\">The _ga cookie, set by Google Analytics, calculates visitor, session and campaign data and also tracks site usage for site analytics reporting.<\/div><div class=\"divTableCell\">The cookie stores information anonymously and assigns a randomly generated number to recognise unique visitors.<\/div><div class=\"divTableCell\">YES<\/div><div class=\"divTableCell\">2 years<\/div><\/div><div class=\"divTableRow\"><div class=\"divTableCell\">_gat_gtag_UA_172773485_1<\/div><div class=\"divTableCell\">third party<\/div><div class=\"divTableCell\">Google Inc.<\/div><div class=\"divTableCell\">Established by Google to distinguish users.<\/div><div class=\"divTableCell\"> <\/div><div class=\"divTableCell\">YES<\/div><div class=\"divTableCell\">1 minute<\/div><\/div><div class=\"divTableRow\"><div class=\"divTableCell\">_gid<\/div><div class=\"divTableCell\">third party<\/div><div class=\"divTableCell\">Google Inc.<\/div><div class=\"divTableCell\">Set by Google Analytics, the _gid cookie stores information about how visitors use a website and creates an analytical report on the site&#8217;s performance.<\/div><div class=\"divTableCell\">Some of the data collected are the number of visitors, where they come from and the pages they visit anonymously.<\/div><div class=\"divTableCell\">YES<\/div><div class=\"divTableCell\">1 day<\/div><\/div><div class=\"divTableRow\"><div class=\"divTableCell\">cookielawinfo-checkbox-advertisement<\/div><div class=\"divTableCell\">own<\/div><div class=\"divTableCell\">MOZILOR LIMITED<\/div><div class=\"divTableCell\">Consent<\/div><div class=\"divTableCell\">This cookie is used to register the user&#8217;s consent for cookies in the &#8220;Advertising&#8221; category.<\/div><div class=\"divTableCell\">YES<\/div><div class=\"divTableCell\">1 year<\/div><\/div><div class=\"divTableRow\"><div class=\"divTableCell\">cookielawinfo-checkbox-analytics<\/div><div class=\"divTableCell\">own<\/div><div class=\"divTableCell\">MOZILOR LIMITED<\/div><div class=\"divTableCell\">Consent<\/div><div class=\"divTableCell\">This cookie is used to record the user&#8217;s consent to cookies in the &#8220;Analytics&#8221; category.<\/div><div class=\"divTableCell\">YES<\/div><div class=\"divTableCell\">1 year<\/div><\/div><div class=\"divTableRow\"><div class=\"divTableCell\">cookielawinfo-checkbox-functional<\/div><div class=\"divTableCell\">own<\/div><div class=\"divTableCell\">MOZILOR LIMITED<\/div><div class=\"divTableCell\">Consent<\/div><div class=\"divTableCell\">The cookie is set by the GDPR cookie consent to register user consent for cookies in the &#8220;Functional&#8221; category.<\/div><div class=\"divTableCell\">YES<\/div><div class=\"divTableCell\">1 year<\/div><\/div><div class=\"divTableRow\"><div class=\"divTableCell\">cookielawinfo-checkbox-necessary<\/div><div class=\"divTableCell\">own<\/div><div class=\"divTableCell\">MOZILOR LIMITED<\/div><div class=\"divTableCell\">Consent<\/div><div class=\"divTableCell\">This cookie is used to record the user&#8217;s consent to cookies in the &#8220;Necessary&#8221; category.<\/div><div class=\"divTableCell\">YES<\/div><div class=\"divTableCell\">1 year<\/div><\/div><div class=\"divTableRow\"><div class=\"divTableCell\">cookielawinfo-checkbox-non-necessary<\/div><div class=\"divTableCell\">own<\/div><div class=\"divTableCell\">MOZILOR LIMITED<\/div><div class=\"divTableCell\">Consent<\/div><div class=\"divTableCell\">This cookie is used to record the user&#8217;s consent to cookies in the &#8220;Not required&#8221; category.<\/div><div class=\"divTableCell\">YES<\/div><div class=\"divTableCell\">1 year<\/div><\/div><div class=\"divTableRow\"><div class=\"divTableCell\">cookielawinfo-checkbox-others<\/div><div class=\"divTableCell\">own<\/div><div class=\"divTableCell\">MOZILOR LIMITED<\/div><div class=\"divTableCell\">Consent<\/div><div class=\"divTableCell\">This cookie is used to store user consent for cookies in the &#8220;Other&#8221; category.<\/div><div class=\"divTableCell\">YES<\/div><div class=\"divTableCell\">1 year<\/div><\/div><div class=\"divTableRow\"><div class=\"divTableCell\">cookielawinfo-checkbox-performance<\/div><div class=\"divTableCell\">own<\/div><div class=\"divTableCell\">MOZILOR LIMITED<\/div><div class=\"divTableCell\">Consent<\/div><div class=\"divTableCell\">This cookie is used to store user consent for cookies in the &#8220;Performance&#8221; category.<\/div><div class=\"divTableCell\">YES<\/div><div class=\"divTableCell\">1 year<\/div><\/div><div class=\"divTableRow\"><div class=\"divTableCell\">elementor<\/div><div class=\"divTableCell\">own<\/div><div class=\"divTableCell\">Elementor<\/div><div class=\"divTableCell\"> <\/div><div class=\"divTableCell\">This cookie is used by the WordPress theme of the website. Allows the website owner to deploy or change website content in real time.<\/div><div class=\"divTableCell\">YES<\/div><div class=\"divTableCell\">never<\/div><\/div><div class=\"divTableRow\"><div class=\"divTableCell\">JSESSIONID<\/div><div class=\"divTableCell\">own<\/div><div class=\"divTableCell\">WordPress<\/div><div class=\"divTableCell\"> <\/div><div class=\"divTableCell\">General purpose platform session cookies that are used to maintain the status of users across page requests.<\/div><div class=\"divTableCell\">YES<\/div><div class=\"divTableCell\">session<\/div><\/div><div class=\"divTableRow\"><div class=\"divTableCell\">NID<\/div><div class=\"divTableCell\">third party<\/div><div class=\"divTableCell\">Google Inc.<\/div><div class=\"divTableCell\"> <\/div><div class=\"divTableCell\">The NID cookie, set by Google, is used for advertising purposes; to limit the number of times a user sees an ad, to mute unwanted ads and to measure the effectiveness of ads.<\/div><div class=\"divTableCell\">YES<\/div><div class=\"divTableCell\">6 months<\/div><\/div><\/div><h4>Information on how to accept, refuse or withdraw consent to the use of cookies.<\/h4><p>By expressly accepting or configuring and subsequently accepting the cookies on this website, consent is given to the processing of the information collected in the manner and for the purposes indicated above. It also recognises the possibility of refusing the processing of such data or information by refusing the use of cookies by selecting the appropriate configuration in your browser. However, this option to block cookies in your browser may not allow you to take full advantage of all the features of the website.<\/p><p>Children under the age of 14 must have the consent of their parents or guardians.<\/p><p>You can allow, block or delete the cookies installed on your computer by configuring the options of the browser installed on your computer:<\/p><ul><li><a href=\"http:\/\/support.google.com\/chrome\/bin\/answer.py?hl=es&amp;answer=95647\">Chrome<\/a><\/li><li><a href=\"http:\/\/windows.microsoft.com\/es-es\/windows7\/how-to-manage-cookies-in-internet-explorer-9\">Explorer<\/a><\/li><li><a href=\"http:\/\/support.mozilla.org\/es\/kb\/habilitar-y-deshabilitar-cookies-que-los-sitios-we\">Firefox<\/a><\/li><li><a href=\"http:\/\/support.apple.com\/kb\/ph5042\">Safari<\/a><\/li><\/ul><h4>Information on data transfers to third countries.<\/h4><p>This website does not transfer personal data to third countries.<\/p><h4>Duration of data storage<\/h4><p>Cookies are used only and exclusively for the time necessary to fulfill the purposes for which they were indicated in each cookie. For all these reasons, VERUELA 2000 SL has adapted the information retention periods to its own cookies.<\/p><p>With regard to third-party cookies, the retention periods can be found in their privacy policies, as well as in the box in the section <em>Who manages these cookies? <\/em> Once the cookie expires, it can be renewed if the user accepts its use again.<\/p><p>VERUELA 2000 SL reserves the right to modify this cookie policy if changes are made to the configuration and \/ or use of them published on the same website.<\/p><p>If you would like more information about data protection, you can go to our <em><u>privacy policy <\/u><\/em> or contact us by email<a href=\"mailto:info@juliovernenautica.com\">office@juliovernenautica.com<\/a><\/p><p><em>October 2021<\/em><\/p>\t\t\t\t\t\t\t\t<\/div>\n\t\t\t\t<\/div>\n\t\t\t\t\t<\/div>\n\t\t<\/div>\n\t\t\t\t\t<\/div>\n\t\t<\/section>\n\t\t\t\t<\/div>\n\t\t","protected":false},"excerpt":{"rendered":"<p>What are cookies? A cookie is a file that is downloaded to your computer when you access certain websites or other computer services. This website uses cookies and\/or similar technologies that store and retrieve information when you browse. In general, these technologies can serve many different purposes, such as recognition as a user, obtaining information [&hellip;]<\/p>\n","protected":false},"author":1,"featured_media":0,"parent":0,"menu_order":0,"comment_status":"closed","ping_status":"closed","template":"","meta":{"_acf_changed":false,"_joinchat":[],"footnotes":""},"class_list":["post-5974","page","type-page","status-publish","hentry"],"acf":[],"yoast_head":"<!-- This site is optimized with the Yoast SEO Premium plugin v24.5 (Yoast SEO v27.3) - https:\/\/yoast.com\/product\/yoast-seo-premium-wordpress\/ -->\n<title>Cookies Policy | Julio Verne N\u00e1utica<\/title>\n<meta name=\"robots\" content=\"noindex, follow\" \/>\n<meta property=\"og:locale\" content=\"en_US\" \/>\n<meta property=\"og:type\" content=\"article\" \/>\n<meta property=\"og:title\" content=\"Cookies Policy\" \/>\n<meta property=\"og:description\" content=\"What are cookies? A cookie is a file that is downloaded to your computer when you access certain websites or other computer services. This website uses cookies and\/or similar technologies that store and retrieve information when you browse. In general, these technologies can serve many different purposes, such as recognition as a user, obtaining information [&hellip;]\" \/>\n<meta property=\"og:url\" content=\"https:\/\/www.juliovernenautica.com\/en\/cookies-policy\" \/>\n<meta property=\"og:site_name\" content=\"Julio Verne N\u00e1utica\" \/>\n<meta property=\"article:publisher\" content=\"https:\/\/www.facebook.com\/juliovernenautica\/\" \/>\n<meta property=\"article:modified_time\" content=\"2026-01-28T10:37:48+00:00\" \/>\n<meta name=\"twitter:card\" content=\"summary_large_image\" \/>\n<script type=\"application\/ld+json\" class=\"yoast-schema-graph\">{\"@context\":\"https:\\\/\\\/schema.org\",\"@graph\":[{\"@type\":\"WebPage\",\"@id\":\"https:\\\/\\\/www.juliovernenautica.com\\\/en\\\/cookies-policy\",\"url\":\"https:\\\/\\\/www.juliovernenautica.com\\\/en\\\/cookies-policy\",\"name\":\"Cookies Policy | Julio Verne N\u00e1utica\",\"isPartOf\":{\"@id\":\"https:\\\/\\\/www.juliovernenautica.com\\\/en#website\"},\"datePublished\":\"2020-05-31T09:39:20+00:00\",\"dateModified\":\"2026-01-28T10:37:48+00:00\",\"breadcrumb\":{\"@id\":\"https:\\\/\\\/www.juliovernenautica.com\\\/en\\\/cookies-policy#breadcrumb\"},\"inLanguage\":\"en-US\",\"potentialAction\":[{\"@type\":\"ReadAction\",\"target\":[\"https:\\\/\\\/www.juliovernenautica.com\\\/en\\\/cookies-policy\"]}]},{\"@type\":\"BreadcrumbList\",\"@id\":\"https:\\\/\\\/www.juliovernenautica.com\\\/en\\\/cookies-policy#breadcrumb\",\"itemListElement\":[{\"@type\":\"ListItem\",\"position\":1,\"name\":\"Home\",\"item\":\"https:\\\/\\\/www.juliovernenautica.com\\\/en\\\/julio-verne-nautica-home\"},{\"@type\":\"ListItem\",\"position\":2,\"name\":\"Cookies Policy\"}]},{\"@type\":\"WebSite\",\"@id\":\"https:\\\/\\\/www.juliovernenautica.com\\\/en#website\",\"url\":\"https:\\\/\\\/www.juliovernenautica.com\\\/en\",\"name\":\"Julio Verne N\u00e1utica\",\"description\":\"Formaci\u00f3n y charter n\u00e1utico en Galicia\",\"publisher\":{\"@id\":\"https:\\\/\\\/www.juliovernenautica.com\\\/en#organization\"},\"potentialAction\":[{\"@type\":\"SearchAction\",\"target\":{\"@type\":\"EntryPoint\",\"urlTemplate\":\"https:\\\/\\\/www.juliovernenautica.com\\\/en?s={search_term_string}\"},\"query-input\":{\"@type\":\"PropertyValueSpecification\",\"valueRequired\":true,\"valueName\":\"search_term_string\"}}],\"inLanguage\":\"en-US\"},{\"@type\":\"Organization\",\"@id\":\"https:\\\/\\\/www.juliovernenautica.com\\\/en#organization\",\"name\":\"Julio Verne N\u00e1utica\",\"url\":\"https:\\\/\\\/www.juliovernenautica.com\\\/en\",\"logo\":{\"@type\":\"ImageObject\",\"inLanguage\":\"en-US\",\"@id\":\"https:\\\/\\\/www.juliovernenautica.com\\\/en#\\\/schema\\\/logo\\\/image\\\/\",\"url\":\"https:\\\/\\\/www.juliovernenautica.com\\\/wp-content\\\/uploads\\\/2019\\\/12\\\/jv-nautica-icono-positivo-01.png\",\"contentUrl\":\"https:\\\/\\\/www.juliovernenautica.com\\\/wp-content\\\/uploads\\\/2019\\\/12\\\/jv-nautica-icono-positivo-01.png\",\"width\":86,\"height\":86,\"caption\":\"Julio Verne N\u00e1utica\"},\"image\":{\"@id\":\"https:\\\/\\\/www.juliovernenautica.com\\\/en#\\\/schema\\\/logo\\\/image\\\/\"},\"sameAs\":[\"https:\\\/\\\/www.facebook.com\\\/juliovernenautica\\\/\",\"https:\\\/\\\/www.instagram.com\\\/julio_verne_nautica\\\/\"]}]}<\/script>\n<!-- \/ Yoast SEO Premium plugin. -->","yoast_head_json":{"title":"Cookies Policy | Julio Verne N\u00e1utica","robots":{"index":"noindex","follow":"follow"},"og_locale":"en_US","og_type":"article","og_title":"Cookies Policy","og_description":"What are cookies? A cookie is a file that is downloaded to your computer when you access certain websites or other computer services. This website uses cookies and\/or similar technologies that store and retrieve information when you browse. In general, these technologies can serve many different purposes, such as recognition as a user, obtaining information [&hellip;]","og_url":"https:\/\/www.juliovernenautica.com\/en\/cookies-policy","og_site_name":"Julio Verne N\u00e1utica","article_publisher":"https:\/\/www.facebook.com\/juliovernenautica\/","article_modified_time":"2026-01-28T10:37:48+00:00","twitter_card":"summary_large_image","schema":{"@context":"https:\/\/schema.org","@graph":[{"@type":"WebPage","@id":"https:\/\/www.juliovernenautica.com\/en\/cookies-policy","url":"https:\/\/www.juliovernenautica.com\/en\/cookies-policy","name":"Cookies Policy | Julio Verne N\u00e1utica","isPartOf":{"@id":"https:\/\/www.juliovernenautica.com\/en#website"},"datePublished":"2020-05-31T09:39:20+00:00","dateModified":"2026-01-28T10:37:48+00:00","breadcrumb":{"@id":"https:\/\/www.juliovernenautica.com\/en\/cookies-policy#breadcrumb"},"inLanguage":"en-US","potentialAction":[{"@type":"ReadAction","target":["https:\/\/www.juliovernenautica.com\/en\/cookies-policy"]}]},{"@type":"BreadcrumbList","@id":"https:\/\/www.juliovernenautica.com\/en\/cookies-policy#breadcrumb","itemListElement":[{"@type":"ListItem","position":1,"name":"Home","item":"https:\/\/www.juliovernenautica.com\/en\/julio-verne-nautica-home"},{"@type":"ListItem","position":2,"name":"Cookies Policy"}]},{"@type":"WebSite","@id":"https:\/\/www.juliovernenautica.com\/en#website","url":"https:\/\/www.juliovernenautica.com\/en","name":"Julio Verne N\u00e1utica","description":"Formaci\u00f3n y charter n\u00e1utico en Galicia","publisher":{"@id":"https:\/\/www.juliovernenautica.com\/en#organization"},"potentialAction":[{"@type":"SearchAction","target":{"@type":"EntryPoint","urlTemplate":"https:\/\/www.juliovernenautica.com\/en?s={search_term_string}"},"query-input":{"@type":"PropertyValueSpecification","valueRequired":true,"valueName":"search_term_string"}}],"inLanguage":"en-US"},{"@type":"Organization","@id":"https:\/\/www.juliovernenautica.com\/en#organization","name":"Julio Verne N\u00e1utica","url":"https:\/\/www.juliovernenautica.com\/en","logo":{"@type":"ImageObject","inLanguage":"en-US","@id":"https:\/\/www.juliovernenautica.com\/en#\/schema\/logo\/image\/","url":"https:\/\/www.juliovernenautica.com\/wp-content\/uploads\/2019\/12\/jv-nautica-icono-positivo-01.png","contentUrl":"https:\/\/www.juliovernenautica.com\/wp-content\/uploads\/2019\/12\/jv-nautica-icono-positivo-01.png","width":86,"height":86,"caption":"Julio Verne N\u00e1utica"},"image":{"@id":"https:\/\/www.juliovernenautica.com\/en#\/schema\/logo\/image\/"},"sameAs":["https:\/\/www.facebook.com\/juliovernenautica\/","https:\/\/www.instagram.com\/julio_verne_nautica\/"]}]}},"_links":{"self":[{"href":"https:\/\/www.juliovernenautica.com\/en\/wp-json\/wp\/v2\/pages\/5974","targetHints":{"allow":["GET"]}}],"collection":[{"href":"https:\/\/www.juliovernenautica.com\/en\/wp-json\/wp\/v2\/pages"}],"about":[{"href":"https:\/\/www.juliovernenautica.com\/en\/wp-json\/wp\/v2\/types\/page"}],"author":[{"embeddable":true,"href":"https:\/\/www.juliovernenautica.com\/en\/wp-json\/wp\/v2\/users\/1"}],"replies":[{"embeddable":true,"href":"https:\/\/www.juliovernenautica.com\/en\/wp-json\/wp\/v2\/comments?post=5974"}],"version-history":[{"count":0,"href":"https:\/\/www.juliovernenautica.com\/en\/wp-json\/wp\/v2\/pages\/5974\/revisions"}],"wp:attachment":[{"href":"https:\/\/www.juliovernenautica.com\/en\/wp-json\/wp\/v2\/media?parent=5974"}],"curies":[{"name":"wp","href":"https:\/\/api.w.org\/{rel}","templated":true}]}}