{"id":16192,"date":"2020-05-31T12:20:54","date_gmt":"2020-05-31T10:20:54","guid":{"rendered":"https:\/\/www.juliovernenautica.com\/blog"},"modified":"2026-03-12T18:06:55","modified_gmt":"2026-03-12T17:06:55","slug":"blog","status":"publish","type":"page","link":"https:\/\/www.juliovernenautica.com\/en\/blog","title":{"rendered":"Blog"},"content":{"rendered":"\t\t<div data-elementor-type=\"wp-page\" data-elementor-id=\"16192\" class=\"elementor elementor-16192 elementor-1638\" data-elementor-post-type=\"page\">\n\t\t\t\t\t\t<section class=\"elementor-section elementor-top-section elementor-element elementor-element-320f2c6 elementor-section-stretched elementor-section-full_width elementor-section-height-min-height elementor-section-content-middle elementor-section-height-default elementor-section-items-middle\" data-id=\"320f2c6\" data-element_type=\"section\" data-e-type=\"section\" data-settings=\"{&quot;stretch_section&quot;:&quot;section-stretched&quot;,&quot;background_background&quot;:&quot;classic&quot;,&quot;shape_divider_bottom&quot;:&quot;tilt&quot;}\">\n\t\t\t\t\t\t\t<div class=\"elementor-background-overlay\"><\/div>\n\t\t\t\t\t\t<div class=\"elementor-shape elementor-shape-bottom\" aria-hidden=\"true\" data-negative=\"false\">\n\t\t\t<svg xmlns=\"http:\/\/www.w3.org\/2000\/svg\" viewBox=\"0 0 1000 100\" preserveAspectRatio=\"none\">\n\t<path class=\"elementor-shape-fill\" d=\"M0,6V0h1000v100L0,6z\"\/>\n<\/svg>\t\t<\/div>\n\t\t\t\t\t<div class=\"elementor-container elementor-column-gap-default\">\n\t\t\t\t\t<div class=\"elementor-column elementor-col-100 elementor-top-column elementor-element elementor-element-9cd04fe\" data-id=\"9cd04fe\" data-element_type=\"column\" data-e-type=\"column\">\n\t\t\t<div class=\"elementor-widget-wrap elementor-element-populated\">\n\t\t\t\t\t\t<div class=\"elementor-element elementor-element-fb45c0d elementor-widget elementor-widget-heading\" data-id=\"fb45c0d\" data-element_type=\"widget\" data-e-type=\"widget\" data-widget_type=\"heading.default\">\n\t\t\t\t<div class=\"elementor-widget-container\">\n\t\t\t\t\t<h1 class=\"elementor-heading-title elementor-size-default\">BLOG<\/h1>\t\t\t\t<\/div>\n\t\t\t\t<\/div>\n\t\t\t\t<div class=\"elementor-element elementor-element-44acde2 elementor-widget elementor-widget-heading\" data-id=\"44acde2\" data-element_type=\"widget\" data-e-type=\"widget\" data-widget_type=\"heading.default\">\n\t\t\t\t<div class=\"elementor-widget-container\">\n\t\t\t\t\t<h3 class=\"elementor-heading-title elementor-size-default\">JULIO VERNE N\u00c1UTICA<\/h3>\t\t\t\t<\/div>\n\t\t\t\t<\/div>\n\t\t\t\t<div class=\"elementor-element elementor-element-bdbce43 elementor-widget elementor-widget-spacer\" data-id=\"bdbce43\" data-element_type=\"widget\" data-e-type=\"widget\" data-widget_type=\"spacer.default\">\n\t\t\t\t<div class=\"elementor-widget-container\">\n\t\t\t\t\t\t\t<div class=\"elementor-spacer\">\n\t\t\t<div class=\"elementor-spacer-inner\"><\/div>\n\t\t<\/div>\n\t\t\t\t\t\t<\/div>\n\t\t\t\t<\/div>\n\t\t\t\t\t<\/div>\n\t\t<\/div>\n\t\t\t\t\t<\/div>\n\t\t<\/section>\n\t\t\t\t<section class=\"elementor-section elementor-top-section elementor-element elementor-element-c0f01cb elementor-section-boxed elementor-section-height-default elementor-section-height-default\" data-id=\"c0f01cb\" data-element_type=\"section\" data-e-type=\"section\">\n\t\t\t\t\t\t<div class=\"elementor-container elementor-column-gap-default\">\n\t\t\t\t\t<div class=\"elementor-column elementor-col-100 elementor-top-column elementor-element elementor-element-2ec3e5a\" data-id=\"2ec3e5a\" data-element_type=\"column\" data-e-type=\"column\">\n\t\t\t<div class=\"elementor-widget-wrap elementor-element-populated\">\n\t\t\t\t\t\t\t<\/div>\n\t\t<\/div>\n\t\t\t\t\t<\/div>\n\t\t<\/section>\n\t\t\t\t<section class=\"elementor-section elementor-top-section elementor-element elementor-element-1b8b05dc elementor-section-content-middle elementor-section-stretched elementor-section-height-min-height elementor-section-boxed elementor-section-height-default elementor-section-items-middle\" data-id=\"1b8b05dc\" data-element_type=\"section\" data-e-type=\"section\" data-settings=\"{&quot;background_background&quot;:&quot;classic&quot;,&quot;stretch_section&quot;:&quot;section-stretched&quot;}\">\n\t\t\t\t\t\t<div class=\"elementor-container elementor-column-gap-no\">\n\t\t\t\t\t<div class=\"elementor-column elementor-col-33 elementor-top-column elementor-element elementor-element-3215301\" data-id=\"3215301\" data-element_type=\"column\" data-e-type=\"column\">\n\t\t\t<div class=\"elementor-widget-wrap elementor-element-populated\">\n\t\t\t\t\t\t<div class=\"elementor-element elementor-element-729d078e elementor-widget elementor-widget-text-editor\" data-id=\"729d078e\" data-element_type=\"widget\" data-e-type=\"widget\" data-widget_type=\"text-editor.default\">\n\t\t\t\t<div class=\"elementor-widget-container\">\n\t\t\t\t\t\t\t\t\t<h2 style=\"color: white;\">Subscribe<\/h2><p>to our newsletter<\/p>\t\t\t\t\t\t\t\t<\/div>\n\t\t\t\t<\/div>\n\t\t\t\t\t<\/div>\n\t\t<\/div>\n\t\t\t\t<div class=\"elementor-column elementor-col-33 elementor-top-column elementor-element elementor-element-9c3ac62\" data-id=\"9c3ac62\" data-element_type=\"column\" data-e-type=\"column\">\n\t\t\t<div class=\"elementor-widget-wrap\">\n\t\t\t\t\t\t\t<\/div>\n\t\t<\/div>\n\t\t\t\t<div class=\"elementor-column elementor-col-33 elementor-top-column elementor-element elementor-element-573834b0\" data-id=\"573834b0\" data-element_type=\"column\" data-e-type=\"column\">\n\t\t\t<div class=\"elementor-widget-wrap elementor-element-populated\">\n\t\t\t\t\t\t<div class=\"elementor-element elementor-element-b495234 elementor-widget elementor-widget-text-editor\" data-id=\"b495234\" data-element_type=\"widget\" data-e-type=\"widget\" data-widget_type=\"text-editor.default\">\n\t\t\t\t<div class=\"elementor-widget-container\">\n\t\t\t\t\t\t\t\t\t<p>Get the latest news about our route and sailing offer, as well as our publications with the most relevant information about nautical training and chartering.<\/p>\t\t\t\t\t\t\t\t<\/div>\n\t\t\t\t<\/div>\n\t\t\t\t<div class=\"elementor-element elementor-element-3053234 elementor-button-align-start elementor-widget elementor-widget-form\" data-id=\"3053234\" data-element_type=\"widget\" data-e-type=\"widget\" data-settings=\"{&quot;step_next_label&quot;:&quot;Next&quot;,&quot;step_previous_label&quot;:&quot;Previous&quot;,&quot;step_type&quot;:&quot;number_text&quot;,&quot;step_icon_shape&quot;:&quot;circle&quot;}\" data-widget_type=\"form.default\">\n\t\t\t\t<div class=\"elementor-widget-container\">\n\t\t\t\t\t\t\t<form class=\"elementor-form\" method=\"post\" name=\"Subscription form\" aria-label=\"Subscription form\">\n\t\t\t<input type=\"hidden\" name=\"post_id\" value=\"16192\"\/>\n\t\t\t<input type=\"hidden\" name=\"form_id\" value=\"3053234\"\/>\n\t\t\t<input type=\"hidden\" name=\"referer_title\" value=\"News, training and tips |% Julio Verne N\u00e1utica%\" \/>\n\n\t\t\t\t\t\t\t<input type=\"hidden\" name=\"queried_id\" value=\"16192\"\/>\n\t\t\t\n\t\t\t<div class=\"elementor-form-fields-wrapper elementor-labels-\">\n\t\t\t\t\t\t\t\t<div class=\"elementor-field-type-text elementor-field-group elementor-column elementor-field-group-name elementor-col-50 elementor-field-required\">\n\t\t\t\t\t\t\t\t\t\t\t\t<label for=\"form-field-name\" class=\"elementor-field-label elementor-screen-only\">\n\t\t\t\t\t\t\t\tName\t\t\t\t\t\t\t<\/label>\n\t\t\t\t\t\t\t\t\t\t\t\t\t\t<input size=\"1\" type=\"text\" name=\"form_fields[name]\" id=\"form-field-name\" class=\"elementor-field elementor-size-md  elementor-field-textual\" placeholder=\"Name\" required=\"required\">\n\t\t\t\t\t\t\t\t\t\t\t<\/div>\n\t\t\t\t\t\t\t\t<div class=\"elementor-field-type-email elementor-field-group elementor-column elementor-field-group-email elementor-col-50 elementor-field-required\">\n\t\t\t\t\t\t\t\t\t\t\t\t<label for=\"form-field-email\" class=\"elementor-field-label elementor-screen-only\">\n\t\t\t\t\t\t\t\tEmail\t\t\t\t\t\t\t<\/label>\n\t\t\t\t\t\t\t\t\t\t\t\t\t\t<input size=\"1\" type=\"email\" name=\"form_fields[email]\" id=\"form-field-email\" class=\"elementor-field elementor-size-md  elementor-field-textual\" placeholder=\"Email\" required=\"required\">\n\t\t\t\t\t\t\t\t\t\t\t<\/div>\n\t\t\t\t\t\t\t\t<div class=\"elementor-field-type-acceptance elementor-field-group elementor-column elementor-field-group-field_37166d0 elementor-col-100 elementor-field-required\">\n\t\t\t\t\t\t\t\t\t\t\t\t<label for=\"form-field-field_37166d0\" class=\"elementor-field-label elementor-screen-only\">\n\t\t\t\t\t\t\t\tLegal\t\t\t\t\t\t\t<\/label>\n\t\t\t\t\t\t\t\t<div class=\"elementor-field-subgroup\">\n\t\t\t<span class=\"elementor-field-option\">\n\t\t\t\t<input type=\"checkbox\" name=\"form_fields[field_37166d0]\" id=\"form-field-field_37166d0\" class=\"elementor-field elementor-size-md  elementor-acceptance-field\" required=\"required\">\n\t\t\t\t<label for=\"form-field-field_37166d0\">I have read and accept the <a href=\"https:\/\/www.juliovernenautica.com\/en\/privacy-policy\" target=\"_blank\" style=\"color:#fff;\">Privacy Policy<\/a><\/label>\t\t\t<\/span>\n\t\t<\/div>\n\t\t\t\t\t\t<\/div>\n\t\t\t\t\t\t\t\t<div class=\"elementor-field-group elementor-column elementor-field-type-submit elementor-col-100 e-form__buttons\">\n\t\t\t\t\t<button class=\"elementor-button elementor-size-sm\" type=\"submit\">\n\t\t\t\t\t\t<span class=\"elementor-button-content-wrapper\">\n\t\t\t\t\t\t\t\t\t\t\t\t\t\t\t\t\t\t\t\t\t\t<span class=\"elementor-button-text\">SUBSCRIBE<\/span>\n\t\t\t\t\t\t\t\t\t\t\t\t\t<\/span>\n\t\t\t\t\t<\/button>\n\t\t\t\t<\/div>\n\t\t\t<\/div>\n\t\t<\/form>\n\t\t\t\t\t\t<\/div>\n\t\t\t\t<\/div>\n\t\t\t\t\t<\/div>\n\t\t<\/div>\n\t\t\t\t\t<\/div>\n\t\t<\/section>\n\t\t\t\t<\/div>\n\t\t","protected":false},"excerpt":{"rendered":"<p>BLOG JULIO VERNE N\u00c1UTICA Subscribe to our newsletter Get the latest news about our route and sailing offer, as well as our publications with the most relevant information about nautical training and chartering.<\/p>\n","protected":false},"author":2,"featured_media":0,"parent":0,"menu_order":0,"comment_status":"closed","ping_status":"closed","template":"","meta":{"_acf_changed":false,"_joinchat":[],"footnotes":""},"class_list":["post-16192","page","type-page","status-publish","hentry"],"acf":[],"yoast_head":"<!-- This site is optimized with the Yoast SEO Premium plugin v24.5 (Yoast SEO v27.3) - https:\/\/yoast.com\/product\/yoast-seo-premium-wordpress\/ -->\n<title>News, training and tips |% Julio Verne N\u00e1utica%<\/title>\n<meta name=\"description\" content=\"In our blog we provide you with the latest news and information about boats, training and sailing tips. We will keep you up to date.\" \/>\n<meta name=\"robots\" content=\"noindex, follow\" \/>\n<meta property=\"og:locale\" content=\"en_US\" \/>\n<meta property=\"og:type\" content=\"article\" \/>\n<meta property=\"og:title\" content=\"Blog\" \/>\n<meta property=\"og:description\" content=\"In our blog we provide you with the latest news and information about boats, training and sailing tips. We will keep you up to date.\" \/>\n<meta property=\"og:url\" content=\"https:\/\/www.juliovernenautica.com\/en\/blog\" \/>\n<meta property=\"og:site_name\" content=\"Julio Verne N\u00e1utica\" \/>\n<meta property=\"article:publisher\" content=\"https:\/\/www.facebook.com\/juliovernenautica\/\" \/>\n<meta property=\"article:modified_time\" content=\"2026-03-12T17:06:55+00:00\" \/>\n<meta name=\"twitter:card\" content=\"summary_large_image\" \/>\n<script type=\"application\/ld+json\" class=\"yoast-schema-graph\">{\"@context\":\"https:\\\/\\\/schema.org\",\"@graph\":[{\"@type\":\"WebPage\",\"@id\":\"https:\\\/\\\/www.juliovernenautica.com\\\/en\\\/blog\",\"url\":\"https:\\\/\\\/www.juliovernenautica.com\\\/en\\\/blog\",\"name\":\"News, training and tips |% Julio Verne N\u00e1utica%\",\"isPartOf\":{\"@id\":\"https:\\\/\\\/www.juliovernenautica.com\\\/en#website\"},\"datePublished\":\"2020-05-31T10:20:54+00:00\",\"dateModified\":\"2026-03-12T17:06:55+00:00\",\"description\":\"In our blog we provide you with the latest news and information about boats, training and sailing tips. We will keep you up to date.\",\"breadcrumb\":{\"@id\":\"https:\\\/\\\/www.juliovernenautica.com\\\/en\\\/blog#breadcrumb\"},\"inLanguage\":\"en-US\",\"potentialAction\":[{\"@type\":\"ReadAction\",\"target\":[\"https:\\\/\\\/www.juliovernenautica.com\\\/en\\\/blog\"]}]},{\"@type\":\"BreadcrumbList\",\"@id\":\"https:\\\/\\\/www.juliovernenautica.com\\\/en\\\/blog#breadcrumb\",\"itemListElement\":[{\"@type\":\"ListItem\",\"position\":1,\"name\":\"Home\",\"item\":\"https:\\\/\\\/www.juliovernenautica.com\\\/en\\\/julio-verne-nautica-home\"},{\"@type\":\"ListItem\",\"position\":2,\"name\":\"Blog\"}]},{\"@type\":\"WebSite\",\"@id\":\"https:\\\/\\\/www.juliovernenautica.com\\\/en#website\",\"url\":\"https:\\\/\\\/www.juliovernenautica.com\\\/en\",\"name\":\"Julio Verne N\u00e1utica\",\"description\":\"Formaci\u00f3n y charter n\u00e1utico en Galicia\",\"publisher\":{\"@id\":\"https:\\\/\\\/www.juliovernenautica.com\\\/en#organization\"},\"potentialAction\":[{\"@type\":\"SearchAction\",\"target\":{\"@type\":\"EntryPoint\",\"urlTemplate\":\"https:\\\/\\\/www.juliovernenautica.com\\\/en?s={search_term_string}\"},\"query-input\":{\"@type\":\"PropertyValueSpecification\",\"valueRequired\":true,\"valueName\":\"search_term_string\"}}],\"inLanguage\":\"en-US\"},{\"@type\":\"Organization\",\"@id\":\"https:\\\/\\\/www.juliovernenautica.com\\\/en#organization\",\"name\":\"Julio Verne N\u00e1utica\",\"url\":\"https:\\\/\\\/www.juliovernenautica.com\\\/en\",\"logo\":{\"@type\":\"ImageObject\",\"inLanguage\":\"en-US\",\"@id\":\"https:\\\/\\\/www.juliovernenautica.com\\\/en#\\\/schema\\\/logo\\\/image\\\/\",\"url\":\"https:\\\/\\\/www.juliovernenautica.com\\\/wp-content\\\/uploads\\\/2019\\\/12\\\/jv-nautica-icono-positivo-01.png\",\"contentUrl\":\"https:\\\/\\\/www.juliovernenautica.com\\\/wp-content\\\/uploads\\\/2019\\\/12\\\/jv-nautica-icono-positivo-01.png\",\"width\":86,\"height\":86,\"caption\":\"Julio Verne N\u00e1utica\"},\"image\":{\"@id\":\"https:\\\/\\\/www.juliovernenautica.com\\\/en#\\\/schema\\\/logo\\\/image\\\/\"},\"sameAs\":[\"https:\\\/\\\/www.facebook.com\\\/juliovernenautica\\\/\",\"https:\\\/\\\/www.instagram.com\\\/julio_verne_nautica\\\/\"]}]}<\/script>\n<!-- \/ Yoast SEO Premium plugin. -->","yoast_head_json":{"title":"News, training and tips |% Julio Verne N\u00e1utica%","description":"In our blog we provide you with the latest news and information about boats, training and sailing tips. We will keep you up to date.","robots":{"index":"noindex","follow":"follow"},"og_locale":"en_US","og_type":"article","og_title":"Blog","og_description":"In our blog we provide you with the latest news and information about boats, training and sailing tips. We will keep you up to date.","og_url":"https:\/\/www.juliovernenautica.com\/en\/blog","og_site_name":"Julio Verne N\u00e1utica","article_publisher":"https:\/\/www.facebook.com\/juliovernenautica\/","article_modified_time":"2026-03-12T17:06:55+00:00","twitter_card":"summary_large_image","schema":{"@context":"https:\/\/schema.org","@graph":[{"@type":"WebPage","@id":"https:\/\/www.juliovernenautica.com\/en\/blog","url":"https:\/\/www.juliovernenautica.com\/en\/blog","name":"News, training and tips |% Julio Verne N\u00e1utica%","isPartOf":{"@id":"https:\/\/www.juliovernenautica.com\/en#website"},"datePublished":"2020-05-31T10:20:54+00:00","dateModified":"2026-03-12T17:06:55+00:00","description":"In our blog we provide you with the latest news and information about boats, training and sailing tips. We will keep you up to date.","breadcrumb":{"@id":"https:\/\/www.juliovernenautica.com\/en\/blog#breadcrumb"},"inLanguage":"en-US","potentialAction":[{"@type":"ReadAction","target":["https:\/\/www.juliovernenautica.com\/en\/blog"]}]},{"@type":"BreadcrumbList","@id":"https:\/\/www.juliovernenautica.com\/en\/blog#breadcrumb","itemListElement":[{"@type":"ListItem","position":1,"name":"Home","item":"https:\/\/www.juliovernenautica.com\/en\/julio-verne-nautica-home"},{"@type":"ListItem","position":2,"name":"Blog"}]},{"@type":"WebSite","@id":"https:\/\/www.juliovernenautica.com\/en#website","url":"https:\/\/www.juliovernenautica.com\/en","name":"Julio Verne N\u00e1utica","description":"Formaci\u00f3n y charter n\u00e1utico en Galicia","publisher":{"@id":"https:\/\/www.juliovernenautica.com\/en#organization"},"potentialAction":[{"@type":"SearchAction","target":{"@type":"EntryPoint","urlTemplate":"https:\/\/www.juliovernenautica.com\/en?s={search_term_string}"},"query-input":{"@type":"PropertyValueSpecification","valueRequired":true,"valueName":"search_term_string"}}],"inLanguage":"en-US"},{"@type":"Organization","@id":"https:\/\/www.juliovernenautica.com\/en#organization","name":"Julio Verne N\u00e1utica","url":"https:\/\/www.juliovernenautica.com\/en","logo":{"@type":"ImageObject","inLanguage":"en-US","@id":"https:\/\/www.juliovernenautica.com\/en#\/schema\/logo\/image\/","url":"https:\/\/www.juliovernenautica.com\/wp-content\/uploads\/2019\/12\/jv-nautica-icono-positivo-01.png","contentUrl":"https:\/\/www.juliovernenautica.com\/wp-content\/uploads\/2019\/12\/jv-nautica-icono-positivo-01.png","width":86,"height":86,"caption":"Julio Verne N\u00e1utica"},"image":{"@id":"https:\/\/www.juliovernenautica.com\/en#\/schema\/logo\/image\/"},"sameAs":["https:\/\/www.facebook.com\/juliovernenautica\/","https:\/\/www.instagram.com\/julio_verne_nautica\/"]}]}},"_links":{"self":[{"href":"https:\/\/www.juliovernenautica.com\/en\/wp-json\/wp\/v2\/pages\/16192","targetHints":{"allow":["GET"]}}],"collection":[{"href":"https:\/\/www.juliovernenautica.com\/en\/wp-json\/wp\/v2\/pages"}],"about":[{"href":"https:\/\/www.juliovernenautica.com\/en\/wp-json\/wp\/v2\/types\/page"}],"author":[{"embeddable":true,"href":"https:\/\/www.juliovernenautica.com\/en\/wp-json\/wp\/v2\/users\/2"}],"replies":[{"embeddable":true,"href":"https:\/\/www.juliovernenautica.com\/en\/wp-json\/wp\/v2\/comments?post=16192"}],"version-history":[{"count":0,"href":"https:\/\/www.juliovernenautica.com\/en\/wp-json\/wp\/v2\/pages\/16192\/revisions"}],"wp:attachment":[{"href":"https:\/\/www.juliovernenautica.com\/en\/wp-json\/wp\/v2\/media?parent=16192"}],"curies":[{"name":"wp","href":"https:\/\/api.w.org\/{rel}","templated":true}]}}