{"id":8059,"date":"2022-01-27T16:07:06","date_gmt":"2022-01-27T15:07:06","guid":{"rendered":"https:\/\/www.juliovernenautica.com\/segelpraktika-fuer-nautische-titel\/praktikums-kalender"},"modified":"2026-04-09T21:09:19","modified_gmt":"2026-04-09T19:09:19","slug":"praktikums-kalender","status":"publish","type":"page","link":"https:\/\/www.juliovernenautica.com\/de\/segelpraktika-fuer-nautische-titel\/praktikums-kalender","title":{"rendered":"Kalender"},"content":{"rendered":"\t\t<div data-elementor-type=\"wp-page\" data-elementor-id=\"8059\" class=\"elementor elementor-8059 elementor-3643\" data-elementor-post-type=\"page\">\n\t\t\t\t\t\t<section class=\"elementor-section elementor-top-section elementor-element elementor-element-4bb0768f elementor-section-full_width elementor-section-height-min-height elementor-section-stretched elementor-section-height-default elementor-section-items-middle\" data-id=\"4bb0768f\" data-element_type=\"section\" data-e-type=\"section\" data-settings=\"{&quot;stretch_section&quot;:&quot;section-stretched&quot;,&quot;background_background&quot;:&quot;classic&quot;,&quot;shape_divider_bottom&quot;:&quot;tilt&quot;}\">\n\t\t\t\t\t\t\t<div class=\"elementor-background-overlay\"><\/div>\n\t\t\t\t\t\t<div class=\"elementor-shape elementor-shape-bottom\" aria-hidden=\"true\" data-negative=\"false\">\n\t\t\t<svg xmlns=\"http:\/\/www.w3.org\/2000\/svg\" viewBox=\"0 0 1000 100\" preserveAspectRatio=\"none\">\n\t<path class=\"elementor-shape-fill\" d=\"M0,6V0h1000v100L0,6z\"\/>\n<\/svg>\t\t<\/div>\n\t\t\t\t\t<div class=\"elementor-container elementor-column-gap-default\">\n\t\t\t\t\t<div class=\"elementor-column elementor-col-100 elementor-top-column elementor-element elementor-element-97484a\" data-id=\"97484a\" data-element_type=\"column\" data-e-type=\"column\">\n\t\t\t<div class=\"elementor-widget-wrap elementor-element-populated\">\n\t\t\t\t\t\t<div class=\"elementor-element elementor-element-6d9fdcbd elementor-widget elementor-widget-text-editor\" data-id=\"6d9fdcbd\" data-element_type=\"widget\" data-e-type=\"widget\" data-widget_type=\"text-editor.default\">\n\t\t\t\t<div class=\"elementor-widget-container\">\n\t\t\t\t\t\t\t\t\t<h1><span style=\"color: #ffffff;\">Praktikums-Kalender<\/span><\/h1>\n\t\t\t\t\t\t\t\t<\/div>\n\t\t\t\t<\/div>\n\t\t\t\t\t<\/div>\n\t\t<\/div>\n\t\t\t\t\t<\/div>\n\t\t<\/section>\n\t\t\t\t<section class=\"elementor-section elementor-top-section elementor-element elementor-element-b40454c elementor-section-boxed elementor-section-height-default elementor-section-height-default\" data-id=\"b40454c\" data-element_type=\"section\" data-e-type=\"section\">\n\t\t\t\t\t\t<div class=\"elementor-container elementor-column-gap-default\">\n\t\t\t\t\t<div class=\"elementor-column elementor-col-100 elementor-top-column elementor-element elementor-element-cec208c\" data-id=\"cec208c\" data-element_type=\"column\" data-e-type=\"column\">\n\t\t\t<div class=\"elementor-widget-wrap elementor-element-populated\">\n\t\t\t\t\t\t<div class=\"elementor-element elementor-element-df67cbf elementor-widget elementor-widget-html\" data-id=\"df67cbf\" data-element_type=\"widget\" data-e-type=\"widget\" data-widget_type=\"html.default\">\n\t\t\t\t<div class=\"elementor-widget-container\">\n\t\t\t\t\t<!-- Div para el mensaje de carga -->\n<div id=\"loadingMessage\" style=\"text-align:center; font-size:20px;\">\n  Einen Moment bitte, wir laden gerade den Kalender der Aktivit\u00e4ten...\n<\/div>\n\n<!-- Aqu\u00ed se cargar\u00e1 el widget de Bookeo -->\n<div id=\"bookeoWidget\"><\/div>\n\n<!-- Script para cargar el widget de Bookeo -->\n<script type=\"text\/javascript\">\n    \/\/ Funci\u00f3n que se llama cuando el script de Bookeo ha cargado\n    function bookeoWidgetLoaded() {\n        \/\/ Ocultar el mensaje de carga\n        document.getElementById('loadingMessage').style.display = 'none';\n    }\n<\/script>\n<script type=\"text\/javascript\" src=\"https:\/\/bookeo.com\/widget.js?a=2239WEF9F18AAC7AE2E0&languageCode=de_DE\" onload=\"bookeoWidgetLoaded()\"><\/script>\t\t\t\t<\/div>\n\t\t\t\t<\/div>\n\t\t\t\t\t<\/div>\n\t\t<\/div>\n\t\t\t\t\t<\/div>\n\t\t<\/section>\n\t\t\t\t<section class=\"elementor-section elementor-top-section elementor-element elementor-element-58e9c6d elementor-section-stretched elementor-section-boxed elementor-section-height-default elementor-section-height-default\" data-id=\"58e9c6d\" data-element_type=\"section\" data-e-type=\"section\" data-settings=\"{&quot;stretch_section&quot;:&quot;section-stretched&quot;,&quot;background_background&quot;:&quot;classic&quot;}\">\n\t\t\t\t\t\t<div class=\"elementor-container elementor-column-gap-default\">\n\t\t\t\t\t<div class=\"elementor-column elementor-col-100 elementor-top-column elementor-element elementor-element-542f54ae\" data-id=\"542f54ae\" data-element_type=\"column\" data-e-type=\"column\">\n\t\t\t<div class=\"elementor-widget-wrap elementor-element-populated\">\n\t\t\t\t\t\t<div class=\"elementor-element elementor-element-42d04279 elementor-widget elementor-widget-text-editor\" data-id=\"42d04279\" data-element_type=\"widget\" data-e-type=\"widget\" data-widget_type=\"text-editor.default\">\n\t\t\t\t<div class=\"elementor-widget-container\">\n\t\t\t\t\t\t\t\t\t<h3 class=\"white\">Sie k\u00f6nnen die gesuchten Daten nicht finden?<\/h3>\n\t\t\t\t\t\t\t\t<\/div>\n\t\t\t\t<\/div>\n\t\t\t\t<div class=\"elementor-element elementor-element-40eb91e5 elementor-align-center elementor-widget elementor-widget-button\" data-id=\"40eb91e5\" data-element_type=\"widget\" data-e-type=\"widget\" data-widget_type=\"button.default\">\n\t\t\t\t<div class=\"elementor-widget-container\">\n\t\t\t\t\t\t\t\t\t<div class=\"elementor-button-wrapper\">\n\t\t\t\t\t<a class=\"elementor-button elementor-button-link elementor-size-md\" href=\"https:\/\/www.juliovernenautica.com\/de\/kontakt\">\n\t\t\t\t\t\t<span class=\"elementor-button-content-wrapper\">\n\t\t\t\t\t\t\t\t\t<span class=\"elementor-button-text\">NEHMEN SIE KONTAKT MIT UNS AUF<\/span>\n\t\t\t\t\t<\/span>\n\t\t\t\t\t<\/a>\n\t\t\t\t<\/div>\n\t\t\t\t\t\t\t\t<\/div>\n\t\t\t\t<\/div>\n\t\t\t\t\t<\/div>\n\t\t<\/div>\n\t\t\t\t\t<\/div>\n\t\t<\/section>\n\t\t\t\t<\/div>\n\t\t","protected":false},"excerpt":{"rendered":"<p>Praktikums-Kalender Einen Moment bitte, wir laden gerade den Kalender der Aktivit\u00e4ten&#8230; Sie k\u00f6nnen die gesuchten Daten nicht finden? NEHMEN SIE KONTAKT MIT UNS AUF<\/p>\n","protected":false},"author":2,"featured_media":0,"parent":6141,"menu_order":0,"comment_status":"closed","ping_status":"closed","template":"","meta":{"_acf_changed":false,"_joinchat":[],"footnotes":""},"class_list":["post-8059","page","type-page","status-publish","hentry"],"acf":[],"yoast_head":"<!-- This site is optimized with the Yoast SEO Premium plugin v24.5 (Yoast SEO v27.3) - https:\/\/yoast.com\/product\/yoast-seo-premium-wordpress\/ -->\n<title>Kalender | Julio Verne Nautica<\/title>\n<meta name=\"description\" content=\"Kalender f\u00fcr Praktika. Wenn Sie weitere Informationen ben\u00f6tigen oder die von Ihnen gesuchten Termine nicht finden, kontaktieren Sie uns bitte.\" \/>\n<meta name=\"robots\" content=\"index, follow, max-snippet:-1, max-image-preview:large, max-video-preview:-1\" \/>\n<link rel=\"canonical\" href=\"https:\/\/www.juliovernenautica.com\/de\/segelpraktika-fuer-nautische-titel\/praktikums-kalender\" \/>\n<meta property=\"og:locale\" content=\"de_DE\" \/>\n<meta property=\"og:type\" content=\"article\" \/>\n<meta property=\"og:title\" content=\"Kalender\" \/>\n<meta property=\"og:description\" content=\"Kalender f\u00fcr Praktika. Wenn Sie weitere Informationen ben\u00f6tigen oder die von Ihnen gesuchten Termine nicht finden, kontaktieren Sie uns bitte.\" \/>\n<meta property=\"og:url\" content=\"https:\/\/www.juliovernenautica.com\/de\/segelpraktika-fuer-nautische-titel\/praktikums-kalender\" \/>\n<meta property=\"og:site_name\" content=\"Julio Verne Nautica\" \/>\n<meta property=\"article:publisher\" content=\"https:\/\/www.facebook.com\/juliovernenautica\/\" \/>\n<meta property=\"article:modified_time\" content=\"2026-04-09T19:09:19+00:00\" \/>\n<meta name=\"twitter:card\" content=\"summary_large_image\" \/>\n<script type=\"application\/ld+json\" class=\"yoast-schema-graph\">{\"@context\":\"https:\\\/\\\/schema.org\",\"@graph\":[{\"@type\":\"WebPage\",\"@id\":\"https:\\\/\\\/www.juliovernenautica.com\\\/de\\\/segelpraktika-fuer-nautische-titel\\\/praktikums-kalender\",\"url\":\"https:\\\/\\\/www.juliovernenautica.com\\\/de\\\/segelpraktika-fuer-nautische-titel\\\/praktikums-kalender\",\"name\":\"Kalender | Julio Verne Nautica\",\"isPartOf\":{\"@id\":\"https:\\\/\\\/www.juliovernenautica.com\\\/de#website\"},\"datePublished\":\"2022-01-27T15:07:06+00:00\",\"dateModified\":\"2026-04-09T19:09:19+00:00\",\"description\":\"Kalender f\u00fcr Praktika. Wenn Sie weitere Informationen ben\u00f6tigen oder die von Ihnen gesuchten Termine nicht finden, kontaktieren Sie uns bitte.\",\"breadcrumb\":{\"@id\":\"https:\\\/\\\/www.juliovernenautica.com\\\/de\\\/segelpraktika-fuer-nautische-titel\\\/praktikums-kalender#breadcrumb\"},\"inLanguage\":\"de\",\"potentialAction\":[{\"@type\":\"ReadAction\",\"target\":[\"https:\\\/\\\/www.juliovernenautica.com\\\/de\\\/segelpraktika-fuer-nautische-titel\\\/praktikums-kalender\"]}]},{\"@type\":\"BreadcrumbList\",\"@id\":\"https:\\\/\\\/www.juliovernenautica.com\\\/de\\\/segelpraktika-fuer-nautische-titel\\\/praktikums-kalender#breadcrumb\",\"itemListElement\":[{\"@type\":\"ListItem\",\"position\":1,\"name\":\"Home\",\"item\":\"https:\\\/\\\/www.juliovernenautica.com\\\/de\\\/julio-verne-nautica-home\"},{\"@type\":\"ListItem\",\"position\":2,\"name\":\"Segelpraktika f\u00fcr nautische Titel\",\"item\":\"https:\\\/\\\/www.juliovernenautica.com\\\/de\\\/segelpraktika-fuer-nautische-titel\"},{\"@type\":\"ListItem\",\"position\":3,\"name\":\"Kalender\"}]},{\"@type\":\"WebSite\",\"@id\":\"https:\\\/\\\/www.juliovernenautica.com\\\/de#website\",\"url\":\"https:\\\/\\\/www.juliovernenautica.com\\\/de\",\"name\":\"Julio Verne N\u00e1utica\",\"description\":\"Formaci\u00f3n y charter n\u00e1utico en Galicia\",\"publisher\":{\"@id\":\"https:\\\/\\\/www.juliovernenautica.com\\\/de#organization\"},\"potentialAction\":[{\"@type\":\"SearchAction\",\"target\":{\"@type\":\"EntryPoint\",\"urlTemplate\":\"https:\\\/\\\/www.juliovernenautica.com\\\/de?s={search_term_string}\"},\"query-input\":{\"@type\":\"PropertyValueSpecification\",\"valueRequired\":true,\"valueName\":\"search_term_string\"}}],\"inLanguage\":\"de\"},{\"@type\":\"Organization\",\"@id\":\"https:\\\/\\\/www.juliovernenautica.com\\\/de#organization\",\"name\":\"Julio Verne Nautica\",\"url\":\"https:\\\/\\\/www.juliovernenautica.com\\\/de\",\"logo\":{\"@type\":\"ImageObject\",\"inLanguage\":\"de\",\"@id\":\"https:\\\/\\\/www.juliovernenautica.com\\\/de#\\\/schema\\\/logo\\\/image\\\/\",\"url\":\"https:\\\/\\\/www.juliovernenautica.com\\\/wp-content\\\/uploads\\\/2019\\\/12\\\/jv-nautica-icono-positivo-01.png\",\"contentUrl\":\"https:\\\/\\\/www.juliovernenautica.com\\\/wp-content\\\/uploads\\\/2019\\\/12\\\/jv-nautica-icono-positivo-01.png\",\"width\":86,\"height\":86,\"caption\":\"Julio Verne Nautica\"},\"image\":{\"@id\":\"https:\\\/\\\/www.juliovernenautica.com\\\/de#\\\/schema\\\/logo\\\/image\\\/\"},\"sameAs\":[\"https:\\\/\\\/www.facebook.com\\\/juliovernenautica\\\/\",\"https:\\\/\\\/www.instagram.com\\\/julio_verne_nautica\\\/\"]}]}<\/script>\n<!-- \/ Yoast SEO Premium plugin. -->","yoast_head_json":{"title":"Kalender | Julio Verne Nautica","description":"Kalender f\u00fcr Praktika. Wenn Sie weitere Informationen ben\u00f6tigen oder die von Ihnen gesuchten Termine nicht finden, kontaktieren Sie uns bitte.","robots":{"index":"index","follow":"follow","max-snippet":"max-snippet:-1","max-image-preview":"max-image-preview:large","max-video-preview":"max-video-preview:-1"},"canonical":"https:\/\/www.juliovernenautica.com\/de\/segelpraktika-fuer-nautische-titel\/praktikums-kalender","og_locale":"de_DE","og_type":"article","og_title":"Kalender","og_description":"Kalender f\u00fcr Praktika. Wenn Sie weitere Informationen ben\u00f6tigen oder die von Ihnen gesuchten Termine nicht finden, kontaktieren Sie uns bitte.","og_url":"https:\/\/www.juliovernenautica.com\/de\/segelpraktika-fuer-nautische-titel\/praktikums-kalender","og_site_name":"Julio Verne Nautica","article_publisher":"https:\/\/www.facebook.com\/juliovernenautica\/","article_modified_time":"2026-04-09T19:09:19+00:00","twitter_card":"summary_large_image","schema":{"@context":"https:\/\/schema.org","@graph":[{"@type":"WebPage","@id":"https:\/\/www.juliovernenautica.com\/de\/segelpraktika-fuer-nautische-titel\/praktikums-kalender","url":"https:\/\/www.juliovernenautica.com\/de\/segelpraktika-fuer-nautische-titel\/praktikums-kalender","name":"Kalender | Julio Verne Nautica","isPartOf":{"@id":"https:\/\/www.juliovernenautica.com\/de#website"},"datePublished":"2022-01-27T15:07:06+00:00","dateModified":"2026-04-09T19:09:19+00:00","description":"Kalender f\u00fcr Praktika. Wenn Sie weitere Informationen ben\u00f6tigen oder die von Ihnen gesuchten Termine nicht finden, kontaktieren Sie uns bitte.","breadcrumb":{"@id":"https:\/\/www.juliovernenautica.com\/de\/segelpraktika-fuer-nautische-titel\/praktikums-kalender#breadcrumb"},"inLanguage":"de","potentialAction":[{"@type":"ReadAction","target":["https:\/\/www.juliovernenautica.com\/de\/segelpraktika-fuer-nautische-titel\/praktikums-kalender"]}]},{"@type":"BreadcrumbList","@id":"https:\/\/www.juliovernenautica.com\/de\/segelpraktika-fuer-nautische-titel\/praktikums-kalender#breadcrumb","itemListElement":[{"@type":"ListItem","position":1,"name":"Home","item":"https:\/\/www.juliovernenautica.com\/de\/julio-verne-nautica-home"},{"@type":"ListItem","position":2,"name":"Segelpraktika f\u00fcr nautische Titel","item":"https:\/\/www.juliovernenautica.com\/de\/segelpraktika-fuer-nautische-titel"},{"@type":"ListItem","position":3,"name":"Kalender"}]},{"@type":"WebSite","@id":"https:\/\/www.juliovernenautica.com\/de#website","url":"https:\/\/www.juliovernenautica.com\/de","name":"Julio Verne N\u00e1utica","description":"Formaci\u00f3n y charter n\u00e1utico en Galicia","publisher":{"@id":"https:\/\/www.juliovernenautica.com\/de#organization"},"potentialAction":[{"@type":"SearchAction","target":{"@type":"EntryPoint","urlTemplate":"https:\/\/www.juliovernenautica.com\/de?s={search_term_string}"},"query-input":{"@type":"PropertyValueSpecification","valueRequired":true,"valueName":"search_term_string"}}],"inLanguage":"de"},{"@type":"Organization","@id":"https:\/\/www.juliovernenautica.com\/de#organization","name":"Julio Verne Nautica","url":"https:\/\/www.juliovernenautica.com\/de","logo":{"@type":"ImageObject","inLanguage":"de","@id":"https:\/\/www.juliovernenautica.com\/de#\/schema\/logo\/image\/","url":"https:\/\/www.juliovernenautica.com\/wp-content\/uploads\/2019\/12\/jv-nautica-icono-positivo-01.png","contentUrl":"https:\/\/www.juliovernenautica.com\/wp-content\/uploads\/2019\/12\/jv-nautica-icono-positivo-01.png","width":86,"height":86,"caption":"Julio Verne Nautica"},"image":{"@id":"https:\/\/www.juliovernenautica.com\/de#\/schema\/logo\/image\/"},"sameAs":["https:\/\/www.facebook.com\/juliovernenautica\/","https:\/\/www.instagram.com\/julio_verne_nautica\/"]}]}},"_links":{"self":[{"href":"https:\/\/www.juliovernenautica.com\/de\/wp-json\/wp\/v2\/pages\/8059","targetHints":{"allow":["GET"]}}],"collection":[{"href":"https:\/\/www.juliovernenautica.com\/de\/wp-json\/wp\/v2\/pages"}],"about":[{"href":"https:\/\/www.juliovernenautica.com\/de\/wp-json\/wp\/v2\/types\/page"}],"author":[{"embeddable":true,"href":"https:\/\/www.juliovernenautica.com\/de\/wp-json\/wp\/v2\/users\/2"}],"replies":[{"embeddable":true,"href":"https:\/\/www.juliovernenautica.com\/de\/wp-json\/wp\/v2\/comments?post=8059"}],"version-history":[{"count":1,"href":"https:\/\/www.juliovernenautica.com\/de\/wp-json\/wp\/v2\/pages\/8059\/revisions"}],"predecessor-version":[{"id":22212,"href":"https:\/\/www.juliovernenautica.com\/de\/wp-json\/wp\/v2\/pages\/8059\/revisions\/22212"}],"up":[{"embeddable":true,"href":"https:\/\/www.juliovernenautica.com\/de\/wp-json\/wp\/v2\/pages\/6141"}],"wp:attachment":[{"href":"https:\/\/www.juliovernenautica.com\/de\/wp-json\/wp\/v2\/media?parent=8059"}],"curies":[{"name":"wp","href":"https:\/\/api.w.org\/{rel}","templated":true}]}}