{"id":6187,"date":"2020-05-31T11:53:20","date_gmt":"2020-05-31T09:53:20","guid":{"rendered":"https:\/\/www.juliovernenautica.com\/datenschutzerklarung"},"modified":"2026-02-13T13:56:56","modified_gmt":"2026-02-13T12:56:56","slug":"datenschutzerklarung","status":"publish","type":"page","link":"https:\/\/www.juliovernenautica.com\/de\/datenschutzerklarung","title":{"rendered":"Datenschutzerkl\u00e4rung"},"content":{"rendered":"<h1>Eigentum der Website<\/h1>\n<p>Unternehmen: Veruela 2000, S.L.<br \/>\nCIF: B27760628<br \/>\nAdresse: Calle del Reloj 5, oficina 3.<br \/>\n36300 Baiona.<br \/>\nPontevedra, Galicien, Spanien.<br \/>\n<strong>Kontakt<\/strong>:<br \/>\nTelefon: +34 683 251 682<br \/>\nE-Mail: office@juliovernenautica.com<\/p>\n<h4>1. IDENTIFIKATIONSDATEN<\/h4>\n<p>VERUELA 2000 SL, im Folgenden JULIO VERNE N\u00c1UTICA, ist der Inhaber der Web-Domain <a href=\"https:\/\/www.juliovernenautica.com\/de\">www.juliovernenautica.com<\/a> mit der Adresse f\u00fcr diese Zwecke in R\u00faa do Reloxo 5 ofic 6 36300 BAIONA, CIF-Nummer: B27760628 und Kontakt-E-Mail  <a href=\"mailto:office@juliovernenautica.com\">office@juliovernenautica.com<\/a><\/p>\n<h4>2. DATENSCHUTZ<\/h4>\n<p>JULIO VERNE N\u00c1UTICA, in \u00dcbereinstimmung mit dem <u>Organgesetz 3\/2018 vom 5. Dezember \u00fcber den Schutz personenbezogener Daten und die Garantie digitaler Rechte<\/u> und der <u>RGPD<\/u>, gew\u00e4hrleistet die korrekte Verwendung und Behandlung der personenbezogenen Daten derjenigen, die diese Website besuchen.<\/p>\n<p>Um dies zu tun, zusammen mit jeder Form der Erhebung personenbezogener Daten, in den Diensten, die jeder Benutzer von JULIO VERNE N\u00c1UTICA anfordern kann, wird diese Person \u00fcber das Vorhandensein und die Annahme der besonderen Bedingungen f\u00fcr die Verarbeitung ihrer Daten in jedem Fall informieren und sie \u00fcber die Verantwortung der erstellten Datei, die Adresse der verantwortlichen Person, informieren, die M\u00f6glichkeit der Aus\u00fcbung Ihrer Rechte, der Zweck der Verarbeitung und gegebenenfalls die Weitergabe von Daten an Dritte.<\/p>\n<h4>3. IP-ADRESSEN<\/h4>\n<p>Die Server der Website k\u00f6nnen die vom Benutzer verwendete IP-Adresse und den Domainnamen automatisch erkennen.<\/p>\n<p>Eine IP-Adresse ist eine Nummer, die einem Computer automatisch zugewiesen wird, wenn er eine Verbindung zum Internet herstellt. Alle diese Informationen werden in einer ordnungsgem\u00e4\u00df registrierten Serveraktivit\u00e4tsdatei aufgezeichnet, die die anschlie\u00dfende Verarbeitung der Daten erm\u00f6glicht, um nur statistische Messungen zu erhalten, die es erm\u00f6glichen, die Anzahl der Seitenaufrufe, die Anzahl der Besuche bei den Webdiensten, die Reihenfolge der Besuche, den Zugangspunkt, etc.<\/p>\n<h4>4. SICHERHEIT<\/h4>\n<p>Die Website verwendet in der Branche allgemein anerkannte Informationssicherheitstechniken wie Firewalls, Zugriffskontrollverfahren und kryptografische Mechanismen, um unbefugten Zugriff auf Daten zu verhindern.<\/p>\n<p>Um diese Zwecke zu erreichen, akzeptiert der Nutzer \/ Kunde <strong>ausdr\u00fccklich<\/strong>, dass der Anbieter Daten zum Zwecke der entsprechenden Authentifizierung von Zugangskontrollen erh\u00e4lt.<\/p>\n<p>Jeder Vertragsprozess oder der die Einf\u00fchrung personenbezogener Daten besonderer Kategorien wie Gesundheitsdaten, Ideologie usw. beinhaltet, wird immer \u00fcber ein sicheres Kommunikationsprotokoll <strong>(https:\/\/\u2026)<\/strong> \u00fcbertragen. , so dass kein Dritter Zugang zu den elektronisch \u00fcbermittelten Informationen hat.<\/p>\n<h4>5. MINDERJ\u00c4HRIGE<\/h4>\n<p>Eine Person unter 14 Jahren darf ihre personenbezogenen Daten nicht ohne vorherige Zustimmung ihres Vaters, ihrer Mutter oder ihres Erziehungsberechtigten an JULIO VERNE N\u00c1UTICA \u00fcbermitteln.<\/p>\n<p>Mit der Ver\u00f6ffentlichung der RGPD ist die Bestimmung des Alters f\u00fcr die Zustimmung zur \u00dcbermittlung personenbezogener Daten zwischen 16 und 13 Jahren vorgesehen, in Spanien seit Inkrafttreten des LOPD-GDD auf 14 Jahre.<\/p>\n<p>F\u00fcr den Fall, dass JULIO VERNE N\u00c1UTICA Benutzer auf der Website entdeckt, <strong>die unter 14 Jahre alt sind<\/strong>, beh\u00e4lt er sich das Recht vor, eine Kopie Ihres Ausweises oder gegebenenfalls die Genehmigung Ihres Vaters, Ihrer Mutter oder Ihres gesetzlichen Vormunds anzufordern, was Ihren Widerruf verursacht, wenn die Einhaltung dieser Anforderung nicht nachgewiesen wird oder keine Antwort erfolgt.<\/p>\n<h4>6. AUS\u00dcBUNG VON RECHTEN<\/h4>\n<p>Der Webnutzer kann jederzeit seine Pr\u00e4ferenzen f\u00fcr kommerzielle Sendungen \u00e4ndern und seine in den Bestimmungen vorgesehenen Rechte durch eine schriftliche Mitteilung an JULIO VERNE N\u00c1UTICA, an die Postanschrift von R\u00faa do Reloxo 5 ofic 6 36300 BAIONA oder per E-Mail an <a href=\"mailto:office@juliovernenautica.com\">office@juliovernenautica.com<\/a><\/p>\n<p>In beiden F\u00e4llen muss der Webnutzer eine Kopie seines Personalausweises, Reisepasses oder \u00c4hnlichem beif\u00fcgen.<\/p>\n<ul>\n<li>ZUGANG: Erhalten Sie eine Best\u00e4tigung dar\u00fcber, ob Ihre Daten verarbeitet werden.<\/li>\n<li>L\u00d6SCHUNG: Fordern Sie die L\u00f6schung Ihrer Daten an.<\/li>\n<li>RECTIFICATION: \u00c4ndern Sie ungenaue, fehlerhafte oder unvollst\u00e4ndige Daten.<\/li>\n<li>PORTABILIT\u00c4T: Von JULIO VERNE N\u00c1UTICAlos pers\u00f6nliche Daten, die ihn betreffen, zu erhalten und sie an eine andere Person zu \u00fcbermitteln, die f\u00fcr die Behandlung verantwortlich ist.<\/li>\n<li>WIDERSPRUCH: Widersetzen Sie sich, dass personenbezogene Daten, die Sie betreffen, einer Behandlung unterliegen, die auf der Erf\u00fcllung von Zwecken des \u00f6ffentlichen Interesses oder des berechtigten Interesses der f\u00fcr die Behandlung verantwortlichen Person basiert.<\/li>\n<li>EINSCHR\u00c4NKUNG DER BEHANDLUNG: Erhalten Sie von der f\u00fcr die Behandlung verantwortlichen Person die Einschr\u00e4nkung der Behandlung der Daten.<\/li>\n<\/ul>\n<p>Au\u00dferdem k\u00f6nnen Sie die Modelle und Formulare, die Ihnen das AEPD-Portal zur Verf\u00fcgung stellt, f\u00fcr die Aus\u00fcbung dieser Rechte verwenden.<\/p>\n<p>Und wenn Sie keine Mitteilungen per E-Mail erhalten m\u00f6chten, k\u00f6nnen <strong>Sie Ihr Widerrufs- und Widerspruchsrecht aus\u00fcben<\/strong>, indem Sie Ihre Stornierung auch per Post oder E-Mail sowie \u00fcber den Link beantragen, den Sie in jeder E-Mail haben, die Sie von JULIO VERNE N\u00c1UTICA erhalten. <strong><\/strong><\/p>\n<h4>7. VERARBEITUNGST\u00c4TIGKEIT UND -ZWECK<\/h4>\n<p>JULIO VERNE N\u00c1UTICA sammelt die Informationen jedes Kunden \/ Lieferanten \/ etc. f\u00fcr die Erbringung unseres Verkaufsdienstes, die Abrechnung, den Versand von Informationen usw.<\/p>\n<p>Kategorien von Daten, auf die \u00fcber diese Website zugegriffen wird:<\/p>\n<ul>\n<li>Identifikationsdaten: Vorname, Nachname, Titel, E-Mail, Telefonnummer, &#8230;<\/li>\n<li>Buchhaltungsdaten: Kontonummer, Bankkarte, &#8230;.<\/li>\n<\/ul>\n<p>Daten\u00fcbertragung des f\u00fcr die Verarbeitung Verantwortlichen:<\/p>\n<p>JULIO VERNE N\u00c1UTICA informiert die Nutzer der Website, dass ihre personenbezogenen Daten <strong>nicht an Dritte oder Organisationen weitergegeben werden<\/strong>, es sei denn, die \u00dcbermittlung von Daten ist gesetzlich vorgeschrieben oder die Erbringung der Dienstleistung impliziert die Notwendigkeit eines Vertragsverh\u00e4ltnisses mit den f\u00fcr die Behandlung verantwortlichen Dienstleistern. Im letzteren Fall erfolgt die \u00dcbermittlung von Daten an den Dritten nur, wenn JULIO VERNE N\u00c1UTICA die <strong>ausdr\u00fcckliche Zustimmung des Nutzers<\/strong> hat und ein Vertragsverh\u00e4ltnis mit der f\u00fcr die Behandlung verantwortlichen Person unterh\u00e4lt, die deren Vertraulichkeit und Einhaltung garantiert.<\/p>\n<p>JULIO VERNE N\u00c1UTICA <strong>verbietet<\/strong> dem Benutzer der Website ausdr\u00fccklich, Daten von Dritten zu teilen, zu <strong>erleichtern oder zu \u00fcbertragen,<\/strong> die durch Kontakt, Interaktion oder Navigation oder Konsultation \u00fcber diese Website erhalten werden k\u00f6nnen, es sei denn, es k\u00f6nnte die ausdr\u00fcckliche Genehmigung des Benutzers nachweisen, dessen Daten er zu \u00fcbermitteln beabsichtigt.<\/p>\n<p>Wir erinnern jede Person, die diese Website nutzt, daran, dass PERSONENBEZOGENE DATEN auch Bilddateien von Personen enthalten. Das pers\u00f6nliche Bild ist eine durch die Vorschriften gesch\u00fctzte Daten (Artikel 5.1 der Vorschriften f\u00fcr die Entwicklung des LOPD). Daher darf niemand es <strong>ohne die ausdr\u00fcckliche Zustimmung<\/strong> der Person verwenden, die darin erscheint.<\/p>\n<h4>8. ANWENDBARES RECHT<\/h4>\n<p>Die <strong>Datenschutzerkl\u00e4rung <\/strong>von JULIO VERNE N\u00c1UTICA unterliegt den folgenden Regeln: <\/p>\n<ul>\n<li><a href=\"https:\/\/www.boe.es\/doue\/2016\/119\/L00001-00088.pdf\"  rel=\"nofollow noopener\">Verordnung (EU) 2016\/679 des Europ\u00e4ischen Parlaments und des Rates vom 27. April 2016 zum Schutz nat\u00fcrlicher Personen bei der Verarbeitung personenbezogener Daten und zum freien Datenverkehr;<\/a><\/li>\n<li><a href=\"https:\/\/www.boe.es\/buscar\/act.php?id=BOE-A-2002-13758\">Gesetz 34\/2002 vom 11. Juli \u00fcber Dienstleistungen der Informationsgesellschaft und des elektronischen Gesch\u00e4ftsverkehrs (LSSI-CE).<\/a><\/li>\n<li><a href=\"https:\/\/www.boe.es\/buscar\/doc.php?id=BOE-A-2018-16673\">Organgesetz 3\/2018 vom 5. Dezember \u00fcber den Schutz personenbezogener Daten und die Gew\u00e4hrleistung digitaler Rechte.<\/a><\/li>\n<\/ul>\n","protected":false},"excerpt":{"rendered":"<p>Eigentum der Website Unternehmen: Veruela 2000, S.L. CIF: B27760628 Adresse: Calle del Reloj 5, oficina 3. 36300 Baiona. Pontevedra, Galicien, Spanien. Kontakt: Telefon: +34 683 251 682 E-Mail: office@juliovernenautica.com 1. IDENTIFIKATIONSDATEN VERUELA 2000 SL, im Folgenden JULIO VERNE N\u00c1UTICA, ist der Inhaber der Web-Domain www.juliovernenautica.com mit der Adresse f\u00fcr diese Zwecke in R\u00faa do Reloxo [&hellip;]<\/p>\n","protected":false},"author":2,"featured_media":0,"parent":0,"menu_order":0,"comment_status":"closed","ping_status":"closed","template":"","meta":{"_acf_changed":false,"_joinchat":[],"footnotes":""},"class_list":["post-6187","page","type-page","status-publish","hentry"],"acf":[],"yoast_head":"<!-- This site is optimized with the Yoast SEO Premium plugin v24.5 (Yoast SEO v27.3) - https:\/\/yoast.com\/product\/yoast-seo-premium-wordpress\/ -->\n<title>Datenschutzerkl\u00e4rung | Julio Verne Nautica<\/title>\n<meta name=\"robots\" content=\"noindex, follow\" \/>\n<meta property=\"og:locale\" content=\"de_DE\" \/>\n<meta property=\"og:type\" content=\"article\" \/>\n<meta property=\"og:title\" content=\"Datenschutzerkl\u00e4rung\" \/>\n<meta property=\"og:description\" content=\"Eigentum der Website Unternehmen: Veruela 2000, S.L. CIF: B27760628 Adresse: Calle del Reloj 5, oficina 3. 36300 Baiona. Pontevedra, Galicien, Spanien. Kontakt: Telefon: +34 683 251 682 E-Mail: office@juliovernenautica.com 1. IDENTIFIKATIONSDATEN VERUELA 2000 SL, im Folgenden JULIO VERNE N\u00c1UTICA, ist der Inhaber der Web-Domain www.juliovernenautica.com mit der Adresse f\u00fcr diese Zwecke in R\u00faa do Reloxo [&hellip;]\" \/>\n<meta property=\"og:url\" content=\"https:\/\/www.juliovernenautica.com\/de\/datenschutzerklarung\" \/>\n<meta property=\"og:site_name\" content=\"Julio Verne Nautica\" \/>\n<meta property=\"article:publisher\" content=\"https:\/\/www.facebook.com\/juliovernenautica\/\" \/>\n<meta property=\"article:modified_time\" content=\"2026-02-13T12:56:56+00:00\" \/>\n<meta name=\"twitter:card\" content=\"summary_large_image\" \/>\n<script type=\"application\/ld+json\" class=\"yoast-schema-graph\">{\"@context\":\"https:\\\/\\\/schema.org\",\"@graph\":[{\"@type\":\"WebPage\",\"@id\":\"https:\\\/\\\/www.juliovernenautica.com\\\/de\\\/datenschutzerklarung\",\"url\":\"https:\\\/\\\/www.juliovernenautica.com\\\/de\\\/datenschutzerklarung\",\"name\":\"Datenschutzerkl\u00e4rung | Julio Verne Nautica\",\"isPartOf\":{\"@id\":\"https:\\\/\\\/www.juliovernenautica.com\\\/de#website\"},\"datePublished\":\"2020-05-31T09:53:20+00:00\",\"dateModified\":\"2026-02-13T12:56:56+00:00\",\"breadcrumb\":{\"@id\":\"https:\\\/\\\/www.juliovernenautica.com\\\/de\\\/datenschutzerklarung#breadcrumb\"},\"inLanguage\":\"de\",\"potentialAction\":[{\"@type\":\"ReadAction\",\"target\":[\"https:\\\/\\\/www.juliovernenautica.com\\\/de\\\/datenschutzerklarung\"]}]},{\"@type\":\"BreadcrumbList\",\"@id\":\"https:\\\/\\\/www.juliovernenautica.com\\\/de\\\/datenschutzerklarung#breadcrumb\",\"itemListElement\":[{\"@type\":\"ListItem\",\"position\":1,\"name\":\"Home\",\"item\":\"https:\\\/\\\/www.juliovernenautica.com\\\/de\\\/julio-verne-nautica-home\"},{\"@type\":\"ListItem\",\"position\":2,\"name\":\"Datenschutzerkl\u00e4rung\"}]},{\"@type\":\"WebSite\",\"@id\":\"https:\\\/\\\/www.juliovernenautica.com\\\/de#website\",\"url\":\"https:\\\/\\\/www.juliovernenautica.com\\\/de\",\"name\":\"Julio Verne N\u00e1utica\",\"description\":\"Formaci\u00f3n y charter n\u00e1utico en Galicia\",\"publisher\":{\"@id\":\"https:\\\/\\\/www.juliovernenautica.com\\\/de#organization\"},\"potentialAction\":[{\"@type\":\"SearchAction\",\"target\":{\"@type\":\"EntryPoint\",\"urlTemplate\":\"https:\\\/\\\/www.juliovernenautica.com\\\/de?s={search_term_string}\"},\"query-input\":{\"@type\":\"PropertyValueSpecification\",\"valueRequired\":true,\"valueName\":\"search_term_string\"}}],\"inLanguage\":\"de\"},{\"@type\":\"Organization\",\"@id\":\"https:\\\/\\\/www.juliovernenautica.com\\\/de#organization\",\"name\":\"Julio Verne Nautica\",\"url\":\"https:\\\/\\\/www.juliovernenautica.com\\\/de\",\"logo\":{\"@type\":\"ImageObject\",\"inLanguage\":\"de\",\"@id\":\"https:\\\/\\\/www.juliovernenautica.com\\\/de#\\\/schema\\\/logo\\\/image\\\/\",\"url\":\"https:\\\/\\\/www.juliovernenautica.com\\\/wp-content\\\/uploads\\\/2019\\\/12\\\/jv-nautica-icono-positivo-01.png\",\"contentUrl\":\"https:\\\/\\\/www.juliovernenautica.com\\\/wp-content\\\/uploads\\\/2019\\\/12\\\/jv-nautica-icono-positivo-01.png\",\"width\":86,\"height\":86,\"caption\":\"Julio Verne Nautica\"},\"image\":{\"@id\":\"https:\\\/\\\/www.juliovernenautica.com\\\/de#\\\/schema\\\/logo\\\/image\\\/\"},\"sameAs\":[\"https:\\\/\\\/www.facebook.com\\\/juliovernenautica\\\/\",\"https:\\\/\\\/www.instagram.com\\\/julio_verne_nautica\\\/\"]}]}<\/script>\n<!-- \/ Yoast SEO Premium plugin. -->","yoast_head_json":{"title":"Datenschutzerkl\u00e4rung | Julio Verne Nautica","robots":{"index":"noindex","follow":"follow"},"og_locale":"de_DE","og_type":"article","og_title":"Datenschutzerkl\u00e4rung","og_description":"Eigentum der Website Unternehmen: Veruela 2000, S.L. CIF: B27760628 Adresse: Calle del Reloj 5, oficina 3. 36300 Baiona. Pontevedra, Galicien, Spanien. Kontakt: Telefon: +34 683 251 682 E-Mail: office@juliovernenautica.com 1. IDENTIFIKATIONSDATEN VERUELA 2000 SL, im Folgenden JULIO VERNE N\u00c1UTICA, ist der Inhaber der Web-Domain www.juliovernenautica.com mit der Adresse f\u00fcr diese Zwecke in R\u00faa do Reloxo [&hellip;]","og_url":"https:\/\/www.juliovernenautica.com\/de\/datenschutzerklarung","og_site_name":"Julio Verne Nautica","article_publisher":"https:\/\/www.facebook.com\/juliovernenautica\/","article_modified_time":"2026-02-13T12:56:56+00:00","twitter_card":"summary_large_image","schema":{"@context":"https:\/\/schema.org","@graph":[{"@type":"WebPage","@id":"https:\/\/www.juliovernenautica.com\/de\/datenschutzerklarung","url":"https:\/\/www.juliovernenautica.com\/de\/datenschutzerklarung","name":"Datenschutzerkl\u00e4rung | Julio Verne Nautica","isPartOf":{"@id":"https:\/\/www.juliovernenautica.com\/de#website"},"datePublished":"2020-05-31T09:53:20+00:00","dateModified":"2026-02-13T12:56:56+00:00","breadcrumb":{"@id":"https:\/\/www.juliovernenautica.com\/de\/datenschutzerklarung#breadcrumb"},"inLanguage":"de","potentialAction":[{"@type":"ReadAction","target":["https:\/\/www.juliovernenautica.com\/de\/datenschutzerklarung"]}]},{"@type":"BreadcrumbList","@id":"https:\/\/www.juliovernenautica.com\/de\/datenschutzerklarung#breadcrumb","itemListElement":[{"@type":"ListItem","position":1,"name":"Home","item":"https:\/\/www.juliovernenautica.com\/de\/julio-verne-nautica-home"},{"@type":"ListItem","position":2,"name":"Datenschutzerkl\u00e4rung"}]},{"@type":"WebSite","@id":"https:\/\/www.juliovernenautica.com\/de#website","url":"https:\/\/www.juliovernenautica.com\/de","name":"Julio Verne N\u00e1utica","description":"Formaci\u00f3n y charter n\u00e1utico en Galicia","publisher":{"@id":"https:\/\/www.juliovernenautica.com\/de#organization"},"potentialAction":[{"@type":"SearchAction","target":{"@type":"EntryPoint","urlTemplate":"https:\/\/www.juliovernenautica.com\/de?s={search_term_string}"},"query-input":{"@type":"PropertyValueSpecification","valueRequired":true,"valueName":"search_term_string"}}],"inLanguage":"de"},{"@type":"Organization","@id":"https:\/\/www.juliovernenautica.com\/de#organization","name":"Julio Verne Nautica","url":"https:\/\/www.juliovernenautica.com\/de","logo":{"@type":"ImageObject","inLanguage":"de","@id":"https:\/\/www.juliovernenautica.com\/de#\/schema\/logo\/image\/","url":"https:\/\/www.juliovernenautica.com\/wp-content\/uploads\/2019\/12\/jv-nautica-icono-positivo-01.png","contentUrl":"https:\/\/www.juliovernenautica.com\/wp-content\/uploads\/2019\/12\/jv-nautica-icono-positivo-01.png","width":86,"height":86,"caption":"Julio Verne Nautica"},"image":{"@id":"https:\/\/www.juliovernenautica.com\/de#\/schema\/logo\/image\/"},"sameAs":["https:\/\/www.facebook.com\/juliovernenautica\/","https:\/\/www.instagram.com\/julio_verne_nautica\/"]}]}},"_links":{"self":[{"href":"https:\/\/www.juliovernenautica.com\/de\/wp-json\/wp\/v2\/pages\/6187","targetHints":{"allow":["GET"]}}],"collection":[{"href":"https:\/\/www.juliovernenautica.com\/de\/wp-json\/wp\/v2\/pages"}],"about":[{"href":"https:\/\/www.juliovernenautica.com\/de\/wp-json\/wp\/v2\/types\/page"}],"author":[{"embeddable":true,"href":"https:\/\/www.juliovernenautica.com\/de\/wp-json\/wp\/v2\/users\/2"}],"replies":[{"embeddable":true,"href":"https:\/\/www.juliovernenautica.com\/de\/wp-json\/wp\/v2\/comments?post=6187"}],"version-history":[{"count":0,"href":"https:\/\/www.juliovernenautica.com\/de\/wp-json\/wp\/v2\/pages\/6187\/revisions"}],"wp:attachment":[{"href":"https:\/\/www.juliovernenautica.com\/de\/wp-json\/wp\/v2\/media?parent=6187"}],"curies":[{"name":"wp","href":"https:\/\/api.w.org\/{rel}","templated":true}]}}