{"id":6185,"date":"2020-05-31T11:39:20","date_gmt":"2020-05-31T09:39:20","guid":{"rendered":"https:\/\/www.juliovernenautica.com\/cookies-politik"},"modified":"2026-01-28T11:37:47","modified_gmt":"2026-01-28T10:37:47","slug":"cookies-politik","status":"publish","type":"page","link":"https:\/\/www.juliovernenautica.com\/de\/cookies-politik","title":{"rendered":"Cookies Politik"},"content":{"rendered":"\t\t<div data-elementor-type=\"wp-page\" data-elementor-id=\"6185\" class=\"elementor elementor-6185 elementor-1615\" data-elementor-post-type=\"page\">\n\t\t\t\t\t\t<section class=\"elementor-section elementor-top-section elementor-element elementor-element-506a4772 elementor-section-boxed elementor-section-height-default elementor-section-height-default\" data-id=\"506a4772\" data-element_type=\"section\" data-e-type=\"section\">\n\t\t\t\t\t\t<div class=\"elementor-container elementor-column-gap-default\">\n\t\t\t\t\t<div class=\"elementor-column elementor-col-100 elementor-top-column elementor-element elementor-element-1d05a068\" data-id=\"1d05a068\" data-element_type=\"column\" data-e-type=\"column\">\n\t\t\t<div class=\"elementor-widget-wrap elementor-element-populated\">\n\t\t\t\t\t\t<div class=\"elementor-element elementor-element-73db07ae elementor-widget elementor-widget-text-editor\" data-id=\"73db07ae\" data-element_type=\"widget\" data-e-type=\"widget\" data-widget_type=\"text-editor.default\">\n\t\t\t\t<div class=\"elementor-widget-container\">\n\t\t\t\t\t\t\t\t\t<h4>Was sind Cookies?<\/h4><p>Cookie ist eine Datei, die auf Ihren Computer heruntergeladen wird, wenn Sie auf bestimmte Webseiten oder andere Computerdienste zugreifen. Diese Website verwendet Cookies und\/oder \u00e4hnliche Technologien, die Informationen speichern und abrufen, wenn Sie surfen. Im Allgemeinen k\u00f6nnen diese Technologien vielen verschiedenen Zwecken dienen, z. B. der Erkennung als Benutzer, der Beschaffung von Informationen \u00fcber Ihre Surfgewohnheiten oder der Personalisierung der Art und Weise, wie der Inhalt angezeigt wird. Der Browser des Benutzers speichert Cookies auf der Festplatte nur w\u00e4hrend der aktuellen Sitzung, die einen minimalen Speicherplatz belegt und den Computer nicht sch\u00e4digt. Einige der Cookies enthalten keine spezifischen pers\u00f6nlichen Informationen, und die meisten von ihnen werden am Ende der Browsersitzung von der Festplatte gel\u00f6scht (sogenannte Session-Cookies).<\/p><p>Die meisten Browser akzeptieren Cookies standardm\u00e4\u00dfig und erlauben oder verhindern unabh\u00e4ngig davon tempor\u00e4re oder gespeicherte Cookies in den Sicherheitseinstellungen.<\/p><p>Die spezifischen Anwendungen, die wir mit diesen Technologien machen, werden im Folgenden beschrieben.<\/p><h4>Welche Arten von Cookies verwendet diese Website?<\/h4><p>[wcc_category_list]<\/p><ul><li><strong>Technische Cookies<\/strong>: Dies sind diejenigen, die es dem Benutzer erm\u00f6glichen, durch eine Webseite, Plattform oder Anwendung zu navigieren und die verschiedenen Optionen oder Dienste zu nutzen, die darin vorhanden sind, wie z. B. die Steuerung des Datenverkehrs und der Datenkommunikation, die Identifizierung der Sitzung, den Zugriff auf Teile mit eingeschr\u00e4nktem Zugriff, das Erinnern an die Elemente, aus denen sich eine Bestellung zusammensetzt, den Kaufvorgang einer Bestellung durchzuf\u00fchren, die Registrierung oder Teilnahme an einer Veranstaltung anzufordern, Sicherheitselemente w\u00e4hrend der Navigation zu verwenden, Inhalte f\u00fcr die Verbreitung von Videos oder Ton zu speichern oder Inhalte \u00fcber soziale Netzwerke zu teilen.<\/li><li><strong>Personalisierungs-Cookies<\/strong>: Diese Cookies erm\u00f6glichen es dem Benutzer, auf den Dienst mit einigen vordefinierten allgemeinen Merkmalen zuzugreifen, die von einer Reihe von Kriterien auf dem Endger\u00e4t des Benutzers abh\u00e4ngen, wie z.B. die Sprache, die Art des Browsers, der f\u00fcr den Zugriff auf den Dienst verwendet wird, die regionale Konfiguration, von der aus auf den Dienst zugegriffen wird, usw.<\/li><li><strong>Analyse-Cookies:<\/strong> Dies sind diejenigen, die von uns oder von Dritten gut behandelt werden, die es uns erm\u00f6glichen, die Anzahl der Benutzer zu quantifizieren und somit die Messung und statistische Analyse der Nutzung des angebotenen Dienstes durch die Nutzer durchzuf\u00fchren. Zu diesem Zweck wird Ihr Surfen auf unserer Website analysiert, um das Angebot der von uns angebotenen Produkte oder Dienstleistungen zu verbessern.<\/li><li><strong>Werbe-Cookies<\/strong>: Dies sind Cookies, die entweder von uns oder von Dritten verarbeitet werden und die es uns erm\u00f6glichen, das Angebot an Werbefl\u00e4chen auf der Website so effizient wie m\u00f6glich zu verwalten und den Inhalt der Werbung an den Inhalt der angeforderten Dienstleistung oder an die Nutzung unserer Website durch Sie anzupassen. Dazu k\u00f6nnen wir Ihre Surfgewohnheiten im Internet analysieren und Ihnen Werbung im Zusammenhang mit Ihrem Browserprofil zeigen.<\/li><li><strong>Verhaltensbezogene Werbe-Cookies:<\/strong> Dies sind diejenigen, die die Verwaltung der Werbefl\u00e4chen, die der Herausgeber gegebenenfalls in eine Webseite, Anwendung oder Plattform aufgenommen hat, von der aus er den angeforderten Dienst bereitstellt, auf m\u00f6glichst effiziente Weise erm\u00f6glichen. Diese Cookies speichern Informationen \u00fcber das Verhalten der Benutzer, die durch die kontinuierliche Beobachtung ihrer Surfgewohnheiten erhalten werden, was die Entwicklung eines spezifischen Profils erm\u00f6glicht, um darauf basierende Werbung anzuzeigen.<\/li><\/ul><p>Die Unternehmen, die diese Cookies in Bezug auf soziale Netzwerke generieren, haben ihre eigenen Cookie-Richtlinien. Worauf wir uns beziehen, wenn Sie weitere Informationen w\u00fcnschen:<\/p><ul><li>Google+ Cookies und Google Maps (<a href=\"https:\/\/policies.google.com\/technologies\/cookies?hl=es\">Google Cookies<\/a>)<\/li><\/ul><h4>Wer verwaltet diese Cookies?<\/h4><div class=\"divTable\" style=\"width: 100%; border: 1px solid #000;\"><div class=\"divTableBody\"><div class=\"divTableRow\" style=\"background: #2a4858; color: #fff;\"><div class=\"divTableCell\">Cookie Name<\/div><div class=\"divTableCell\">Eigene oder fremde Verwaltung<\/div><div class=\"divTableCell\">Anbieter<\/div><div class=\"divTableCell\">Art der erhobenen Daten<\/div><div class=\"divTableCell\">Zweck der Verarbeitung<\/div><div class=\"divTableCell\">Internationaler Einsatz (Drittl\u00e4nder)<\/div><div class=\"divTableCell\">Dauer Cookies<\/div><\/div><div class=\"divTableRow\"> <\/div><div class=\"divTableCell\">_ga<\/div><div class=\"divTableCell\">von Dritten<\/div><div class=\"divTableCell\">Google Inc.<\/div><div class=\"divTableCell\">Das _ga-Cookie, das von Google Analytics gesetzt wird, berechnet Besucher-, Sitzungs- und Kampagnendaten und verfolgt auch die Nutzung der Website f\u00fcr die Analyseberichte.<\/div><div class=\"divTableCell\">Das Cookie speichert Informationen anonym und weist eine zuf\u00e4llig generierte Nummer zu, um eindeutige Besucher zu erkennen.<\/div><div class=\"divTableCell\">YES<\/div><div class=\"divTableCell\">2 Jahre<\/div><\/div><div class=\"divTableRow\"><div class=\"divTableCell\">_gat_gtag_UA_172773485_1<\/div><div class=\"divTableCell\">von Dritten<\/div><div class=\"divTableCell\">Google Inc.<\/div><div class=\"divTableCell\">Von Google eingef\u00fchrt, um Nutzer zu unterscheiden.<\/div><div class=\"divTableCell\"> <\/div><div class=\"divTableCell\">YES<\/div><div class=\"divTableCell\">1 Minute<\/div><\/div><div class=\"divTableRow\"><div class=\"divTableCell\">_gid<\/div><div class=\"divTableCell\">von Dritten<\/div><div class=\"divTableCell\">Google Inc.<\/div><div class=\"divTableCell\">Das von Google Analytics gesetzte _gid-Cookie speichert Informationen dar\u00fcber, wie Besucher eine Website nutzen, und erstellt einen analytischen Bericht \u00fcber die Leistung der Website.<\/div><div class=\"divTableCell\">Das von Google Analytics gesetzte _gid-Cookie speichert Informationen dar\u00fcber, wie Besucher eine Website nutzen, und erstellt einen analytischen Bericht \u00fcber die Leistung der Website.<\/div><div class=\"divTableCell\">YES<\/div><div class=\"divTableCell\">1 Tag<\/div><\/div><div class=\"divTableRow\"><div class=\"divTableCell\">cookielawinfo-checkbox-advertisement<\/div><div class=\"divTableCell\">eigene<\/div><div class=\"divTableCell\">MOZILOR LIMITED<\/div><div class=\"divTableCell\">Einverst\u00e4ndnis<\/div><div class=\"divTableCell\">Dieses Cookie wird verwendet, um die Zustimmung des Nutzers f\u00fcr Cookies der Kategorie &#8222;Werbung&#8220; zu registrieren.<\/div><div class=\"divTableCell\">YES<\/div><div class=\"divTableCell\">1 Jahr<\/div><\/div><div class=\"divTableRow\"><div class=\"divTableCell\">cookielawinfo-checkbox-analytics<\/div><div class=\"divTableCell\">eigene<\/div><div class=\"divTableCell\">MOZILOR LIMITED<\/div><div class=\"divTableCell\">Einverst\u00e4ndnis<\/div><div class=\"divTableCell\">Dieses Cookie wird verwendet, um die Zustimmung des Nutzers zu Cookies in der Kategorie &#8222;Analytics&#8220; zu erfassen.<\/div><div class=\"divTableCell\">YES<\/div><div class=\"divTableCell\">1 Jahr<\/div><\/div><div class=\"divTableRow\"><div class=\"divTableCell\">cookielawinfo-checkbox-functional<\/div><div class=\"divTableCell\">eigene<\/div><div class=\"divTableCell\">MOZILOR LIMITED<\/div><div class=\"divTableCell\">Einverst\u00e4ndnis<\/div><div class=\"divTableCell\">Das Cookie wird von der GDPR-Cookie-Zustimmung gesetzt, um die Zustimmung des Benutzers f\u00fcr Cookies in der Kategorie &#8222;Funktional&#8220; zu registrieren.<\/div><div class=\"divTableCell\">YES<\/div><div class=\"divTableCell\">1 Jahr<\/div><\/div><div class=\"divTableRow\"><div class=\"divTableCell\">cookielawinfo-checkbox-necessary<\/div><div class=\"divTableCell\">eigene<\/div><div class=\"divTableCell\">MOZILOR LIMITED<\/div><div class=\"divTableCell\">Einverst\u00e4ndnis<\/div><div class=\"divTableCell\">Dieses Cookie wird verwendet, um die Zustimmung des Nutzers zu Cookies der Kategorie &#8222;Notwendig&#8220; zu speichern.<\/div><div class=\"divTableCell\">YES<\/div><div class=\"divTableCell\">1 Jahr<\/div><\/div><div class=\"divTableRow\"><div class=\"divTableCell\">cookielawinfo-checkbox-non-necessary<\/div><div class=\"divTableCell\">eigene<\/div><div class=\"divTableCell\">MOZILOR LIMITED<\/div><div class=\"divTableCell\">Einverst\u00e4ndnis<\/div><div class=\"divTableCell\">Dieses Cookie wird verwendet, um die Zustimmung des Nutzers zu Cookies der Kategorie &#8222;Nicht erforderlich&#8220; zu speichern.<\/div><div class=\"divTableCell\">YES<\/div><div class=\"divTableCell\">1 Jahr<\/div><\/div><div class=\"divTableRow\"><div class=\"divTableCell\">cookielawinfo-checkbox-others<\/div><div class=\"divTableCell\">eigene<\/div><div class=\"divTableCell\">MOZILOR LIMITED<\/div><div class=\"divTableCell\">Einverst\u00e4ndnis<\/div><div class=\"divTableCell\">Dieses Cookie wird verwendet, um die Zustimmung des Benutzers f\u00fcr Cookies der Kategorie &#8222;Sonstige&#8220; zu speichern.<\/div><div class=\"divTableCell\">YES<\/div><div class=\"divTableCell\">1 Jahr<\/div><\/div><div class=\"divTableRow\"><div class=\"divTableCell\">cookielawinfo-checkbox-performance<\/div><div class=\"divTableCell\">eigene<\/div><div class=\"divTableCell\">MOZILOR LIMITED<\/div><div class=\"divTableCell\">Einverst\u00e4ndnis<\/div><div class=\"divTableCell\">Dieses Cookie wird verwendet, um die Zustimmung des Benutzers f\u00fcr Cookies der Kategorie &#8222;Leistung&#8220; zu speichern.<\/div><div class=\"divTableCell\">YES<\/div><div class=\"divTableCell\">1 Jahr<\/div><\/div><div class=\"divTableRow\"><div class=\"divTableCell\">elementor<\/div><div class=\"divTableCell\">eigene<\/div><div class=\"divTableCell\">Elementor<\/div><div class=\"divTableCell\"> <\/div><div class=\"divTableCell\">Dieses Cookie wird vom WordPress-Theme der Website verwendet. Erm\u00f6glicht es dem Eigent\u00fcmer der Website, Website-Inhalte in Echtzeit bereitzustellen oder zu \u00e4ndern.<\/div><div class=\"divTableCell\">YES<\/div><div class=\"divTableCell\">niemals<\/div><\/div><div class=\"divTableRow\"><div class=\"divTableCell\">JSESSIONID<\/div><div class=\"divTableCell\">eigene<\/div><div class=\"divTableCell\">WordPress<\/div><div class=\"divTableCell\"> <\/div><div class=\"divTableCell\">Plattform-Sitzungscookies f\u00fcr allgemeine Zwecke, die verwendet werden, um den Status der Benutzer \u00fcber Seitenaufrufe hinweg zu erhalten.<\/div><div class=\"divTableCell\">YES<\/div><div class=\"divTableCell\">Session<\/div><\/div><div class=\"divTableRow\"><div class=\"divTableCell\">NID<\/div><div class=\"divTableCell\">von Dritten<\/div><div class=\"divTableCell\">Google Inc.<\/div><div class=\"divTableCell\"> <\/div><div class=\"divTableCell\">Session<\/div><div class=\"divTableCell\">YES<\/div><div class=\"divTableCell\">6 Monate<\/div><\/div><\/div><h4>Informationen dar\u00fcber, wie Sie die Zustimmung zur Verwendung von Cookies akzeptieren, verweigern oder widerrufen k\u00f6nnen.<\/h4><p>Durch die ausdr\u00fcckliche Annahme oder Konfiguration und anschlie\u00dfende Annahme der Cookies auf dieser Website wird die Zustimmung zur Verarbeitung der gesammelten Informationen in der oben genannten Weise und zu den oben genannten Zwecken erteilt. Ebenso wird die M\u00f6glichkeit erkannt, die Verarbeitung solcher Daten oder Informationen durch Ablehnung der Verwendung von Cookies durch Auswahl der entsprechenden Konfiguration in Ihrem Browser abzulehnen. Diese Option zum Blockieren von Cookies in Ihrem Browser erm\u00f6glicht es Ihnen jedoch m\u00f6glicherweise nicht, alle Funktionen der Website vollst\u00e4ndig zu nutzen.<\/p><p>Kinder unter 14 Jahren m\u00fcssen die Zustimmung ihrer Eltern oder Erziehungsberechtigten haben.<\/p><p>Sie k\u00f6nnen die auf Ihrem Computer installierten Cookies zulassen, blockieren oder l\u00f6schen, indem Sie die Optionen des auf Ihrem Computer installierten Browsers konfigurieren:<\/p><ul><li><a href=\"http:\/\/support.google.com\/chrome\/bin\/answer.py?hl=es&amp;answer=95647\">Chrome<\/a><\/li><li><a href=\"http:\/\/windows.microsoft.com\/es-es\/windows7\/how-to-manage-cookies-in-internet-explorer-9\">Explorer<\/a><\/li><li><a href=\"http:\/\/support.mozilla.org\/es\/kb\/habilitar-y-deshabilitar-cookies-que-los-sitios-we\">Firefox<\/a><\/li><li><a href=\"http:\/\/support.apple.com\/kb\/ph5042\">Safari<\/a><\/li><\/ul><h4>Informationen \u00fcber Daten\u00fcbermittlungen in Drittl\u00e4nder.<\/h4><p>Diese Website \u00fcbermittelt keine personenbezogenen Daten in Drittl\u00e4nder.<\/p><h4>Dauer der Datenspeicherung<\/h4><p>Cookies werden nur und ausschlie\u00dflich f\u00fcr die Zeit verwendet, die erforderlich ist, um die Zwecke zu erf\u00fcllen, f\u00fcr die sie in jedem Cookie angegeben wurden. Aus all diesen Gr\u00fcnden hat VERUELA 2000 SL die Aufbewahrungsfristen der Informationen an seine eigenen Cookies angepasst.<\/p><p>In Bezug auf Cookies von Drittanbietern k\u00f6nnen die Aufbewahrungsfristen in ihren Datenschutzrichtlinien sowie in der Box im Abschnitt <em>Wer verwaltet diese Cookies?<\/em> Sobald das Cookie abgelaufen ist, kann es erneuert werden, wenn der Benutzer seine Verwendung erneut akzeptiert.<\/p><p>VERUELA 2000 SL beh\u00e4lt sich das Recht vor, diese Cookie-Richtlinie zu \u00e4ndern, wenn \u00c4nderungen an der Konfiguration und \/ oder Verwendung von ihnen vorgenommen werden, die auf derselben Website ver\u00f6ffentlicht werden.<\/p><p>Wenn Sie weitere Informationen zum Datenschutz w\u00fcnschen, k\u00f6nnen Sie zu unserer <em><u>Datenschutzerkl\u00e4rung<\/u><\/em> gehen oder uns per E-Mail kontaktieren <a href=\"mailto:info@juliovernenautica.com\">office@juliovernenautica.com<\/a><\/p><p><em>Oktober 2021<\/em><\/p>\t\t\t\t\t\t\t\t<\/div>\n\t\t\t\t<\/div>\n\t\t\t\t\t<\/div>\n\t\t<\/div>\n\t\t\t\t\t<\/div>\n\t\t<\/section>\n\t\t\t\t<\/div>\n\t\t","protected":false},"excerpt":{"rendered":"<p>Was sind Cookies? Cookie ist eine Datei, die auf Ihren Computer heruntergeladen wird, wenn Sie auf bestimmte Webseiten oder andere Computerdienste zugreifen. Diese Website verwendet Cookies und\/oder \u00e4hnliche Technologien, die Informationen speichern und abrufen, wenn Sie surfen. Im Allgemeinen k\u00f6nnen diese Technologien vielen verschiedenen Zwecken dienen, z. B. der Erkennung als Benutzer, der Beschaffung von [&hellip;]<\/p>\n","protected":false},"author":1,"featured_media":0,"parent":0,"menu_order":0,"comment_status":"closed","ping_status":"closed","template":"","meta":{"_acf_changed":false,"_joinchat":[],"footnotes":""},"class_list":["post-6185","page","type-page","status-publish","hentry"],"acf":[],"yoast_head":"<!-- This site is optimized with the Yoast SEO Premium plugin v24.5 (Yoast SEO v27.5) - https:\/\/yoast.com\/product\/yoast-seo-premium-wordpress\/ -->\n<title>Cookies Politik | Julio Verne Nautica<\/title>\n<meta name=\"robots\" content=\"noindex, follow\" \/>\n<meta property=\"og:locale\" content=\"de_DE\" \/>\n<meta property=\"og:type\" content=\"article\" \/>\n<meta property=\"og:title\" content=\"Cookies Politik\" \/>\n<meta property=\"og:description\" content=\"Was sind Cookies? Cookie ist eine Datei, die auf Ihren Computer heruntergeladen wird, wenn Sie auf bestimmte Webseiten oder andere Computerdienste zugreifen. Diese Website verwendet Cookies und\/oder \u00e4hnliche Technologien, die Informationen speichern und abrufen, wenn Sie surfen. Im Allgemeinen k\u00f6nnen diese Technologien vielen verschiedenen Zwecken dienen, z. B. der Erkennung als Benutzer, der Beschaffung von [&hellip;]\" \/>\n<meta property=\"og:url\" content=\"https:\/\/www.juliovernenautica.com\/de\/cookies-politik\" \/>\n<meta property=\"og:site_name\" content=\"Julio Verne Nautica\" \/>\n<meta property=\"article:publisher\" content=\"https:\/\/www.facebook.com\/juliovernenautica\/\" \/>\n<meta property=\"article:modified_time\" content=\"2026-01-28T10:37:47+00:00\" \/>\n<meta name=\"twitter:card\" content=\"summary_large_image\" \/>\n<script type=\"application\/ld+json\" class=\"yoast-schema-graph\">{\"@context\":\"https:\\\/\\\/schema.org\",\"@graph\":[{\"@type\":\"WebPage\",\"@id\":\"https:\\\/\\\/www.juliovernenautica.com\\\/de\\\/cookies-politik\",\"url\":\"https:\\\/\\\/www.juliovernenautica.com\\\/de\\\/cookies-politik\",\"name\":\"Cookies Politik | Julio Verne Nautica\",\"isPartOf\":{\"@id\":\"https:\\\/\\\/www.juliovernenautica.com\\\/de#website\"},\"datePublished\":\"2020-05-31T09:39:20+00:00\",\"dateModified\":\"2026-01-28T10:37:47+00:00\",\"breadcrumb\":{\"@id\":\"https:\\\/\\\/www.juliovernenautica.com\\\/de\\\/cookies-politik#breadcrumb\"},\"inLanguage\":\"de\",\"potentialAction\":[{\"@type\":\"ReadAction\",\"target\":[\"https:\\\/\\\/www.juliovernenautica.com\\\/de\\\/cookies-politik\"]}]},{\"@type\":\"BreadcrumbList\",\"@id\":\"https:\\\/\\\/www.juliovernenautica.com\\\/de\\\/cookies-politik#breadcrumb\",\"itemListElement\":[{\"@type\":\"ListItem\",\"position\":1,\"name\":\"Home\",\"item\":\"https:\\\/\\\/www.juliovernenautica.com\\\/de\\\/julio-verne-nautica-home\"},{\"@type\":\"ListItem\",\"position\":2,\"name\":\"Cookies Politik\"}]},{\"@type\":\"WebSite\",\"@id\":\"https:\\\/\\\/www.juliovernenautica.com\\\/de#website\",\"url\":\"https:\\\/\\\/www.juliovernenautica.com\\\/de\",\"name\":\"Julio Verne N\u00e1utica\",\"description\":\"Formaci\u00f3n y charter n\u00e1utico en Galicia\",\"publisher\":{\"@id\":\"https:\\\/\\\/www.juliovernenautica.com\\\/de#organization\"},\"potentialAction\":[{\"@type\":\"SearchAction\",\"target\":{\"@type\":\"EntryPoint\",\"urlTemplate\":\"https:\\\/\\\/www.juliovernenautica.com\\\/de?s={search_term_string}\"},\"query-input\":{\"@type\":\"PropertyValueSpecification\",\"valueRequired\":true,\"valueName\":\"search_term_string\"}}],\"inLanguage\":\"de\"},{\"@type\":\"Organization\",\"@id\":\"https:\\\/\\\/www.juliovernenautica.com\\\/de#organization\",\"name\":\"Julio Verne Nautica\",\"url\":\"https:\\\/\\\/www.juliovernenautica.com\\\/de\",\"logo\":{\"@type\":\"ImageObject\",\"inLanguage\":\"de\",\"@id\":\"https:\\\/\\\/www.juliovernenautica.com\\\/de#\\\/schema\\\/logo\\\/image\\\/\",\"url\":\"https:\\\/\\\/www.juliovernenautica.com\\\/wp-content\\\/uploads\\\/2019\\\/12\\\/jv-nautica-icono-positivo-01.png\",\"contentUrl\":\"https:\\\/\\\/www.juliovernenautica.com\\\/wp-content\\\/uploads\\\/2019\\\/12\\\/jv-nautica-icono-positivo-01.png\",\"width\":86,\"height\":86,\"caption\":\"Julio Verne Nautica\"},\"image\":{\"@id\":\"https:\\\/\\\/www.juliovernenautica.com\\\/de#\\\/schema\\\/logo\\\/image\\\/\"},\"sameAs\":[\"https:\\\/\\\/www.facebook.com\\\/juliovernenautica\\\/\",\"https:\\\/\\\/www.instagram.com\\\/julio_verne_nautica\\\/\"]}]}<\/script>\n<!-- \/ Yoast SEO Premium plugin. -->","yoast_head_json":{"title":"Cookies Politik | Julio Verne Nautica","robots":{"index":"noindex","follow":"follow"},"og_locale":"de_DE","og_type":"article","og_title":"Cookies Politik","og_description":"Was sind Cookies? Cookie ist eine Datei, die auf Ihren Computer heruntergeladen wird, wenn Sie auf bestimmte Webseiten oder andere Computerdienste zugreifen. Diese Website verwendet Cookies und\/oder \u00e4hnliche Technologien, die Informationen speichern und abrufen, wenn Sie surfen. Im Allgemeinen k\u00f6nnen diese Technologien vielen verschiedenen Zwecken dienen, z. B. der Erkennung als Benutzer, der Beschaffung von [&hellip;]","og_url":"https:\/\/www.juliovernenautica.com\/de\/cookies-politik","og_site_name":"Julio Verne Nautica","article_publisher":"https:\/\/www.facebook.com\/juliovernenautica\/","article_modified_time":"2026-01-28T10:37:47+00:00","twitter_card":"summary_large_image","schema":{"@context":"https:\/\/schema.org","@graph":[{"@type":"WebPage","@id":"https:\/\/www.juliovernenautica.com\/de\/cookies-politik","url":"https:\/\/www.juliovernenautica.com\/de\/cookies-politik","name":"Cookies Politik | Julio Verne Nautica","isPartOf":{"@id":"https:\/\/www.juliovernenautica.com\/de#website"},"datePublished":"2020-05-31T09:39:20+00:00","dateModified":"2026-01-28T10:37:47+00:00","breadcrumb":{"@id":"https:\/\/www.juliovernenautica.com\/de\/cookies-politik#breadcrumb"},"inLanguage":"de","potentialAction":[{"@type":"ReadAction","target":["https:\/\/www.juliovernenautica.com\/de\/cookies-politik"]}]},{"@type":"BreadcrumbList","@id":"https:\/\/www.juliovernenautica.com\/de\/cookies-politik#breadcrumb","itemListElement":[{"@type":"ListItem","position":1,"name":"Home","item":"https:\/\/www.juliovernenautica.com\/de\/julio-verne-nautica-home"},{"@type":"ListItem","position":2,"name":"Cookies Politik"}]},{"@type":"WebSite","@id":"https:\/\/www.juliovernenautica.com\/de#website","url":"https:\/\/www.juliovernenautica.com\/de","name":"Julio Verne N\u00e1utica","description":"Formaci\u00f3n y charter n\u00e1utico en Galicia","publisher":{"@id":"https:\/\/www.juliovernenautica.com\/de#organization"},"potentialAction":[{"@type":"SearchAction","target":{"@type":"EntryPoint","urlTemplate":"https:\/\/www.juliovernenautica.com\/de?s={search_term_string}"},"query-input":{"@type":"PropertyValueSpecification","valueRequired":true,"valueName":"search_term_string"}}],"inLanguage":"de"},{"@type":"Organization","@id":"https:\/\/www.juliovernenautica.com\/de#organization","name":"Julio Verne Nautica","url":"https:\/\/www.juliovernenautica.com\/de","logo":{"@type":"ImageObject","inLanguage":"de","@id":"https:\/\/www.juliovernenautica.com\/de#\/schema\/logo\/image\/","url":"https:\/\/www.juliovernenautica.com\/wp-content\/uploads\/2019\/12\/jv-nautica-icono-positivo-01.png","contentUrl":"https:\/\/www.juliovernenautica.com\/wp-content\/uploads\/2019\/12\/jv-nautica-icono-positivo-01.png","width":86,"height":86,"caption":"Julio Verne Nautica"},"image":{"@id":"https:\/\/www.juliovernenautica.com\/de#\/schema\/logo\/image\/"},"sameAs":["https:\/\/www.facebook.com\/juliovernenautica\/","https:\/\/www.instagram.com\/julio_verne_nautica\/"]}]}},"_links":{"self":[{"href":"https:\/\/www.juliovernenautica.com\/de\/wp-json\/wp\/v2\/pages\/6185","targetHints":{"allow":["GET"]}}],"collection":[{"href":"https:\/\/www.juliovernenautica.com\/de\/wp-json\/wp\/v2\/pages"}],"about":[{"href":"https:\/\/www.juliovernenautica.com\/de\/wp-json\/wp\/v2\/types\/page"}],"author":[{"embeddable":true,"href":"https:\/\/www.juliovernenautica.com\/de\/wp-json\/wp\/v2\/users\/1"}],"replies":[{"embeddable":true,"href":"https:\/\/www.juliovernenautica.com\/de\/wp-json\/wp\/v2\/comments?post=6185"}],"version-history":[{"count":0,"href":"https:\/\/www.juliovernenautica.com\/de\/wp-json\/wp\/v2\/pages\/6185\/revisions"}],"wp:attachment":[{"href":"https:\/\/www.juliovernenautica.com\/de\/wp-json\/wp\/v2\/media?parent=6185"}],"curies":[{"name":"wp","href":"https:\/\/api.w.org\/{rel}","templated":true}]}}