{"id":6153,"date":"2020-05-30T19:38:08","date_gmt":"2020-05-30T17:38:08","guid":{"rendered":"https:\/\/www.juliovernenautica.com\/transport"},"modified":"2026-02-13T13:58:09","modified_gmt":"2026-02-13T12:58:09","slug":"transport","status":"publish","type":"page","link":"https:\/\/www.juliovernenautica.com\/de\/transport","title":{"rendered":"Bootstransport"},"content":{"rendered":"\t\t<div data-elementor-type=\"wp-page\" data-elementor-id=\"6153\" class=\"elementor elementor-6153 elementor-1498\" data-elementor-post-type=\"page\">\n\t\t\t\t\t\t<section class=\"elementor-section elementor-top-section elementor-element elementor-element-5f2b0aa elementor-section-stretched elementor-section-full_width elementor-section-height-min-height elementor-section-height-default elementor-section-items-middle\" data-id=\"5f2b0aa\" data-element_type=\"section\" data-e-type=\"section\" data-settings=\"{&quot;stretch_section&quot;:&quot;section-stretched&quot;,&quot;background_background&quot;:&quot;classic&quot;,&quot;shape_divider_bottom&quot;:&quot;tilt&quot;}\">\n\t\t\t\t\t\t\t<div class=\"elementor-background-overlay\"><\/div>\n\t\t\t\t\t\t<div class=\"elementor-shape elementor-shape-bottom\" aria-hidden=\"true\" data-negative=\"false\">\n\t\t\t<svg xmlns=\"http:\/\/www.w3.org\/2000\/svg\" viewBox=\"0 0 1000 100\" preserveAspectRatio=\"none\">\n\t<path class=\"elementor-shape-fill\" d=\"M0,6V0h1000v100L0,6z\"\/>\n<\/svg>\t\t<\/div>\n\t\t\t\t\t<div class=\"elementor-container elementor-column-gap-default\">\n\t\t\t\t\t<div class=\"elementor-column elementor-col-100 elementor-top-column elementor-element elementor-element-3424cec\" data-id=\"3424cec\" data-element_type=\"column\" data-e-type=\"column\">\n\t\t\t<div class=\"elementor-widget-wrap elementor-element-populated\">\n\t\t\t\t\t\t<div class=\"elementor-element elementor-element-4de558d elementor-widget elementor-widget-heading\" data-id=\"4de558d\" data-element_type=\"widget\" data-e-type=\"widget\" data-widget_type=\"heading.default\">\n\t\t\t\t<div class=\"elementor-widget-container\">\n\t\t\t\t\t<h1 class=\"elementor-heading-title elementor-size-default\">TRANSPORT VON SCHIFFEN AUF DEM SEEWEG<\/h1>\t\t\t\t<\/div>\n\t\t\t\t<\/div>\n\t\t\t\t\t<\/div>\n\t\t<\/div>\n\t\t\t\t\t<\/div>\n\t\t<\/section>\n\t\t\t\t<section class=\"elementor-section elementor-top-section elementor-element elementor-element-fe607a4 elementor-reverse-tablet elementor-reverse-mobile elementor-section-boxed elementor-section-height-default elementor-section-height-default\" data-id=\"fe607a4\" data-element_type=\"section\" data-e-type=\"section\">\n\t\t\t\t\t\t<div class=\"elementor-container elementor-column-gap-default\">\n\t\t\t\t\t<div class=\"elementor-column elementor-col-33 elementor-top-column elementor-element elementor-element-1db934b\" data-id=\"1db934b\" data-element_type=\"column\" data-e-type=\"column\">\n\t\t\t<div class=\"elementor-widget-wrap elementor-element-populated\">\n\t\t\t\t\t\t<div class=\"elementor-element elementor-element-c197cee elementor-widget elementor-widget-image\" data-id=\"c197cee\" data-element_type=\"widget\" data-e-type=\"widget\" data-widget_type=\"image.default\">\n\t\t\t\t<div class=\"elementor-widget-container\">\n\t\t\t\t\t\t\t\t\t\t\t\t\t\t\t<img fetchpriority=\"high\" decoding=\"async\" width=\"600\" height=\"450\" src=\"https:\/\/www.juliovernenautica.com\/wp-content\/uploads\/2020\/01\/julio-verne-nautica-foto-transporte-barcos-01.jpg\" class=\"attachment-full size-full wp-image-6155\" alt=\"Bootstransport\" srcset=\"https:\/\/www.juliovernenautica.com\/wp-content\/uploads\/2020\/01\/julio-verne-nautica-foto-transporte-barcos-01.jpg 600w, https:\/\/www.juliovernenautica.com\/wp-content\/uploads\/2020\/01\/julio-verne-nautica-foto-transporte-barcos-01-300x225.jpg 300w\" sizes=\"(max-width: 600px) 100vw, 600px\" \/>\t\t\t\t\t\t\t\t\t\t\t\t\t\t\t<\/div>\n\t\t\t\t<\/div>\n\t\t\t\t\t<\/div>\n\t\t<\/div>\n\t\t\t\t<div class=\"elementor-column elementor-col-66 elementor-top-column elementor-element elementor-element-240184d\" data-id=\"240184d\" data-element_type=\"column\" data-e-type=\"column\">\n\t\t\t<div class=\"elementor-widget-wrap elementor-element-populated\">\n\t\t\t\t\t\t<div class=\"elementor-element elementor-element-5a015f0 elementor-widget elementor-widget-text-editor\" data-id=\"5a015f0\" data-element_type=\"widget\" data-e-type=\"widget\" data-widget_type=\"text-editor.default\">\n\t\t\t\t<div class=\"elementor-widget-container\">\n\t\t\t\t\t\t\t\t\t<h4>Segeln und sogar Motorboot\u00fcberquerungen erfordern technisches Wissen, Erfahrung und vor allem Zeit, um sich an die Wetterbedingungen anzupassen.<\/h4><p>Alle unsere <strong>Skipper f\u00fcr Bootstransporte auf dem Seeweg<\/strong> verf\u00fcgen \u00fcber umfangreiche Erfahrung auf See und werden jederzeit von JULIO VERNE N\u00c1UTICA unterst\u00fctzt und beaufsichtigt, so dass sie in der Lage sind, dem Eigner in Echtzeit Informationen \u00fcber die \u00dcbergabe zu liefern.<\/p><p>Wir f\u00fchren Bootstransporte f\u00fcr private Reeder und Werften durch und bieten alle notwendigen Garantien und Professionalit\u00e4t, wie z.B.:<\/p><ul><li><strong>Zertifizierte professionelle Standards.<\/strong><\/li><li><strong>Eigene Haftpflichtversicherung . .<\/strong><\/li><li><strong>Bef\u00f6rderungsvertrag<\/strong><\/li><\/ul>\t\t\t\t\t\t\t\t<\/div>\n\t\t\t\t<\/div>\n\t\t\t\t\t<\/div>\n\t\t<\/div>\n\t\t\t\t\t<\/div>\n\t\t<\/section>\n\t\t\t\t<section class=\"elementor-section elementor-top-section elementor-element elementor-element-765eef1 elementor-section-stretched elementor-section-boxed elementor-section-height-default elementor-section-height-default\" data-id=\"765eef1\" data-element_type=\"section\" data-e-type=\"section\" data-settings=\"{&quot;stretch_section&quot;:&quot;section-stretched&quot;,&quot;background_background&quot;:&quot;classic&quot;}\">\n\t\t\t\t\t\t<div class=\"elementor-container elementor-column-gap-default\">\n\t\t\t\t\t<div class=\"elementor-column elementor-col-100 elementor-top-column elementor-element elementor-element-7e1ef20\" data-id=\"7e1ef20\" data-element_type=\"column\" data-e-type=\"column\">\n\t\t\t<div class=\"elementor-widget-wrap elementor-element-populated\">\n\t\t\t\t\t\t<div class=\"elementor-element elementor-element-71c1137 elementor-widget elementor-widget-text-editor\" data-id=\"71c1137\" data-element_type=\"widget\" data-e-type=\"widget\" data-widget_type=\"text-editor.default\">\n\t\t\t\t<div class=\"elementor-widget-container\">\n\t\t\t\t\t\t\t\t\t<h3 class=\"white\">NOCH FRAGEN?<\/h3>\t\t\t\t\t\t\t\t<\/div>\n\t\t\t\t<\/div>\n\t\t\t\t<div class=\"elementor-element elementor-element-5646897 elementor-align-center elementor-widget elementor-widget-button\" data-id=\"5646897\" data-element_type=\"widget\" data-e-type=\"widget\" data-widget_type=\"button.default\">\n\t\t\t\t<div class=\"elementor-widget-container\">\n\t\t\t\t\t\t\t\t\t<div class=\"elementor-button-wrapper\">\n\t\t\t\t\t<a class=\"elementor-button elementor-button-link elementor-size-md\" href=\"https:\/\/www.juliovernenautica.com\/de\/kontakt\">\n\t\t\t\t\t\t<span class=\"elementor-button-content-wrapper\">\n\t\t\t\t\t\t\t\t\t<span class=\"elementor-button-text\">Kontaktieren Sie uns<\/span>\n\t\t\t\t\t<\/span>\n\t\t\t\t\t<\/a>\n\t\t\t\t<\/div>\n\t\t\t\t\t\t\t\t<\/div>\n\t\t\t\t<\/div>\n\t\t\t\t\t<\/div>\n\t\t<\/div>\n\t\t\t\t\t<\/div>\n\t\t<\/section>\n\t\t\t\t<\/div>\n\t\t","protected":false},"excerpt":{"rendered":"<p>TRANSPORT VON SCHIFFEN AUF DEM SEEWEG Segeln und sogar Motorboot\u00fcberquerungen erfordern technisches Wissen, Erfahrung und vor allem Zeit, um sich an die Wetterbedingungen anzupassen. Alle unsere Skipper f\u00fcr Bootstransporte auf dem Seeweg verf\u00fcgen \u00fcber umfangreiche Erfahrung auf See und werden jederzeit von JULIO VERNE N\u00c1UTICA unterst\u00fctzt und beaufsichtigt, so dass sie in der Lage sind, [&hellip;]<\/p>\n","protected":false},"author":2,"featured_media":6155,"parent":0,"menu_order":0,"comment_status":"closed","ping_status":"closed","template":"","meta":{"_acf_changed":false,"_joinchat":[],"footnotes":""},"class_list":["post-6153","page","type-page","status-publish","has-post-thumbnail","hentry"],"acf":[],"yoast_head":"<!-- This site is optimized with the Yoast SEO Premium plugin v24.5 (Yoast SEO v27.3) - https:\/\/yoast.com\/product\/yoast-seo-premium-wordpress\/ -->\n<title>| Bootstransport Julio Verne Nautica<\/title>\n<meta name=\"description\" content=\"Erfahrene Skipper, die w\u00e4hrend der gesamten \u00dcberfahrt unterst\u00fctzt und \u00fcberwacht werden und Informationen \u00fcber die \u00dcbergabe des Bootes liefern.\" \/>\n<meta name=\"robots\" content=\"index, follow, max-snippet:-1, max-image-preview:large, max-video-preview:-1\" \/>\n<link rel=\"canonical\" href=\"https:\/\/www.juliovernenautica.com\/de\/transport\" \/>\n<meta property=\"og:locale\" content=\"de_DE\" \/>\n<meta property=\"og:type\" content=\"article\" \/>\n<meta property=\"og:title\" content=\"Bootstransport\" \/>\n<meta property=\"og:description\" content=\"Erfahrene Skipper, die w\u00e4hrend der gesamten \u00dcberfahrt unterst\u00fctzt und \u00fcberwacht werden und Informationen \u00fcber die \u00dcbergabe des Bootes liefern.\" \/>\n<meta property=\"og:url\" content=\"https:\/\/www.juliovernenautica.com\/de\/transport\" \/>\n<meta property=\"og:site_name\" content=\"Julio Verne Nautica\" \/>\n<meta property=\"article:publisher\" content=\"https:\/\/www.facebook.com\/juliovernenautica\/\" \/>\n<meta property=\"article:modified_time\" content=\"2026-02-13T12:58:09+00:00\" \/>\n<meta property=\"og:image\" content=\"https:\/\/www.juliovernenautica.com\/wp-content\/uploads\/2020\/01\/julio-verne-nautica-foto-transporte-barcos-01.jpg\" \/>\n\t<meta property=\"og:image:width\" content=\"600\" \/>\n\t<meta property=\"og:image:height\" content=\"450\" \/>\n\t<meta property=\"og:image:type\" content=\"image\/jpeg\" \/>\n<meta name=\"twitter:card\" content=\"summary_large_image\" \/>\n<script type=\"application\/ld+json\" class=\"yoast-schema-graph\">{\"@context\":\"https:\\\/\\\/schema.org\",\"@graph\":[{\"@type\":\"WebPage\",\"@id\":\"https:\\\/\\\/www.juliovernenautica.com\\\/de\\\/transport\",\"url\":\"https:\\\/\\\/www.juliovernenautica.com\\\/de\\\/transport\",\"name\":\"| Bootstransport Julio Verne Nautica\",\"isPartOf\":{\"@id\":\"https:\\\/\\\/www.juliovernenautica.com\\\/de#website\"},\"primaryImageOfPage\":{\"@id\":\"https:\\\/\\\/www.juliovernenautica.com\\\/de\\\/transport#primaryimage\"},\"image\":{\"@id\":\"https:\\\/\\\/www.juliovernenautica.com\\\/de\\\/transport#primaryimage\"},\"thumbnailUrl\":\"https:\\\/\\\/www.juliovernenautica.com\\\/wp-content\\\/uploads\\\/2020\\\/01\\\/julio-verne-nautica-foto-transporte-barcos-01.jpg\",\"datePublished\":\"2020-05-30T17:38:08+00:00\",\"dateModified\":\"2026-02-13T12:58:09+00:00\",\"description\":\"Erfahrene Skipper, die w\u00e4hrend der gesamten \u00dcberfahrt unterst\u00fctzt und \u00fcberwacht werden und Informationen \u00fcber die \u00dcbergabe des Bootes liefern.\",\"breadcrumb\":{\"@id\":\"https:\\\/\\\/www.juliovernenautica.com\\\/de\\\/transport#breadcrumb\"},\"inLanguage\":\"de\",\"potentialAction\":[{\"@type\":\"ReadAction\",\"target\":[\"https:\\\/\\\/www.juliovernenautica.com\\\/de\\\/transport\"]}]},{\"@type\":\"ImageObject\",\"inLanguage\":\"de\",\"@id\":\"https:\\\/\\\/www.juliovernenautica.com\\\/de\\\/transport#primaryimage\",\"url\":\"https:\\\/\\\/www.juliovernenautica.com\\\/wp-content\\\/uploads\\\/2020\\\/01\\\/julio-verne-nautica-foto-transporte-barcos-01.jpg\",\"contentUrl\":\"https:\\\/\\\/www.juliovernenautica.com\\\/wp-content\\\/uploads\\\/2020\\\/01\\\/julio-verne-nautica-foto-transporte-barcos-01.jpg\",\"width\":600,\"height\":450,\"caption\":\"Transportes de barcos entre destinos\"},{\"@type\":\"BreadcrumbList\",\"@id\":\"https:\\\/\\\/www.juliovernenautica.com\\\/de\\\/transport#breadcrumb\",\"itemListElement\":[{\"@type\":\"ListItem\",\"position\":1,\"name\":\"Home\",\"item\":\"https:\\\/\\\/www.juliovernenautica.com\\\/de\\\/julio-verne-nautica-home\"},{\"@type\":\"ListItem\",\"position\":2,\"name\":\"Bootstransport\"}]},{\"@type\":\"WebSite\",\"@id\":\"https:\\\/\\\/www.juliovernenautica.com\\\/de#website\",\"url\":\"https:\\\/\\\/www.juliovernenautica.com\\\/de\",\"name\":\"Julio Verne N\u00e1utica\",\"description\":\"Formaci\u00f3n y charter n\u00e1utico en Galicia\",\"publisher\":{\"@id\":\"https:\\\/\\\/www.juliovernenautica.com\\\/de#organization\"},\"potentialAction\":[{\"@type\":\"SearchAction\",\"target\":{\"@type\":\"EntryPoint\",\"urlTemplate\":\"https:\\\/\\\/www.juliovernenautica.com\\\/de?s={search_term_string}\"},\"query-input\":{\"@type\":\"PropertyValueSpecification\",\"valueRequired\":true,\"valueName\":\"search_term_string\"}}],\"inLanguage\":\"de\"},{\"@type\":\"Organization\",\"@id\":\"https:\\\/\\\/www.juliovernenautica.com\\\/de#organization\",\"name\":\"Julio Verne Nautica\",\"url\":\"https:\\\/\\\/www.juliovernenautica.com\\\/de\",\"logo\":{\"@type\":\"ImageObject\",\"inLanguage\":\"de\",\"@id\":\"https:\\\/\\\/www.juliovernenautica.com\\\/de#\\\/schema\\\/logo\\\/image\\\/\",\"url\":\"https:\\\/\\\/www.juliovernenautica.com\\\/wp-content\\\/uploads\\\/2019\\\/12\\\/jv-nautica-icono-positivo-01.png\",\"contentUrl\":\"https:\\\/\\\/www.juliovernenautica.com\\\/wp-content\\\/uploads\\\/2019\\\/12\\\/jv-nautica-icono-positivo-01.png\",\"width\":86,\"height\":86,\"caption\":\"Julio Verne Nautica\"},\"image\":{\"@id\":\"https:\\\/\\\/www.juliovernenautica.com\\\/de#\\\/schema\\\/logo\\\/image\\\/\"},\"sameAs\":[\"https:\\\/\\\/www.facebook.com\\\/juliovernenautica\\\/\",\"https:\\\/\\\/www.instagram.com\\\/julio_verne_nautica\\\/\"]}]}<\/script>\n<!-- \/ Yoast SEO Premium plugin. -->","yoast_head_json":{"title":"| Bootstransport Julio Verne Nautica","description":"Erfahrene Skipper, die w\u00e4hrend der gesamten \u00dcberfahrt unterst\u00fctzt und \u00fcberwacht werden und Informationen \u00fcber die \u00dcbergabe des Bootes liefern.","robots":{"index":"index","follow":"follow","max-snippet":"max-snippet:-1","max-image-preview":"max-image-preview:large","max-video-preview":"max-video-preview:-1"},"canonical":"https:\/\/www.juliovernenautica.com\/de\/transport","og_locale":"de_DE","og_type":"article","og_title":"Bootstransport","og_description":"Erfahrene Skipper, die w\u00e4hrend der gesamten \u00dcberfahrt unterst\u00fctzt und \u00fcberwacht werden und Informationen \u00fcber die \u00dcbergabe des Bootes liefern.","og_url":"https:\/\/www.juliovernenautica.com\/de\/transport","og_site_name":"Julio Verne Nautica","article_publisher":"https:\/\/www.facebook.com\/juliovernenautica\/","article_modified_time":"2026-02-13T12:58:09+00:00","og_image":[{"width":600,"height":450,"url":"https:\/\/www.juliovernenautica.com\/wp-content\/uploads\/2020\/01\/julio-verne-nautica-foto-transporte-barcos-01.jpg","type":"image\/jpeg"}],"twitter_card":"summary_large_image","schema":{"@context":"https:\/\/schema.org","@graph":[{"@type":"WebPage","@id":"https:\/\/www.juliovernenautica.com\/de\/transport","url":"https:\/\/www.juliovernenautica.com\/de\/transport","name":"| Bootstransport Julio Verne Nautica","isPartOf":{"@id":"https:\/\/www.juliovernenautica.com\/de#website"},"primaryImageOfPage":{"@id":"https:\/\/www.juliovernenautica.com\/de\/transport#primaryimage"},"image":{"@id":"https:\/\/www.juliovernenautica.com\/de\/transport#primaryimage"},"thumbnailUrl":"https:\/\/www.juliovernenautica.com\/wp-content\/uploads\/2020\/01\/julio-verne-nautica-foto-transporte-barcos-01.jpg","datePublished":"2020-05-30T17:38:08+00:00","dateModified":"2026-02-13T12:58:09+00:00","description":"Erfahrene Skipper, die w\u00e4hrend der gesamten \u00dcberfahrt unterst\u00fctzt und \u00fcberwacht werden und Informationen \u00fcber die \u00dcbergabe des Bootes liefern.","breadcrumb":{"@id":"https:\/\/www.juliovernenautica.com\/de\/transport#breadcrumb"},"inLanguage":"de","potentialAction":[{"@type":"ReadAction","target":["https:\/\/www.juliovernenautica.com\/de\/transport"]}]},{"@type":"ImageObject","inLanguage":"de","@id":"https:\/\/www.juliovernenautica.com\/de\/transport#primaryimage","url":"https:\/\/www.juliovernenautica.com\/wp-content\/uploads\/2020\/01\/julio-verne-nautica-foto-transporte-barcos-01.jpg","contentUrl":"https:\/\/www.juliovernenautica.com\/wp-content\/uploads\/2020\/01\/julio-verne-nautica-foto-transporte-barcos-01.jpg","width":600,"height":450,"caption":"Transportes de barcos entre destinos"},{"@type":"BreadcrumbList","@id":"https:\/\/www.juliovernenautica.com\/de\/transport#breadcrumb","itemListElement":[{"@type":"ListItem","position":1,"name":"Home","item":"https:\/\/www.juliovernenautica.com\/de\/julio-verne-nautica-home"},{"@type":"ListItem","position":2,"name":"Bootstransport"}]},{"@type":"WebSite","@id":"https:\/\/www.juliovernenautica.com\/de#website","url":"https:\/\/www.juliovernenautica.com\/de","name":"Julio Verne N\u00e1utica","description":"Formaci\u00f3n y charter n\u00e1utico en Galicia","publisher":{"@id":"https:\/\/www.juliovernenautica.com\/de#organization"},"potentialAction":[{"@type":"SearchAction","target":{"@type":"EntryPoint","urlTemplate":"https:\/\/www.juliovernenautica.com\/de?s={search_term_string}"},"query-input":{"@type":"PropertyValueSpecification","valueRequired":true,"valueName":"search_term_string"}}],"inLanguage":"de"},{"@type":"Organization","@id":"https:\/\/www.juliovernenautica.com\/de#organization","name":"Julio Verne Nautica","url":"https:\/\/www.juliovernenautica.com\/de","logo":{"@type":"ImageObject","inLanguage":"de","@id":"https:\/\/www.juliovernenautica.com\/de#\/schema\/logo\/image\/","url":"https:\/\/www.juliovernenautica.com\/wp-content\/uploads\/2019\/12\/jv-nautica-icono-positivo-01.png","contentUrl":"https:\/\/www.juliovernenautica.com\/wp-content\/uploads\/2019\/12\/jv-nautica-icono-positivo-01.png","width":86,"height":86,"caption":"Julio Verne Nautica"},"image":{"@id":"https:\/\/www.juliovernenautica.com\/de#\/schema\/logo\/image\/"},"sameAs":["https:\/\/www.facebook.com\/juliovernenautica\/","https:\/\/www.instagram.com\/julio_verne_nautica\/"]}]}},"_links":{"self":[{"href":"https:\/\/www.juliovernenautica.com\/de\/wp-json\/wp\/v2\/pages\/6153","targetHints":{"allow":["GET"]}}],"collection":[{"href":"https:\/\/www.juliovernenautica.com\/de\/wp-json\/wp\/v2\/pages"}],"about":[{"href":"https:\/\/www.juliovernenautica.com\/de\/wp-json\/wp\/v2\/types\/page"}],"author":[{"embeddable":true,"href":"https:\/\/www.juliovernenautica.com\/de\/wp-json\/wp\/v2\/users\/2"}],"replies":[{"embeddable":true,"href":"https:\/\/www.juliovernenautica.com\/de\/wp-json\/wp\/v2\/comments?post=6153"}],"version-history":[{"count":0,"href":"https:\/\/www.juliovernenautica.com\/de\/wp-json\/wp\/v2\/pages\/6153\/revisions"}],"wp:featuredmedia":[{"embeddable":true,"href":"https:\/\/www.juliovernenautica.com\/de\/wp-json\/wp\/v2\/media\/6155"}],"wp:attachment":[{"href":"https:\/\/www.juliovernenautica.com\/de\/wp-json\/wp\/v2\/media?parent=6153"}],"curies":[{"name":"wp","href":"https:\/\/api.w.org\/{rel}","templated":true}]}}