{"id":6076,"date":"2020-05-30T19:56:07","date_gmt":"2020-05-30T17:56:07","guid":{"rendered":"https:\/\/www.juliovernenautica.com\/schulungsteam"},"modified":"2026-01-28T11:37:43","modified_gmt":"2026-01-28T10:37:43","slug":"schulungsteam","status":"publish","type":"page","link":"https:\/\/www.juliovernenautica.com\/de\/schulungsteam","title":{"rendered":"Schulungsteam"},"content":{"rendered":"\t\t<div data-elementor-type=\"wp-page\" data-elementor-id=\"6076\" class=\"elementor elementor-6076 elementor-1510\" data-elementor-post-type=\"page\">\n\t\t\t\t\t\t<section class=\"elementor-section elementor-top-section elementor-element elementor-element-70cae03 elementor-section-height-min-height elementor-section-stretched elementor-section-full_width elementor-section-height-default elementor-section-items-middle\" data-id=\"70cae03\" data-element_type=\"section\" data-e-type=\"section\" data-settings=\"{&quot;stretch_section&quot;:&quot;section-stretched&quot;,&quot;background_background&quot;:&quot;classic&quot;,&quot;shape_divider_bottom&quot;:&quot;tilt&quot;}\">\n\t\t\t\t\t\t\t<div class=\"elementor-background-overlay\"><\/div>\n\t\t\t\t\t\t<div class=\"elementor-shape elementor-shape-bottom\" aria-hidden=\"true\" data-negative=\"false\">\n\t\t\t<svg xmlns=\"http:\/\/www.w3.org\/2000\/svg\" viewBox=\"0 0 1000 100\" preserveAspectRatio=\"none\">\n\t<path class=\"elementor-shape-fill\" d=\"M0,6V0h1000v100L0,6z\"\/>\n<\/svg>\t\t<\/div>\n\t\t\t\t\t<div class=\"elementor-container elementor-column-gap-default\">\n\t\t\t\t\t<div class=\"elementor-column elementor-col-100 elementor-top-column elementor-element elementor-element-6754362\" data-id=\"6754362\" data-element_type=\"column\" data-e-type=\"column\" data-settings=\"{&quot;background_background&quot;:&quot;classic&quot;}\">\n\t\t\t<div class=\"elementor-widget-wrap elementor-element-populated\">\n\t\t\t\t\t\t<div class=\"elementor-element elementor-element-3e0fb65 elementor-widget elementor-widget-text-editor\" data-id=\"3e0fb65\" data-element_type=\"widget\" data-e-type=\"widget\" data-widget_type=\"text-editor.default\">\n\t\t\t\t<div class=\"elementor-widget-container\">\n\t\t\t\t\t\t\t\t\t<h1 class=\"white\">Schulungsteam<\/h1>\t\t\t\t\t\t\t\t<\/div>\n\t\t\t\t<\/div>\n\t\t\t\t\t<\/div>\n\t\t<\/div>\n\t\t\t\t\t<\/div>\n\t\t<\/section>\n\t\t\t\t<section class=\"elementor-section elementor-top-section elementor-element elementor-element-fd48824 elementor-section-boxed elementor-section-height-default elementor-section-height-default\" data-id=\"fd48824\" data-element_type=\"section\" data-e-type=\"section\">\n\t\t\t\t\t\t<div class=\"elementor-container elementor-column-gap-default\">\n\t\t\t\t\t<div class=\"elementor-column elementor-col-16 elementor-top-column elementor-element elementor-element-89306e5\" data-id=\"89306e5\" data-element_type=\"column\" data-e-type=\"column\">\n\t\t\t<div class=\"elementor-widget-wrap\">\n\t\t\t\t\t\t\t<\/div>\n\t\t<\/div>\n\t\t\t\t<div class=\"elementor-column elementor-col-66 elementor-top-column elementor-element elementor-element-16385e3\" data-id=\"16385e3\" data-element_type=\"column\" data-e-type=\"column\">\n\t\t\t<div class=\"elementor-widget-wrap elementor-element-populated\">\n\t\t\t\t\t\t<div class=\"elementor-element elementor-element-a617764 elementor-widget elementor-widget-heading\" data-id=\"a617764\" data-element_type=\"widget\" data-e-type=\"widget\" data-widget_type=\"heading.default\">\n\t\t\t\t<div class=\"elementor-widget-container\">\n\t\t\t\t\t<h1 class=\"elementor-heading-title elementor-size-default\">Lerne mit uns zu navigieren<\/h1>\t\t\t\t<\/div>\n\t\t\t\t<\/div>\n\t\t\t\t<div class=\"elementor-element elementor-element-a57e018 elementor-widget elementor-widget-heading\" data-id=\"a57e018\" data-element_type=\"widget\" data-e-type=\"widget\" data-widget_type=\"heading.default\">\n\t\t\t\t<div class=\"elementor-widget-container\">\n\t\t\t\t\t<h4 class=\"elementor-heading-title elementor-size-default\">Unsere gro\u00dfe Leidenschaft: das Meer und die Lehre<\/h4>\t\t\t\t<\/div>\n\t\t\t\t<\/div>\n\t\t\t\t<div class=\"elementor-element elementor-element-a7b70e9 elementor-widget elementor-widget-text-editor\" data-id=\"a7b70e9\" data-element_type=\"widget\" data-e-type=\"widget\" data-widget_type=\"text-editor.default\">\n\t\t\t\t<div class=\"elementor-widget-container\">\n\t\t\t\t\t\t\t\t\t<p style=\"text-align: center;\">Der Schl\u00fcssel zur Ausbildung, insbesondere in nautischen Schulen, sind die Ausbilder und der Ort. Die Schule Julio Verne N\u00e1utica bietet Ihnen das beste Trainingsszenario auf der Iberischen Halbinsel: die R\u00edas Baixas. Trainieren Sie sich in allen Navigationsszenen und genie\u00dfen Sie in Sicherheit, wenn Sie alleine segeln.<\/p>\t\t\t\t\t\t\t\t<\/div>\n\t\t\t\t<\/div>\n\t\t\t\t\t<\/div>\n\t\t<\/div>\n\t\t\t\t<div class=\"elementor-column elementor-col-16 elementor-top-column elementor-element elementor-element-8591db1\" data-id=\"8591db1\" data-element_type=\"column\" data-e-type=\"column\">\n\t\t\t<div class=\"elementor-widget-wrap\">\n\t\t\t\t\t\t\t<\/div>\n\t\t<\/div>\n\t\t\t\t\t<\/div>\n\t\t<\/section>\n\t\t<div class=\"elementor-element elementor-element-86491c7 e-flex e-con-boxed e-con e-parent\" data-id=\"86491c7\" data-element_type=\"container\" data-e-type=\"container\">\n\t\t\t\t\t<div class=\"e-con-inner\">\n\t\t\t\t<div class=\"elementor-element elementor-element-88226b9 elementor-widget elementor-widget-template\" data-id=\"88226b9\" data-element_type=\"widget\" data-e-type=\"widget\" data-widget_type=\"template.default\">\n\t\t\t\t<div class=\"elementor-widget-container\">\n\t\t\t\t\t\t\t<div class=\"elementor-template\">\n\t\t\t\t\t<div data-elementor-type=\"container\" data-elementor-id=\"19130\" class=\"elementor elementor-19130 elementor-19097 elementor-19097\" data-elementor-post-type=\"elementor_library\">\n\t\t\t\t<div class=\"elementor-element elementor-element-4771ecf e-flex e-con-boxed e-con e-parent\" data-id=\"4771ecf\" data-element_type=\"container\" data-e-type=\"container\">\n\t\t\t\t\t<div class=\"e-con-inner\">\n\t\t\t\t<div class=\"elementor-element elementor-element-2e4e2a0 elementor-position-left elementor-position-top elementor-vertical-align-middle elementor-widget elementor-widget-image-box\" data-id=\"2e4e2a0\" data-element_type=\"widget\" data-e-type=\"widget\" data-widget_type=\"image-box.default\">\n\t\t\t\t<div class=\"elementor-widget-container\">\n\t\t\t\t\t<div class=\"elementor-image-box-wrapper\"><figure class=\"elementor-image-box-img\"><img fetchpriority=\"high\" decoding=\"async\" width=\"300\" height=\"300\" src=\"https:\/\/www.juliovernenautica.com\/wp-content\/uploads\/2023\/01\/ivan-perez-gandaras-lacarcel.jpg\" class=\"attachment-full size-full wp-image-7009\" alt=\"\" srcset=\"https:\/\/www.juliovernenautica.com\/wp-content\/uploads\/2023\/01\/ivan-perez-gandaras-lacarcel.jpg 300w, https:\/\/www.juliovernenautica.com\/wp-content\/uploads\/2023\/01\/ivan-perez-gandaras-lacarcel-150x150.jpg 150w\" sizes=\"(max-width: 300px) 100vw, 300px\" \/><\/figure><div class=\"elementor-image-box-content\"><h3 class=\"elementor-image-box-title\">Iv\u00e1n P\u00e9rez-G\u00e1ndaras<\/h3><p class=\"elementor-image-box-description\"><b>Manager<\/b><br>Offshore Skipper, Yacht Master Offshore, Professional Yacht Skipper. Mehr als 20.000 Meilen gesegelt. Charter-Broker. Base Manager auf Ibiza, Azoren und Galicien. Ausbilder f\u00fcr nautische Qualifikationen. Trainer von Regattamannschaften. Meeresbiologe. Offizieller Reisef\u00fchrer zum Atlantic Islands National Park. Spanische Staatsangeh\u00f6rigkeit.<\/p><\/div><\/div>\t\t\t\t<\/div>\n\t\t\t\t<\/div>\n\t\t<div class=\"elementor-element elementor-element-b964bde e-con-full e-grid e-con e-child\" data-id=\"b964bde\" data-element_type=\"container\" data-e-type=\"container\">\n\t\t\t\t<div class=\"elementor-element elementor-element-e3ad461 elementor-position-top elementor-widget elementor-widget-image-box\" data-id=\"e3ad461\" data-element_type=\"widget\" data-e-type=\"widget\" data-widget_type=\"image-box.default\">\n\t\t\t\t<div class=\"elementor-widget-container\">\n\t\t\t\t\t<div class=\"elementor-image-box-wrapper\"><figure class=\"elementor-image-box-img\"><img decoding=\"async\" width=\"200\" height=\"200\" src=\"https:\/\/www.juliovernenautica.com\/wp-content\/uploads\/2023\/01\/jessica-wegner-1.jpg\" class=\"attachment-full size-full wp-image-7002\" alt=\"\" srcset=\"https:\/\/www.juliovernenautica.com\/wp-content\/uploads\/2023\/01\/jessica-wegner-1.jpg 200w, https:\/\/www.juliovernenautica.com\/wp-content\/uploads\/2023\/01\/jessica-wegner-1-150x150.jpg 150w\" sizes=\"(max-width: 200px) 100vw, 200px\" \/><\/figure><div class=\"elementor-image-box-content\"><h3 class=\"elementor-image-box-title\">Jessica Wegner<\/h3><p class=\"elementor-image-box-description\"><b>Verantwortlich f\u00fcr das Management der Charter- und Enal-Abteilung<\/b><br>Internationale Tourismusassistentin, Fachkraft f\u00fcr Kundenmanagement. Staatsangeh\u00f6rigkeit: Deutsch. Sprachen: Deutsch, Spanisch, Englisch, Franz\u00f6sisch.<\/p><\/div><\/div>\t\t\t\t<\/div>\n\t\t\t\t<\/div>\n\t\t\t\t<div class=\"elementor-element elementor-element-2e8b56a elementor-position-top elementor-widget elementor-widget-image-box\" data-id=\"2e8b56a\" data-element_type=\"widget\" data-e-type=\"widget\" data-widget_type=\"image-box.default\">\n\t\t\t\t<div class=\"elementor-widget-container\">\n\t\t\t\t\t<div class=\"elementor-image-box-wrapper\"><figure class=\"elementor-image-box-img\"><img decoding=\"async\" width=\"200\" height=\"200\" src=\"https:\/\/www.juliovernenautica.com\/wp-content\/uploads\/2023\/10\/daniel-vieira-vasconcelos.jpg\" class=\"attachment-full size-full wp-image-11169\" alt=\"\" srcset=\"https:\/\/www.juliovernenautica.com\/wp-content\/uploads\/2023\/10\/daniel-vieira-vasconcelos.jpg 200w, https:\/\/www.juliovernenautica.com\/wp-content\/uploads\/2023\/10\/daniel-vieira-vasconcelos-150x150.jpg 150w\" sizes=\"(max-width: 200px) 100vw, 200px\" \/><\/figure><div class=\"elementor-image-box-content\"><h3 class=\"elementor-image-box-title\">Daniel Vieira Vasconcelos<\/h3><p class=\"elementor-image-box-description\"><b>Segellehrer<\/b><br>Segeln seit seinem 5. Lebensjahr, umfangreiche internationale Erfahrung als Segler. Regatta-Mannschaftstrainer. Professioneller Skipper seit 2007. Yachtmaster Offshore Commercial Endorsement.  Navigationslehrer. Mehr als 20.000 Meilen gesegelt. 11 Atlantik\u00fcberquerungen, davon 3 alleine.<\/p><\/div><\/div>\t\t\t\t<\/div>\n\t\t\t\t<\/div>\n\t\t\t\t<div class=\"elementor-element elementor-element-d6b6d82 elementor-position-top elementor-widget elementor-widget-image-box\" data-id=\"d6b6d82\" data-element_type=\"widget\" data-e-type=\"widget\" data-widget_type=\"image-box.default\">\n\t\t\t\t<div class=\"elementor-widget-container\">\n\t\t\t\t\t<div class=\"elementor-image-box-wrapper\"><figure class=\"elementor-image-box-img\"><img loading=\"lazy\" decoding=\"async\" width=\"200\" height=\"200\" src=\"https:\/\/www.juliovernenautica.com\/wp-content\/uploads\/2025\/12\/juliovernenautica-equipo-thomas-white-1_1.jpg\" class=\"attachment-full size-full wp-image-19057\" alt=\"\" srcset=\"https:\/\/www.juliovernenautica.com\/wp-content\/uploads\/2025\/12\/juliovernenautica-equipo-thomas-white-1_1.jpg 200w, https:\/\/www.juliovernenautica.com\/wp-content\/uploads\/2025\/12\/juliovernenautica-equipo-thomas-white-1_1-150x150.jpg 150w, https:\/\/www.juliovernenautica.com\/wp-content\/uploads\/2025\/12\/juliovernenautica-equipo-thomas-white-1_1-70x70.jpg 70w\" sizes=\"(max-width: 200px) 100vw, 200px\" \/><\/figure><div class=\"elementor-image-box-content\"><h3 class=\"elementor-image-box-title\">Thomas White<\/h3><p class=\"elementor-image-box-description\"><b>RYA Chief Instructor<\/b><br>RYA Yachtmaster und Yachtmaster Ocean Instructor mit kommerziellem Rating. Er wurde in Gro\u00dfbritannien zum Segler ausgebildet und hat RYA-Kurse in England, Gibraltar und auf den Kanarischen Inseln gegeben. Er hat mehr als 20.000 Meilen gesegelt, darunter zwei Atlantik\u00fcberquerungen und das Fastnet Race.<\/p><\/div><\/div>\t\t\t\t<\/div>\n\t\t\t\t<\/div>\n\t\t\t\t<div class=\"elementor-element elementor-element-13c0cd4 elementor-position-top elementor-widget elementor-widget-image-box\" data-id=\"13c0cd4\" data-element_type=\"widget\" data-e-type=\"widget\" data-widget_type=\"image-box.default\">\n\t\t\t\t<div class=\"elementor-widget-container\">\n\t\t\t\t\t<div class=\"elementor-image-box-wrapper\"><figure class=\"elementor-image-box-img\"><img loading=\"lazy\" decoding=\"async\" width=\"200\" height=\"200\" src=\"https:\/\/www.juliovernenautica.com\/wp-content\/uploads\/2022\/06\/patrick-van-der-zjiden.jpg\" class=\"attachment-full size-full wp-image-5371\" alt=\"\" srcset=\"https:\/\/www.juliovernenautica.com\/wp-content\/uploads\/2022\/06\/patrick-van-der-zjiden.jpg 200w, https:\/\/www.juliovernenautica.com\/wp-content\/uploads\/2022\/06\/patrick-van-der-zjiden-150x150.jpg 150w\" sizes=\"(max-width: 200px) 100vw, 200px\" \/><\/figure><div class=\"elementor-image-box-content\"><h3 class=\"elementor-image-box-title\">Patrick Van Der Zijden<\/h3><p class=\"elementor-image-box-description\"><b>Yachtmaster Instructor<\/b><br>RYA Yachtmaster Ocean Instructor Sail. RYA Advanced Powerboat Instructor.  Staatsangeh\u00f6rigkeit: Niederl\u00e4ndisch. Sprachen: Niederl\u00e4ndisch, Englisch, Portugiesisch.<\/p><\/div><\/div>\t\t\t\t<\/div>\n\t\t\t\t<\/div>\n\t\t\t\t<div class=\"elementor-element elementor-element-0c32e50 elementor-position-top elementor-widget elementor-widget-image-box\" data-id=\"0c32e50\" data-element_type=\"widget\" data-e-type=\"widget\" data-widget_type=\"image-box.default\">\n\t\t\t\t<div class=\"elementor-widget-container\">\n\t\t\t\t\t<div class=\"elementor-image-box-wrapper\"><figure class=\"elementor-image-box-img\"><img loading=\"lazy\" decoding=\"async\" width=\"200\" height=\"200\" src=\"https:\/\/www.juliovernenautica.com\/wp-content\/uploads\/2023\/01\/frank-moeller-1.jpg\" class=\"attachment-full size-full wp-image-6999\" alt=\"\" srcset=\"https:\/\/www.juliovernenautica.com\/wp-content\/uploads\/2023\/01\/frank-moeller-1.jpg 200w, https:\/\/www.juliovernenautica.com\/wp-content\/uploads\/2023\/01\/frank-moeller-1-150x150.jpg 150w\" sizes=\"(max-width: 200px) 100vw, 200px\" \/><\/figure><div class=\"elementor-image-box-content\"><h3 class=\"elementor-image-box-title\">Frank Moeller<\/h3><p class=\"elementor-image-box-description\"><b>RYA Sail Instructor, RYA Yachtmaster Offshore\/ Yachtmaster<\/b><br>Geboren an der Ostsee, liebt er alles, was mit dem Wasser zu tun hat. Er segelt, kitesurft und taucht seit vielen Jahren und teilt seine Leidenschaft f\u00fcr das Meer.  Sprachen: Englisch \/ Spanisch \/ Deutsch\n<\/p><\/div><\/div>\t\t\t\t<\/div>\n\t\t\t\t<\/div>\n\t\t\t\t<\/div>\n\t\t\t\t\t<\/div>\n\t\t\t\t<\/div>\n\t\t\t\t<\/div>\n\t\t\t\t<\/div>\n\t\t\t\t\t\t<\/div>\n\t\t\t\t<\/div>\n\t\t\t\t\t<\/div>\n\t\t\t\t<\/div>\n\t\t\t\t<section class=\"elementor-section elementor-top-section elementor-element elementor-element-170ddf6b elementor-section-stretched elementor-section-boxed elementor-section-height-default elementor-section-height-default\" data-id=\"170ddf6b\" data-element_type=\"section\" data-e-type=\"section\" data-settings=\"{&quot;stretch_section&quot;:&quot;section-stretched&quot;,&quot;background_background&quot;:&quot;classic&quot;}\">\n\t\t\t\t\t\t<div class=\"elementor-container elementor-column-gap-default\">\n\t\t\t\t\t<div class=\"elementor-column elementor-col-100 elementor-top-column elementor-element elementor-element-2dfbd673\" data-id=\"2dfbd673\" data-element_type=\"column\" data-e-type=\"column\">\n\t\t\t<div class=\"elementor-widget-wrap elementor-element-populated\">\n\t\t\t\t\t\t<div class=\"elementor-element elementor-element-22e3496d elementor-widget elementor-widget-text-editor\" data-id=\"22e3496d\" data-element_type=\"widget\" data-e-type=\"widget\" data-widget_type=\"text-editor.default\">\n\t\t\t\t<div class=\"elementor-widget-container\">\n\t\t\t\t\t\t\t\t\t<h3 class=\"white\">M\u00f6chten Sie unser Team verst\u00e4rken?<\/h3>\t\t\t\t\t\t\t\t<\/div>\n\t\t\t\t<\/div>\n\t\t\t\t<div class=\"elementor-element elementor-element-58f043b3 elementor-align-center elementor-widget elementor-widget-button\" data-id=\"58f043b3\" data-element_type=\"widget\" data-e-type=\"widget\" data-widget_type=\"button.default\">\n\t\t\t\t<div class=\"elementor-widget-container\">\n\t\t\t\t\t\t\t\t\t<div class=\"elementor-button-wrapper\">\n\t\t\t\t\t<a class=\"elementor-button elementor-button-link elementor-size-md\" href=\"https:\/\/www.juliovernenautica.com\/de\/arbeiten-sie-mit-uns\">\n\t\t\t\t\t\t<span class=\"elementor-button-content-wrapper\">\n\t\t\t\t\t\t\t\t\t<span class=\"elementor-button-text\">SENDEN SIE UNS IHREN LEBENSLAUF<\/span>\n\t\t\t\t\t<\/span>\n\t\t\t\t\t<\/a>\n\t\t\t\t<\/div>\n\t\t\t\t\t\t\t\t<\/div>\n\t\t\t\t<\/div>\n\t\t\t\t\t<\/div>\n\t\t<\/div>\n\t\t\t\t\t<\/div>\n\t\t<\/section>\n\t\t\t\t<\/div>\n\t\t","protected":false},"excerpt":{"rendered":"<p>Schulungsteam Lerne mit uns zu navigieren Unsere gro\u00dfe Leidenschaft: das Meer und die Lehre Der Schl\u00fcssel zur Ausbildung, insbesondere in nautischen Schulen, sind die Ausbilder und der Ort. Die Schule Julio Verne N\u00e1utica bietet Ihnen das beste Trainingsszenario auf der Iberischen Halbinsel: die R\u00edas Baixas. Trainieren Sie sich in allen Navigationsszenen und genie\u00dfen Sie in [&hellip;]<\/p>\n","protected":false},"author":1,"featured_media":0,"parent":0,"menu_order":0,"comment_status":"closed","ping_status":"closed","template":"","meta":{"_acf_changed":false,"_joinchat":[],"footnotes":""},"class_list":["post-6076","page","type-page","status-publish","hentry"],"acf":[],"yoast_head":"<!-- This site is optimized with the Yoast SEO Premium plugin v24.5 (Yoast SEO v27.3) - https:\/\/yoast.com\/product\/yoast-seo-premium-wordpress\/ -->\n<title>Lerne mit uns zu segeln | Julio Verne Nautica<\/title>\n<meta name=\"description\" content=\"Die Schule Julio Verne N\u00e1utica bietet Ihnen das beste Trainingsszenario der Iberischen Halbinsel: die R\u00edas Bixas. Informieren Sie sich hier\" \/>\n<meta name=\"robots\" content=\"noindex, follow\" \/>\n<meta property=\"og:locale\" content=\"de_DE\" \/>\n<meta property=\"og:type\" content=\"article\" \/>\n<meta property=\"og:title\" content=\"Schulungsteam\" \/>\n<meta property=\"og:description\" content=\"Die Schule Julio Verne N\u00e1utica bietet Ihnen das beste Trainingsszenario der Iberischen Halbinsel: die R\u00edas Bixas. Informieren Sie sich hier\" \/>\n<meta property=\"og:url\" content=\"https:\/\/www.juliovernenautica.com\/de\/schulungsteam\" \/>\n<meta property=\"og:site_name\" content=\"Julio Verne Nautica\" \/>\n<meta property=\"article:publisher\" content=\"https:\/\/www.facebook.com\/juliovernenautica\/\" \/>\n<meta property=\"article:modified_time\" content=\"2026-01-28T10:37:43+00:00\" \/>\n<meta name=\"twitter:card\" content=\"summary_large_image\" \/>\n<script type=\"application\/ld+json\" class=\"yoast-schema-graph\">{\"@context\":\"https:\\\/\\\/schema.org\",\"@graph\":[{\"@type\":\"WebPage\",\"@id\":\"https:\\\/\\\/www.juliovernenautica.com\\\/de\\\/schulungsteam\",\"url\":\"https:\\\/\\\/www.juliovernenautica.com\\\/de\\\/schulungsteam\",\"name\":\"Lerne mit uns zu segeln | Julio Verne Nautica\",\"isPartOf\":{\"@id\":\"https:\\\/\\\/www.juliovernenautica.com\\\/de#website\"},\"datePublished\":\"2020-05-30T17:56:07+00:00\",\"dateModified\":\"2026-01-28T10:37:43+00:00\",\"description\":\"Die Schule Julio Verne N\u00e1utica bietet Ihnen das beste Trainingsszenario der Iberischen Halbinsel: die R\u00edas Bixas. Informieren Sie sich hier\",\"breadcrumb\":{\"@id\":\"https:\\\/\\\/www.juliovernenautica.com\\\/de\\\/schulungsteam#breadcrumb\"},\"inLanguage\":\"de\",\"potentialAction\":[{\"@type\":\"ReadAction\",\"target\":[\"https:\\\/\\\/www.juliovernenautica.com\\\/de\\\/schulungsteam\"]}]},{\"@type\":\"BreadcrumbList\",\"@id\":\"https:\\\/\\\/www.juliovernenautica.com\\\/de\\\/schulungsteam#breadcrumb\",\"itemListElement\":[{\"@type\":\"ListItem\",\"position\":1,\"name\":\"Home\",\"item\":\"https:\\\/\\\/www.juliovernenautica.com\\\/de\\\/julio-verne-nautica-home\"},{\"@type\":\"ListItem\",\"position\":2,\"name\":\"Schulungsteam\"}]},{\"@type\":\"WebSite\",\"@id\":\"https:\\\/\\\/www.juliovernenautica.com\\\/de#website\",\"url\":\"https:\\\/\\\/www.juliovernenautica.com\\\/de\",\"name\":\"Julio Verne N\u00e1utica\",\"description\":\"Formaci\u00f3n y charter n\u00e1utico en Galicia\",\"publisher\":{\"@id\":\"https:\\\/\\\/www.juliovernenautica.com\\\/de#organization\"},\"potentialAction\":[{\"@type\":\"SearchAction\",\"target\":{\"@type\":\"EntryPoint\",\"urlTemplate\":\"https:\\\/\\\/www.juliovernenautica.com\\\/de?s={search_term_string}\"},\"query-input\":{\"@type\":\"PropertyValueSpecification\",\"valueRequired\":true,\"valueName\":\"search_term_string\"}}],\"inLanguage\":\"de\"},{\"@type\":\"Organization\",\"@id\":\"https:\\\/\\\/www.juliovernenautica.com\\\/de#organization\",\"name\":\"Julio Verne Nautica\",\"url\":\"https:\\\/\\\/www.juliovernenautica.com\\\/de\",\"logo\":{\"@type\":\"ImageObject\",\"inLanguage\":\"de\",\"@id\":\"https:\\\/\\\/www.juliovernenautica.com\\\/de#\\\/schema\\\/logo\\\/image\\\/\",\"url\":\"https:\\\/\\\/www.juliovernenautica.com\\\/wp-content\\\/uploads\\\/2019\\\/12\\\/jv-nautica-icono-positivo-01.png\",\"contentUrl\":\"https:\\\/\\\/www.juliovernenautica.com\\\/wp-content\\\/uploads\\\/2019\\\/12\\\/jv-nautica-icono-positivo-01.png\",\"width\":86,\"height\":86,\"caption\":\"Julio Verne Nautica\"},\"image\":{\"@id\":\"https:\\\/\\\/www.juliovernenautica.com\\\/de#\\\/schema\\\/logo\\\/image\\\/\"},\"sameAs\":[\"https:\\\/\\\/www.facebook.com\\\/juliovernenautica\\\/\",\"https:\\\/\\\/www.instagram.com\\\/julio_verne_nautica\\\/\"]}]}<\/script>\n<!-- \/ Yoast SEO Premium plugin. -->","yoast_head_json":{"title":"Lerne mit uns zu segeln | Julio Verne Nautica","description":"Die Schule Julio Verne N\u00e1utica bietet Ihnen das beste Trainingsszenario der Iberischen Halbinsel: die R\u00edas Bixas. Informieren Sie sich hier","robots":{"index":"noindex","follow":"follow"},"og_locale":"de_DE","og_type":"article","og_title":"Schulungsteam","og_description":"Die Schule Julio Verne N\u00e1utica bietet Ihnen das beste Trainingsszenario der Iberischen Halbinsel: die R\u00edas Bixas. Informieren Sie sich hier","og_url":"https:\/\/www.juliovernenautica.com\/de\/schulungsteam","og_site_name":"Julio Verne Nautica","article_publisher":"https:\/\/www.facebook.com\/juliovernenautica\/","article_modified_time":"2026-01-28T10:37:43+00:00","twitter_card":"summary_large_image","schema":{"@context":"https:\/\/schema.org","@graph":[{"@type":"WebPage","@id":"https:\/\/www.juliovernenautica.com\/de\/schulungsteam","url":"https:\/\/www.juliovernenautica.com\/de\/schulungsteam","name":"Lerne mit uns zu segeln | Julio Verne Nautica","isPartOf":{"@id":"https:\/\/www.juliovernenautica.com\/de#website"},"datePublished":"2020-05-30T17:56:07+00:00","dateModified":"2026-01-28T10:37:43+00:00","description":"Die Schule Julio Verne N\u00e1utica bietet Ihnen das beste Trainingsszenario der Iberischen Halbinsel: die R\u00edas Bixas. Informieren Sie sich hier","breadcrumb":{"@id":"https:\/\/www.juliovernenautica.com\/de\/schulungsteam#breadcrumb"},"inLanguage":"de","potentialAction":[{"@type":"ReadAction","target":["https:\/\/www.juliovernenautica.com\/de\/schulungsteam"]}]},{"@type":"BreadcrumbList","@id":"https:\/\/www.juliovernenautica.com\/de\/schulungsteam#breadcrumb","itemListElement":[{"@type":"ListItem","position":1,"name":"Home","item":"https:\/\/www.juliovernenautica.com\/de\/julio-verne-nautica-home"},{"@type":"ListItem","position":2,"name":"Schulungsteam"}]},{"@type":"WebSite","@id":"https:\/\/www.juliovernenautica.com\/de#website","url":"https:\/\/www.juliovernenautica.com\/de","name":"Julio Verne N\u00e1utica","description":"Formaci\u00f3n y charter n\u00e1utico en Galicia","publisher":{"@id":"https:\/\/www.juliovernenautica.com\/de#organization"},"potentialAction":[{"@type":"SearchAction","target":{"@type":"EntryPoint","urlTemplate":"https:\/\/www.juliovernenautica.com\/de?s={search_term_string}"},"query-input":{"@type":"PropertyValueSpecification","valueRequired":true,"valueName":"search_term_string"}}],"inLanguage":"de"},{"@type":"Organization","@id":"https:\/\/www.juliovernenautica.com\/de#organization","name":"Julio Verne Nautica","url":"https:\/\/www.juliovernenautica.com\/de","logo":{"@type":"ImageObject","inLanguage":"de","@id":"https:\/\/www.juliovernenautica.com\/de#\/schema\/logo\/image\/","url":"https:\/\/www.juliovernenautica.com\/wp-content\/uploads\/2019\/12\/jv-nautica-icono-positivo-01.png","contentUrl":"https:\/\/www.juliovernenautica.com\/wp-content\/uploads\/2019\/12\/jv-nautica-icono-positivo-01.png","width":86,"height":86,"caption":"Julio Verne Nautica"},"image":{"@id":"https:\/\/www.juliovernenautica.com\/de#\/schema\/logo\/image\/"},"sameAs":["https:\/\/www.facebook.com\/juliovernenautica\/","https:\/\/www.instagram.com\/julio_verne_nautica\/"]}]}},"_links":{"self":[{"href":"https:\/\/www.juliovernenautica.com\/de\/wp-json\/wp\/v2\/pages\/6076","targetHints":{"allow":["GET"]}}],"collection":[{"href":"https:\/\/www.juliovernenautica.com\/de\/wp-json\/wp\/v2\/pages"}],"about":[{"href":"https:\/\/www.juliovernenautica.com\/de\/wp-json\/wp\/v2\/types\/page"}],"author":[{"embeddable":true,"href":"https:\/\/www.juliovernenautica.com\/de\/wp-json\/wp\/v2\/users\/1"}],"replies":[{"embeddable":true,"href":"https:\/\/www.juliovernenautica.com\/de\/wp-json\/wp\/v2\/comments?post=6076"}],"version-history":[{"count":0,"href":"https:\/\/www.juliovernenautica.com\/de\/wp-json\/wp\/v2\/pages\/6076\/revisions"}],"wp:attachment":[{"href":"https:\/\/www.juliovernenautica.com\/de\/wp-json\/wp\/v2\/media?parent=6076"}],"curies":[{"name":"wp","href":"https:\/\/api.w.org\/{rel}","templated":true}]}}