{"id":13851,"date":"2024-11-14T14:51:49","date_gmt":"2024-11-14T13:51:49","guid":{"rendered":"https:\/\/www.juliovernenautica.com\/qualitaetspolitik"},"modified":"2024-11-14T14:53:11","modified_gmt":"2024-11-14T13:53:11","slug":"qualitaetspolitik","status":"publish","type":"page","link":"https:\/\/www.juliovernenautica.com\/de\/qualitaetspolitik","title":{"rendered":"Qualit\u00e4tspolitik"},"content":{"rendered":"\t\t<div data-elementor-type=\"wp-page\" data-elementor-id=\"13851\" class=\"elementor elementor-13851 elementor-8655\" data-elementor-post-type=\"page\">\n\t\t\t\t\t\t<section class=\"elementor-section elementor-top-section elementor-element elementor-element-8a31253 elementor-section-boxed elementor-section-height-default elementor-section-height-default\" data-id=\"8a31253\" data-element_type=\"section\" data-e-type=\"section\">\n\t\t\t\t\t\t<div class=\"elementor-container elementor-column-gap-default\">\n\t\t\t\t\t<div class=\"elementor-column elementor-col-100 elementor-top-column elementor-element elementor-element-2e15fcc\" data-id=\"2e15fcc\" data-element_type=\"column\" data-e-type=\"column\">\n\t\t\t<div class=\"elementor-widget-wrap elementor-element-populated\">\n\t\t\t\t\t\t<div class=\"elementor-element elementor-element-f8cda6a elementor-widget elementor-widget-spacer\" data-id=\"f8cda6a\" data-element_type=\"widget\" data-e-type=\"widget\" data-widget_type=\"spacer.default\">\n\t\t\t\t<div class=\"elementor-widget-container\">\n\t\t\t\t\t\t\t<div class=\"elementor-spacer\">\n\t\t\t<div class=\"elementor-spacer-inner\"><\/div>\n\t\t<\/div>\n\t\t\t\t\t\t<\/div>\n\t\t\t\t<\/div>\n\t\t\t\t\t<\/div>\n\t\t<\/div>\n\t\t\t\t\t<\/div>\n\t\t<\/section>\n\t\t\t\t<section class=\"elementor-section elementor-top-section elementor-element elementor-element-506a4772 elementor-section-boxed elementor-section-height-default elementor-section-height-default\" data-id=\"506a4772\" data-element_type=\"section\" data-e-type=\"section\">\n\t\t\t\t\t\t<div class=\"elementor-container elementor-column-gap-default\">\n\t\t\t\t\t<div class=\"elementor-column elementor-col-100 elementor-top-column elementor-element elementor-element-1d05a068\" data-id=\"1d05a068\" data-element_type=\"column\" data-e-type=\"column\">\n\t\t\t<div class=\"elementor-widget-wrap elementor-element-populated\">\n\t\t\t\t\t\t<div class=\"elementor-element elementor-element-73db07ae elementor-widget elementor-widget-text-editor\" data-id=\"73db07ae\" data-element_type=\"widget\" data-e-type=\"widget\" data-widget_type=\"text-editor.default\">\n\t\t\t\t<div class=\"elementor-widget-container\">\n\t\t\t\t\t\t\t\t\t<h1 style=\"text-align: center;\">QUALIT\u00c4TSPOLITIK VON VERUELA 2000 SL<\/h1>\n<\/p>\n<p style=\"text-align: center;\">Die Gesch\u00e4ftsleitung von VERUELA 2000 betrachtet Qualit\u00e4t als ein System zur wirtschaftlichen Erbringung von Dienstleistungen, die den Bed\u00fcrfnissen der Kunden entsprechen. Um eine effiziente Umsetzung zu erreichen, ist die Beteiligung aller Abteilungen des Unternehmens und aller technischen und menschlichen Ressourcen von VERUELA 2000 erforderlich. Aufgrund ihrer gegenw\u00e4rtigen und zuk\u00fcnftigen Bedeutung erkl\u00e4rt das Management von VERUELA 2000 die Qualit\u00e4t zu einem vorrangigen strategischen Ziel f\u00fcr die gesamte Organisation:  <\/p>\n<ul>\n<li>Die Qualit\u00e4t und ihre Verbesserung liegt in der Verantwortung aller Mitarbeiter des Unternehmens, deren Potenzial durch Motivation, Engagement und Bewusstsein f\u00fcr ihre Rolle in der Organisation maximiert werden soll. <\/li>\n<li> Qualit\u00e4t ist ein Schl\u00fcsselaspekt der Wettbewerbsf\u00e4higkeit, der den Wettbewerb um die Erbringung von Dienstleistungen zu wettbewerbsf\u00e4higen Preisen und k\u00fcrzeren Lieferzeiten auf der Grundlage der Effizienz der dem Unternehmen zur Verf\u00fcgung stehenden Ressourcen hervorhebt.<\/li>\n<li>Qualit\u00e4t wird durch die Planung, Umsetzung und \u00dcberpr\u00fcfung des prozessbasierten Managementsystems erreicht, und die durchgef\u00fchrten Ressourcen und Aufgaben haben effektivere Ergebnisse und Vorteile.<\/li>\n<li>Qualit\u00e4t bedeutet, das t\u00e4gliche Management zu optimieren und unseren Kunden die Garantie einer kontrollierten Arbeit zu bieten. Dazu ist es notwendig, ein Qualit\u00e4tssystem auf der Grundlage der aktuellen Ausgabe der Norm ISO 9001:2015 zu entwickeln, einzuf\u00fchren und auf dem neuesten Stand zu halten, um die Qualit\u00e4t aller unserer Prozesse systematisch zu verbessern. Ein System, das angemessene Informationen und Daten f\u00fcr eine kontinuierliche Analyse und eine konsequente Entscheidungsfindung liefert, die auf eine h\u00f6here Effizienz abzielt, mit dem letztendlichen Ziel, kontinuierliche Verbesserungsaktivit\u00e4ten durchzuf\u00fchren, die zu einer h\u00f6heren Effizienz f\u00fchren.<br \/>Verbesserungsma\u00dfnahmen, die zu einer h\u00f6heren Effizienz der Organisation f\u00fchren. <\/li>\n<\/ul>\n<p style=\"text-align: center;\">Die Gesch\u00e4ftsleitung von VERUELA 2000 bef\u00fcrwortet die oben genannten Grunds\u00e4tze, f\u00f6rdert sie durch eine wirksame F\u00fchrung aller Mitglieder des Unternehmens und entwickelt sie in den Dokumenten des integrierten Managementsystems weiter, die hiermit f\u00fcr verbindlich erkl\u00e4rt werden.<\/p>\n\t\t\t\t\t\t\t\t<\/div>\n\t\t\t\t<\/div>\n\t\t\t\t\t<\/div>\n\t\t<\/div>\n\t\t\t\t\t<\/div>\n\t\t<\/section>\n\t\t\t\t<\/div>\n\t\t","protected":false},"excerpt":{"rendered":"<p>QUALIT\u00c4TSPOLITIK VON VERUELA 2000 SL Die Gesch\u00e4ftsleitung von VERUELA 2000 betrachtet Qualit\u00e4t als ein System zur wirtschaftlichen Erbringung von Dienstleistungen, die den Bed\u00fcrfnissen der Kunden entsprechen. Um eine effiziente Umsetzung zu erreichen, ist die Beteiligung aller Abteilungen des Unternehmens und aller technischen und menschlichen Ressourcen von VERUELA 2000 erforderlich. Aufgrund ihrer gegenw\u00e4rtigen und zuk\u00fcnftigen Bedeutung [&hellip;]<\/p>\n","protected":false},"author":2,"featured_media":0,"parent":0,"menu_order":0,"comment_status":"closed","ping_status":"closed","template":"","meta":{"_acf_changed":false,"_joinchat":[],"footnotes":""},"class_list":["post-13851","page","type-page","status-publish","hentry"],"acf":[],"yoast_head":"<!-- This site is optimized with the Yoast SEO Premium plugin v24.5 (Yoast SEO v27.3) - https:\/\/yoast.com\/product\/yoast-seo-premium-wordpress\/ -->\n<title>Qualit\u00e4tspolitik | Julio Verne Nautica<\/title>\n<meta name=\"robots\" content=\"noindex, follow\" \/>\n<meta property=\"og:locale\" content=\"de_DE\" \/>\n<meta property=\"og:type\" content=\"article\" \/>\n<meta property=\"og:title\" content=\"Qualit\u00e4tspolitik\" \/>\n<meta property=\"og:description\" content=\"QUALIT\u00c4TSPOLITIK VON VERUELA 2000 SL Die Gesch\u00e4ftsleitung von VERUELA 2000 betrachtet Qualit\u00e4t als ein System zur wirtschaftlichen Erbringung von Dienstleistungen, die den Bed\u00fcrfnissen der Kunden entsprechen. Um eine effiziente Umsetzung zu erreichen, ist die Beteiligung aller Abteilungen des Unternehmens und aller technischen und menschlichen Ressourcen von VERUELA 2000 erforderlich. Aufgrund ihrer gegenw\u00e4rtigen und zuk\u00fcnftigen Bedeutung [&hellip;]\" \/>\n<meta property=\"og:url\" content=\"https:\/\/www.juliovernenautica.com\/de\/qualitaetspolitik\" \/>\n<meta property=\"og:site_name\" content=\"Julio Verne Nautica\" \/>\n<meta property=\"article:publisher\" content=\"https:\/\/www.facebook.com\/juliovernenautica\/\" \/>\n<meta property=\"article:modified_time\" content=\"2024-11-14T13:53:11+00:00\" \/>\n<meta name=\"twitter:card\" content=\"summary_large_image\" \/>\n<script type=\"application\/ld+json\" class=\"yoast-schema-graph\">{\"@context\":\"https:\\\/\\\/schema.org\",\"@graph\":[{\"@type\":\"WebPage\",\"@id\":\"https:\\\/\\\/www.juliovernenautica.com\\\/de\\\/qualitaetspolitik\",\"url\":\"https:\\\/\\\/www.juliovernenautica.com\\\/de\\\/qualitaetspolitik\",\"name\":\"Qualit\u00e4tspolitik | Julio Verne Nautica\",\"isPartOf\":{\"@id\":\"https:\\\/\\\/www.juliovernenautica.com\\\/de#website\"},\"datePublished\":\"2024-11-14T13:51:49+00:00\",\"dateModified\":\"2024-11-14T13:53:11+00:00\",\"breadcrumb\":{\"@id\":\"https:\\\/\\\/www.juliovernenautica.com\\\/de\\\/qualitaetspolitik#breadcrumb\"},\"inLanguage\":\"de\",\"potentialAction\":[{\"@type\":\"ReadAction\",\"target\":[\"https:\\\/\\\/www.juliovernenautica.com\\\/de\\\/qualitaetspolitik\"]}]},{\"@type\":\"BreadcrumbList\",\"@id\":\"https:\\\/\\\/www.juliovernenautica.com\\\/de\\\/qualitaetspolitik#breadcrumb\",\"itemListElement\":[{\"@type\":\"ListItem\",\"position\":1,\"name\":\"Home\",\"item\":\"https:\\\/\\\/www.juliovernenautica.com\\\/de\\\/julio-verne-nautica-home\"},{\"@type\":\"ListItem\",\"position\":2,\"name\":\"Qualit\u00e4tspolitik\"}]},{\"@type\":\"WebSite\",\"@id\":\"https:\\\/\\\/www.juliovernenautica.com\\\/de#website\",\"url\":\"https:\\\/\\\/www.juliovernenautica.com\\\/de\",\"name\":\"Julio Verne N\u00e1utica\",\"description\":\"Formaci\u00f3n y charter n\u00e1utico en Galicia\",\"publisher\":{\"@id\":\"https:\\\/\\\/www.juliovernenautica.com\\\/de#organization\"},\"potentialAction\":[{\"@type\":\"SearchAction\",\"target\":{\"@type\":\"EntryPoint\",\"urlTemplate\":\"https:\\\/\\\/www.juliovernenautica.com\\\/de?s={search_term_string}\"},\"query-input\":{\"@type\":\"PropertyValueSpecification\",\"valueRequired\":true,\"valueName\":\"search_term_string\"}}],\"inLanguage\":\"de\"},{\"@type\":\"Organization\",\"@id\":\"https:\\\/\\\/www.juliovernenautica.com\\\/de#organization\",\"name\":\"Julio Verne Nautica\",\"url\":\"https:\\\/\\\/www.juliovernenautica.com\\\/de\",\"logo\":{\"@type\":\"ImageObject\",\"inLanguage\":\"de\",\"@id\":\"https:\\\/\\\/www.juliovernenautica.com\\\/de#\\\/schema\\\/logo\\\/image\\\/\",\"url\":\"https:\\\/\\\/www.juliovernenautica.com\\\/wp-content\\\/uploads\\\/2019\\\/12\\\/jv-nautica-icono-positivo-01.png\",\"contentUrl\":\"https:\\\/\\\/www.juliovernenautica.com\\\/wp-content\\\/uploads\\\/2019\\\/12\\\/jv-nautica-icono-positivo-01.png\",\"width\":86,\"height\":86,\"caption\":\"Julio Verne Nautica\"},\"image\":{\"@id\":\"https:\\\/\\\/www.juliovernenautica.com\\\/de#\\\/schema\\\/logo\\\/image\\\/\"},\"sameAs\":[\"https:\\\/\\\/www.facebook.com\\\/juliovernenautica\\\/\",\"https:\\\/\\\/www.instagram.com\\\/julio_verne_nautica\\\/\"]}]}<\/script>\n<!-- \/ Yoast SEO Premium plugin. -->","yoast_head_json":{"title":"Qualit\u00e4tspolitik | Julio Verne Nautica","robots":{"index":"noindex","follow":"follow"},"og_locale":"de_DE","og_type":"article","og_title":"Qualit\u00e4tspolitik","og_description":"QUALIT\u00c4TSPOLITIK VON VERUELA 2000 SL Die Gesch\u00e4ftsleitung von VERUELA 2000 betrachtet Qualit\u00e4t als ein System zur wirtschaftlichen Erbringung von Dienstleistungen, die den Bed\u00fcrfnissen der Kunden entsprechen. Um eine effiziente Umsetzung zu erreichen, ist die Beteiligung aller Abteilungen des Unternehmens und aller technischen und menschlichen Ressourcen von VERUELA 2000 erforderlich. Aufgrund ihrer gegenw\u00e4rtigen und zuk\u00fcnftigen Bedeutung [&hellip;]","og_url":"https:\/\/www.juliovernenautica.com\/de\/qualitaetspolitik","og_site_name":"Julio Verne Nautica","article_publisher":"https:\/\/www.facebook.com\/juliovernenautica\/","article_modified_time":"2024-11-14T13:53:11+00:00","twitter_card":"summary_large_image","schema":{"@context":"https:\/\/schema.org","@graph":[{"@type":"WebPage","@id":"https:\/\/www.juliovernenautica.com\/de\/qualitaetspolitik","url":"https:\/\/www.juliovernenautica.com\/de\/qualitaetspolitik","name":"Qualit\u00e4tspolitik | Julio Verne Nautica","isPartOf":{"@id":"https:\/\/www.juliovernenautica.com\/de#website"},"datePublished":"2024-11-14T13:51:49+00:00","dateModified":"2024-11-14T13:53:11+00:00","breadcrumb":{"@id":"https:\/\/www.juliovernenautica.com\/de\/qualitaetspolitik#breadcrumb"},"inLanguage":"de","potentialAction":[{"@type":"ReadAction","target":["https:\/\/www.juliovernenautica.com\/de\/qualitaetspolitik"]}]},{"@type":"BreadcrumbList","@id":"https:\/\/www.juliovernenautica.com\/de\/qualitaetspolitik#breadcrumb","itemListElement":[{"@type":"ListItem","position":1,"name":"Home","item":"https:\/\/www.juliovernenautica.com\/de\/julio-verne-nautica-home"},{"@type":"ListItem","position":2,"name":"Qualit\u00e4tspolitik"}]},{"@type":"WebSite","@id":"https:\/\/www.juliovernenautica.com\/de#website","url":"https:\/\/www.juliovernenautica.com\/de","name":"Julio Verne N\u00e1utica","description":"Formaci\u00f3n y charter n\u00e1utico en Galicia","publisher":{"@id":"https:\/\/www.juliovernenautica.com\/de#organization"},"potentialAction":[{"@type":"SearchAction","target":{"@type":"EntryPoint","urlTemplate":"https:\/\/www.juliovernenautica.com\/de?s={search_term_string}"},"query-input":{"@type":"PropertyValueSpecification","valueRequired":true,"valueName":"search_term_string"}}],"inLanguage":"de"},{"@type":"Organization","@id":"https:\/\/www.juliovernenautica.com\/de#organization","name":"Julio Verne Nautica","url":"https:\/\/www.juliovernenautica.com\/de","logo":{"@type":"ImageObject","inLanguage":"de","@id":"https:\/\/www.juliovernenautica.com\/de#\/schema\/logo\/image\/","url":"https:\/\/www.juliovernenautica.com\/wp-content\/uploads\/2019\/12\/jv-nautica-icono-positivo-01.png","contentUrl":"https:\/\/www.juliovernenautica.com\/wp-content\/uploads\/2019\/12\/jv-nautica-icono-positivo-01.png","width":86,"height":86,"caption":"Julio Verne Nautica"},"image":{"@id":"https:\/\/www.juliovernenautica.com\/de#\/schema\/logo\/image\/"},"sameAs":["https:\/\/www.facebook.com\/juliovernenautica\/","https:\/\/www.instagram.com\/julio_verne_nautica\/"]}]}},"_links":{"self":[{"href":"https:\/\/www.juliovernenautica.com\/de\/wp-json\/wp\/v2\/pages\/13851","targetHints":{"allow":["GET"]}}],"collection":[{"href":"https:\/\/www.juliovernenautica.com\/de\/wp-json\/wp\/v2\/pages"}],"about":[{"href":"https:\/\/www.juliovernenautica.com\/de\/wp-json\/wp\/v2\/types\/page"}],"author":[{"embeddable":true,"href":"https:\/\/www.juliovernenautica.com\/de\/wp-json\/wp\/v2\/users\/2"}],"replies":[{"embeddable":true,"href":"https:\/\/www.juliovernenautica.com\/de\/wp-json\/wp\/v2\/comments?post=13851"}],"version-history":[{"count":0,"href":"https:\/\/www.juliovernenautica.com\/de\/wp-json\/wp\/v2\/pages\/13851\/revisions"}],"wp:attachment":[{"href":"https:\/\/www.juliovernenautica.com\/de\/wp-json\/wp\/v2\/media?parent=13851"}],"curies":[{"name":"wp","href":"https:\/\/api.w.org\/{rel}","templated":true}]}}